{"id":457,"date":"2016-09-26T09:49:30","date_gmt":"2016-09-26T09:49:30","guid":{"rendered":"http:\/\/web.palmaactiva.com\/?page_id=457"},"modified":"2026-02-02T07:56:44","modified_gmt":"2026-02-02T06:56:44","slug":"formacion-on-line","status":"publish","type":"page","link":"https:\/\/web.palmaactiva.com\/es\/cursos-de-formacion\/formacion-on-line\/","title":{"rendered":"Formaci\u00f3n on line"},"content":{"rendered":"<div class=\"su-row\"><div class=\"su-column su-column-size-1-2\"><div class=\"su-column-inner su-u-clearfix su-u-trim\"><div class=\"su-youtube su-u-responsive-media-yes\"><iframe width=\"640\" height=\"360\" src=\"https:\/\/www.youtube.com\/embed\/EyJ_GxY15p4?autohide=2&amp;autoplay=0&amp;mute=0&amp;controls=1&amp;fs=1&amp;loop=0&amp;modestbranding=0&amp;rel=0&amp;showinfo=0&amp;theme=light&amp;wmode=&amp;playsinline=0\" frameborder=\"0\" allowfullscreen allow=\"autoplay; encrypted-media; picture-in-picture\" title=\"\"><\/iframe><\/div><\/div><\/div> <div class=\"su-column su-column-size-1-2\"><div class=\"su-column-inner su-u-clearfix su-u-trim\">\n<h4>Descubre la oferta formativa on line que te permite de forma c\u00f3moda, sencilla y accesible, adquirir conocimientos desde cualquier lugar y a cualquier hora. T\u00fa decides cuando y donde te formas.<\/h4>\nTe ofrecemos dos modalidades de formaci\u00f3n on line diferentes: <strong>en diferido<\/strong>, donde el personal docente genera contenido y actividades en diversos formatos, pero no es necesario estar conectado al mismo tiempo, y <strong>en directo por <em>streaming<\/em><\/strong>, donde la clase se desarrolla en un horario determinado y hay que estar conectado para asistir.<\/div><\/div><\/div>\n<!--<img decoding=\"async\" loading=\"lazy\" class=\"alignnone size-full wp-image-5694\" src=\"https:\/\/web.palmaactiva.com\/wp-content\/uploads\/2018\/05\/formacio_online_Banner_FB_ES.png\" alt=\"\" width=\"1200\" height=\"627\" srcset=\"https:\/\/web.palmaactiva.com\/wp-content\/uploads\/2018\/05\/formacio_online_Banner_FB_ES.png 1200w, https:\/\/web.palmaactiva.com\/wp-content\/uploads\/2018\/05\/formacio_online_Banner_FB_ES-300x157.png 300w, https:\/\/web.palmaactiva.com\/wp-content\/uploads\/2018\/05\/formacio_online_Banner_FB_ES-1024x535.png 1024w, https:\/\/web.palmaactiva.com\/wp-content\/uploads\/2018\/05\/formacio_online_Banner_FB_ES-768x401.png 768w\" sizes=\"(max-width: 1200px) 100vw, 1200px\" \/>--><br \/>\n<!--\n[su_divider top=\"no\" size=\"1\"][su_note note_color=\"#fafafa\" text_color=\"#000000\"]\n\n<h4>Pr\u00f3ximos cursos on line:<\/h4>\n\n\nHaz clic en el siguiente bot\u00f3n y se abrir\u00e1 una nueva pesta\u00f1a con la lista de los pr\u00f3ximos cursos de formaci\u00f3n on line para que puedas preinscribirte.<br \/>\u00a1Un servicio abierto 24\/7 para tu formaci\u00f3n! ;)\n[su_row][su_column size=\"1\/2\"]\n\n\n\n<div class=\"dt-service-more\" style=\"margin-bottom: 5px; margin-top: 5px; text-align: center\">\n    <a href=\"https:\/\/palmaactiva.palmademallorca.es\/portal\/PALMA\/palmaactiva\/contenedor1.jsp?seccion=buscador_acc.jsp&layout=contenedor1.jsp&codResi=1&language=es&tamanoPagina=100&tip_acc=On%20line%20(en%20diferit)\" target=\"_blank\" rel=\"noopener\" style=\"display: inline-flex; align-items: center; justify-content: center; padding: 10px 30px; border-radius: 2px; text-transform: uppercase; text-decoration: none; max-width: 100%; box-sizing: border-box;\"><i class=\"fa fa-th-list\" style=\"margin-right: 10px;\"><\/i><span style=\"display: inline-flex; line-height: 1.5;\">Ver cursos de formaci\u00f3n on line (en diferido)<\/span><\/a>\n<\/div>\n\n\n\n\n\n[\/su_column][su_column size=\"1\/2\"]\n\n\n\n\n<div class=\"dt-service-more\" style=\"margin-bottom: 5px; margin-top: 5px; text-align: center\">\n    <a href=\"https:\/\/palmaactiva.palmademallorca.es\/portal\/PALMA\/palmaactiva\/contenedor1.jsp?seccion=buscador_acc.jsp&layout=contenedor1.jsp&codResi=1&language=es&tamanoPagina=100&tip_acc=On%20line%20(en%20directe%20per%20streaming)\" target=\"_blank\" rel=\"noopener\" style=\"display: inline-flex; align-items: center; justify-content: center; padding: 10px 30px; border-radius: 2px; text-transform: uppercase; text-decoration: none; max-width: 100%; box-sizing: border-box;\"><i class=\"fa fa-th-list\" style=\"margin-right: 10px;\"><\/i><span style=\"display: inline-flex; line-height: 1.5;\">Ver cursos de formaci\u00f3n on line (en directo por streaming)<\/span><\/a>\n<\/div>\n\n\n\n\n--><\/p>\n<div class=\"su-divider su-divider-style-default\" style=\"margin:15px 0;border-width:1px;border-color:#999999\"><\/div>\n<h3>Recursos GRATUITOS de formaci\u00f3n on line<\/h3>\nSi en PalmaActiva no encuentras la formaci\u00f3n on line a tu medida, prueba en alguno de estos recursos on line que ponemos a tu alcance. Para nosotros, \u00a1tu formaci\u00f3n es lo m\u00e1s importante!\n<table>\n<tbody>\n<tr>\n<td>\n<h4>Recurso<\/h4>\n<\/td>\n<td>\n<h4>Link<\/h4>\n<\/td>\n<td>\n<h4>Comentarios<\/h4>\n<\/td>\n<\/tr>\n<tr>\n<td><img decoding=\"async\" src=\"https:\/\/web.palmaactiva.com\/wp-content\/uploads\/2020\/04\/logo_orange.png\" alt=\"\" width=\"150\" class=\"alignnone size-full wp-image-38464\" \/><\/td>\n<td><a href=\"https:\/\/cursosprospera.com\/\" rel=\"noopener noreferrer\" target=\"_blank\">https:\/\/cursosprospera.com\/<\/a><\/td>\n<td>Cursos online gratuitos validados y subvencionados por el Ministerio de Empleo. Para trabajadores, aut\u00f3nomos y desempleados.<\/td>\n<\/tr>\n<tr>\n<td><img decoding=\"async\" src=\"https:\/\/web.palmaactiva.com\/wp-content\/uploads\/2020\/04\/googleactivate.png\" alt=\"\" width=\"150\" class=\"alignnone size-full wp-image-38465\" srcset=\"https:\/\/web.palmaactiva.com\/wp-content\/uploads\/2020\/04\/googleactivate.png 304w, https:\/\/web.palmaactiva.com\/wp-content\/uploads\/2020\/04\/googleactivate-300x47.png 300w\" sizes=\"(max-width: 304px) 100vw, 304px\" \/><\/td>\n<td><a href=\"https:\/\/learndigital.withgoogle.com\/activate\" rel=\"noopener noreferrer\" target=\"_blank\">https:\/\/learndigital.withgoogle.com\/activate<\/a><\/td>\n<td>Formaci\u00f3n online y presencial gratuita en competencias digitales para encontrar un empleo o emprender un negocio.<\/td>\n<\/tr>\n<tr>\n<td><img decoding=\"async\" src=\"https:\/\/web.palmaactiva.com\/wp-content\/uploads\/2020\/04\/logoifoc.png\" alt=\"\" width=\"150\" class=\"alignnone size-full wp-image-38467\" srcset=\"https:\/\/web.palmaactiva.com\/wp-content\/uploads\/2020\/04\/logoifoc.png 350w, https:\/\/web.palmaactiva.com\/wp-content\/uploads\/2020\/04\/logoifoc-300x51.png 300w\" sizes=\"(max-width: 350px) 100vw, 350px\" \/><\/td>\n<td><a href=\"http:\/\/online.ifoc.es\/\" rel=\"noopener noreferrer\" target=\"_blank\">http:\/\/online.ifoc.es\/<\/a><\/td>\n<td>El Aula Virtual institucional del IFOC es la plataforma de ense\u00f1anza virtual (elearning).<\/td>\n<\/tr>\n<tr>\n<td><img decoding=\"async\" src=\"https:\/\/web.palmaactiva.com\/wp-content\/uploads\/2020\/04\/logo-con-rueda_08-02.png\" alt=\"\" width=\"150\" class=\"alignnone size-full wp-image-38468\" \/><\/td>\n<td><a href=\"https:\/\/www.caeb.es\/formacion\/online\/\" rel=\"noopener noreferrer\" target=\"_blank\">https:\/\/www.caeb.es\/formacion\/online\/<\/a><\/td>\n<td>Webinars de inter\u00e9s impartidas por profesionales del sector empresarial.<\/td>\n<\/tr>\n<tr>\n<td><img decoding=\"async\" src=\"https:\/\/web.palmaactiva.com\/wp-content\/uploads\/2020\/04\/logo_fundae.png\" alt=\"\" width=\"200\" class=\"alignnone size-full wp-image-38474\" srcset=\"https:\/\/web.palmaactiva.com\/wp-content\/uploads\/2020\/04\/logo_fundae.png 330w, https:\/\/web.palmaactiva.com\/wp-content\/uploads\/2020\/04\/logo_fundae-300x48.png 300w\" sizes=\"(max-width: 330px) 100vw, 330px\" \/><\/td>\n<td><a href=\"https:\/\/www.fundae.es\/digitalizate\" rel=\"noopener noreferrer\" target=\"_blank\">https:\/\/www.fundae.es\/digitalizate<\/a><\/td>\n<td>En este espacio encontrar\u00e1s acceso a cursos gratuitos en competencias digitales facilitados por grandes empresas tecnol\u00f3gicas: Cisco, IBM, SAP, Oracle, Linux, Fundaci\u00f3n Telef\u00f3nica, Cloudera, Huawei, Google.<\/td>\n<\/tr>\n<tr>\n<td><img decoding=\"async\" src=\"https:\/\/web.palmaactiva.com\/wp-content\/uploads\/2020\/04\/logouned.png\" alt=\"\" width=\"150\" class=\"alignnone size-full wp-image-38482\" srcset=\"https:\/\/web.palmaactiva.com\/wp-content\/uploads\/2020\/04\/logouned.png 350w, https:\/\/web.palmaactiva.com\/wp-content\/uploads\/2020\/04\/logouned-300x86.png 300w\" sizes=\"(max-width: 350px) 100vw, 350px\" \/><\/td>\n<td><a href=\"https:\/\/iedra.uned.es\/\" rel=\"noopener noreferrer\" target=\"_blank\">https:\/\/iedra.uned.es\/<\/a><\/td>\n<td>Cada mes la Universidad Nacional de Educaci\u00f3n a Distancia publica nuevos Cursos MOOC en su plataforma de formaci\u00f3n online.<\/td>\n<\/tr>\n<tr>\n<td><img decoding=\"async\" src=\"https:\/\/web.palmaactiva.com\/wp-content\/uploads\/2020\/04\/logo-evi.png\" alt=\"\" width=\"150\" class=\"alignnone size-full wp-image-38484\" srcset=\"https:\/\/web.palmaactiva.com\/wp-content\/uploads\/2020\/04\/logo-evi.png 409w, https:\/\/web.palmaactiva.com\/wp-content\/uploads\/2020\/04\/logo-evi-300x68.png 300w\" sizes=\"(max-width: 409px) 100vw, 409px\" \/><\/td>\n<td><a href=\"https:\/\/www.escuelavirtualigualdad.es\" rel=\"noopener noreferrer\" target=\"_blank\">https:\/\/www.escuelavirtualigualdad.es<\/a><\/td>\n<td>Un espacio de formaci\u00f3n en igualdad de oportunidades entre mujeres y hombres del Instituto de la Mujer y para la Igualdad de Oportunidades.<\/td>\n<\/tr>\n<tr>\n<td><img decoding=\"async\" src=\"https:\/\/web.palmaactiva.com\/wp-content\/uploads\/2020\/04\/Logo-UOC-OK.png\" alt=\"\" width=\"150\" class=\"alignnone size-full wp-image-38534\" \/><\/td>\n<td><a href=\"https:\/\/miriadax.net\/web\/universitat-oberta-de-catalunya\/inicio\" rel=\"noopener noreferrer\" target=\"_blank\">https:\/\/miriadax.net\/web\/universitat-oberta-de-catalunya\/inicio<\/a><\/td>\n<td>Cursos MOOC totalmente gratuitos de la Universitat Oberta de Catalunya (UOC) e incorporados en la red Miriada X.<\/td>\n<\/tr>\n<\/tbody>\n<\/table>\n<div class=\"su-divider su-divider-style-default\" style=\"margin:15px 0;border-width:1px;border-color:#999999\"><\/div>\nPresentamos a continuaci\u00f3n una serie de recursos para la formaci\u00f3n de oferta. Esto es formaci\u00f3n de car\u00e1cter gratuito, subvencionada por el Ministerio de Trabajo y Econom\u00eda social y por el SEPE (servicios p\u00fablicos de empleo estatal).\nEstos planes de formaci\u00f3n est\u00e1n dirigidos prioritariamente a trabajadores ocupados y aut\u00f3nomos. La oferta var\u00eda en funci\u00f3n del sector de ocupaci\u00f3n, y tambi\u00e9n puede variar seg\u00fan la comunidad aut\u00f3noma. Debe tenerse en cuenta que para acceder a estos cursos se debe presentar documentaci\u00f3n acreditativa que se cumplen los criterios de la convocatoria de subvenci\u00f3n (cabeceras de n\u00f3mina, vida laboral\u2026)\n<table><\/tbody>\n<tr>\n<td>\n<h4>Recurso<\/h4>\n<\/td>\n<td>\n<h4>Link<\/h4>\n<\/td>\n<\/tr>\n<tr>\n<td><img decoding=\"async\" src=\"https:\/\/web.palmaactiva.com\/wp-content\/uploads\/2020\/04\/logo-grupo-femxa.png\" alt=\"\" width=\"150\"  class=\"alignnone size-full wp-image-38486\" \/><\/td>\n<td><a href=\"https:\/\/www.cursosfemxa.es\/cursos-online-gratuitos-convocatoria-estatal\" rel=\"noopener noreferrer\" target=\"_blank\">https:\/\/www.cursosfemxa.es\/cursos-online-gratuitos-convocatoria-estatal<\/a><\/td>\n<\/tr>\n<tr>\n<td><img decoding=\"async\" src=\"https:\/\/web.palmaactiva.com\/wp-content\/uploads\/2020\/04\/logo_formate.png\" alt=\"\" width=\"150\" class=\"alignnone size-full wp-image-38487\" \/><\/td>\n<td><a href=\"https:\/\/www.formate.es\/\" rel=\"noopener noreferrer\" target=\"_blank\">https:\/\/www.formate.es\/<\/a><\/td>\n<\/tr>\n<tr>\n<td><img decoding=\"async\" loading=\"lazy\" src=\"https:\/\/web.palmaactiva.com\/wp-content\/uploads\/2020\/04\/logo-adams.jpg\" alt=\"\" width=\"109\" height=\"109\" class=\"alignnone size-full wp-image-38488\" srcset=\"https:\/\/web.palmaactiva.com\/wp-content\/uploads\/2020\/04\/logo-adams.jpg 109w, https:\/\/web.palmaactiva.com\/wp-content\/uploads\/2020\/04\/logo-adams-96x96.jpg 96w\" sizes=\"(max-width: 109px) 100vw, 109px\" \/><\/td>\n<td><a href=\"https:\/\/www.adams.es\/cursos-gratuitos\" rel=\"noopener noreferrer\" target=\"_blank\">https:\/\/www.adams.es\/cursos-gratuitos<\/a><\/td>\n<\/tr>\n<tr>\n<td><img decoding=\"async\" loading=\"lazy\" src=\"https:\/\/web.palmaactiva.com\/wp-content\/uploads\/2020\/04\/Screenshot_2020-04-02-Aula-Mentor.png\" alt=\"\" width=\"149\" height=\"103\" class=\"alignnone size-full wp-image-38489\" \/><\/td>\n<td><a href=\"http:\/\/www.aulamentor.es\/\" rel=\"noopener noreferrer\" target=\"_blank\">http:\/\/www.aulamentor.es\/<\/a><\/td>\n<\/tr>\n<\/tbody>\n<\/table>","protected":false},"excerpt":{"rendered":"<p>Recursos GRATUITOS de formaci\u00f3n on line Si en PalmaActiva no encuentras la formaci\u00f3n on line a tu medida, prueba en alguno de estos recursos on line que ponemos a tu alcance. Para nosotros, \u00a1tu formaci\u00f3n es lo m\u00e1s importante! Recurso Link Comentarios https:\/\/cursosprospera.com\/ Cursos online gratuitos validados y subvencionados por el Ministerio de Empleo. Para [&hellip;]<\/p>\n","protected":false},"author":1,"featured_media":0,"parent":43,"menu_order":0,"comment_status":"closed","ping_status":"closed","template":"","meta":{"footnotes":""},"_links":{"self":[{"href":"https:\/\/web.palmaactiva.com\/es\/wp-json\/wp\/v2\/pages\/457"}],"collection":[{"href":"https:\/\/web.palmaactiva.com\/es\/wp-json\/wp\/v2\/pages"}],"about":[{"href":"https:\/\/web.palmaactiva.com\/es\/wp-json\/wp\/v2\/types\/page"}],"author":[{"embeddable":true,"href":"https:\/\/web.palmaactiva.com\/es\/wp-json\/wp\/v2\/users\/1"}],"replies":[{"embeddable":true,"href":"https:\/\/web.palmaactiva.com\/es\/wp-json\/wp\/v2\/comments?post=457"}],"version-history":[{"count":9,"href":"https:\/\/web.palmaactiva.com\/es\/wp-json\/wp\/v2\/pages\/457\/revisions"}],"predecessor-version":[{"id":54805,"href":"https:\/\/web.palmaactiva.com\/es\/wp-json\/wp\/v2\/pages\/457\/revisions\/54805"}],"up":[{"embeddable":true,"href":"https:\/\/web.palmaactiva.com\/es\/wp-json\/wp\/v2\/pages\/43"}],"wp:attachment":[{"href":"https:\/\/web.palmaactiva.com\/es\/wp-json\/wp\/v2\/media?parent=457"}],"curies":[{"name":"wp","href":"https:\/\/api.w.org\/{rel}","templated":true}]}}