{"id":44991,"date":"2021-07-23T11:39:57","date_gmt":"2021-07-23T11:39:57","guid":{"rendered":"https:\/\/web.palmaactiva.com\/?page_id=44991"},"modified":"2021-07-27T10:37:41","modified_gmt":"2021-07-27T10:37:41","slug":"com-sol%c2%b7licitar-la-subvencio","status":"publish","type":"page","link":"https:\/\/web.palmaactiva.com\/es\/com-sol%c2%b7licitar-la-subvencio\/","title":{"rendered":"\u00bfC\u00f3mo solicitar la subvenci\u00f3n?"},"content":{"rendered":"<strong>Requisitos previos:<\/strong><\/p>\n<p>1.- DNI electr\u00f3nico o <a href=\"https:\/\/web.palmaactiva.com\/es\/que-es-el-certificat-digital\/\" target=\"_blank\" rel=\"noopener\">certificado digital<\/a>.<br \/>\n2.- <a href=\"https:\/\/firmaelectronica.gob.es\/Home\/Descargas.html\" target=\"_blank\" rel=\"noopener\">Autofirma<\/a>.<\/p>\n<p><strong>Para solicitar la subvenci\u00f3n, tienes que seguir los siguientes pasos:<\/strong><\/p>\n<p>1.- Desc\u00e1rgate las bases y l\u00e9etelas con atenci\u00f3n.<br \/>\n2.- Desc\u00e1rgate el formulario de solicitud, rellena los campos y f\u00edrmalo.<br \/>\n<strong>3.- Registra tu solicitud<\/strong>.<br \/>\nPara ello, tendr\u00e1s que acceder con <a href=\"https:\/\/web.palmaactiva.com\/es\/que-es-el-certificat-digital\/\" target=\"_blank\" rel=\"noopener\">certificado digital<\/a> o DNI electr\u00f3nico.<br \/>\n&#8211; Una vez has accedido al registro electr\u00f3nico, tienes que rellenar los campos de datos personales.<br \/>\n&#8211; En \u00ab\u00d3rganismo destinatario\u00bb, busca PalmaActiva.<br \/>\n&#8211; En <strong>asunto<\/strong>, escribe: Subvenci\u00f3 \u00ab<em>nombre de la subvenci\u00f3n y a\u00f1o<\/em>\u00ab. Lo mismo en <strong>expone<\/strong> y <strong>solicita<\/strong>.<br \/>\n&#8211; Adjunta la documentaci\u00f3n requerida: el formulario de solicitud, DNI, estar al corriente de pagos&#8230;<br \/>\nL\u00e9ete bien las instrucciones de c\u00f3mo se adjunta la documentaci\u00f3n.<br \/>\n&#8211; Haz clic en siguiente y, si el resumen est\u00e1 correcto, firma el env\u00edo.<\/p>\n<p>En el siguiente video podr\u00e1s consultar c\u00f3mo es el proceso de registro.\n<iframe loading=\"lazy\" width=\"560\" height=\"315\" src=\"https:\/\/www.youtube.com\/embed\/TnCgRV0iqvQ\" title=\"YouTube video player\" frameborder=\"0\" allow=\"accelerometer; autoplay; clipboard-write; encrypted-media; gyroscope; picture-in-picture\" allowfullscreen><\/iframe>","protected":false},"excerpt":{"rendered":"<p>Requisitos previos: 1.- DNI electr\u00f3nico o certificado digital. 2.- Autofirma. Para solicitar la subvenci\u00f3n, tienes que seguir los siguientes pasos: 1.- Desc\u00e1rgate las bases y l\u00e9etelas con atenci\u00f3n. 2.- Desc\u00e1rgate el formulario de solicitud, rellena los campos y f\u00edrmalo. 3.- Registra tu solicitud. Para ello, tendr\u00e1s que acceder con certificado digital o DNI electr\u00f3nico. &#8211; [&hellip;]<\/p>\n","protected":false},"author":1,"featured_media":0,"parent":0,"menu_order":0,"comment_status":"closed","ping_status":"closed","template":"","meta":{"footnotes":""},"_links":{"self":[{"href":"https:\/\/web.palmaactiva.com\/es\/wp-json\/wp\/v2\/pages\/44991"}],"collection":[{"href":"https:\/\/web.palmaactiva.com\/es\/wp-json\/wp\/v2\/pages"}],"about":[{"href":"https:\/\/web.palmaactiva.com\/es\/wp-json\/wp\/v2\/types\/page"}],"author":[{"embeddable":true,"href":"https:\/\/web.palmaactiva.com\/es\/wp-json\/wp\/v2\/users\/1"}],"replies":[{"embeddable":true,"href":"https:\/\/web.palmaactiva.com\/es\/wp-json\/wp\/v2\/comments?post=44991"}],"version-history":[{"count":5,"href":"https:\/\/web.palmaactiva.com\/es\/wp-json\/wp\/v2\/pages\/44991\/revisions"}],"predecessor-version":[{"id":45060,"href":"https:\/\/web.palmaactiva.com\/es\/wp-json\/wp\/v2\/pages\/44991\/revisions\/45060"}],"wp:attachment":[{"href":"https:\/\/web.palmaactiva.com\/es\/wp-json\/wp\/v2\/media?parent=44991"}],"curies":[{"name":"wp","href":"https:\/\/api.w.org\/{rel}","templated":true}]}}