{"id":44964,"date":"2021-07-16T12:15:16","date_gmt":"2021-07-16T12:15:16","guid":{"rendered":"https:\/\/web.palmaactiva.com\/?page_id=44964"},"modified":"2021-07-16T12:21:46","modified_gmt":"2021-07-16T12:21:46","slug":"que-es-el-certificat-digital","status":"publish","type":"page","link":"https:\/\/web.palmaactiva.com\/es\/que-es-el-certificat-digital\/","title":{"rendered":"\u00bfQu\u00e9 es el certificado digital?"},"content":{"rendered":"<p><img decoding=\"async\" loading=\"lazy\" src=\"https:\/\/web.palmaactiva.com\/wp-content\/uploads\/2021\/07\/banner-sede.jpg\" alt=\"\" width=\"1200\" height=\"430\" class=\"alignnone size-full wp-image-44970\" srcset=\"https:\/\/web.palmaactiva.com\/wp-content\/uploads\/2021\/07\/banner-sede.jpg 1200w, https:\/\/web.palmaactiva.com\/wp-content\/uploads\/2021\/07\/banner-sede-300x108.jpg 300w, https:\/\/web.palmaactiva.com\/wp-content\/uploads\/2021\/07\/banner-sede-1024x367.jpg 1024w, https:\/\/web.palmaactiva.com\/wp-content\/uploads\/2021\/07\/banner-sede-768x275.jpg 768w\" sizes=\"(max-width: 1200px) 100vw, 1200px\" \/><\/p>\nEl certificado digital identifica electr\u00f3nicamente una persona.\u00bbEs como hacerse un DNI para navegar por Internet.\u00bb<\/p>\n<p><strong>\u00bfQu\u00e9 es?<\/strong><br \/>\nEs un fichero electr\u00f3nico que se puede almacenar en el navegador del ordenador, en una memoria USB, en un CD o en un chip integrado en una tarjeta, como por ejemplo el DNI electr\u00f3nico.<br \/>\nSe accede al certificado digital a trav\u00e9s de un PIN, que es un n\u00famero secreto que s\u00f3lo conoce el propietario (como el PIN del m\u00f3vil).<br \/>\nPara usar el DNI electr\u00f3nico hay que contar, adem\u00e1s, con determinados elementos de hardware y software que nos permitir\u00e1n el acceso al chip de la tarjeta ya sus contenidos. Para m\u00e1s informaci\u00f3n consultar como utilizar el DNI electr\u00f3nico    <\/p>\n<p><strong>\u00bfQu\u00e9 permite?<\/strong><br \/>\nPermite garantizar la identidad de una persona en Internet. Quien disponga de un certificado digital podr\u00e1 identificarse (v\u00e9ase \u00abIdentificaci\u00f3n electr\u00f3nica\u00bb) y firmar documentos (ver \u00abFirma electr\u00f3nica\u00bb) de forma segura y con validez legal.<\/p>\n<p><strong>\u00bfC\u00f3mo se puede obtener?<\/strong><br \/>\nEl certificado digital se ha de solicitar a una autoridad de certificaci\u00f3n reconocida, la que despu\u00e9s de verificar los datos personales proporcionados por el solicitante emite el certificado.<br \/>\nEn el caso particular del DNI electr\u00f3nico se ha de solicitar cita previa para obtenerlo a trav\u00e9s de www.citapreviadni.es.<br \/>\nSi no conoce su PIN o quiere cambiar puede hacerlo en los quioscos (PAD) presentes en las oficinas de expedici\u00f3n del DNIe.<br \/>\nM\u00e1s informaci\u00f3n en a <a href=\"http:\/\/www.usatudni.es\/dnie\" rel=\"noopener\" target=\"_blank\">www.usatudni.es\/dnie<\/a>.<\/p>\n<p>En el caso de la F\u00e1brica Nacional de Moneda y Timbre, las instrucciones se encuentran en la direcci\u00f3n:<br \/>\n<a href=\"https:\/\/www.sede.fnmt.gob.es\/certificados\" rel=\"noopener\" target=\"_blank\">https:\/\/www.sede.fnmt.gob.es\/certificados<\/a><\/p>\n<p><a href=\"https:\/\/sede.administracion.gob.es\/PAG_Sede\/LaSedePAG\/SistemasFirmaAceptados.html\" rel=\"noopener\" target=\"_blank\"><strong>-> Certificados admitidos en el portal de tr\u00e1mites del Ayuntamiento de Palma<\/strong><\/a><br \/>","protected":false},"excerpt":{"rendered":"<p>El certificado digital identifica electr\u00f3nicamente una persona.\u00bbEs como hacerse un DNI para navegar por Internet.\u00bb \u00bfQu\u00e9 es? Es un fichero electr\u00f3nico que se puede almacenar en el navegador del ordenador, en una memoria USB, en un CD o en un chip integrado en una tarjeta, como por ejemplo el DNI electr\u00f3nico. Se accede al certificado [&hellip;]<\/p>\n","protected":false},"author":1,"featured_media":0,"parent":0,"menu_order":0,"comment_status":"closed","ping_status":"closed","template":"","meta":{"footnotes":""},"_links":{"self":[{"href":"https:\/\/web.palmaactiva.com\/es\/wp-json\/wp\/v2\/pages\/44964"}],"collection":[{"href":"https:\/\/web.palmaactiva.com\/es\/wp-json\/wp\/v2\/pages"}],"about":[{"href":"https:\/\/web.palmaactiva.com\/es\/wp-json\/wp\/v2\/types\/page"}],"author":[{"embeddable":true,"href":"https:\/\/web.palmaactiva.com\/es\/wp-json\/wp\/v2\/users\/1"}],"replies":[{"embeddable":true,"href":"https:\/\/web.palmaactiva.com\/es\/wp-json\/wp\/v2\/comments?post=44964"}],"version-history":[{"count":5,"href":"https:\/\/web.palmaactiva.com\/es\/wp-json\/wp\/v2\/pages\/44964\/revisions"}],"predecessor-version":[{"id":44972,"href":"https:\/\/web.palmaactiva.com\/es\/wp-json\/wp\/v2\/pages\/44964\/revisions\/44972"}],"wp:attachment":[{"href":"https:\/\/web.palmaactiva.com\/es\/wp-json\/wp\/v2\/media?parent=44964"}],"curies":[{"name":"wp","href":"https:\/\/api.w.org\/{rel}","templated":true}]}}