{"id":44897,"date":"2021-07-27T00:05:51","date_gmt":"2021-07-27T00:05:51","guid":{"rendered":"https:\/\/web.palmaactiva.com\/?page_id=44897"},"modified":"2026-04-07T14:15:08","modified_gmt":"2026-04-07T12:15:08","slug":"seuelectronica","status":"publish","type":"page","link":"https:\/\/web.palmaactiva.com\/es\/seuelectronica\/","title":{"rendered":"Tr\u00e1mites electr\u00f3nicos"},"content":{"rendered":"<div class=\"su-row\"><div class=\"su-column su-column-size-1-4\"><div class=\"su-column-inner su-u-clearfix su-u-trim\">\n<img decoding=\"async\" loading=\"lazy\" class=\"alignnone size-full wp-image-17402\" src=\"https:\/\/web.palmaactiva.com\/wp-content\/uploads\/2020\/08\/Fachada-sede-2017-sin-gente1-scaled.jpg\" alt=\"\" width=\"600\" height=\"600\" \/><\/div><\/div>\n<div class=\"su-column su-column-size-3-4\"><div class=\"su-column-inner su-u-clearfix su-u-trim\">\n<h4>\u00bfTienes que hacer un tr\u00e1mite electr\u00f3nico con PalmaActiva?<\/h4>\nRecuerda que necesitar\u00e1s el <a href=\"https:\/\/web.palmaactiva.com\/es\/que-es-el-certificat-digital\/\" target=\"_blank\" rel=\"noopener\">certificado digital<\/a>.<\/p>\n<div class=\"dt-service-more\" style=\"margin-bottom: 5px; margin-top: 5px;\">\n    <a href=\"https:\/\/palmaactiva.sedipualba.es\/carpetaciudadana\/tramite.aspx?idtramite=13859\" target=\"_blank\" rel=\"noopener\" style=\"display: inline-flex; align-items: center; justify-content: center; padding: 10px 30px; border-radius: 2px; text-transform: uppercase; text-decoration: none; max-width: 100%; box-sizing: border-box;\"><i class=\"fa fa-sign-in\" style=\"margin-right: 10px;\"><\/i><span style=\"display: inline-flex; line-height: 1.5;\">Registro Electr\u00f3nico\/Presentaci\u00f3n Instancia General<\/span><\/a>\n<\/div>\n<i class=\"fa fa-arrow-circle-right clarear\" aria-hidden=\"true\"><\/i><a href=\"https:\/\/palmaactiva.sedipualba.es\/\" target=\"_blank\" rel=\"noopener\"> Sede electr\u00f3nica PalmaActiva<\/a>\n<i class=\"fa fa-arrow-circle-right clarear\" aria-hidden=\"true\"><\/i><a href=\"https:\/\/palmaactiva.sedipualba.es\/tablondeanuncios\/default.aspx\" target=\"_blank\" rel=\"noopener\"> Tabl\u00f3n de anuncios PalmaActiva<\/a>\n<i class=\"fa fa-arrow-circle-right clarear\" aria-hidden=\"true\"><\/i><a href=\"https:\/\/palmaactiva.sedipualba.es\/carpetaciudadana.aspx\" target=\"_blank\" rel=\"noopener\"> Carpeta ciudadana<\/a>\n<i class=\"fa fa-arrow-circle-right clarear\" aria-hidden=\"true\"><\/i><a href=\"https:\/\/seuelectronica.palma.es\/portal\/PALMA\/sede\/se_contenedor1.jsp?seccion=s_fdes_d4_v2.jsp&#038;codbusqueda=1602&#038;language=es&#038;codResi=1&#038;layout=se_contenedor1.jsp&#038;codAdirecto=862\" target=\"_blank\" rel=\"noopener\"> Calendario de d\u00edas inh\u00e1biles<\/a>\n<\/div><\/div><\/div>\n<div class=\"su-divider su-divider-style-default\" style=\"margin:15px 0;border-width:1px;border-color:#dadada\"><\/div>\n<\/br><\/p>\n<h4 style=\"text-align:center;\">TR\u00c1MITES ABIERTOS<\/h4>\n<div style=\"width:100%; overflow-x:auto; -webkit-overflow-scrolling:touch;\">\n<div class=\"su-table su-table-alternate\">\n<table id=\"myTable\" class=\"alt\" style=\"width:100%;min-width:900px;border-collapse:collapse\">\n<thead>\n<tr>\n<th style=\"width:40%;text-align:left;vertical-align:top\">\n<h4 style=\"margin:0\">Tr\u00e1mite<\/h4>\n<\/th>\n<th style=\"width:15%;text-align:left;vertical-align:top\">\n<h4 style=\"margin:0\">Informaci\u00f3n<\/h4>\n<\/th>\n<th style=\"width:15%;text-align:left;vertical-align:top\">\n<h4 style=\"margin:0\">Bases<\/h4>\n<\/th>\n<th style=\"width:15%;text-align:left;vertical-align:top\">\n<h4 style=\"margin:0\">Solicitud<\/h4>\n<\/th>\n<th style=\"width:15%;text-align:left;vertical-align:top\">\n<h4 style=\"margin:0\">Registro<\/h4>\n<\/th>\n<\/tr>\n<\/thead>\n<tbody>\n<tr>\n<td style=\"vertical-align:top\"><strong>GENERAL<\/strong> &#8211; Registre Electr\u00f2nic\/Presentaci\u00f3 Inst\u00e0ncia General<\/td>\n<td style=\"vertical-align:top\"><a href=\"https:\/\/palmaactiva.sedipualba.es\/carpetaciudadana\/tramite.aspx?idtramite=13859\" rel=\"noopener\" target=\"_blank\">Informaci\u00f3n<\/a><\/td>\n<td style=\"vertical-align:top\"><\/td>\n<td style=\"vertical-align:top\"><\/td>\n<td style=\"vertical-align:top\"><a href=\"https:\/\/palmaactiva.sedipualba.es\/carpetaciudadana\/tramite.aspx?idtramite=13859\" target=\"_blank\" rel=\"noopener\"><span style=\"color:green\">Registra tu solicitud<\/span><\/a><\/td>\n<\/tr>\n<tr>\n<td style=\"vertical-align:top\"><strong>GENERAL<\/strong> &#8211; Solicitud de reserva Sala Espai 22<\/td>\n<td style=\"vertical-align:top\"><a href=\"https:\/\/web.palmaactiva.com\/es\/espacios\/sala-de-conferencias-palmaactiva\/\" target=\"_blank\" rel=\"noopener\">Informaci\u00f3n<\/a><\/td>\n<td style=\"vertical-align:top\"><a href=\"https:\/\/palmaactiva.sedipualba.es\/carpetaciudadana\/documentoinformativo.aspx?id=2645&#038;abrir=True&#038;idioma=es\" target=\"_blank\" rel=\"noopener\">Bases<\/a><\/td>\n<td style=\"vertical-align:top\"><\/td>\n<td style=\"vertical-align:top\"><a href=\"https:\/\/palmaactiva.sedipualba.es\/carpetaciudadana\/tramite.aspx?idtramite=13942\" target=\"_blank\" rel=\"noopener\"><span style=\"color:green\">Registra tu solicitud<\/span><\/a><\/td>\n<\/tr>\n<tr>\n<td style=\"vertical-align:top\"><strong>Trabajo aut\u00f3nomo<\/strong> &#8211; Solicitud de acceso o de pr\u00f3rroga de alquiler &#8211; Centro de Empresas (Locales, despachos y Coworking)<\/td>\n<td style=\"vertical-align:top\"><a href=\"https:\/\/web.palmaactiva.com\/centre-empreses\" target=\"_blank\" rel=\"noopener\">Informaci\u00f3n<\/a><\/td>\n<td style=\"vertical-align:top\"><a href=\"https:\/\/web.palmaactiva.com\/centre-empreses\/es\/documentacion\/\" target=\"_blank\" rel=\"noopener\">Documentaci\u00f3n (bases, normas de uso&#8230;)<\/a><\/td>\n<td style=\"vertical-align:top\"><a href=\"https:\/\/web.palmaactiva.com\/centre-empreses\/es\/solicitud-de-local\/\" target=\"_blank\" rel=\"noopener\">Solicitud<\/a><\/td>\n<td style=\"vertical-align:top\"><a href=\"https:\/\/palmaactiva.sedipualba.es\/carpetaciudadana\/tramite.aspx?idtramite=13886\" target=\"_blank\" rel=\"noopener\"><span style=\"color:green\">Registra tu solicitud<\/span><\/a><\/td>\n<\/tr>\n<tr>\n<td style=\"vertical-align:top\"><strong>Trabajo aut\u00f3nomo<\/strong> &#8211; Solicitud para ser mentor\/a (programa mentores)<\/td>\n<td style=\"vertical-align:top\"><a href=\"https:\/\/web.palmaactiva.com\/mentoring\/web\/es\/#gsc.tab=0\" target=\"_blank\" rel=\"noopener\">Informaci\u00f3n<\/a><\/td>\n<td style=\"vertical-align:top\"><a href=\"https:\/\/palmaactiva.sedipualba.es\/carpetaciudadana\/documentoinformativo.aspx?id=2642&#038;abrir=True&#038;idioma=es\" target=\"_blank\" rel=\"noopener\">Bases<\/a><\/td>\n<td style=\"vertical-align:top\"><\/td>\n<td style=\"vertical-align:top\"><a href=\"https:\/\/docs.google.com\/forms\/d\/e\/1FAIpQLSfCLT9PszbwKNCsRUrwdNqNqoCue5XBx8YeQ5C68DLK2LTimw\/viewform?usp=sf_link\" target=\"_blank\" rel=\"noopener\"><span style=\"color:green\">Registra tu solicitud<\/span><\/a><\/td>\n<\/tr>\n<tr>\n<td style=\"vertical-align:top\"><strong>Trabajo aut\u00f3nomo<\/strong> &#8211; Solicitud para ser mentorizado\/a (programa mentores)<\/td>\n<td style=\"vertical-align:top\"><a href=\"https:\/\/web.palmaactiva.com\/mentoring\/web\/es\/#gsc.tab=0\" target=\"_blank\" rel=\"noopener\">Informaci\u00f3n<\/a><\/td>\n<td style=\"vertical-align:top\"><a href=\"https:\/\/palmaactiva.sedipualba.es\/carpetaciudadana\/documentoinformativo.aspx?id=2642&#038;abrir=True&#038;idioma=es\" target=\"_blank\" rel=\"noopener\">Bases<\/a><\/td>\n<td style=\"vertical-align:top\"><\/td>\n<td style=\"vertical-align:top\"><a href=\"https:\/\/docs.google.com\/forms\/d\/e\/1FAIpQLSeaytxVtKOJK6DR3rscnHeuU5nze1bTA9IrElNDgJriThUqDA\/viewform?usp=sf_link\" target=\"_blank\" rel=\"noopener\"><span style=\"color:green\">Registra tu solicitud<\/span><\/a><\/td>\n<\/tr>\n<tr>\n<td style=\"vertical-align:top\"><strong>Comercio<\/strong> &#8211; Solicitud para participar en cat\u00e1logo de Establecimientos Emblem\u00e1ticos de Palma.<\/td>\n<td style=\"vertical-align:top\"><\/td>\n<td style=\"vertical-align:top\"><\/td>\n<td style=\"vertical-align:top\"><\/td>\n<td style=\"vertical-align:top\"><a href=\"https:\/\/palmaactiva.sedipualba.es\/carpetaciudadana\/tramite.aspx?idtramite=13868\" target=\"_blank\" rel=\"noopener\"><span style=\"color:green\">Registra tu solicitud<\/span><\/a><\/td>\n<\/tr>\n<tr>\n<td style=\"vertical-align:top\"><strong>Trabajo aut\u00f3nomo<\/strong> PAE- Solicitud de alta o cese de actividad para persona trabajadora aut\u00f3nom<\/td>\n<td style=\"vertical-align:top\"><a href=\"https:\/\/web.palmaactiva.com\/es\/ventanilla-unica-municipal-punt-pae\/\" target=\"_blank\" rel=\"noopener\">Informaci\u00f3n<\/a><\/td>\n<td style=\"vertical-align:top\"><\/td>\n<td style=\"vertical-align:top\"><\/td>\n<td style=\"vertical-align:top\"><a href=\"https:\/\/palmaactiva.sedipualba.es\/carpetaciudadana\/tramite.aspx?idtramite=14330\" target=\"_blank\" rel=\"noopener\"><span style=\"color:green\">Registra tu solicitud<\/span><\/a><\/td>\n<\/tr>\n<tr>\n<td style=\"vertical-align:top\"><strong>Trabajo aut\u00f3nomo<\/strong> PAE- Solicitud de constituci\u00f3n\/inicio\/cese de actividad para sociedades de responsabilidad limitada<\/td>\n<td style=\"vertical-align:top\"><a href=\"https:\/\/web.palmaactiva.com\/es\/ventanilla-unica-municipal-punt-pae\/\" target=\"_blank\" rel=\"noopener\">Informaci\u00f3n<\/a><\/td>\n<td style=\"vertical-align:top\"><\/td>\n<td style=\"vertical-align:top\"><\/td>\n<td style=\"vertical-align:top\"><a href=\"https:\/\/palmaactiva.sedipualba.es\/carpetaciudadana\/tramite.aspx?idtramite=14329\" target=\"_blank\" rel=\"noopener\"><span style=\"color:green\">Registra tu solicitud<\/span><\/a><\/td>\n<\/tr>\n<tr>\n<td style=\"vertical-align:top\"><strong>Comercio<\/strong>&#8211; Solicitud de subvenciones de inversi\u00f3n para la modernizaci\u00f3n e innovaci\u00f3n de establecimientos de comercio y restauraci\u00f3n de Palma 2026<\/td>\n<td style=\"vertical-align:top\"><a href=\"https:\/\/web.palmaactiva.com\/es\/ayudas-para-el-pequeno-comercio\/\" target=\"_blank\" rel=\"noopener\">Informaci\u00f3n<\/a><\/td>\n<td style=\"vertical-align:top\"><\/td>\n<td style=\"vertical-align:top\"><\/td>\n<td style=\"vertical-align:top\"><a href=\"https:\/\/palmaactiva.sedipualba.es\/carpetaciudadana\/tramite.aspx?idtramite=13879\" target=\"_blank\" rel=\"noopener\"><span style=\"color:green\">Registra tu solicitud<\/span><\/a><\/td>\n<\/tr>\n<\/tbody>\n<\/table>\n<\/div>\n<\/p><\/div>\n<p><\/br><\/p>\n<p><!-- ANTIGUIOS\n\n\n\n<h4 style=\"text-align: center;\">TR\u00c1MITES CERRADOS<\/h4>\n\n\n[su_table]\n\n\n<table id=\"myTable\" class=\"alt\">\n\n\n<thead>\n\n\n<tr>\n\n\n<th width=\"40%\">\n\n\n<h4>Tr\u00e1mite<\/h4>\n\n\n<\/th>\n\n\n\n\n<th width=\"15%\">\n\n\n<h4>Informaci\u00f3n<\/h4>\n\n\n<\/th>\n\n\n\n\n<th width=\"15%\">\n\n\n<h4>Bases<\/h4>\n\n\n<\/th>\n\n\n\n\n<th width=\"15%\">\n\n\n<h4>Solicitud<\/h4>\n\n\n<\/th>\n\n\n\n\n<th width=\"15%\">\n\n\n<h4>Registro<\/h4>\n\n\n<\/th>\n\n\n<\/tr>\n\n\n<\/thead>\n\n\n<\/br>\n\n\n<tbody>\n\n\n<tr>\n\n\n<td><strong>15. CONVOCATORIA EXTRAORDINARIA<\/strong> - ASIGNACI\u00d3N INICIAL DEL NIVEL DE CARRERA PROFESIONAL HORIZONTAL EN PALMAACTIVA<\/td>\n\n\n\n\n<td><a href=\"https:\/\/web.palmaactiva.com\/es\/download\/anexo-i_lista-provisional-de-asignacion-de-niveles\/\" rel=\"noopener\" target=\"_blank\">\u00b7 Lista provisional<\/a>\n<a href=\"https:\/\/web.palmaactiva.com\/es\/download\/llista-definitiva-dassignacio-de-nivells\/\" rel=\"noopener\" target=\"_blank\">\u00b7 Lista definitiva<\/a><\/td>\n\n\n\n\n<td><a href=\"https:\/\/intranet.caib.es\/eboibfront\/es\/2023\/11842\/680736\/aprovacio-bases-i-procediment-de-la-carrera-profes\" rel=\"noopener\" target=\"_blank\">Bases y procedimiento-BOIB<\/a><\/td>\n\n\n\n\n<td>Solicitud <a href=\"https:\/\/web.palmaactiva.com\/es\/download\/solicitud-carrera-profesional-en-doc\/\" rel=\"noopener\" target=\"_blank\">en .doc<\/a>\n| <a href=\"https:\/\/web.palmaactiva.com\/es\/download\/anexo-ii_-solicitud-carrera-profesional-en-pdf\/\" rel=\"noopener\" target=\"_blank\">en .pdf<\/a><\/td>\n\n\n\n\n<td>Plazo finalizado<\/td>\n\n\n<\/tr>\n\n\n\n\n<tr>\n\n\n<td><strong>14. CONVOCATORIA<\/strong> - SUBVENCIONES PARA LA MODERNIZACI\u00d3N E INNOVACI\u00d3N COMERCIO DE PALMA 2023 (plazo ampliado hasta el 20\/04)<\/td>\n\n\n\n\n<td><a href=\"https:\/\/web.palmaactiva.com\/es\/empresa\/comercio\/dinamizacion-comercial\/ayudas-para-el-pequeno-comercio\/\" rel=\"noopener\" target=\"_blank\">Informaci\u00f3n<\/a><\/td>\n\n\n\n\n<td>Plazo finalizado<\/td>\n\n\n\n\n<td><a href=\"https:\/\/web.palmaactiva.com\/es\/download\/anexo-i-subvenciones-modernizacion-e-innovacion-comercio-de-palma-2023\/\" rel=\"noopener\" target=\"_blank\">Solicitud_(anexo1)<\/a> <a href=\"https:\/\/web.palmaactiva.com\/es\/download\/anexo-2-justificacion-subvenciones-comercio-palma-2023\/\" rel=\"noopener\" target=\"_blank\">Justificaci\u00f3n_(anexo2)<\/a><\/td>\n\n\n\n\n<td>Plazo finalizado<\/td>\n\n\n<\/tr>\n\n\n\n\n<tr>\n\n\n<td><strong>Trabajo aut\u00f3nomo<\/strong> - Solicitud participaci\u00f3n XII Concurso proyectos empresariales estudiantes 2024 (plazo: del 19\/04 al 03\/05) <\/td>\n\n\n\n\n<td><a href=\"https:\/\/web.palmaactiva.com\/es\/empresa\/premios-palmaactiva\/concurso-de-premios-a-los-mejores-proyectos-empresariales-de-estudiantes\/\" rel=\"noopener\" target=\"_blank\">Informaci\u00f3n<\/a><\/td>\n\n\n\n\n<td><\/td>\n\n\n\n\n<td><a href=\"https:\/\/web.palmaactiva.com\/es\/empresa\/premios-palmaactiva\/concurso-de-premios-a-los-mejores-proyectos-empresariales-de-estudiantes\/\" rel=\"noopener\" target=\"_blank\">Solicitud<\/a><\/td>\n\n\n\n\n<td><a href=\"https:\/\/palmaactiva.sedipualba.es\/carpetaciudadana\/tramite.aspx?idtramite=13880\" target=\"_blank\" rel=\"noopener\"><span style=\"color: green;\">Registra tu solicitud<\/span><\/a><\/td>\n\n\n<\/tr>\n\n\n\n\n<tr>\n\n\n<td><strong>12. SUBVENCIONES<\/strong> - CONVOCATORIA PARA LA CONCESI\u00d3N DE SUBVENCIONES DE LAS PYMES, MICROEMPRESAS Y\nAUT\u00d3NOMOS DESTINADAS AL FOMENTO DE LA OCUPACI\u00d3N 2023<\/td>\n\n\n\n\n<td><a href=\"https:\/\/web.palmaactiva.com\/es\/subvencions-per-al-foment-de-la-contractacio-laboral\/\" rel=\"noopener\" target=\"_blank\">Informaci\u00f3n<\/a><\/td>\n\n\n\n\n<td><a href=\"https:\/\/web.palmaactiva.com\/download\/convocatoria-subvenciones-fomento-de-la-ocupacion-2023\/\" target=\"_blank\" rel=\"noopener\">CAST<\/a> | <a href=\"https:\/\/web.palmaactiva.com\/download\/convocatoria-subvencions-foment-de-locupacio-2023\/\" target=\"_blank\" rel=\"noopener\">CAT<\/a><\/td>\n\n\n\n\n<td><a href=\"https:\/\/web.palmaactiva.com\/es\/subvencions-per-al-foment-de-la-contractacio-laboral\/\" rel=\"noopener\" target=\"_blank\">ANEXOS<\/a><\/td>\n\n\n\n\n<td>Plazo finalizado<\/td>\n\n\n<\/tr>\n\n\n\n\n<tr>\n\n\n<td><strong>11. PROCESO EXCEPCIONAL DE ESTABILIZACI\u00d3N<\/strong> - CONCURSO EXTRAORDINARIO DE M\u00c9RITOS PARA CUBRIR PLAZAS DE PERSONAL LABORAL DE PALMAACTIVA<\/td>\n\n\n\n\n<td><a href=\"https:\/\/web.palmaactiva.com\/es\/convocatoria-publica\/\" rel=\"noopener\" target=\"_blank\">Informaci\u00f3n<\/a><\/td>\n\n\n\n\n<td><a href=\"https:\/\/web.palmaactiva.com\/es\/download\/bases-y-anexos-del-proceso-de-estabilizacion\/\" target=\"_blank\" rel=\"noopener\">Bases y anexos, <a href=\"https:\/\/intranet.caib.es\/eboibfront\/es\/2022\/11664\/667592\/palmaactiva-aprovacio-de-la-convocatoria-i-les-bas\" rel=\"noopener\" target=\"_blank\">BOIB n\u00fam 160, de 10\/12\/22<\/a><\/a><\/td>\n\n\n\n\n<td><a href=\"https:\/\/web.palmaactiva.com\/es\/download\/anexo-ii-solicitud-y-autobaremacion\/\" rel=\"noopener\" target=\"_blank\">Solicitud y autobaremaci\u00f3n<\/a><\/td>\n\n\n\n\n<td>Plazo finalizado<\/td>\n\n\n<\/tr>\n\n\n\n\n<tr>\n\n\n<td><strong>10. SUBVENCIONES<\/strong> - CONVOCATORIA PARA EL OTORGAMIENTO DE SUBVENCIONES VALES DESCUENTO DE PALMAACTIVA<\/td>\n\n\n\n\n<td><a href=\"https:\/\/web.palmaactiva.com\/es\/vals-de-descompte-2023\/\" rel=\"noopener\" target=\"_blank\">Informaci\u00f3n y notificaciones<\/a><\/td>\n\n\n\n\n<td><a href=\"https:\/\/web.palmaactiva.com\/es\/download\/bases-subvencionesvales-de-descuento-2023\/\" target=\"_blank\" rel=\"noopener\">CAST<\/a> | <a href=\"https:\/\/web.palmaactiva.com\/es\/download\/bases-subvencions-vals-de-descompte-2023\/\" target=\"_blank\" rel=\"noopener\">CAT<\/a><\/td>\n\n\n\n\n<td><\/td>\n\n\n\n\n<td>Plazo finalizado<\/td>\n\n\n<\/tr>\n\n\n\n\n<tr>\n\n\n<td><strong>9. APORTACIONES<\/strong> AL REGLAMENTO DE SERVICIOS DE OCUPACI\u00d3N Y FORMACI\u00d3N DE PALMAACTIVA<\/td>\n\n\n\n\n<td><\/td>\n\n\n\n\n<td><a href=\"https:\/\/web.palmaactiva.com\/download\/proposta-de-reglament-de-serveis-de-palmaactiva\/\" target=\"_blank\" rel=\"noopener\">Propuesta de reglamento<\/a><\/td>\n\n\n\n\n<td><\/td>\n\n\n\n\n<td>Plazo finalizado<\/td>\n\n\n<\/tr>\n\n\n\n\n<tr>\n\n\n<td><strong>8. SOLICITUD<\/strong> DE PARTICIPACI\u00d3N DEL PEQUE\u00d1O COMERCIO PARA REALIZAR INTERCAMBIO DE VALES REGALO PARA PREMIOS PALMAACTIVA<\/td>\n\n\n\n\n<td><a href=\"https:\/\/web.palmaactiva.com\/es\/empresa\/premios-palmaactiva\/vii-concurso-de-premios-a-los-mejores-proyectos-empresariales-de-estudiantes\/\" target=\"_blank\" rel=\"noopener\">Informaci\u00f3n<\/a><\/td>\n\n\n\n\n<td><\/td>\n\n\n\n\n<td><a href=\"https:\/\/web.palmaactiva.com\/es\/download\/sol%c2%b7licitud-intercanvi-vals-regal-petit-comerc-2021-2022\/\" target=\"_blank\" rel=\"noopener\">Solicitud<\/a><\/td>\n\n\n\n\n<td>Plazo finalizado<\/td>\n\n\n<\/tr>\n\n\n\n\n<tr>\n\n\n<td><span style=\"color: green;\"><strong>7. SOLICITUD<\/strong> - PR\u00d3RROGA CENTRO DE EMPRESAS Y COWORKING DE PALMAACTIVA<\/spam><\/td>\n\n\n\n\n<td><a href=\"https:\/\/web.palmaactiva.com\/centre-empreses\/solicitud-de-local\/\" target=\"_blank\" rel=\"noopener\">Informaci\u00f3n<\/a><\/td>\n\n\n\n\n<td><a href=\"https:\/\/web.palmaactiva.com\/centre-empreses\/es\/documentacion\/\" target=\"_blank\" rel=\"noopener\">Documentaci\u00f3n (bases, normas de uso...)<\/a><\/td>\n\n\n\n\n<td><a href=\"https:\/\/web.palmaactiva.com\/download\/sol%c2%b7licitud-de-prorroga-centre-dempreses\/\" target=\"_blank\" rel=\"noopener\">Pr\u00f3rroga centro de empresas<\/a> | <a href=\"https:\/\/web.palmaactiva.com\/download\/sol%c2%b7licitud-de-prorroga-coworking\/\" target=\"_blank\" rel=\"noopener\">Pr\u00f3rroga Coworking<\/a><\/td>\n\n\n\n\n<td><a href=\"https:\/\/rec.redsara.es\/registro\/action\/are\/acceso.do\" target=\"_blank\" rel=\"noopener\"><span style=\"color: green;\">Registra tu solicitud<\/span><\/a><\/td>\n\n\n<\/tr>\n\n\n\n\n<tr>\n\n\n<td><span style=\"color: green;\"><strong>6. SOLICITUD<\/strong> - ACCESO AL CENTRO DE EMPRESAS DE PALMAACTIVA<\/spam><\/td>\n\n\n\n\n<td><a href=\"https:\/\/web.palmaactiva.com\/centre-empreses\/solicitud-de-local\/\" target=\"_blank\" rel=\"noopener\">Informaci\u00f3n<\/a><\/td>\n\n\n\n\n<td><a href=\"https:\/\/web.palmaactiva.com\/centre-empreses\/es\/documentacion\/\" target=\"_blank\" rel=\"noopener\">Documentaci\u00f3n (bases, normas de uso...)<\/a><\/td>\n\n\n\n\n<td><a href=\"https:\/\/web.palmaactiva.com\/centre-empreses\/es\/download\/solicitud-de-acceso-al-centro-de-empresas\/\" target=\"_blank\" rel=\"noopener\">Solicitud<\/a><\/td>\n\n\n\n\n<td><a href=\"https:\/\/rec.redsara.es\/registro\/action\/are\/acceso.do\" target=\"_blank\" rel=\"noopener\"><span style=\"color: green;\">Registra tu solicitud<\/span><\/a><\/td>\n\n\n<\/tr>\n\n\n\n\n<tr>\n\n\n<td><strong>5. SOLICITUD<\/strong> PARA PARTICIPAR COMO EMPRESA EN LA FERIA DE LA OCUPACI\u00d3N 2022<\/td>\n\n\n\n\n<td><\/td>\n\n\n\n\n<td><a href=\"https:\/\/web.palmaactiva.com\/es\/download\/anexos-empresas-feria-de-la-ocupacion-2022\/\" target=\"_blank\" rel=\"noopener\">Anexos<\/a> |\n<a href=\"https:\/\/web.palmaactiva.com\/download\/acta-de-revisio-de-sollicituds-de-participacio-a-la-fira-de-locupacio-2022\/\" target=\"_blank\" rel=\"noopener\">Acta empresas participantes<\/a><\/td>\n\n\n\n\n<td><\/td>\n\n\n\n\n<td>Plazo finalizado<\/td>\n\n\n<\/tr>\n\n\n\n\n<tr>\n\n\n<td><span style=\"color: green;\"><strong>4. SOLICITUD<\/strong> PARA FORMAR PARTE DEL CAT\u00c1LOGO DE ESTABLECIMIENTOS EMBLEM\u00c1TICOS DE PALMA (plazo: del 8\/04 al 8\/05)<\/span><\/td>\n\n\n\n\n<td><a href=\"https:\/\/web.palmaactiva.com\/es\/empresa\/comercio\/establecimientos-emblematicos\/cataleg-destabliments-emblematics-de-palma\/\" target=\"_blank\" rel=\"noopener\">Informaci\u00f3n<\/a><\/td>\n\n\n\n\n<td><a href=\"https:\/\/web.palmaactiva.com\/es\/download\/requisits-i-categories-ee-de-palma\/\" target=\"_blank\" rel=\"noopener\">Requisitos y categor\u00edas<\/a><\/td>\n\n\n\n\n<td><a href=\"https:\/\/web.palmaactiva.com\/es\/download\/solicitud-establecimiento-emblematico\/\" target=\"_blank\" rel=\"noopener\">Formulario<\/a><\/td>\n\n\n\n\n<td><a href=\"https:\/\/palmaactiva.sedipualba.es\/carpetaciudadana\/tramite.aspx?idtramite=13868\" target=\"_blank\" rel=\"noopener\"><span style=\"color: green;\">Registra tu solicitud<\/span><\/a><\/td>\n\n\n<\/tr>\n\n\n\n\n<tr>\n\n\n<td><strong>3. SUBVENCIONES<\/strong> DESTINADAS PIME, MICROEMPRESAS Y AUT\u00d3NOMOS PARA HACER FRENTE A LAS CONSECUENCIAS ECON\u00d3MICAS DEL COVID 19.<\/td>\n\n\n\n\n<td><\/td>\n\n\n\n\n<td>Bases <a href=\"https:\/\/web.palmaactiva.com\/es\/download\/subvenciones-destinadas-a-pimes-microempresas-y-autonomos-covid-19\/\" target=\"_blank\" rel=\"noopener\">CAST<\/a> | <a href=\"https:\/\/web.palmaactiva.com\/es\/download\/subvencions-destinades-a-pimes-microempreses-i-autonoms-covid-19\/\" target=\"_blank\" rel=\"noopener\">CAT<\/a><\/td>\n\n\n\n\n<td><\/td>\n\n\n\n\n<td>Plazo finalizado<\/td>\n\n\n<\/tr>\n\n\n\n\n<tr>\n\n\n<td><strong>2. SUBVENCIONES<\/strong> DESTINADAS A EMPRESAS AGROALIMENTARIAS UBICADAS EN MERCAPALMA S.A<\/td>\n\n\n\n\n<td><a href=\"https:\/\/web.palmaactiva.com\/es\/com-sol%c2%b7licitar-la-subvencio\/\" target=\"_blank\" rel=\"noopener\">\u00bfC\u00f3mo solicitarla?<\/a><\/td>\n\n\n\n\n<td>Bases <a href=\"https:\/\/web.palmaactiva.com\/download\/convocatoria-y-bases_subvenciones-empresas-mercapalma\/\" target=\"_blank\" rel=\"noopener\">CAST<\/a> | <a href=\"https:\/\/web.palmaactiva.com\/download\/convocatoria-i-bases_subvencions-empreses-mercapalma\/\" target=\"_blank\" rel=\"noopener\">CAT<\/a><\/td>\n\n\n\n\n<td><\/td>\n\n\n\n\n<td>Plazo finalizado<\/td>\n\n\n<\/tr>\n\n\n\n\n<tr>\n\n\n<td><strong>1. SUBVENCIONES<\/strong> - DESTINADAS A ESTABLECIMIENTOS EMBLEM\u00c1TICOS DE PALMA 2023<\/td>\n\n\n\n\n<td><a href=\"https:\/\/youtu.be\/-Mc8mqIVsb0?si=F0zB5n7Rl74xq7BJ\" target=\"_blank\" rel=\"noopener\">\u00bfC\u00f3mo solicitarla?<\/a><\/td>\n\n\n\n\n<td>Bases <a href=\"https:\/\/web.palmaactiva.com\/es\/download\/convocatoria-subvenciones-ee-2023\/\" target=\"_blank\" rel=\"noopener\">CAST<\/a> | <a href=\"https:\/\/web.palmaactiva.com\/download\/convocatoria-subvencions-ee-2023\/\" target=\"_blank\" rel=\"noopener\">CAT<\/a>\n<a href=\"https:\/\/intranet.caib.es\/eboibfront\/es\/2023\/11798\/677082\/palmaactiva-anunci-de-l-extracte-de-la-convocatori\" target=\"_blank\" rel=\"noopener\">Publicaci\u00f3n BOIB<\/a><\/td>\n\n\n\n\n<td><a href=\"https:\/\/web.palmaactiva.com\/es\/download\/solicitud-subvenciones-ee-2023-cast\/\" rel=\"noopener\" target=\"_blank\">Formulario CAST<\/a> | <a href=\"https:\/\/web.palmaactiva.com\/es\/download\/sollicitud-subvencions-ee-2023-cat\/\" rel=\"noopener\" target=\"_blank\">Formulari CAT<\/a><\/td>\n\n\n\n\n<td>Plazo finalizado<\/td>\n\n\n<\/tr>\n\n\n<\/tbody>\n\n\n<\/table>\n\n\n[\/su_table]\n<\/br>\n--><\/p>","protected":false},"excerpt":{"rendered":"<p>TR\u00c1MITES ABIERTOS<\/p>\n","protected":false},"author":1,"featured_media":44915,"parent":0,"menu_order":0,"comment_status":"closed","ping_status":"closed","template":"","meta":{"footnotes":""},"_links":{"self":[{"href":"https:\/\/web.palmaactiva.com\/es\/wp-json\/wp\/v2\/pages\/44897"}],"collection":[{"href":"https:\/\/web.palmaactiva.com\/es\/wp-json\/wp\/v2\/pages"}],"about":[{"href":"https:\/\/web.palmaactiva.com\/es\/wp-json\/wp\/v2\/types\/page"}],"author":[{"embeddable":true,"href":"https:\/\/web.palmaactiva.com\/es\/wp-json\/wp\/v2\/users\/1"}],"replies":[{"embeddable":true,"href":"https:\/\/web.palmaactiva.com\/es\/wp-json\/wp\/v2\/comments?post=44897"}],"version-history":[{"count":257,"href":"https:\/\/web.palmaactiva.com\/es\/wp-json\/wp\/v2\/pages\/44897\/revisions"}],"predecessor-version":[{"id":55178,"href":"https:\/\/web.palmaactiva.com\/es\/wp-json\/wp\/v2\/pages\/44897\/revisions\/55178"}],"wp:featuredmedia":[{"embeddable":true,"href":"https:\/\/web.palmaactiva.com\/es\/wp-json\/wp\/v2\/media\/44915"}],"wp:attachment":[{"href":"https:\/\/web.palmaactiva.com\/es\/wp-json\/wp\/v2\/media?parent=44897"}],"curies":[{"name":"wp","href":"https:\/\/api.w.org\/{rel}","templated":true}]}}