{"id":4443,"date":"2017-11-29T09:39:22","date_gmt":"2017-11-29T09:39:22","guid":{"rendered":"http:\/\/web.palmaactiva.com\/?page_id=4443"},"modified":"2018-11-29T12:55:07","modified_gmt":"2018-11-29T12:55:07","slug":"campana-fes-nadal-al-petit-comerc","status":"publish","type":"page","link":"https:\/\/web.palmaactiva.com\/es\/comercio\/campana-fes-nadal-al-petit-comerc\/","title":{"rendered":"Campa\u00f1a \u00abFes Nadal al petit comer\u00e7\u00bb 2018"},"content":{"rendered":"<div class=\"su-row\"><div class=\"su-column su-column-size-1-2\"><div class=\"su-column-inner su-u-clearfix su-u-trim\">\n<figure id=\"attachment_17946\" aria-describedby=\"caption-attachment-17946\" style=\"width: 1200px\" class=\"wp-caption alignnone\"><img decoding=\"async\" loading=\"lazy\" src=\"https:\/\/web.palmaactiva.com\/wp-content\/uploads\/2018\/11\/Papel-regalo-3.jpg\" alt=\"&#091;:es&#093;Campa\u00f1a &quot;Fes Nadal al petit comer\u00e7&quot;&#091;:ca&#093;Campanya &quot;Fes Nadal al petit comer\u00e7&quot;&#091;:&#093; 2018\" width=\"1200\" height=\"800\" class=\"size-full wp-image-17946\" \/><figcaption id=\"caption-attachment-17946\" class=\"wp-caption-text\">Campa\u00f1a \u00abFes Nadal al petit comer\u00e7\u00bb 2018<\/figcaption><\/figure><\/div><\/div><div class=\"su-column su-column-size-1-2\"><div class=\"su-column-inner su-u-clearfix su-u-trim\">\n<h3>Si tienes un comercio, \u00a1no te quedes sin papel de regalo!<\/h3>\nCon el lema \u00abFes Nadal al petit comer\u00e7\u00bb, la concejal\u00eda de Turismo, Comercio y Trabajo lanza por tercer a\u00f1o consecutivo una campa\u00f1a de apoyo al comercio de proximidad de Ciutat. El Ayuntamiento, mediante PalmaActiva, ha elaborado este a\u00f1o papel de regalo para repartir entre los comercios de Palma para tener un detalle con el comercio de proximidad, el peque\u00f1o comercio de la ciudad, en un momento del a\u00f1o muy importante desde el punto de vista comercial.<br \/>\n\nHabitualmente, el comercio compra papel de regalo para envolver las compras (regalos) de Navidad, y con este papel que entrega desde el Ayuntamiento hacemos una peque\u00f1a contribuci\u00f3n, al tiempo que le expresamos nuestro apoyo y promoci\u00f3n.<\/div><\/div><\/div>\n<div class=\"su-note\"  style=\"border-color:#ccd8e5;border-radius:2px;-moz-border-radius:2px;-webkit-border-radius:2px;\"><div class=\"su-note-inner su-u-clearfix su-u-trim\" style=\"background-color:#e6f2ff;border-color:#ffffff;color: #000;border-radius:2px;-moz-border-radius:2px;-webkit-border-radius:2px;\"><strong>El papel de regalo se distribuir\u00e1 la siguiente manera<\/strong>:<br \/>\n\u2022 en el quiosco de PalmaActiva (plaza del Olivar) los d\u00edas 3 y 4 de diciembre. Es necesario avisar antes de venir a recogerlo mediante un email a <a href=\"mailto:comerc@palma.es\"><strong>comerc@palma.es<\/strong><\/a>.<\/div><\/div>","protected":false},"excerpt":{"rendered":"","protected":false},"author":1,"featured_media":0,"parent":49,"menu_order":0,"comment_status":"closed","ping_status":"closed","template":"","meta":{"footnotes":""},"_links":{"self":[{"href":"https:\/\/web.palmaactiva.com\/es\/wp-json\/wp\/v2\/pages\/4443"}],"collection":[{"href":"https:\/\/web.palmaactiva.com\/es\/wp-json\/wp\/v2\/pages"}],"about":[{"href":"https:\/\/web.palmaactiva.com\/es\/wp-json\/wp\/v2\/types\/page"}],"author":[{"embeddable":true,"href":"https:\/\/web.palmaactiva.com\/es\/wp-json\/wp\/v2\/users\/1"}],"replies":[{"embeddable":true,"href":"https:\/\/web.palmaactiva.com\/es\/wp-json\/wp\/v2\/comments?post=4443"}],"version-history":[{"count":5,"href":"https:\/\/web.palmaactiva.com\/es\/wp-json\/wp\/v2\/pages\/4443\/revisions"}],"predecessor-version":[{"id":17952,"href":"https:\/\/web.palmaactiva.com\/es\/wp-json\/wp\/v2\/pages\/4443\/revisions\/17952"}],"up":[{"embeddable":true,"href":"https:\/\/web.palmaactiva.com\/es\/wp-json\/wp\/v2\/pages\/49"}],"wp:attachment":[{"href":"https:\/\/web.palmaactiva.com\/es\/wp-json\/wp\/v2\/media?parent=4443"}],"curies":[{"name":"wp","href":"https:\/\/api.w.org\/{rel}","templated":true}]}}