{"id":44337,"date":"2021-04-12T13:18:13","date_gmt":"2021-04-12T13:18:13","guid":{"rendered":"https:\/\/web.palmaactiva.com\/?page_id=44337"},"modified":"2024-07-19T11:14:30","modified_gmt":"2024-07-19T09:14:30","slug":"cursos-dadministracio-i-gestio","status":"publish","type":"page","link":"https:\/\/web.palmaactiva.com\/es\/cursos-de-formacion\/cursos-dadministracio-i-gestio\/","title":{"rendered":"Cursos de administraci\u00f3n y gesti\u00f3n"},"content":{"rendered":"<div class=\"su-row\"><div class=\"su-column su-column-size-1-2\"><div class=\"su-column-inner su-u-clearfix su-u-trim\">\n<div class=\"su-youtube su-u-responsive-media-yes\"><iframe width=\"640\" height=\"360\" src=\"https:\/\/www.youtube.com\/embed\/GxcY4dyCIo8?autohide=2&amp;autoplay=0&amp;mute=0&amp;controls=1&amp;fs=1&amp;loop=0&amp;modestbranding=0&amp;rel=0&amp;showinfo=0&amp;theme=light&amp;wmode=&amp;playsinline=0\" frameborder=\"0\" allowfullscreen allow=\"autoplay; encrypted-media; picture-in-picture\" title=\"\"><\/iframe><\/div>\n<\/div><\/div>\n<div class=\"su-column su-column-size-1-2\"><div class=\"su-column-inner su-u-clearfix su-u-trim\">\n<div class=\"su-note\"  style=\"border-color:#e0e0e0;border-radius:3px;-moz-border-radius:3px;-webkit-border-radius:3px;\"><div class=\"su-note-inner su-u-clearfix su-u-trim\" style=\"background-color:#FAFAFA;border-color:#ffffff;color:#000000;border-radius:3px;-moz-border-radius:3px;-webkit-border-radius:3px;\">Certificado de profesionalidad de nivel 2 de actividades administrativas en relaci\u00f3n con el cliente\n<div class=\"dt-service-more\" style=\"margin-bottom: 5px; margin-top: 5px; text-align: center\">\n    <a href=\"https:\/\/web.palmaactiva.com\/cursos-de-formacion\/cursos-de-formacion-en-oficios\/programes-mixtes-docupacio-i-formacio\/programes-mixtos-docupacio-i-formacio-2024-2025\" target=\"_blank\" rel=\"noopener\" style=\"display: inline-flex; align-items: center; justify-content: center; padding: 10px 30px; border-radius: 2px; text-transform: uppercase; text-decoration: none; max-width: 100%; box-sizing: border-box;\"><i class=\"fa fa-user\" style=\"margin-right: 10px;\"><\/i><span style=\"display: inline-flex; line-height: 1.5;\">Participar como alumnado-trabajador<\/span><\/a>\n<\/div>\n<\/div><\/div>\n<\/div><\/div>\n<\/div>\n<p><!--[su_note note_color=\"#fafafa\" text_color=\"#000000\"]\n\n<h4>Pr\u00f3ximos cursos:<\/h4>\n\n\nHaz clic en el siguiente bot\u00f3n y se abrir\u00e1 una nueva pesta\u00f1a con la lista de los pr\u00f3ximos cursos de administraci\u00f3n y gesti\u00f3n para que puedas preinscribirte.<br \/>\u00a1F\u00f3rmate con PalmaActiva! ;)\n[su_button url=\"https:\/\/palmaactiva.palmademallorca.es\/portal\/PALMA\/palmaactiva\/contenedor1.jsp?seccion=buscador_acc.jsp&layout=contenedor1.jsp&codResi=1&codMenu=2224&time=1576580233981&language=ca&tamanoPagina=100&brnconSel=2\" target=\"blank\" style=\"flat\" background=\"#e03e52\" color=\"#ffffff\" size=\"6\" center=\"yes\" icon=\"icon: th-list\"]Ver cursos de administraci\u00f3n y gesti\u00f3n[\/su_button][\/su_note]--><\/p>","protected":false},"excerpt":{"rendered":"","protected":false},"author":1,"featured_media":0,"parent":43,"menu_order":0,"comment_status":"closed","ping_status":"closed","template":"","meta":{"footnotes":""},"_links":{"self":[{"href":"https:\/\/web.palmaactiva.com\/es\/wp-json\/wp\/v2\/pages\/44337"}],"collection":[{"href":"https:\/\/web.palmaactiva.com\/es\/wp-json\/wp\/v2\/pages"}],"about":[{"href":"https:\/\/web.palmaactiva.com\/es\/wp-json\/wp\/v2\/types\/page"}],"author":[{"embeddable":true,"href":"https:\/\/web.palmaactiva.com\/es\/wp-json\/wp\/v2\/users\/1"}],"replies":[{"embeddable":true,"href":"https:\/\/web.palmaactiva.com\/es\/wp-json\/wp\/v2\/comments?post=44337"}],"version-history":[{"count":11,"href":"https:\/\/web.palmaactiva.com\/es\/wp-json\/wp\/v2\/pages\/44337\/revisions"}],"predecessor-version":[{"id":51067,"href":"https:\/\/web.palmaactiva.com\/es\/wp-json\/wp\/v2\/pages\/44337\/revisions\/51067"}],"up":[{"embeddable":true,"href":"https:\/\/web.palmaactiva.com\/es\/wp-json\/wp\/v2\/pages\/43"}],"wp:attachment":[{"href":"https:\/\/web.palmaactiva.com\/es\/wp-json\/wp\/v2\/media?parent=44337"}],"curies":[{"name":"wp","href":"https:\/\/api.w.org\/{rel}","templated":true}]}}