{"id":44335,"date":"2021-04-12T13:16:21","date_gmt":"2021-04-12T13:16:21","guid":{"rendered":"https:\/\/web.palmaactiva.com\/?page_id=44335"},"modified":"2026-05-07T10:21:37","modified_gmt":"2026-05-07T08:21:37","slug":"limpieza-edificios","status":"publish","type":"page","link":"https:\/\/web.palmaactiva.com\/es\/cursos-de-formacion\/limpieza-edificios\/","title":{"rendered":"Curso de limpieza en edificios y locales"},"content":{"rendered":"<div class=\"su-row\"><div class=\"su-column su-column-size-1-2\"><div class=\"su-column-inner su-u-clearfix su-u-trim\"><img decoding=\"async\" loading=\"lazy\" class=\"alignnone size-full wp-image-51877\" src=\"https:\/\/web.palmaactiva.com\/wp-content\/uploads\/2026\/05\/banner.jpg\" alt=\"\" width=\"1572\" height=\"560\" \/><br \/>\n<\/div><\/div>\n<div class=\"su-column su-column-size-1-2\"><div class=\"su-column-inner su-u-clearfix su-u-trim\">\n<div class=\"su-note\"  style=\"border-color:#e0e0e0;border-radius:3px;-moz-border-radius:3px;-webkit-border-radius:3px;\"><div class=\"su-note-inner su-u-clearfix su-u-trim\" style=\"background-color:#FAFAFA;border-color:#ffffff;color:#000000;border-radius:3px;-moz-border-radius:3px;-webkit-border-radius:3px;\">Cursos de Limpieza de superficies y mobiliario en edificios y locales.<\/p>\n<div class=\"dt-service-more\" style=\"margin-bottom: 5px; margin-top: 5px; text-align: center;\">\n<p><a href=\"https:\/\/icpa.palma.cat\/icpafront\/curs\/6350\" style=\"display: inline-flex; align-items: center; justify-content: center; padding: 10px 30px; border-radius: 2px; text-transform: uppercase; text-decoration: none; max-width: 100%; box-sizing: border-box; background-color: #E03E52; color: white;\" target=\"_blank\" rel=\"noopener\"><br \/>\n        <i class=\"fa fa-user\" style=\"margin-right: 10px;\"><\/i><br \/>\n        <span style=\"display: inline-flex; line-height: 1.5;\">CURSO<\/span><br \/>\n    <\/a><\/p>\n<\/div>\n<\/div><\/div>\n<\/div><\/div><\/div>\n<p><!--[su_note note_color=\"#fafafa\" text_color=\"#000000\"]\n\n\n<h4>Pr\u00f3ximos cursos:<\/h4>\n\n\nHaz clic en el siguiente bot\u00f3n y se abrir\u00e1 una nueva pesta\u00f1a con la lista de los pr\u00f3ximos cursos de mec\u00e1nica y automoci\u00f3n para que puedas preinscribirte.\n\u00a1F\u00f3rmate con PalmaActiva! ;)\n[su_button url=\"https:\/\/palmaactiva.palmademallorca.es\/portal\/PALMA\/palmaactiva\/contenedor1.jsp?seccion=buscador_acc.jsp&layout=contenedor1.jsp&codResi=1&codMenu=2224&time=1576580233981&language=ca&tamanoPagina=100&brnconSel=25\" target=\"blank\" style=\"flat\" background=\"#e03e52\" color=\"#ffffff\" size=\"6\" center=\"yes\" icon=\"icon: th-list\"]Ver cursos de mec\u00e1nica y automoci\u00f3n[\/su_button][\/su_note]--><\/p>","protected":false},"excerpt":{"rendered":"","protected":false},"author":1,"featured_media":0,"parent":43,"menu_order":0,"comment_status":"closed","ping_status":"closed","template":"","meta":{"footnotes":""},"_links":{"self":[{"href":"https:\/\/web.palmaactiva.com\/es\/wp-json\/wp\/v2\/pages\/44335"}],"collection":[{"href":"https:\/\/web.palmaactiva.com\/es\/wp-json\/wp\/v2\/pages"}],"about":[{"href":"https:\/\/web.palmaactiva.com\/es\/wp-json\/wp\/v2\/types\/page"}],"author":[{"embeddable":true,"href":"https:\/\/web.palmaactiva.com\/es\/wp-json\/wp\/v2\/users\/1"}],"replies":[{"embeddable":true,"href":"https:\/\/web.palmaactiva.com\/es\/wp-json\/wp\/v2\/comments?post=44335"}],"version-history":[{"count":26,"href":"https:\/\/web.palmaactiva.com\/es\/wp-json\/wp\/v2\/pages\/44335\/revisions"}],"predecessor-version":[{"id":55398,"href":"https:\/\/web.palmaactiva.com\/es\/wp-json\/wp\/v2\/pages\/44335\/revisions\/55398"}],"up":[{"embeddable":true,"href":"https:\/\/web.palmaactiva.com\/es\/wp-json\/wp\/v2\/pages\/43"}],"wp:attachment":[{"href":"https:\/\/web.palmaactiva.com\/es\/wp-json\/wp\/v2\/media?parent=44335"}],"curies":[{"name":"wp","href":"https:\/\/api.w.org\/{rel}","templated":true}]}}