{"id":43743,"date":"2020-11-04T08:08:31","date_gmt":"2020-11-04T08:08:31","guid":{"rendered":"https:\/\/web.palmaactiva.com\/?page_id=43743"},"modified":"2021-03-03T12:14:11","modified_gmt":"2021-03-03T12:14:11","slug":"soib-reactiva-2020","status":"publish","type":"page","link":"https:\/\/web.palmaactiva.com\/es\/soib-reactiva-2020\/","title":{"rendered":"SOIB REACTIVA 2020"},"content":{"rendered":"<img decoding=\"async\" loading=\"lazy\" class=\"size-full wp-image-30385 aligncenter\" src=\"https:\/\/soib.es\/wp-content\/uploads\/2020\/10\/Banner_Soib_Reactiva.jpg\" alt=\"\" width=\"800\" height=\"400\" \/>\n<h3><strong>\u00bfQu\u00e9 es SOIB Reactiva 2020?<\/strong><\/h3>\n<strong>SOIB Reactiva 2020 <\/strong>es un programa de contrataci\u00f3n p\u00fablica en Ayuntamientos y Consells Insulares, durante 4 meses, de personas desempleadas a causa de la crisis econ\u00f3mica por la COVID 19, o desempleadas de larga duraci\u00f3n para que puedan mantener sus habilidades competenciales o para facilitar su recualificaci\u00f3n profesional. \nPuedes consultar e inscribirte a las ofertas de REACTIVA PALMA 2020-21 (l\u00ednea 2 y 3) en los siguientes enlaces. +INFO: <a href=\"https:\/\/soib.es\/soib-reactiva\/\">SOIB REACTIVA<\/a><\/p>\n<div class=\"su-row\"><div class=\"su-column su-column-size-1-2\"><div class=\"su-column-inner su-u-clearfix su-u-trim\">\n<h3><img decoding=\"async\" loading=\"lazy\" class=\"alignnone size-full wp-image-29391\" src=\"https:\/\/web.palmaactiva.com\/wp-content\/uploads\/2020\/01\/11_buscadortrabaj.png\" alt=\"\" width=\"40\" height=\"40\" \/> <strong>L\u00ednea 2. SOIB Reactiva 2020<\/strong> dirigido a personas desempleadas de 30 a\u00f1os o m\u00e1s, en paro de larga duraci\u00f3n.<\/h3>\nLas contrataciones se iniciar\u00e1n entre el entre el 1 de febrero y el 1 de junio de 2021 y tendr\u00e1n una duraci\u00f3n de 4 meses.<\/p>\n<p><strong>\u00bfQu\u00e9 requisitos y prioridades debes coumplir?<\/strong><br \/>\nHaberte inscrito como desempleado\/a en el SOIB al menos doce de los \u00faltimos dieciocho meses anteriores a contar desde la fecha de presentaci\u00f3n telem\u00e1tica de la oferta de empleo por parte de la entidad beneficiaria. Las prioridades de contrataci\u00f3n son las siguientes:<br \/>\n1\u00ba. Las personas mayors de 45 a\u00f1os<br \/>\n2\u00ba. Las personas de entre 30 y 45 a\u00f1os..<br \/>\n<div class=\"su-button-center\"><a href=\"https:\/\/intranet.caib.es\/accforfront\/principal.xhtml?seleccion=aplicacions06&#038;tipOf=TPOFE-REACTIVAL2\" class=\"su-button su-button-style-flat\" style=\"color:#ffffff;background-color:#e03e52;border-color:#b43242;border-radius:8px;-moz-border-radius:8px;-webkit-border-radius:8px\" target=\"_blank\" rel=\"noopener noreferrer\"><span style=\"color:#ffffff;padding:7px 22px;font-size:17px;line-height:26px;border-color:#ea7886;border-radius:8px;-moz-border-radius:8px;-webkit-border-radius:8px;text-shadow:none;-moz-text-shadow:none;-webkit-text-shadow:none\"><i class=\"sui sui-pencil-square-o\" style=\"font-size:17px;color:#FFFFFF\"><\/i> Accede a ofertas<\/span><\/a><\/div>\n<\/div><\/div><div class=\"su-column su-column-size-1-2\"><div class=\"su-column-inner su-u-clearfix su-u-trim\">\n<h3><img decoding=\"async\" loading=\"lazy\" class=\"alignnone size-full wp-image-29391\" src=\"https:\/\/web.palmaactiva.com\/wp-content\/uploads\/2020\/01\/11_buscadortrabaj.png\" alt=\"\" width=\"40\" height=\"40\" \/> <strong>L\u00ednea 3. SOIB Reactiva 2020 <\/strong>dirigido a personas desempleadas de 30 a\u00f1os o m\u00e1s, de corta duraci\u00f3n, afectadas directamente por la crisis econ\u00f3mica causada por la Covid 19<\/h3>\nLas contrataciones se podr\u00e1n llevar a cabo entre el 1 de febrero y el 1 de junio de 2021.<\/p>\n<p><strong>\u00bfQu\u00e9 requisitos y prioridades debes cumplir?<\/strong><br \/>\nDebes haber estado inscrito o inscrita un m\u00ednimo de 3 meses como persona desempleada en el SOIB antes de la fecha de presentaci\u00f3n telem\u00e1tica de la oferta de empleo por parte de la entidad beneficiaria o con una duraci\u00f3n de inscripci\u00f3n inferior en el caso de personas provinientes de un expediente de regulaci\u00f3n temporal de empleo (ERTE). Se prioritzar\u00e1n las personas que provengan de sectores especialmente afectados por la crisis econ\u00f2\u00f3mica actual..<br \/>\n<div class=\"su-button-center\"><a href=\"https:\/\/apps.caib.es\/accforfront\/principal.xhtml?seleccion=aplicacions06&#038;tipOf=TPOFE-REACTIVAL3\" class=\"su-button su-button-style-flat\" style=\"color:#ffffff;background-color:#e03e52;border-color:#b43242;border-radius:8px;-moz-border-radius:8px;-webkit-border-radius:8px\" target=\"_blank\" rel=\"noopener noreferrer\"><span style=\"color:#ffffff;padding:7px 22px;font-size:17px;line-height:26px;border-color:#ea7886;border-radius:8px;-moz-border-radius:8px;-webkit-border-radius:8px;text-shadow:none;-moz-text-shadow:none;-webkit-text-shadow:none\"><i class=\"sui sui-pencil-square-o\" style=\"font-size:17px;color:#FFFFFF\"><\/i> Accede a ofertas<\/span><\/a><\/div><\/div><\/div><\/div>\n<p>&nbsp;<\/p>","protected":false},"excerpt":{"rendered":"<p>\u00bfQu\u00e9 es SOIB Reactiva 2020? SOIB Reactiva 2020 es un programa de contrataci\u00f3n p\u00fablica en Ayuntamientos y Consells Insulares, durante 4 meses, de personas desempleadas a causa de la crisis econ\u00f3mica por la COVID 19, o desempleadas de larga duraci\u00f3n para que puedan mantener sus habilidades competenciales o para facilitar su recualificaci\u00f3n profesional. Puedes consultar [&hellip;]<\/p>\n","protected":false},"author":1,"featured_media":0,"parent":0,"menu_order":0,"comment_status":"closed","ping_status":"closed","template":"","meta":{"footnotes":""},"_links":{"self":[{"href":"https:\/\/web.palmaactiva.com\/es\/wp-json\/wp\/v2\/pages\/43743"}],"collection":[{"href":"https:\/\/web.palmaactiva.com\/es\/wp-json\/wp\/v2\/pages"}],"about":[{"href":"https:\/\/web.palmaactiva.com\/es\/wp-json\/wp\/v2\/types\/page"}],"author":[{"embeddable":true,"href":"https:\/\/web.palmaactiva.com\/es\/wp-json\/wp\/v2\/users\/1"}],"replies":[{"embeddable":true,"href":"https:\/\/web.palmaactiva.com\/es\/wp-json\/wp\/v2\/comments?post=43743"}],"version-history":[{"count":5,"href":"https:\/\/web.palmaactiva.com\/es\/wp-json\/wp\/v2\/pages\/43743\/revisions"}],"predecessor-version":[{"id":44163,"href":"https:\/\/web.palmaactiva.com\/es\/wp-json\/wp\/v2\/pages\/43743\/revisions\/44163"}],"wp:attachment":[{"href":"https:\/\/web.palmaactiva.com\/es\/wp-json\/wp\/v2\/media?parent=43743"}],"curies":[{"name":"wp","href":"https:\/\/api.w.org\/{rel}","templated":true}]}}