{"id":43693,"date":"2020-10-20T08:30:39","date_gmt":"2020-10-20T08:30:39","guid":{"rendered":"https:\/\/web.palmaactiva.com\/?page_id=43693"},"modified":"2021-09-30T12:11:22","modified_gmt":"2021-09-30T10:11:22","slug":"ajudes-especials-per-a-pimes-microempreses-i-autonoms","status":"publish","type":"page","link":"https:\/\/web.palmaactiva.com\/es\/ajudes-especials-per-a-pimes-microempreses-i-autonoms\/","title":{"rendered":"Ayudas especiales para PYMES, microempresas y aut\u00f3nomos &#8211; COVID19"},"content":{"rendered":"<div class=\"su-row\"><div class=\"su-column su-column-size-1-2\"><div class=\"su-column-inner su-u-clearfix su-u-trim\">\n<div class=\"su-youtube su-u-responsive-media-yes\"><iframe width=\"640\" height=\"360\" src=\"https:\/\/www.youtube.com\/embed\/SVI0SBT2tHs?autohide=2&amp;autoplay=0&amp;mute=0&amp;controls=1&amp;fs=1&amp;loop=0&amp;modestbranding=0&amp;rel=0&amp;showinfo=0&amp;theme=light&amp;wmode=&amp;playsinline=0\" frameborder=\"0\" allowfullscreen allow=\"autoplay; encrypted-media; picture-in-picture\" title=\"\"><\/iframe><\/div>\n<\/div><\/div>\n<div class=\"su-column su-column-size-1-2\"><div class=\"su-column-inner su-u-clearfix su-u-trim\">\n<h3><strong>Edici\u00f3n 2021<\/strong><\/h3>\n<a href=\"https:\/\/www.caib.es\/eboibfront\/es\/2021\/11420\/651853\/palmaactiva-anunci-de-l-extracte-de-les-bases-regu\" rel=\"noopener\" target=\"_blank\"><strong>Estracto de la bases reguladoras BOIB n\u00fam. 100 de 27 de julio de 2021<\/strong><\/a> para la concesi\u00f3n de subvenciones a las pyme, microempresas y aut\u00f3nomos para hacer frente a las consecuencias econ\u00f3micas de la Covid-19.\n<div class='w3eden'><!-- WPDM Link Template: Default Template -->\n\n<div class=\"link-template-default card mb-2\">\n    <div class=\"card-body\">\n        <div class=\"media\">\n            <div class=\"mr-3 img-48\"><img class=\"wpdm_icon\" alt=\"Icona\" src=\"https:\/\/web.palmaactiva.com\/wp-content\/plugins\/download-manager\/assets\/file-type-icons\/pdf.svg\" \/><\/div>\n            <div class=\"media-body\">\n                <h3 class=\"package-title\"><a href='https:\/\/web.palmaactiva.com\/es\/download\/subvenciones-destinadas-a-pimes-microempresas-y-autonomos-covid-19\/'>Subvenciones destinadas a PIMES, Microempresas y aut\u00f3nomos-COVID 19<\/a><\/h3>\n                <div class=\"text-muted text-small\"><i class=\"fas fa-copy\"><\/i> 1 fitxer(s) <i class=\"fas fa-hdd ml-3\"><\/i> 212.59 KB<\/div>\n            <\/div>\n            <div class=\"ml-3\">\n                <a class='wpdm-download-link download-on-click btn btn-primary btn-sm' rel='nofollow' href='#' data-downloadurl=\"https:\/\/web.palmaactiva.com\/es\/download\/subvenciones-destinadas-a-pimes-microempresas-y-autonomos-covid-19\/?wpdmdl=45043&refresh=69e1460e05de01776371214\">Descargar<\/a>\n            <\/div>\n        <\/div>\n    <\/div>\n<\/div>\n\n<\/div>Descargar<\/a>\n            <\/div>\n        <\/div>\n    <\/div>\n<\/div>\n\n<\/div>\n*Solicitudes a partir de septiembre de 2021Sol\u00b7licituds a partir de setembre de 2021\n<\/div><\/div>\n<\/div>\n<h3><\/h3>\n<h3>Edici\u00f3n 2020 (procedimiento finalizado)<\/h3>\n<p style=\"text-align: center;\"><img decoding=\"async\" loading=\"lazy\" class=\"size-full wp-image-43691 aligncenter\" src=\"https:\/\/web.palmaactiva.com\/wp-content\/uploads\/2020\/10\/Ajudes-especials-al-comer\u00e7-copia.jpg\" alt=\"\" width=\"620\" height=\"877\" srcset=\"https:\/\/web.palmaactiva.com\/wp-content\/uploads\/2020\/10\/Ajudes-especials-al-comer\u00e7-copia.jpg 620w, https:\/\/web.palmaactiva.com\/wp-content\/uploads\/2020\/10\/Ajudes-especials-al-comer\u00e7-copia-212x300.jpg 212w\" sizes=\"(max-width: 620px) 100vw, 620px\" \/><\/p>\nPor Acuerdos de Junta de Gobierno, de d\u00edas 23 y 30 de diciembre de 2020, se ha aprobado la concesi\u00f3n de subvenciones para microempresas, peque\u00f1as empresas y aut\u00f3nomos para paliar los efectos de COVID19.<br \/>\n<strong>POD\u00c9IS CONSULTAR LAS LISTAS EN<a href=\"https:\/\/drive.google.com\/drive\/folders\/17SAOa71rhNLyJaVGMxKRy8YktKJThveo\"> ESTE ENLACE<\/a> <\/strong>\n<!--[wpdm_package id='43996']\n[wpdm_package id='43997']\n[wpdm_package id='43998'] --><br \/>\nContra estos acuerdos, que agotan la v\u00eda administrativa, puede presentar recurso de reposici\u00f3n ante el mismo \u00f3rgano que la ha dictado, de acuerdo con lo dispuesto en el art\u00edculo 123 de la Ley 39\/2015, de 1 de octubre de procedimiento Administrativo Com\u00fan de las Administraciones P\u00fablicas. El plazo para interponerlo es de un mes contado desde el d\u00eda siguiente de recibir esta notificaci\u00f3n, y en este caso no se puede interponer recurso contencioso administrativo hasta que se haya resuelto el de reposici\u00f3n. El recurso de reposici\u00f3n potestativo deber\u00e1 presentarse en el Registro de este Organismo o en las dependencias a que se refiere el art\u00edculo 16.4 de la ley 39\/2015, de 1 de octubre, antes mencionada. Se entender\u00e1 desestimado cuando no se haya resuelto y notificada la resoluci\u00f3n en el plazo de un mes, contado desde el d\u00eda siguiente de su interposici\u00f3n y en este caso expedita la v\u00eda contencioso-administrativa.<br \/>\nSi no utiliza el recurso potestativo de reposici\u00f3n, puede interponer directamente recurso contencioso administrativo, seg\u00fan lo establecido en el art\u00edculo antes mencionado 123 y siguientes de la Ley 39\/2015, de 1 de octubre, del procedimiento administrativo com\u00fan de las administraciones p\u00fablicas , ante la Sala Contenciosa Administrativa del Tribunal Superior de Justicia de las Islas Baleares, seg\u00fan las competencias determinadas en los art\u00edculos 8 y 10 de la ley 29\/98, en el plazo de dos meses, contados desde el d\u00eda siguiente de esta notificaci\u00f3n. Esto sin perjuicio de cualquier otro recurso o acci\u00f3n que considere pertinente.<br \/>\n\n<h3><\/h3>\nFINALIZADO EL PLAZO. <a href=\"http:\/\/subvencionscovid.palmaactiva.com\/login.aspx\">Consulta el estado de tu solicitud<\/a>.\n<a href=\"http:\/\/subvencionscovid.palmaactiva.com\/Archivos\/subvencions%20COVID19.pdf\">Publicaci\u00f3n BOIB<\/a>\n<a href=\"http:\/\/subvencionscovid.palmaactiva.com\/Archivos\/Convocatoria%20y%20Bases%20subvenci%C3%B3n%20COVID%2019.pdf\">Convocatoria<\/a>\n<a href=\"https:\/\/drive.google.com\/file\/d\/1XkSTJEkTmiLO991HdCUwISRUJMf4bJW3\/view?usp=sharing\">DECRETO DE RECTIFICACI\u00d3N EP\u00cdGRAFE 673<\/a>\n<a href=\"http:\/\/www.caib.es\/eboibfront\/ca\/2020\/11283\/640522\/palmaactiva-rectificacio-errada-material-de-les-ba\">BOIB DE RECTIFICACI\u00d3N ERROR MATERIAL<\/a>\n<strong>+info:<\/strong> subvencions@palmaactiva.com<\/p>","protected":false},"excerpt":{"rendered":"<p>Edici\u00f3n 2020 (procedimiento finalizado) Por Acuerdos de Junta de Gobierno, de d\u00edas 23 y 30 de diciembre de 2020, se ha aprobado la concesi\u00f3n de subvenciones para microempresas, peque\u00f1as empresas y aut\u00f3nomos para paliar los efectos de COVID19. POD\u00c9IS CONSULTAR LAS LISTAS EN ESTE ENLACE Contra estos acuerdos, que agotan la v\u00eda administrativa, puede presentar [&hellip;]<\/p>\n","protected":false},"author":9,"featured_media":0,"parent":0,"menu_order":0,"comment_status":"closed","ping_status":"closed","template":"","meta":{"footnotes":""},"_links":{"self":[{"href":"https:\/\/web.palmaactiva.com\/es\/wp-json\/wp\/v2\/pages\/43693"}],"collection":[{"href":"https:\/\/web.palmaactiva.com\/es\/wp-json\/wp\/v2\/pages"}],"about":[{"href":"https:\/\/web.palmaactiva.com\/es\/wp-json\/wp\/v2\/types\/page"}],"author":[{"embeddable":true,"href":"https:\/\/web.palmaactiva.com\/es\/wp-json\/wp\/v2\/users\/9"}],"replies":[{"embeddable":true,"href":"https:\/\/web.palmaactiva.com\/es\/wp-json\/wp\/v2\/comments?post=43693"}],"version-history":[{"count":5,"href":"https:\/\/web.palmaactiva.com\/es\/wp-json\/wp\/v2\/pages\/43693\/revisions"}],"predecessor-version":[{"id":45465,"href":"https:\/\/web.palmaactiva.com\/es\/wp-json\/wp\/v2\/pages\/43693\/revisions\/45465"}],"wp:attachment":[{"href":"https:\/\/web.palmaactiva.com\/es\/wp-json\/wp\/v2\/media?parent=43693"}],"curies":[{"name":"wp","href":"https:\/\/api.w.org\/{rel}","templated":true}]}}