{"id":43625,"date":"2020-10-07T11:34:09","date_gmt":"2020-10-07T11:34:09","guid":{"rendered":"https:\/\/web.palmaactiva.com\/?page_id=43625"},"modified":"2026-04-08T08:45:04","modified_gmt":"2026-04-08T06:45:04","slug":"centre-dempreses","status":"publish","type":"page","link":"https:\/\/web.palmaactiva.com\/es\/centre-dempreses\/","title":{"rendered":"Centro de Empresas"},"content":{"rendered":"<div class=\"su-row\"><div class=\"su-column su-column-size-1-2\"><div class=\"su-column-inner su-u-clearfix su-u-trim\"><iframe loading=\"lazy\" src=\"https:\/\/www.youtube.com\/embed\/hoABX-9AGtQ\" width=\"560\" height=\"315\" frameborder=\"0\" allowfullscreen=\"allowfullscreen\"><\/iframe><\/div><\/div><div class=\"su-column su-column-size-1-2\"><div class=\"su-column-inner su-u-clearfix su-u-trim\">\nEl Centro de Empresas de PalmaActiva es un espacio pensado para acompa\u00f1ar a personas emprendedoras y empresas en las primeras fases de su proyecto.<br \/>\nOfrecemos despachos y espacios de trabajo a precios accesibles, as\u00ed como asesoramiento y apoyo para facilitar la consolidaci\u00f3n y el crecimiento de los negocios. Formar parte del Centro de Empresas tambi\u00e9n permite acceder a una red activa de empresas, generar sinergias y compartir experiencias con otros proyectos.<br \/>\nSi tienes un proyecto en marcha o quieres hacer crecer tu empresa, nuestro Centro de Empresas te ofrece el entorno ideal para hacerlo.\n<div class=\"dt-service-more\" style=\"margin-bottom: 5px; margin-top: 5px; text-align: center;\"><a style=\"display: inline-flex; align-items: center; justify-content: center; padding: 10px 30px; border-radius: 2px; text-transform: uppercase; text-decoration: none; max-width: 100%; box-sizing: border-box;\" href=\"https:\/\/web.palmaactiva.com\/centre-empreses\/es\/\" target=\"_parent\" rel=\"noopener\"><i class=\"fa fa-info-circle\" style=\"margin-right: 10px;\"><\/i><span style=\"display: inline-flex; line-height: 1.5;\">Conoce nuestro Centro de Empresas<\/span><\/a><\/div>\n<\/div><\/div><\/div>","protected":false},"excerpt":{"rendered":"","protected":false},"author":9,"featured_media":0,"parent":0,"menu_order":0,"comment_status":"closed","ping_status":"closed","template":"","meta":{"footnotes":""},"_links":{"self":[{"href":"https:\/\/web.palmaactiva.com\/es\/wp-json\/wp\/v2\/pages\/43625"}],"collection":[{"href":"https:\/\/web.palmaactiva.com\/es\/wp-json\/wp\/v2\/pages"}],"about":[{"href":"https:\/\/web.palmaactiva.com\/es\/wp-json\/wp\/v2\/types\/page"}],"author":[{"embeddable":true,"href":"https:\/\/web.palmaactiva.com\/es\/wp-json\/wp\/v2\/users\/9"}],"replies":[{"embeddable":true,"href":"https:\/\/web.palmaactiva.com\/es\/wp-json\/wp\/v2\/comments?post=43625"}],"version-history":[{"count":9,"href":"https:\/\/web.palmaactiva.com\/es\/wp-json\/wp\/v2\/pages\/43625\/revisions"}],"predecessor-version":[{"id":55180,"href":"https:\/\/web.palmaactiva.com\/es\/wp-json\/wp\/v2\/pages\/43625\/revisions\/55180"}],"wp:attachment":[{"href":"https:\/\/web.palmaactiva.com\/es\/wp-json\/wp\/v2\/media?parent=43625"}],"curies":[{"name":"wp","href":"https:\/\/api.w.org\/{rel}","templated":true}]}}