{"id":43,"date":"2016-05-17T08:53:10","date_gmt":"2016-05-17T08:53:10","guid":{"rendered":"http:\/\/web.palmaactiva.com\/?page_id=43"},"modified":"2025-10-31T12:27:00","modified_gmt":"2025-10-31T11:27:00","slug":"cursos-de-formacion","status":"publish","type":"page","link":"https:\/\/web.palmaactiva.com\/es\/cursos-de-formacion\/","title":{"rendered":"Cursos de formaci\u00f3n"},"content":{"rendered":"<div class=\"su-row\"><div class=\"su-column su-column-size-1-2\"><div class=\"su-column-inner su-u-clearfix su-u-trim\"><div class=\"su-youtube su-u-responsive-media-yes\"><iframe width=\"640\" height=\"360\" src=\"https:\/\/www.youtube.com\/embed\/u3s8qRZCUgo?autohide=2&amp;autoplay=0&amp;mute=0&amp;controls=1&amp;fs=1&amp;loop=0&amp;modestbranding=0&amp;rel=0&amp;showinfo=0&amp;theme=light&amp;wmode=&amp;playsinline=0\" frameborder=\"0\" allowfullscreen allow=\"autoplay; encrypted-media; picture-in-picture\" title=\"\"><\/iframe><\/div><\/div><\/div><div class=\"su-column su-column-size-1-2\"><div class=\"su-column-inner su-u-clearfix su-u-trim\">\n<h4>Formaci\u00f3n PalmaActiva<\/h4>\n<strong>PalmaActiva apuesta por la formaci\u00f3n como veh\u00edculo para aumentar el capital social de la ciudad<\/strong>. Tem\u00e1ticas como las nuevas tecnolog\u00edas, las competencias transversales y para crear o gestionar empresas, los idiomas, los oficios y la gesti\u00f3n comercial conforman la s\u00f3lida oferta formativa con la que pretendemos cubrir tus necesidades y mejorar tu posici\u00f3n frente al mercado laboral.<\/p>\n<table style=\"border: 1px solid white;\">\n<tbody>\n<tr>\n<td style=\"border: 1px solid white;>\n<div class=\"dt-service-more\" style=\"margin-bottom: 5px; margin-top: 5px;\">\n    <a href=\"https:\/\/icpa.palma.cat\/icpafront\/login\" target=\"_blank\" rel=\"noopener\" style=\"display: inline-flex; align-items: center; justify-content: center; padding: 10px 30px; border-radius: 2px; text-transform: uppercase; text-decoration: none; max-width: 100%; box-sizing: border-box;\"><i class=\"fa fa-sign-in\" style=\"margin-right: 10px; padding: 5px; margin-bottom: 22px\"><\/i><span style=\"display: inline-flex; line-height: 1.5; margin-bottom: 22px\">Mi cuenta<\/span><\/a>\n<\/div>\n<\/td>\n<td style=\"border: 1px solid white;>\n\n<div class=\"dt-service-more\" style=\"margin-bottom: 5px; margin-top: 5px;\">\n    <a href=\"https:\/\/palma.es\/web\/palmaactiva\/acciones-y-cursos\" target=\"_blank\" rel=\"noopener\" style=\"display: inline-flex; align-items: center; justify-content: center; padding: 10px 30px; border-radius: 2px; text-transform: uppercase; text-decoration: none; max-width: 100%; box-sizing: border-box;\"><i class=\"fa fa-search\" style=\"margin-right: 10px; padding: 5px; margin-bottom: 22px\"><\/i><span style=\"display: inline-flex; line-height: 1.5;\">Buscador de cursos<\/span><\/a>\n<\/div>\n\n<\/td>\n<\/tr>\n<\/tbody>\n<\/table>\n<\/div><\/div><\/div>\n<div class=\"su-divider su-divider-style-default\" style=\"margin:15px 0;border-width:1px;border-color:#c8c8c8\"><\/div>\n<h3>Cursos por categor\u00eda<\/h3>\n<div class=\"su-row\"><div class=\"su-column su-column-size-1-3\"><div class=\"su-column-inner su-u-clearfix su-u-trim\"><div class=\"su-service\"><div class=\"su-service-title\" style=\"padding-left:50px;min-height:36px;line-height:36px\"><img src=\"https:\/\/web.palmaactiva.com\/wp-content\/uploads\/2020\/01\/12_nntt.png\" width=\"36\" height=\"36\" alt=\"Nuevas tecnolog\u00edas\" style=\"width:36px;height:36px\" \/> Nuevas tecnolog\u00edas<\/div><div class=\"su-service-content su-u-clearfix su-u-trim\" style=\"padding-left:50px\">Las nuevas tecnolog\u00edas como motor de ocupaci\u00f3n para perfiles especializados.<\/p>\n<div class=\"dt-service-more\" style=\"margin-bottom: 5px; margin-top: 5px;\">\n    <a href=\"\/cursos-de-noves-tecnologies\/\" target=\"_blank\" rel=\"noopener\" style=\"display: inline-flex; align-items: center; justify-content: center; padding: 10px 30px; border-radius: 2px; text-transform: uppercase; text-decoration: none; max-width: 100%; box-sizing: border-box;\"><i class=\"fa fa-info-circle\" style=\"margin-right: 10px;\"><\/i><span style=\"display: inline-flex; line-height: 1.5;\">Saber m\u00e1s<\/span><\/a>\n<\/div>\n<\/div><\/div><\/div><\/div><div class=\"su-column su-column-size-1-3\"><div class=\"su-column-inner su-u-clearfix su-u-trim\"><div class=\"su-service\"><div class=\"su-service-title\" style=\"padding-left:50px;min-height:36px;line-height:36px\"><img src=\"https:\/\/web.palmaactiva.com\/wp-content\/uploads\/2020\/01\/15_Compet_trans.png\" width=\"36\" height=\"36\" alt=\"Competencias transversales\" style=\"width:36px;height:36px\" \/> Competencias transversales<\/div><div class=\"su-service-content su-u-clearfix su-u-trim\" style=\"padding-left:50px\">Itinerarios formativos b\u00e1sicos para mejorar tus competencias transversales.<\/p>\n<div class=\"dt-service-more\" style=\"margin-bottom: 5px; margin-top: 5px;\">\n    <a href=\"\/cursos-de-competencias-transversales\/\" target=\"_blank\" rel=\"noopener\" style=\"display: inline-flex; align-items: center; justify-content: center; padding: 10px 30px; border-radius: 2px; text-transform: uppercase; text-decoration: none; max-width: 100%; box-sizing: border-box;\"><i class=\"fa fa-info-circle\" style=\"margin-right: 10px;\"><\/i><span style=\"display: inline-flex; line-height: 1.5;\">Saber m\u00e1s<\/span><\/a>\n<\/div>\n<\/div><\/div><\/div><\/div><div class=\"su-column su-column-size-1-3\"><div class=\"su-column-inner su-u-clearfix su-u-trim\"><div class=\"su-service\"><div class=\"su-service-title\" style=\"padding-left:50px;min-height:36px;line-height:36px\"><img src=\"https:\/\/web.palmaactiva.com\/wp-content\/uploads\/2020\/01\/16_idiomes.png\" width=\"36\" height=\"36\" alt=\"Idiomas\" style=\"width:36px;height:36px\" \/> Idiomas<\/div><div class=\"su-service-content su-u-clearfix su-u-trim\" style=\"padding-left:50px\">Formaci\u00f3n en los idiomas m\u00e1s demandados en nuestro mercado: ingl\u00e9s y alem\u00e1n.<\/p>\n<div class=\"dt-service-more\" style=\"margin-bottom: 5px; margin-top: 5px;\">\n    <a href=\"\/cursos-de-idiomas\/\" target=\"_blank\" rel=\"noopener\" style=\"display: inline-flex; align-items: center; justify-content: center; padding: 10px 30px; border-radius: 2px; text-transform: uppercase; text-decoration: none; max-width: 100%; box-sizing: border-box;\"><i class=\"fa fa-info-circle\" style=\"margin-right: 10px;\"><\/i><span style=\"display: inline-flex; line-height: 1.5;\">Saber m\u00e1s<\/span><\/a>\n<\/div>\n<\/div><\/div><\/div><\/div><\/div>\n<div class=\"su-row\"><div class=\"su-column su-column-size-1-3\"><div class=\"su-column-inner su-u-clearfix su-u-trim\"><div class=\"su-service\"><div class=\"su-service-title\" style=\"padding-left:50px;min-height:36px;line-height:36px\"><img src=\"https:\/\/web.palmaactiva.com\/wp-content\/uploads\/2020\/01\/17_creaci\u00f3emp.png\" width=\"36\" height=\"36\" alt=\"Creaci\u00f3n y gesti\u00f3n de empresas\" style=\"width:36px;height:36px\" \/> Creaci\u00f3n y gesti\u00f3n de empresas<\/div><div class=\"su-service-content su-u-clearfix su-u-trim\" style=\"padding-left:50px\">Programa formativo espec\u00edfico para la creaci\u00f3n y gesti\u00f3n de nuevas empresas.<\/p>\n<div class=\"dt-service-more\" style=\"margin-bottom: 5px; margin-top: 5px;\">\n    <a href=\"\/cursos-de-creacion-y-gestion-de-empresas\/\" target=\"_blank\" rel=\"noopener\" style=\"display: inline-flex; align-items: center; justify-content: center; padding: 10px 30px; border-radius: 2px; text-transform: uppercase; text-decoration: none; max-width: 100%; box-sizing: border-box;\"><i class=\"fa fa-info-circle\" style=\"margin-right: 10px;\"><\/i><span style=\"display: inline-flex; line-height: 1.5;\">Saber m\u00e1s<\/span><\/a>\n<\/div>\n<\/div><\/div><\/div><\/div><div class=\"su-column su-column-size-1-3\"><div class=\"su-column-inner su-u-clearfix su-u-trim\"><div class=\"su-service\"><div class=\"su-service-title\" style=\"padding-left:50px;min-height:36px;line-height:36px\"><img src=\"https:\/\/web.palmaactiva.com\/wp-content\/uploads\/2020\/01\/23_n\u00e0utica.png\" width=\"36\" height=\"36\" alt=\"N\u00e1utica\" style=\"width:36px;height:36px\" \/> N\u00e1utica<\/div><div class=\"su-service-content su-u-clearfix su-u-trim\" style=\"padding-left:50px\">Formaci\u00f3n espec\u00edfica y complementaria del sector n\u00e1utico.<\/p>\n<div class=\"dt-service-more\" style=\"margin-bottom: 5px; margin-top: 5px;\">\n    <a href=\"\/cursos-de-nautica\/\" target=\"_blank\" rel=\"noopener\" style=\"display: inline-flex; align-items: center; justify-content: center; padding: 10px 30px; border-radius: 2px; text-transform: uppercase; text-decoration: none; max-width: 100%; box-sizing: border-box;\"><i class=\"fa fa-info-circle\" style=\"margin-right: 10px;\"><\/i><span style=\"display: inline-flex; line-height: 1.5;\">Saber m\u00e1s<\/span><\/a>\n<\/div>\n<\/div><\/div><\/div><\/div><div class=\"su-column su-column-size-1-3\"><div class=\"su-column-inner su-u-clearfix su-u-trim\"><div class=\"su-service\"><div class=\"su-service-title\" style=\"padding-left:50px;min-height:36px;line-height:36px\"><img src=\"https:\/\/web.palmaactiva.com\/wp-content\/uploads\/2021\/04\/icon-turisme.png\" width=\"36\" height=\"36\" alt=\"Hosteler\u00eda y turismo\" style=\"width:36px;height:36px\" \/> Hosteler\u00eda y turismo<\/div><div class=\"su-service-content su-u-clearfix su-u-trim\" style=\"padding-left:50px\">Define tu perfil y aprende un nuevo oficio con nosotros.<\/p>\n<div class=\"dt-service-more\" style=\"margin-bottom: 5px; margin-top: 5px;\">\n    <a href=\"\/cursos-dhoteleria-i-turisme\/\" target=\"_blank\" rel=\"noopener\" style=\"display: inline-flex; align-items: center; justify-content: center; padding: 10px 30px; border-radius: 2px; text-transform: uppercase; text-decoration: none; max-width: 100%; box-sizing: border-box;\"><i class=\"fa fa-info-circle\" style=\"margin-right: 10px;\"><\/i><span style=\"display: inline-flex; line-height: 1.5;\">Saber m\u00e1s<\/span><\/a>\n<\/div>\n<\/div><\/div><\/div><\/div><\/div>\n<div class=\"su-row\"><div class=\"su-column su-column-size-1-3\"><div class=\"su-column-inner su-u-clearfix su-u-trim\"><div class=\"su-service\"><div class=\"su-service-title\" style=\"padding-left:50px;min-height:36px;line-height:36px\"><img src=\"https:\/\/web.palmaactiva.com\/wp-content\/uploads\/2020\/01\/24_comercio.png\" width=\"36\" height=\"36\" alt=\"Comercio\" style=\"width:36px;height:36px\" \/> Comercio<\/div><div class=\"su-service-content su-u-clearfix su-u-trim\" style=\"padding-left:50px\">Formaci\u00f3n para comerciantes y trabajadores del comercio.<\/p>\n<div class=\"dt-service-more\" style=\"margin-bottom: 5px; margin-top: 5px;\">\n    <a href=\"\/cursos-on-line-para-el-comercio\/\" target=\"_blank\" rel=\"noopener\" style=\"display: inline-flex; align-items: center; justify-content: center; padding: 10px 30px; border-radius: 2px; text-transform: uppercase; text-decoration: none; max-width: 100%; box-sizing: border-box;\"><i class=\"fa fa-info-circle\" style=\"margin-right: 10px;\"><\/i><span style=\"display: inline-flex; line-height: 1.5;\">Saber m\u00e1s<\/span><\/a>\n<\/div>\n<\/div><\/div><\/div><\/div><div class=\"su-column su-column-size-1-3\"><div class=\"su-column-inner su-u-clearfix su-u-trim\"><div class=\"su-service\"><div class=\"su-service-title\" style=\"padding-left:50px;min-height:36px;line-height:36px\"><img src=\"https:\/\/web.palmaactiva.com\/wp-content\/uploads\/2025\/06\/icono-limpieza_.png\" width=\"36\" height=\"36\" alt=\"Limpieza en edificios y locales\" style=\"width:36px;height:36px\" \/> Limpieza en edificios y locales<\/div><div class=\"su-service-content su-u-clearfix su-u-trim\" style=\"padding-left:50px\">Define tu perfil y aprende el oficio con nosotros.<\/p>\n<div class=\"dt-service-more\" style=\"margin-bottom: 5px; margin-top: 5px;\">\n    <a href=\"\/cursos-de-mecanica-i-automocio\/\" target=\"_blank\" rel=\"noopener\" style=\"display: inline-flex; align-items: center; justify-content: center; padding: 10px 30px; border-radius: 2px; text-transform: uppercase; text-decoration: none; max-width: 100%; box-sizing: border-box;\"><i class=\"fa fa-info-circle\" style=\"margin-right: 10px;\"><\/i><span style=\"display: inline-flex; line-height: 1.5;\">Saber m\u00e1s<\/span><\/a>\n<\/div>\n<\/div><\/div><\/div><\/div><div class=\"su-column su-column-size-1-3\"><div class=\"su-column-inner su-u-clearfix su-u-trim\"><\/div><\/div><div class=\"su-column su-column-size-1-3\"><div class=\"su-column-inner su-u-clearfix su-u-trim\"><div class=\"su-service\"><div class=\"su-service-title\" style=\"padding-left:50px;min-height:36px;line-height:36px\"><img src=\"https:\/\/web.palmaactiva.com\/wp-content\/uploads\/2021\/04\/icon-gestio.png\" width=\"36\" height=\"36\" alt=\"Administraci\u00f3n y gesti\u00f3n\" style=\"width:36px;height:36px\" \/> Administraci\u00f3n y gesti\u00f3n<\/div><div class=\"su-service-content su-u-clearfix su-u-trim\" style=\"padding-left:50px\">F\u00f3rmate para trabajar en departamentos de administraci\u00f3n y gesti\u00f3n.<\/p>\n<div class=\"dt-service-more\" style=\"margin-bottom: 5px; margin-top: 5px;\">\n    <a href=\"\/cursos-dadministracio-i-gestio\/\" target=\"_blank\" rel=\"noopener\" style=\"display: inline-flex; align-items: center; justify-content: center; padding: 10px 30px; border-radius: 2px; text-transform: uppercase; text-decoration: none; max-width: 100%; box-sizing: border-box;\"><i class=\"fa fa-info-circle\" style=\"margin-right: 10px;\"><\/i><span style=\"display: inline-flex; line-height: 1.5;\">Saber m\u00e1s<\/span><\/a>\n<\/div>\n<\/div><\/div><\/div><\/div><div class=\"su-column su-column-size-1-3\"><div class=\"su-column-inner su-u-clearfix su-u-trim\"><\/div><\/div><\/div>\n\n<div class=\"su-divider su-divider-style-default\" style=\"margin:15px 0;border-width:1px;border-color:#999999\"><\/div>\n<h1>Tambi\u00e9n te puede interesar&#8230;<\/h1>\n<p>&nbsp;<br \/>\n<div class=\"su-row\"><div class=\"su-column su-column-size-1-3\"><div class=\"su-column-inner su-u-clearfix su-u-trim\">\n<h3>Programas de empleo y formaci\u00f3n<\/h3>\nProgramas de empleo y formaci\u00f3n que permiten conseguir un certificado de profesionalidad de nivel 1, 2 o 3 mientras se percibe un salario mediante un contrato en una empresa o en PalmaActiva.<\/div><\/div><div class=\"su-column su-column-size-1-3\"><div class=\"su-column-inner su-u-clearfix su-u-trim\">\n<h3>Formaci\u00f3n on line<\/h3>\nToda nuestra oferta formativa on line: aprende a cualquier hora y desde cualquier lugar.<\/div><\/div><\/div>\n<div class=\"su-row\"><!--&#091;su_column size=\"1\/3\"&#093;&#091;su_service title=\"&#091;:es&#093;Formaci\u00f3n dual&#091;:ca&#093;Formaci\u00f3 dual&#091;:&#093;\" icon=\"https:\/\/web.palmaactiva.com\/wp-content\/uploads\/2020\/01\/20_DUAL.png\" icon_color=\"#e03e52\" size=\"36\"&#093;&#091;:es&#093;Formaci\u00f3n y pr\u00e1cticas remuneradas en empresas&#091;:ca&#093;Formaci\u00f3 i pr\u00e0ctiques remunerades a empreses&#091;:&#093;.<br \/>\n\n\n\n<div class=\"dt-service-more\" style=\"margin-bottom: 5px; margin-top: 5px;\">\n    <a href=\"\/formacio-dual\/\" target=\"_blank\" rel=\"noopener\" style=\"display: inline-flex; align-items: center; justify-content: center; padding: 10px 30px; border-radius: 2px; text-transform: uppercase; text-decoration: none; max-width: 100%; box-sizing: border-box;\"><i class=\"fa fa-info-circle\" style=\"margin-right: 10px;\"><\/i><span style=\"display: inline-flex; line-height: 1.5;\">&#091;:es&#093;Saber m\u00e1s&#091;:ca&#093;Saber-ne m\u00e9s&#091;:&#093;<\/span><\/a>\n<\/div>\n\n\n&#091;\/su_service&#093;&#091;\/su_column&#093;\n--><br \/>\n<div class=\"su-column su-column-size-1-3\"><div class=\"su-column-inner su-u-clearfix su-u-trim\"><div class=\"su-service\"><div class=\"su-service-title\" style=\"padding-left:46px;min-height:32px;line-height:32px\"><i class=\"sui sui-star\" style=\"font-size:32px;color:#333\"><\/i> \u00bb[:es<\/div><div class=\"su-service-content su-u-clearfix su-u-trim\" style=\"padding-left:46px\">Programas mixtos\u00bb icon=\u00bbhttps:\/\/web.palmaactiva.com\/wp-content\/uploads\/2020\/01\/18_oficios.png\u00bb icon_color=\u00bb#e03e52&#8243; size=\u00bb36&#8243;]Programas de formaci\u00f3n con contrato laboral.<\/p>\n<div class=\"dt-service-more\" style=\"margin-bottom: 5px; margin-top: 5px;\">\n    <a href=\"\/programes-mixtes-docupacio-i-formacio\/\" target=\"_blank\" rel=\"noopener\" style=\"display: inline-flex; align-items: center; justify-content: center; padding: 10px 30px; border-radius: 2px; text-transform: uppercase; text-decoration: none; max-width: 100%; box-sizing: border-box;\"><i class=\"fa fa-info-circle\" style=\"margin-right: 10px;\"><\/i><span style=\"display: inline-flex; line-height: 1.5;\">Saber m\u00e1s<\/span><\/a>\n<\/div>\n<\/div><\/div><\/div><\/div><div class=\"su-column su-column-size-1-3\"><div class=\"su-column-inner su-u-clearfix su-u-trim\"><div class=\"su-service\"><div class=\"su-service-title\" style=\"padding-left:46px;min-height:32px;line-height:32px\"><i class=\"sui sui-star\" style=\"font-size:32px;color:#333\"><\/i> \u00bb[:es<\/div><div class=\"su-service-content su-u-clearfix su-u-trim\" style=\"padding-left:46px\">Formaci\u00f3n on line\u00bb icon=\u00bbhttps:\/\/web.palmaactiva.com\/wp-content\/uploads\/2020\/01\/25_fonline.png\u00bb icon_color=\u00bb#e03e52&#8243; size=\u00bb36&#8243;]Nuestros cursos m\u00e1s c\u00f3modos y flexibles.<\/p>\n<div class=\"dt-service-more\" style=\"margin-bottom: 5px; margin-top: 5px;\">\n    <a href=\"\/formacion-on-line\/\" target=\"_blank\" rel=\"noopener\" style=\"display: inline-flex; align-items: center; justify-content: center; padding: 10px 30px; border-radius: 2px; text-transform: uppercase; text-decoration: none; max-width: 100%; box-sizing: border-box;\"><i class=\"fa fa-info-circle\" style=\"margin-right: 10px;\"><\/i><span style=\"display: inline-flex; line-height: 1.5;\">Saber m\u00e1s<\/span><\/a>\n<\/div>\n<\/div><\/div><\/div><\/div><\/div>","protected":false},"excerpt":{"rendered":"<p>Cursos por categor\u00eda Tambi\u00e9n te puede interesar&#8230; &nbsp;<\/p>\n","protected":false},"author":1,"featured_media":35664,"parent":0,"menu_order":0,"comment_status":"closed","ping_status":"closed","template":"","meta":{"footnotes":""},"_links":{"self":[{"href":"https:\/\/web.palmaactiva.com\/es\/wp-json\/wp\/v2\/pages\/43"}],"collection":[{"href":"https:\/\/web.palmaactiva.com\/es\/wp-json\/wp\/v2\/pages"}],"about":[{"href":"https:\/\/web.palmaactiva.com\/es\/wp-json\/wp\/v2\/types\/page"}],"author":[{"embeddable":true,"href":"https:\/\/web.palmaactiva.com\/es\/wp-json\/wp\/v2\/users\/1"}],"replies":[{"embeddable":true,"href":"https:\/\/web.palmaactiva.com\/es\/wp-json\/wp\/v2\/comments?post=43"}],"version-history":[{"count":26,"href":"https:\/\/web.palmaactiva.com\/es\/wp-json\/wp\/v2\/pages\/43\/revisions"}],"predecessor-version":[{"id":49437,"href":"https:\/\/web.palmaactiva.com\/es\/wp-json\/wp\/v2\/pages\/43\/revisions\/49437"}],"wp:featuredmedia":[{"embeddable":true,"href":"https:\/\/web.palmaactiva.com\/es\/wp-json\/wp\/v2\/media\/35664"}],"wp:attachment":[{"href":"https:\/\/web.palmaactiva.com\/es\/wp-json\/wp\/v2\/media?parent=43"}],"curies":[{"name":"wp","href":"https:\/\/api.w.org\/{rel}","templated":true}]}}