{"id":4267,"date":"2017-11-10T12:16:57","date_gmt":"2017-11-10T12:16:57","guid":{"rendered":"http:\/\/web.palmaactiva.com\/?page_id=4267"},"modified":"2018-10-03T06:22:36","modified_gmt":"2018-10-03T06:22:36","slug":"programa-soib-joves-qualificats","status":"publish","type":"page","link":"https:\/\/web.palmaactiva.com\/es\/empleo\/ofertas-de-empleo\/programa-soib-joves-qualificats\/","title":{"rendered":"Programa SOIB Joves Qualificats"},"content":{"rendered":"<p><img decoding=\"async\" loading=\"lazy\" class=\"size-full wp-image-14464 alignleft\" src=\"https:\/\/web.palmaactiva.com\/wp-content\/uploads\/2018\/10\/jovesqualificats_banner.jpg\" alt=\"\" width=\"401\" height=\"251\" \/><\/p>\n<h3>PalmaActiva y el programa SOIB Joves Qualificats<\/h3>\n<h4>PalmaActiva participa al programa SOIB Joves Qualificats con la contrataci\u00f3n de 28 j\u00f3venes titulados durante UN A\u00d1O.<\/h4>\n<strong>Joves Qualificats<\/strong> es un programa cofinanciado por el Fondo Social Europeo dirigido al empleo de j\u00f3venes con estudios superiores en las Islas Baleares, con cargo al Programa Operativo de Empleo Juvenil 2014-2020 y de la Iniciativa de Empleo Juvenil.<\/p>\n<p>Se pueden contratar j\u00f3venes desempleados, con m\u00e1s de 18 a\u00f1os y menos de 30 a\u00f1os, inscritos como demandantes parados en el SOIB, que cumplan los siguientes requisitos:<\/p>\n<ul>\n<li>Estar inscrito o inscrita en el Archivo del Sistema Nacional de Garant\u00eda Juvenil.<\/li>\n<li>Estar en posesi\u00f3n de un t\u00edtulo universitario o de formaci\u00f3n profesional de grado superior o de un t\u00edtulo oficialmente reconocido como equivalente,<\/li>\n<li>Cumplir los requisitos para poder ser contratado o contratada mediante un contrato en pr\u00e1cticas.<\/li>\n<\/ul>\n<p>En el marco de este programa, PalmaActiva, tiene prevista la contrataci\u00f3n de 28 j\u00f3venes para trabajar durante un a\u00f1o, de los siguientes perfiles: t\u00e9cnico\/a de comunicaci\u00f3n, t\u00e9cnico\/a ambiental, t\u00e9cnico\/a investigaci\u00f3n de mercados, t\u00e9cnico\/a igualdad, trabajador\/a social, community manager, bi\u00f3logo\/a, ingeniero t\u00e9cnico forestal, ingeniero t\u00e9cnico industrial, t\u00e9cnico gesti\u00f3n administrativa, jur\u00eddico, dinamizador\/a escolar, t\u00e9cnico\/a e-commmerce, t\u00e9cnico\/a movilidad, arquitecto, arquitecto t\u00e9cnico, asistente\/a social, ge\u00f3grafo, animador\/a sociocultural y t\u00e9cnico\/a superior en desarrollo de aplicaciones web.<\/p>\n<h4><strong>\u00a1Trabaja haciendo lo que has estudiado, ACCEDE a ofertas de trabajo!<\/strong><\/h4>\n\n<div class=\"su-divider su-divider-style-default\" style=\"margin:15px 0;border-width:1px;border-color:#c8c8c8\"><\/div><div class=\"su-note\"  style=\"border-color:#c62438;border-radius:2px;-moz-border-radius:2px;-webkit-border-radius:2px;\"><div class=\"su-note-inner su-u-clearfix su-u-trim\" style=\"background-color:#e03e52;border-color:#ffffff;color:#ffffff;border-radius:2px;-moz-border-radius:2px;-webkit-border-radius:2px;\"><strong>IMPORTANTE<\/strong><br \/>\nSi est\u00e1s interesado\/a en participar en el proceso de selecci\u00f3n, inf\u00f3rmate en tu oficina del Servicio de Ocupaci\u00f3n de las Islas Baleares (SOIB).<br \/>\n<strong>\u00bfC\u00f3mo?<\/strong> Pidiendo cita previa de \u00abDemanda\u00bb en tu oficina del SOIB. Puedes hacerlo llamando al 012 o mediante la web del SOIB <a href=\"http:\/\/www.soib.es\"><strong>www.soib.es<\/strong><\/a>. En la misma cita TE PUEDES INSCRIBIR A GARANT\u00cdA JUVENIL<\/div><\/div>","protected":false},"excerpt":{"rendered":"<p>PalmaActiva y el programa SOIB Joves Qualificats PalmaActiva participa al programa SOIB Joves Qualificats con la contrataci\u00f3n de 28 j\u00f3venes titulados durante UN A\u00d1O. Joves Qualificats es un programa cofinanciado por el Fondo Social Europeo dirigido al empleo de j\u00f3venes con estudios superiores en las Islas Baleares, con cargo al Programa Operativo de Empleo Juvenil [&hellip;]<\/p>\n","protected":false},"author":1,"featured_media":0,"parent":186,"menu_order":0,"comment_status":"closed","ping_status":"closed","template":"","meta":{"footnotes":""},"_links":{"self":[{"href":"https:\/\/web.palmaactiva.com\/es\/wp-json\/wp\/v2\/pages\/4267"}],"collection":[{"href":"https:\/\/web.palmaactiva.com\/es\/wp-json\/wp\/v2\/pages"}],"about":[{"href":"https:\/\/web.palmaactiva.com\/es\/wp-json\/wp\/v2\/types\/page"}],"author":[{"embeddable":true,"href":"https:\/\/web.palmaactiva.com\/es\/wp-json\/wp\/v2\/users\/1"}],"replies":[{"embeddable":true,"href":"https:\/\/web.palmaactiva.com\/es\/wp-json\/wp\/v2\/comments?post=4267"}],"version-history":[{"count":5,"href":"https:\/\/web.palmaactiva.com\/es\/wp-json\/wp\/v2\/pages\/4267\/revisions"}],"predecessor-version":[{"id":4286,"href":"https:\/\/web.palmaactiva.com\/es\/wp-json\/wp\/v2\/pages\/4267\/revisions\/4286"}],"up":[{"embeddable":true,"href":"https:\/\/web.palmaactiva.com\/es\/wp-json\/wp\/v2\/pages\/186"}],"wp:attachment":[{"href":"https:\/\/web.palmaactiva.com\/es\/wp-json\/wp\/v2\/media?parent=4267"}],"curies":[{"name":"wp","href":"https:\/\/api.w.org\/{rel}","templated":true}]}}