{"id":426,"date":"2016-09-20T07:45:39","date_gmt":"2016-09-20T07:45:39","guid":{"rendered":"http:\/\/web.palmaactiva.com\/?page_id=426"},"modified":"2026-04-10T13:19:46","modified_gmt":"2026-04-10T11:19:46","slug":"convocatoria-publica","status":"publish","type":"page","link":"https:\/\/web.palmaactiva.com\/es\/convocatoria-publica\/","title":{"rendered":"Convocatoria p\u00fablica"},"content":{"rendered":"<p><!--\"obert\">ABIERTO \/\/\/ \"encurso\">EN PROCESO--><\/p>\n<h4>Ofertas de plantilla y programas en PalmaActiva<\/h4>\nAqu\u00ed se recogen las convocatorias de PalmaActiva.<div class=\"su-accordion su-u-trim\"><\/div>\n\n<div class=\"su-spoiler su-spoiler-style-default su-spoiler-icon-chevron su-spoiler-closed\" data-scroll-offset=\"0\" data-anchor-in-url=\"no\"><div class=\"su-spoiler-title\" tabindex=\"0\" role=\"button\"><span class=\"su-spoiler-icon\"><\/span><strong class=\"encurso\">EN PROCESO<\/strong> Bolsas de trabajo derivadas de los procesos de estabilizaci\u00f3n<\/div><div class=\"su-spoiler-content su-u-clearfix su-u-trim\">\n<p><i class=\"fa fa-arrow-circle-right clarear\" aria-hidden=\"true\"><\/i> Publicado d\u00eda <strong>14 de abril de 2025<\/strong>:<br \/>\n<div class='w3eden'><!-- WPDM Link Template: Default Template -->\n\n<div class=\"link-template-default card mb-2\">\n    <div class=\"card-body\">\n        <div class=\"media\">\n            <div class=\"mr-3 img-48\"><img class=\"wpdm_icon\" alt=\"Icona\" src=\"https:\/\/web.palmaactiva.com\/wp-content\/plugins\/download-manager\/assets\/file-type-icons\/pdf.svg\" \/><\/div>\n            <div class=\"media-body\">\n                <h3 class=\"package-title\"><a href='https:\/\/web.palmaactiva.com\/es\/download\/constitucio-borses-de-treball-de-les-categories-tscic-tsdp-tsfoa-tgp-tgfoa-i-tgsp\/'>Constituci\u00f3n bolsas de trabajo de les categor\u00edas TSCIC, TSDP, TSFOA, TGP, TGFOA y TGSP<\/a><\/h3>\n                <div class=\"text-muted text-small\"><i class=\"fas fa-copy\"><\/i> 1 fitxer(s) <i class=\"fas fa-hdd ml-3\"><\/i> 180.97 KB<\/div>\n            <\/div>\n            <div class=\"ml-3\">\n                <a class='wpdm-download-link download-on-click btn btn-primary btn-sm' rel='nofollow' href='#' data-downloadurl=\"https:\/\/web.palmaactiva.com\/es\/download\/constitucio-borses-de-treball-de-les-categories-tscic-tsdp-tsfoa-tgp-tgfoa-i-tgsp\/?wpdmdl=53276&refresh=69e325f68d6071776494070\">Baixa<\/a>\n            <\/div>\n        <\/div>\n    <\/div>\n<\/div>\n\n<\/div>\n<p><\/br><\/p>\n<p><i class=\"fa fa-arrow-circle-right clarear\" aria-hidden=\"true\"><\/i> Publicado d\u00eda <strong>21 de marzo de 2025<\/strong>:<br \/>\n<div class='w3eden'><!-- WPDM Link Template: Default Template -->\n\n<div class=\"link-template-default card mb-2\">\n    <div class=\"card-body\">\n        <div class=\"media\">\n            <div class=\"mr-3 img-48\"><img class=\"wpdm_icon\" alt=\"Icona\" src=\"https:\/\/web.palmaactiva.com\/wp-content\/plugins\/download-manager\/assets\/file-type-icons\/pdf.svg\" \/><\/div>\n            <div class=\"media-body\">\n                <h3 class=\"package-title\"><a href='https:\/\/web.palmaactiva.com\/es\/download\/constitucio-borses-de-treball-de-les-categories-adm-auxadm-tgm-i-ams\/'>Constituci\u00f3n bolsas de trabajo de las categor\u00edas ADM, AUXADM, TGM y AMS <\/a><\/h3>\n                <div class=\"text-muted text-small\"><i class=\"fas fa-copy\"><\/i> 1 fitxer(s) <i class=\"fas fa-hdd ml-3\"><\/i> 159.87 KB<\/div>\n            <\/div>\n            <div class=\"ml-3\">\n                <a class='wpdm-download-link download-on-click btn btn-primary btn-sm' rel='nofollow' href='#' data-downloadurl=\"https:\/\/web.palmaactiva.com\/es\/download\/constitucio-borses-de-treball-de-les-categories-adm-auxadm-tgm-i-ams\/?wpdmdl=53279&refresh=69e325f6a8a011776494070\">Baixa<\/a>\n            <\/div>\n        <\/div>\n    <\/div>\n<\/div>\n\n<\/div>\n<\/div><\/div>\n\nConstituci\u00f3n bolsas de trabajo de les categor\u00edas TSCIC, TSDP, TSFOA, TGP, TGFOA y TGSP<\/a><\/h3>\n                <div class=\"text-muted text-small\"><i class=\"fas fa-copy\"><\/i> 1 fitxer(s) <i class=\"fas fa-hdd ml-3\"><\/i> 180.97 KB<\/div>\n            <\/div>\n            <div class=\"ml-3\">\n                <a class='wpdm-download-link download-on-click btn btn-primary btn-sm' rel='nofollow' href='#' data-downloadurl=\"https:\/\/web.palmaactiva.com\/es\/download\/constitucio-borses-de-treball-de-les-categories-tscic-tsdp-tsfoa-tgp-tgfoa-i-tgsp\/?wpdmdl=53276&refresh=69e325f6c391d1776494070\">Baixa<\/a>\n            <\/div>\n        <\/div>\n    <\/div>\n<\/div>\n\n<\/div>\n<p><\/br><\/p>\n<p><i class=\"fa fa-arrow-circle-right clarear\" aria-hidden=\"true\"><\/i> Publicat dia <strong>21 de mar\u00e7 de 2025<\/strong>:<br \/>\n<div class='w3eden'><!-- WPDM Link Template: Default Template -->\n\n<div class=\"link-template-default card mb-2\">\n    <div class=\"card-body\">\n        <div class=\"media\">\n            <div class=\"mr-3 img-48\"><img class=\"wpdm_icon\" alt=\"Icona\" src=\"https:\/\/web.palmaactiva.com\/wp-content\/plugins\/download-manager\/assets\/file-type-icons\/pdf.svg\" \/><\/div>\n            <div class=\"media-body\">\n                <h3 class=\"package-title\"><a href='https:\/\/web.palmaactiva.com\/es\/download\/constitucio-borses-de-treball-de-les-categories-adm-auxadm-tgm-i-ams\/'>Constituci\u00f3n bolsas de trabajo de las categor\u00edas ADM, AUXADM, TGM y AMS <\/a><\/h3>\n                <div class=\"text-muted text-small\"><i class=\"fas fa-copy\"><\/i> 1 fitxer(s) <i class=\"fas fa-hdd ml-3\"><\/i> 159.87 KB<\/div>\n            <\/div>\n            <div class=\"ml-3\">\n                <a class='wpdm-download-link download-on-click btn btn-primary btn-sm' rel='nofollow' href='#' data-downloadurl=\"https:\/\/web.palmaactiva.com\/es\/download\/constitucio-borses-de-treball-de-les-categories-adm-auxadm-tgm-i-ams\/?wpdmdl=53279&refresh=69e325f6caac21776494070\">Baixa<\/a>\n            <\/div>\n        <\/div>\n    <\/div>\n<\/div>\n\n<\/div>\n<\/div><\/div>\n\n<div class=\"su-spoiler su-spoiler-style-default su-spoiler-icon-chevron su-spoiler-closed\" data-scroll-offset=\"0\" data-anchor-in-url=\"no\"><div class=\"su-spoiler-title\" tabindex=\"0\" role=\"button\"><span class=\"su-spoiler-icon\"><\/span>Spoiler title<\/div><div class=\"su-spoiler-content su-u-clearfix su-u-trim\"><strong class=\"encurso\">EN PROCESO<\/strong>Aprobaci\u00f3n de la Oferta P\u00fablica de Empleo de PalmaActiva del a\u00f1o 2026. BOIB n\u00fam. 29, de 5 de marzo de 2026&#8217;]\nSe ha publicado en el <strong>BOIB n\u00fam. 29, de 5 de marzo<\/strong>, la oferta p\u00fablica de ocupaci\u00f3n de PalmaActiva para el a\u00f1o 2026.<\/a><\/strong><br \/>\n<div class='w3eden'><!-- WPDM Link Template: Default Template -->\n\n<div class=\"link-template-default card mb-2\">\n    <div class=\"card-body\">\n        <div class=\"media\">\n            <div class=\"mr-3 img-48\"><img class=\"wpdm_icon\" alt=\"Icona\" src=\"https:\/\/web.palmaactiva.com\/wp-content\/plugins\/download-manager\/assets\/file-type-icons\/pdf.svg\" \/><\/div>\n            <div class=\"media-body\">\n                <h3 class=\"package-title\"><a href='https:\/\/web.palmaactiva.com\/es\/download\/2103\/'>PalmaActiva - Oferta P\u00fablica de Ocupaci\u00f3n 2026<\/a><\/h3>\n                <div class=\"text-muted text-small\"><i class=\"fas fa-copy\"><\/i> 1 fitxer(s) <i class=\"fas fa-hdd ml-3\"><\/i> 166.77 KB<\/div>\n            <\/div>\n            <div class=\"ml-3\">\n                <a class='wpdm-download-link download-on-click btn btn-primary btn-sm' rel='nofollow' href='#' data-downloadurl=\"https:\/\/web.palmaactiva.com\/es\/download\/2103\/?wpdmdl=54926&refresh=69e325f6d276e1776494070\">Descargar<\/a>\n            <\/div>\n        <\/div>\n    <\/div>\n<\/div>\n\n<\/div>PalmaActiva - Oferta P\u00fablica de Ocupaci\u00f3n 2026<\/a><\/h3>\n                <div class=\"text-muted text-small\"><i class=\"fas fa-copy\"><\/i> 1 fitxer(s) <i class=\"fas fa-hdd ml-3\"><\/i> 166.77 KB<\/div>\n            <\/div>\n            <div class=\"ml-3\">\n                <a class='wpdm-download-link download-on-click btn btn-primary btn-sm' rel='nofollow' href='#' data-downloadurl=\"https:\/\/web.palmaactiva.com\/es\/download\/2103\/?wpdmdl=54926&refresh=69e325f6efce51776494070\">Descargar<\/a>\n            <\/div>\n        <\/div>\n    <\/div>\n<\/div>\n\n<\/div>\n<\/div><\/div>\n<div class=\"su-spoiler su-spoiler-style-default su-spoiler-icon-chevron su-spoiler-closed\" data-scroll-offset=\"0\" data-anchor-in-url=\"no\"><div class=\"su-spoiler-title\" tabindex=\"0\" role=\"button\"><span class=\"su-spoiler-icon\"><\/span>&#8216;[:es<\/div><div class=\"su-spoiler-content su-u-clearfix su-u-trim\"><strong class=\"finalizado\">CONVOCATORIAS ANTERIORES: <\/strong>&nbsp; Cerradas.&#8217;]\n<div class=\"dt-service-more\" style=\"margin-bottom: 5px; margin-top: 5px;\"><a style=\"display: inline-flex; align-items: center; justify-content: center; padding: 10px 30px; border-radius: 2px; text-transform: uppercase; text-decoration: none; max-width: 100%; box-sizing: border-box;\" href=\"https:\/\/web.palmaactiva.com\/es\/convocatories-anteriors\/\" target=\"_blank\" rel=\"noopener\"><i class=\"fa fa-sign-in\" style=\"margin-right: 10px;\"><\/i><span style=\"display: inline-flex; line-height: 1.5;\">Ir<\/span><\/a><\/div>\n<\/div><\/div>\n<div class=\"su-divider su-divider-style-default\" style=\"margin:15px 0;border-width:1px;border-color:#c8c8c8\"><\/div><div class=\"su-note\"  style=\"border-color:#ccd8e5;border-radius:2px;-moz-border-radius:2px;-webkit-border-radius:2px;\"><div class=\"su-note-inner su-u-clearfix su-u-trim\" style=\"background-color:#e6f2ff;border-color:#ffffff;color:#333333;border-radius:2px;-moz-border-radius:2px;-webkit-border-radius:2px;\">Consulta las <a href=\"http:\/\/www.caib.es\/eboibfront\/es\/2019\/11051\/626399\/bases-generals-que-ha-de-regir-les-convocatories-d\">Bases generales que han de regir las convocatorias de pruebas selectivas para cubrir plazas vacantes de la plantilla de personal laboral la agencia de desarrollo local del Ayuntamiento de Palma &#8211; PalmaActiva<\/a>\n<\/div><\/div>","protected":false},"excerpt":{"rendered":"<p>Ofertas de plantilla y programas en PalmaActiva Aqu\u00ed se recogen las convocatorias de PalmaActiva.<\/p>\n","protected":false},"author":1,"featured_media":0,"parent":0,"menu_order":0,"comment_status":"closed","ping_status":"closed","template":"","meta":{"footnotes":""},"_links":{"self":[{"href":"https:\/\/web.palmaactiva.com\/es\/wp-json\/wp\/v2\/pages\/426"}],"collection":[{"href":"https:\/\/web.palmaactiva.com\/es\/wp-json\/wp\/v2\/pages"}],"about":[{"href":"https:\/\/web.palmaactiva.com\/es\/wp-json\/wp\/v2\/types\/page"}],"author":[{"embeddable":true,"href":"https:\/\/web.palmaactiva.com\/es\/wp-json\/wp\/v2\/users\/1"}],"replies":[{"embeddable":true,"href":"https:\/\/web.palmaactiva.com\/es\/wp-json\/wp\/v2\/comments?post=426"}],"version-history":[{"count":333,"href":"https:\/\/web.palmaactiva.com\/es\/wp-json\/wp\/v2\/pages\/426\/revisions"}],"predecessor-version":[{"id":55205,"href":"https:\/\/web.palmaactiva.com\/es\/wp-json\/wp\/v2\/pages\/426\/revisions\/55205"}],"wp:attachment":[{"href":"https:\/\/web.palmaactiva.com\/es\/wp-json\/wp\/v2\/media?parent=426"}],"curies":[{"name":"wp","href":"https:\/\/api.w.org\/{rel}","templated":true}]}}