{"id":40542,"date":"2020-05-23T16:14:21","date_gmt":"2020-05-23T16:14:21","guid":{"rendered":"https:\/\/web.palmaactiva.com\/?page_id=40542"},"modified":"2026-02-10T07:42:13","modified_gmt":"2026-02-10T06:42:13","slug":"cita-previa-de-palmaactiva","status":"publish","type":"page","link":"https:\/\/web.palmaactiva.com\/es\/cita-previa-de-palmaactiva\/","title":{"rendered":"<h3><center>Cita previa de PalmaActiva<\/center><\/h3>"},"content":{"rendered":"<div class=\"su-row\"><div class=\"su-column su-column-size-1-2\"><div class=\"su-column-inner su-u-clearfix su-u-trim\">\n<div class=\"su-divider su-divider-style-default\" style=\"margin:15px 0;border-width:1px;border-color:#c8c8c8\"><\/div>\n<h3><strong><center><img decoding=\"async\" loading=\"lazy\" src=\"https:\/\/web.palmaactiva.com\/wp-content\/uploads\/2020\/01\/11_buscadortrabaj.png\" alt=\"\u00c1rea de Ocupaci\u00f3n\" style=\"margin-right:10px; margin-top:0px\" width=\"36\" height=\"36\">OCUPACI\u00d3N<\/center><\/strong><\/h3>\n<div class=\"su-row\"><\/div><center>Alta en la Agencia de Colocaci\u00f3n y orientaci\u00f3n laboral:<\/center><\/p>\n<div class=\"dt-service-more\" style=\"margin-bottom: 5px; margin-top: 5px; text-align: center\">\n    <a href=\"https:\/\/citaprevia.palma.cat\/citapreviafront\/public\/PAO?lang=&#091;:es&#093;es&#091;:ca&#093;ca&#091;:&#093;\" target=\"_blank\" rel=\"noopener\" style=\"display: inline-flex; align-items: center; justify-content: center; padding: 10px 30px; border-radius: 2px; text-transform: uppercase; text-decoration: none; max-width: 100%; box-sizing: border-box;\"><i class=\"fa fa-info-circle\" style=\"margin-right: 10px;\"><\/i><span style=\"display: inline-flex; line-height: 1.5;\">CITA PRESENCIAL Y ONLINE<\/span><\/a>\n<\/div>\n<p><a style=\"color:#e03e52\"><center>Si solicita CITA ONLINE, aunque en la confirmaci\u00f3n figure que se realizar\u00e1 en la sede de PalmaActiva, el asesoramiento se realizar\u00e1 mediante videoconferencia.<\/a><\/center><br \/>\n<\/div><\/div>\n<div class=\"su-column su-column-size-1-2\"><div class=\"su-column-inner su-u-clearfix su-u-trim\">\n<div class=\"su-divider su-divider-style-default\" style=\"margin:15px 0;border-width:1px;border-color:#c8c8c8\"><\/div>\n<h3><strong><center><img decoding=\"async\" loading=\"lazy\" src=\"https:\/\/web.palmaactiva.com\/wp-content\/uploads\/2020\/01\/17_creaci\u00f3emp.png\" alt=\"\u00c1rea de promoci\u00f3n econ\u00f3mica\" style=\"margin-right:10px;\" width=\"36\" height=\"36\">CREACI\u00d3N DE EMPRESAS &#8211; Emprendedur\u00eda<\/center><\/strong><center><\/h3>\n<div class=\"su-row\"><\/div><center>Informaci\u00f3n, orientaci\u00f3n y asesoramiento para la creaci\u00f3n de empresas\u00a0se recomienda que la primera cita sea presencial:<\/center><\/p>\n<div class=\"dt-service-more\" style=\"margin-bottom: 5px; margin-top: 5px; text-align: center\">\n    <a href=\"https:\/\/citaprevia.palma.cat\/citapreviafront\/public\/PAE\/Seleccio?&#091;:es&#093;es&#091;:ca&#093;ca&#091;:&#093;\" target=\"_blank\" rel=\"noopener\" style=\"display: inline-flex; align-items: center; justify-content: center; padding: 10px 30px; border-radius: 2px; text-transform: uppercase; text-decoration: none; max-width: 100%; box-sizing: border-box;\"><i class=\"fa fa-info-circle\" style=\"margin-right: 10px;\"><\/i><span style=\"display: inline-flex; line-height: 1.5;\">CITA PRESENCIAL Y ONLINE<\/span><\/a>\n<\/div>\n<p><a style=\"color:#e03e52\"><center>Si solicita cita online, el asesoramiento se realizar\u00e1 por videoconferencia (Teams).\n<\/a><\/center><br \/>\n<\/div><\/div><\/div>","protected":false},"excerpt":{"rendered":"","protected":false},"author":9,"featured_media":0,"parent":0,"menu_order":0,"comment_status":"closed","ping_status":"closed","template":"","meta":{"footnotes":""},"_links":{"self":[{"href":"https:\/\/web.palmaactiva.com\/es\/wp-json\/wp\/v2\/pages\/40542"}],"collection":[{"href":"https:\/\/web.palmaactiva.com\/es\/wp-json\/wp\/v2\/pages"}],"about":[{"href":"https:\/\/web.palmaactiva.com\/es\/wp-json\/wp\/v2\/types\/page"}],"author":[{"embeddable":true,"href":"https:\/\/web.palmaactiva.com\/es\/wp-json\/wp\/v2\/users\/9"}],"replies":[{"embeddable":true,"href":"https:\/\/web.palmaactiva.com\/es\/wp-json\/wp\/v2\/comments?post=40542"}],"version-history":[{"count":41,"href":"https:\/\/web.palmaactiva.com\/es\/wp-json\/wp\/v2\/pages\/40542\/revisions"}],"predecessor-version":[{"id":54840,"href":"https:\/\/web.palmaactiva.com\/es\/wp-json\/wp\/v2\/pages\/40542\/revisions\/54840"}],"wp:attachment":[{"href":"https:\/\/web.palmaactiva.com\/es\/wp-json\/wp\/v2\/media?parent=40542"}],"curies":[{"name":"wp","href":"https:\/\/api.w.org\/{rel}","templated":true}]}}