{"id":4052,"date":"2017-10-13T09:55:21","date_gmt":"2017-10-13T09:55:21","guid":{"rendered":"http:\/\/web.palmaactiva.com\/?page_id=4052"},"modified":"2024-07-26T08:03:30","modified_gmt":"2024-07-26T06:03:30","slug":"sala-de-conferencias-palmaactiva","status":"publish","type":"page","link":"https:\/\/web.palmaactiva.com\/es\/espacios\/sala-de-conferencias-palmaactiva\/","title":{"rendered":"Sala de conferencias Espai 22 &#8211; PalmaActiva"},"content":{"rendered":"<div class=\"su-row\"><div class=\"su-column su-column-size-1-2\"><div class=\"su-column-inner su-u-clearfix su-u-trim\"><div class=\"su-custom-gallery su-custom-gallery-title-hover su-lightbox-gallery\"><div class=\"su-custom-gallery-slide\"><a href=\"https:\/\/web.palmaactiva.com\/wp-content\/uploads\/2017\/10\/PA-Sede-10.jpg\" title=\"PA Sede (10)\"><img src=\"https:\/\/web.palmaactiva.com\/wp-content\/uploads\/2017\/10\/PA-Sede-10.jpg\" alt=\"PA Sede (10)\" width=\"240\" height=\"100\" \/><span class=\"su-custom-gallery-title\">PA Sede (10)<\/span><\/a><\/div><div class=\"su-custom-gallery-slide\"><a href=\"https:\/\/web.palmaactiva.com\/wp-content\/uploads\/2017\/10\/PA-Sede-8.jpg\" title=\"PA Sede (8)\"><img src=\"https:\/\/web.palmaactiva.com\/wp-content\/uploads\/2017\/10\/PA-Sede-8.jpg\" alt=\"PA Sede (8)\" width=\"240\" height=\"100\" \/><span class=\"su-custom-gallery-title\">PA Sede (8)<\/span><\/a><\/div><div class=\"su-custom-gallery-slide\"><a href=\"https:\/\/web.palmaactiva.com\/wp-content\/uploads\/2017\/10\/PA-Sede-7.jpg\" title=\"PA Sede (7)\"><img src=\"https:\/\/web.palmaactiva.com\/wp-content\/uploads\/2017\/10\/PA-Sede-7.jpg\" alt=\"PA Sede (7)\" width=\"240\" height=\"100\" \/><span class=\"su-custom-gallery-title\">PA Sede (7)<\/span><\/a><\/div><div class=\"su-custom-gallery-slide\"><a href=\"https:\/\/web.palmaactiva.com\/wp-content\/uploads\/2017\/10\/PA-Sede-5.jpg\" title=\"PA Sede (5)\"><img src=\"https:\/\/web.palmaactiva.com\/wp-content\/uploads\/2017\/10\/PA-Sede-5.jpg\" alt=\"PA Sede (5)\" width=\"240\" height=\"100\" \/><span class=\"su-custom-gallery-title\">PA Sede (5)<\/span><\/a><\/div><div class=\"su-clear\"><\/div><\/div><\/div><\/div><div class=\"su-column su-column-size-1-2\"><div class=\"su-column-inner su-u-clearfix su-u-trim\">\n<h3>Una sala multiusos para 139 personas<\/h3>\nAlquiler de nuestra sala Espai22, adecuada para desarrollar conferencias, jornadas, demostraciones, presentaciones, etc. Una sala de conferencias de 277 m2, con capacidad para 139 personas y equipada con port\u00e1til, proyector y WiFi. El alquiler es de lunes a viernes, <strong>en horario de 8.30 a 14.00h<\/strong>, y el precio est\u00e1 previsto dentro de la Ordenanza de Precios P\u00fablicos para la realizaci\u00f3n de actividades formativas, ocupacionales o de promoci\u00f3n econ\u00f3mica en la Agencia de desarrollo local PalmaActiva (<a href=\"https:\/\/intranet.caib.es\/eboibfront\/es\/2015\/10307\/564550\/033-15-departament-tributari-aprovacio-definitiva-\" target=\"_blank\" rel=\"noopener\">BOIB 72 de 14\/05\/2015<\/a>)\n<div class='w3eden'><!-- WPDM Link Template: Default Template -->\n\n<div class=\"link-template-default card mb-2\">\n    <div class=\"card-body\">\n        <div class=\"media\">\n            <div class=\"mr-3 img-48\"><img class=\"wpdm_icon\" alt=\"Icona\" src=\"https:\/\/web.palmaactiva.com\/wp-content\/plugins\/download-manager\/assets\/file-type-icons\/pdf.svg\" \/><\/div>\n            <div class=\"media-body\">\n                <h3 class=\"package-title\"><a href='https:\/\/web.palmaactiva.com\/es\/download\/condiciones-de-uso-del-espai-22\/'>Condiciones de uso del Espai 22<\/a><\/h3>\n                <div class=\"text-muted text-small\"><i class=\"fas fa-copy\"><\/i> 1 fitxer(s) <i class=\"fas fa-hdd ml-3\"><\/i> 207.09 KB<\/div>\n            <\/div>\n            <div class=\"ml-3\">\n                <a class='wpdm-download-link download-on-click btn btn-primary btn-sm' rel='nofollow' href='#' data-downloadurl=\"https:\/\/web.palmaactiva.com\/es\/download\/condiciones-de-uso-del-espai-22\/?wpdmdl=51070&refresh=69e131e5b13de1776366053\">Baixa<\/a>\n            <\/div>\n        <\/div>\n    <\/div>\n<\/div>\n\n<\/div>Descargar<\/a>\n            <\/div>\n        <\/div>\n    <\/div>\n<\/div>\n\n<\/div>\n<div class=\"su-accordion su-u-trim\"><div class=\"su-spoiler su-spoiler-style-default su-spoiler-icon-plus su-spoiler-closed\" data-scroll-offset=\"0\" data-anchor-in-url=\"no\"><div class=\"su-spoiler-title\" tabindex=\"0\" role=\"button\"><span class=\"su-spoiler-icon\"><\/span>\u00bb[:es<\/div><div class=\"su-spoiler-content su-u-clearfix su-u-trim\">Ver el listado de precios\u00bb]<div class=\"su-table su-table-alternate\">\n<table>\n<tbody>\n<tr>\n<td>\n<h5>Tiempo<\/h5>\n<\/td>\n<td>\n<h5>Precio<\/h5>\n<\/td>\n<td>\n<h5>Precio reducido (consultar condiciones)<\/h5>\n<\/td>\n<\/tr>\n<tr>\n<td>2 horas<\/td>\n<td>60 \u20ac<\/td>\n<td>51 \u20ac<\/td>\n<\/tr>\n<tr>\n<td>3 horas<\/td>\n<td>90 \u20ac<\/td>\n<td>76,50 \u20ac<\/td>\n<\/tr>\n<tr>\n<td>4 horas<\/td>\n<td>120 \u20ac<\/td>\n<td>102 \u20ac<\/td>\n<\/tr>\n<tr>\n<td>5 horas<\/td>\n<td>150 \u20ac<\/td>\n<td>127,50 \u20ac<\/td>\n<\/tr>\n<tr>\n<td>1 d\u00edas<\/td>\n<td>240 \u20ac<\/td>\n<td>204 \u20ac<\/td>\n<\/tr>\n<tr>\n<td>2 d\u00edas<\/td>\n<td>420 \u20ac<\/td>\n<td>357 \u20ac<\/td>\n<\/tr>\n<tr>\n<td>3 d\u00edas<\/td>\n<td>720 \u20ac<\/td>\n<td>612 \u20ac<\/td>\n<\/tr>\n<tr>\n<td>4 d\u00edas<\/td>\n<td>960 \u20ac<\/td>\n<td>816 \u20ac<\/td>\n<\/tr>\n<tr>\n<td>5 d\u00edas<\/td>\n<td>1.200 \u20ac<\/td>\n<td>1.020 \u20ac<\/td>\n<\/tr>\n<tr>\n<td>Entre 41 y 100 horas<\/td>\n<td>24 \u20ac\/hr<\/td>\n<td>20,40 \u20ac<\/td>\n<\/tr>\n<tr>\n<td>Entre 101 y 200 horas<\/td>\n<td>22,50 \u20ac\/hr<\/td>\n<td>19,12 \u20ac<\/td>\n<\/tr>\n<tr>\n<td>M\u00e1s de 200 horas<\/td>\n<td>21 \u20ac\/hr<\/td>\n<td>17,85 \u20ac<\/td>\n<\/tr>\n<\/tbody>\n<\/table>\n<\/div><\/div><\/div><\/div><\/div><\/div><\/div>\n<div class=\"dt-service-more\" style=\"margin-bottom: 5px; margin-top: 5px; text-align: center;\"><a style=\"display: inline-flex; align-items: center; justify-content: center; padding: 10px 30px; border-radius: 2px; text-transform: uppercase; text-decoration: none; max-width: 100%; box-sizing: border-box;\" href=\"https:\/\/palmaactiva.sedipualba.es\/carpetaciudadana\/tramite.aspx?idtramite=13942\" target=\"_blank\" rel=\"noopener\"><i class=\"fa fa-sign-in\" style=\"margin-right: 10px;\"><\/i><span style=\"display: inline-flex; line-height: 1.5;\">ACCEDE A LA SOLICITUD<\/span><\/a><\/div>\n<p><\/BR><\/p>","protected":false},"excerpt":{"rendered":"<p>ACCEDE A LA SOLICITUD<\/p>\n","protected":false},"author":1,"featured_media":0,"parent":63,"menu_order":0,"comment_status":"closed","ping_status":"closed","template":"","meta":{"footnotes":""},"_links":{"self":[{"href":"https:\/\/web.palmaactiva.com\/es\/wp-json\/wp\/v2\/pages\/4052"}],"collection":[{"href":"https:\/\/web.palmaactiva.com\/es\/wp-json\/wp\/v2\/pages"}],"about":[{"href":"https:\/\/web.palmaactiva.com\/es\/wp-json\/wp\/v2\/types\/page"}],"author":[{"embeddable":true,"href":"https:\/\/web.palmaactiva.com\/es\/wp-json\/wp\/v2\/users\/1"}],"replies":[{"embeddable":true,"href":"https:\/\/web.palmaactiva.com\/es\/wp-json\/wp\/v2\/comments?post=4052"}],"version-history":[{"count":18,"href":"https:\/\/web.palmaactiva.com\/es\/wp-json\/wp\/v2\/pages\/4052\/revisions"}],"predecessor-version":[{"id":51111,"href":"https:\/\/web.palmaactiva.com\/es\/wp-json\/wp\/v2\/pages\/4052\/revisions\/51111"}],"up":[{"embeddable":true,"href":"https:\/\/web.palmaactiva.com\/es\/wp-json\/wp\/v2\/pages\/63"}],"wp:attachment":[{"href":"https:\/\/web.palmaactiva.com\/es\/wp-json\/wp\/v2\/media?parent=4052"}],"curies":[{"name":"wp","href":"https:\/\/api.w.org\/{rel}","templated":true}]}}