{"id":3942,"date":"2017-10-05T10:15:16","date_gmt":"2017-10-05T10:15:16","guid":{"rendered":"http:\/\/web.palmaactiva.com\/?page_id=3942"},"modified":"2017-10-16T07:09:16","modified_gmt":"2017-10-16T07:09:16","slug":"jornada-de-seleccion-para-tui","status":"publish","type":"page","link":"https:\/\/web.palmaactiva.com\/es\/buscar-trabajadores\/jornadas-de-seleccion\/jornada-de-seleccion-para-tui\/","title":{"rendered":"Jornada de selecci\u00f3n para TUI"},"content":{"rendered":"<p><img decoding=\"async\" loading=\"lazy\" src=\"https:\/\/web.palmaactiva.com\/wp-content\/uploads\/2017\/10\/tuiopenday_facebook.png\" alt=\"\" width=\"1200\" height=\"627\" class=\"alignnone size-full wp-image-3952\" \/><\/p>\n<h2>TUI Open day &#8211; October 23th<\/h2>\nLas jornadas de selecci\u00f3n son una iniciativa de PalmaActiva donde se facilita el contacto directo entre las personas que buscan trabajo y los directores de recursos humanos que buscan candidatos para cubrir sus vacantes.<\/p>\n<p>El pr\u00f3ximo 23 de octubre en PalmaActiva organizamos una de estas jornadas para la empresa TUI, uno de los touroperadores m\u00e1s importantes de Europa. Si quieres trabajar de <strong>Teleoperador-a o Gu\u00eda tur\u00edstico en aeropuerto y hotel<\/strong> y cumples con el perfil que a continuaci\u00f3n describimos, preinscr\u00edbete en la jornada de selecci\u00f3n.<\/p>\n<p><strong>Requisitos<\/strong>:<\/p>\n<ul>\n<li>Imprescindible nivel de conocimientos de ingl\u00e9s a partir de B2 con otro idioma nivel alto \u2013 dominio. Idiomas que se valorar\u00e1n: Alem\u00e1n, sueco, franc\u00e9s, holand\u00e9s, polaco y ruso.<\/li>\n<li>Valorable experiencia previa en servicio al cliente (hosteler\u00eda, comercio, en aeropuerto).<\/li>\n<li>Imprescindible conocimientos de inform\u00e1tica a nivel usuario (office).<\/li>\n<\/ul>\n<p>&nbsp;<br \/>\n<strong>Condiciones<\/strong>: contrato inicial eventual a partir de marzo 2018 (posibilidad de indefinido en puesto de Teleoperador\/a). Sueldo a concretar con la empresa.<\/p>\n<p><strong>Importante<\/strong>: antes de la jornada del d\u00eda 23, concretamente el 18 de octubre, celebraremos un encuentro de preselecci\u00f3n con las personas candidatas que hayan realizado preinscripci\u00f3n y cumplan el perfil.<\/p>\n\n<div class=\"su-divider su-divider-style-default\" style=\"margin:15px 0;border-width:1px;border-color:#c8c8c8\"><\/div>\n<div class=\"su-note\"  style=\"border-color:#e1cfd1;border-radius:2px;-moz-border-radius:2px;-webkit-border-radius:2px;\"><div class=\"su-note-inner su-u-clearfix su-u-trim\" style=\"background-color:#fbe9eb;border-color:#ffffff;color:#841522;border-radius:2px;-moz-border-radius:2px;-webkit-border-radius:2px;\"><strong>ATENCI\u00d3N<\/strong>: ha finalizado el periodo de preinscripci\u00f3n.<\/div><\/div>\n<iframe loading=\"lazy\" src=\"https:\/\/docs.google.com\/forms\/d\/e\/1FAIpQLSfHpMKBCbJJOjF2S6uz-HmcD3Csl9tJOOyjnbai5lWhDgDDWw\/viewform?embedded=true\" width=\"100%\" height=\"500\" frameborder=\"0\" marginheight=\"0\" marginwidth=\"0\">Cargando&#8230;<\/iframe><\/p>","protected":false},"excerpt":{"rendered":"<p>TUI Open day &#8211; October 23th Las jornadas de selecci\u00f3n son una iniciativa de PalmaActiva donde se facilita el contacto directo entre las personas que buscan trabajo y los directores de recursos humanos que buscan candidatos para cubrir sus vacantes. El pr\u00f3ximo 23 de octubre en PalmaActiva organizamos una de estas jornadas para la empresa [&hellip;]<\/p>\n","protected":false},"author":1,"featured_media":0,"parent":603,"menu_order":0,"comment_status":"closed","ping_status":"closed","template":"","meta":{"footnotes":""},"_links":{"self":[{"href":"https:\/\/web.palmaactiva.com\/es\/wp-json\/wp\/v2\/pages\/3942"}],"collection":[{"href":"https:\/\/web.palmaactiva.com\/es\/wp-json\/wp\/v2\/pages"}],"about":[{"href":"https:\/\/web.palmaactiva.com\/es\/wp-json\/wp\/v2\/types\/page"}],"author":[{"embeddable":true,"href":"https:\/\/web.palmaactiva.com\/es\/wp-json\/wp\/v2\/users\/1"}],"replies":[{"embeddable":true,"href":"https:\/\/web.palmaactiva.com\/es\/wp-json\/wp\/v2\/comments?post=3942"}],"version-history":[{"count":5,"href":"https:\/\/web.palmaactiva.com\/es\/wp-json\/wp\/v2\/pages\/3942\/revisions"}],"predecessor-version":[{"id":4069,"href":"https:\/\/web.palmaactiva.com\/es\/wp-json\/wp\/v2\/pages\/3942\/revisions\/4069"}],"up":[{"embeddable":true,"href":"https:\/\/web.palmaactiva.com\/es\/wp-json\/wp\/v2\/pages\/603"}],"wp:attachment":[{"href":"https:\/\/web.palmaactiva.com\/es\/wp-json\/wp\/v2\/media?parent=3942"}],"curies":[{"name":"wp","href":"https:\/\/api.w.org\/{rel}","templated":true}]}}