{"id":39218,"date":"2020-04-20T17:27:31","date_gmt":"2020-04-20T17:27:31","guid":{"rendered":"https:\/\/web.palmaactiva.com\/?page_id=39218"},"modified":"2024-07-17T13:42:51","modified_gmt":"2024-07-17T11:42:51","slug":"orientacio-laboral-on-line","status":"publish","type":"page","link":"https:\/\/web.palmaactiva.com\/es\/orientacio-laboral-on-line\/","title":{"rendered":"Orientaci\u00f3n laboral online"},"content":{"rendered":"<div class=\"su-row\">\n<div class=\"su-column su-column-size-1-2\"><div class=\"su-column-inner su-u-clearfix su-u-trim\">\n<div class=\"su-youtube su-u-responsive-media-yes\"><iframe width=\"640\" height=\"360\" src=\"https:\/\/www.youtube.com\/embed\/XgU96F0_tSk?autohide=2&amp;autoplay=0&amp;mute=0&amp;controls=1&amp;fs=1&amp;loop=0&amp;modestbranding=0&amp;rel=0&amp;showinfo=1&amp;theme=light&amp;wmode=&amp;playsinline=0\" frameborder=\"0\" allowfullscreen allow=\"autoplay; encrypted-media; picture-in-picture\" title=\"\"><\/iframe><\/div>\n<!--&#091;:es&#093;<img decoding=\"async\" loading=\"lazy\" class=\"alignnone size-full wp-image-5694\" src=\"https:\/\/web.palmaactiva.com\/wp-content\/uploads\/2020\/04\/banner-asesoramientos-onlinecast.jpg\" alt=\"\" width=\"1200\" height=\"627\" \/>&#091;:ca&#093;<img decoding=\"async\" loading=\"lazy\" class=\"alignnone size-full wp-image-5695\" src=\"https:\/\/web.palmaactiva.com\/wp-content\/uploads\/2020\/04\/banner-asesoramientos-online.jpg\" alt=\"\" width=\"1200\" height=\"627\" \/>&#091;:&#093;--><br \/>\n<\/div><\/div>\n<div class=\"su-column su-column-size-1-2\"><div class=\"su-column-inner su-u-clearfix su-u-trim\">\n<div class=\"su-note\"  style=\"border-color:#e0e0e0;border-radius:3px;-moz-border-radius:3px;-webkit-border-radius:3px;\"><div class=\"su-note-inner su-u-clearfix su-u-trim\" style=\"background-color:#fafafa;border-color:#ffffff;color:#000000;border-radius:3px;-moz-border-radius:3px;-webkit-border-radius:3px;\">\n<h4>Servicio de orientaci\u00f3n laboral online:<\/h4>\n<strong>Espacio de acompa\u00f1amiento online<\/strong> para responder a todas tus consultas en materia de orientaci\u00f3n laboral y ayudarte en tu proceso de b\u00fasqueda de empleo. Te acercamos a casa el servicio de orientaci\u00f3n laboral: te asesoramos en la b\u00fasqueda de empleo, mejora de tu cualificaci\u00f3n, dudas relacionadas con el mundo laboral\u2026, para mejorar tu posici\u00f3n en el mercado laboral.<br \/>\n\n<div class=\"dt-service-more\" style=\"text-align: center; margin-bottom: 5px; margin-top: 5px;\">\n    <a href=\"https:\/\/citaprevia.palma.cat\/citapreviafront\/public\/PAO?lang=ca\" target=\"_blank\" rel=\"noopener\" style=\"display: inline-flex; align-items: center; justify-content: center; padding: 10px 30px; border-radius: 2px; text-transform: uppercase; text-decoration: none; max-width: 100%; box-sizing: border-box;\"><i class=\"fa fa-headset\" style=\"margin-right: 10px;\"><\/i><span style=\"display: inline-flex; line-height: 1.5;\">Orientaci\u00f3n online<\/span><\/a>\n<\/div>\n<\/div><\/div>\n<\/div><\/div>\n<\/div>","protected":false},"excerpt":{"rendered":"","protected":false},"author":1,"featured_media":0,"parent":0,"menu_order":0,"comment_status":"closed","ping_status":"closed","template":"","meta":{"footnotes":""},"_links":{"self":[{"href":"https:\/\/web.palmaactiva.com\/es\/wp-json\/wp\/v2\/pages\/39218"}],"collection":[{"href":"https:\/\/web.palmaactiva.com\/es\/wp-json\/wp\/v2\/pages"}],"about":[{"href":"https:\/\/web.palmaactiva.com\/es\/wp-json\/wp\/v2\/types\/page"}],"author":[{"embeddable":true,"href":"https:\/\/web.palmaactiva.com\/es\/wp-json\/wp\/v2\/users\/1"}],"replies":[{"embeddable":true,"href":"https:\/\/web.palmaactiva.com\/es\/wp-json\/wp\/v2\/comments?post=39218"}],"version-history":[{"count":11,"href":"https:\/\/web.palmaactiva.com\/es\/wp-json\/wp\/v2\/pages\/39218\/revisions"}],"predecessor-version":[{"id":51006,"href":"https:\/\/web.palmaactiva.com\/es\/wp-json\/wp\/v2\/pages\/39218\/revisions\/51006"}],"wp:attachment":[{"href":"https:\/\/web.palmaactiva.com\/es\/wp-json\/wp\/v2\/media?parent=39218"}],"curies":[{"name":"wp","href":"https:\/\/api.w.org\/{rel}","templated":true}]}}