{"id":3726,"date":"2017-09-01T07:56:28","date_gmt":"2017-09-01T07:56:28","guid":{"rendered":"http:\/\/web.palmaactiva.com\/?page_id=3726"},"modified":"2017-09-04T08:35:53","modified_gmt":"2017-09-04T08:35:53","slug":"conferencia-turismo-sostenible-en-mallorca-retos-y-oportunidades","status":"publish","type":"page","link":"https:\/\/web.palmaactiva.com\/es\/empresa\/conferencias-palmaactiva\/conferencia-turismo-sostenible-en-mallorca-retos-y-oportunidades\/","title":{"rendered":"Conferencia: \u00abTurismo sostenible en Mallorca: retos y oportunidades\u201d"},"content":{"rendered":"<img decoding=\"async\" loading=\"lazy\" src=\"https:\/\/web.palmaactiva.com\/wp-content\/uploads\/2017\/08\/bannerFB_ES-1.png\" alt=\"\" width=\"1200\" height=\"627\" class=\"alignnone size-full wp-image-3732\" \/>\n<h2>Viernes, 29 de septiembre a las 10h en la sede central de PalmaActiva (espai@22), se celebrar\u00e1 la conferencia <strong>\u00abTurismo sostenible en Mallorca: retos y oportunidades\u201d<\/strong>.<\/h2>\n<div class=\"su-row\"><div class=\"su-column su-column-size-4-5\"><div class=\"su-column-inner su-u-clearfix su-u-trim\">\n<h3 class=\"clarear\">Entrada gratuita previa inscripci\u00f3n. Aforo limitado.<\/h3>\n<\/div><\/div><div class=\"su-column su-column-size-1-5\"><div class=\"su-column-inner su-u-clearfix su-u-trim\"><a href=\"#INSCR\" class=\"su-button su-button-style-flat\" style=\"color:#ffffff;background-color:#e03e52;border-color:#b43242;border-radius:8px;-moz-border-radius:8px;-webkit-border-radius:8px\" target=\"_self\"><span style=\"color:#ffffff;padding:7px 22px;font-size:17px;line-height:26px;border-color:#ea7886;border-radius:8px;-moz-border-radius:8px;-webkit-border-radius:8px;text-shadow:none;-moz-text-shadow:none;-webkit-text-shadow:none\"><i class=\"sui sui-arrow-down\" style=\"font-size:17px;color:#FFFFFF\"><\/i> Inscripciones<\/span><\/a><\/div><\/div><\/div>\n&nbsp;<br \/>\nEl objetivo de la conferencia es:<br \/>\n\u2022 Generar un espacio de debate y conocimiento sobre el emprendimiento y la innovaci\u00f3n en turismo sostenible con diferentes sectores de la sociedad -emprendedores, expertos, administraci\u00f3n p\u00fablica, etc.-<br \/>\n\u2022 Conocer iniciativas locales de turismo sostenible que faciliten claves relevantes sobre como innovar para mejorar la sociedad.<\/p>\n<h4>Jaume Monserrat &#8211; Presidente de Turistec<\/h4>\n<p>El Cl\u00faster Internacional de Tecnolog\u00edas de la Informaci\u00f3n y la Comunicaci\u00f3n ubicado en las Islas Baleares se cre\u00f3 en 2008 para fomentar el desarrollo de las empresas TIC y favorecer la cooperaci\u00f3n y la transferencia de conocimiento como elemento b\u00e1sico del crecimiento de las empresas asociadas. El Sr. Monserrat hablar\u00e1 del \u201cEfecto de las confluencias del Cloud Computing y Big Data en la mejora del destino y la experiencia del turista\u201d.<\/p>\n<h4>Xavier Su\u00f1ol Ferrer -Responsable de Proyectos Estrat\u00e9gicos en la Direcci\u00f3n de Turismo del Ayuntamiento de Barcelona<\/h4>\n<p>Aporta su visi\u00f3n municipal del Plan Estrat\u00e9gico de Turismo.  Contar\u00e1 por qu\u00e9 Barcelona decidi\u00f3 apostar por el certificado Biosphere y los principales cambios incorporados por la nueva alcaldesa desde mayo del 2015, orientados sobre todo al fomento del turismo sostenible y la calidad tur\u00edstica, el desarrollo de nuevos proyectos y la comunicaci\u00f3n.<\/p>\n<h4>Celina \u00c1lvarez &#8211; Gerente de la Xarxa d&#8217;Hotels Sostenibles de Balears<\/h4>\n<p>La Xarxa es una organizaci\u00f3n sin \u00e1nimo de lucro integrada por empresas del sector hotelero comprometidas con la protecci\u00f3n del medio ambiente cuya misi\u00f3n es fomentar el desarrollo tur\u00edstico sostenible en Baleares.  Celina ha asesorado entre otros, al Club Pollentia Resort, que ha sido reconocido en el TOP10 de los mejores proyectos de sostenibilidad y rehabilitaci\u00f3n hotelera de Espa\u00f1a en la categor\u00eda de TSMedia, en la 3\u00aa edici\u00f3n del Concurso Re Think Hotel de FiturTech. El reconocimiento se basa en los criterios de valoraci\u00f3n definidos en los 17 Objetivos de Desarrollo Sostenible de las Naciones Unidas.<\/p>\n<h4>Javier P\u00e9rez -Miembro de Joves Empresaris y CEO de Customia<\/h4>\n<p>Javier es un emprendedor en serie en turismo e internet desde hace mas de 15 a\u00f1os.  Ha fundado y dirige una company builder de startups especializada en turismo cuya misi\u00f3n es desarrollar soluciones innovadoras de base tecnol\u00f3gica orientadas a Internet.  Participa en mas  de 25 proyectos, entre ellos Discubre,  Fideltour, Visionmaps, Roomonline, etc. <\/p>\n<p><strong>Presenta y modera<\/strong>: Joana Maria Adrover, regidora de Turismo, comercio y trabajo del Ayuntamiento de Palma\n<a name=\"INSCR\"><\/a><\/p>\n<h2>Inscripciones<\/h2>\n<p><iframe loading=\"lazy\" src=\"https:\/\/forms.formfy.com\/v03\/inscripciones\/inscripcion_paso1.aspx?Evento=D25F3EEBA03F952C&#038;if=1\" height=\"800\" width=\"100%\" frameborder=\"no\"><\/iframe><\/p>","protected":false},"excerpt":{"rendered":"<p>Viernes, 29 de septiembre a las 10h en la sede central de PalmaActiva (espai@22), se celebrar\u00e1 la conferencia \u00abTurismo sostenible en Mallorca: retos y oportunidades\u201d. &nbsp; El objetivo de la conferencia es: \u2022 Generar un espacio de debate y conocimiento sobre el emprendimiento y la innovaci\u00f3n en turismo sostenible con diferentes sectores de la sociedad [&hellip;]<\/p>\n","protected":false},"author":1,"featured_media":0,"parent":715,"menu_order":0,"comment_status":"closed","ping_status":"closed","template":"","meta":{"footnotes":""},"_links":{"self":[{"href":"https:\/\/web.palmaactiva.com\/es\/wp-json\/wp\/v2\/pages\/3726"}],"collection":[{"href":"https:\/\/web.palmaactiva.com\/es\/wp-json\/wp\/v2\/pages"}],"about":[{"href":"https:\/\/web.palmaactiva.com\/es\/wp-json\/wp\/v2\/types\/page"}],"author":[{"embeddable":true,"href":"https:\/\/web.palmaactiva.com\/es\/wp-json\/wp\/v2\/users\/1"}],"replies":[{"embeddable":true,"href":"https:\/\/web.palmaactiva.com\/es\/wp-json\/wp\/v2\/comments?post=3726"}],"version-history":[{"count":5,"href":"https:\/\/web.palmaactiva.com\/es\/wp-json\/wp\/v2\/pages\/3726\/revisions"}],"predecessor-version":[{"id":3761,"href":"https:\/\/web.palmaactiva.com\/es\/wp-json\/wp\/v2\/pages\/3726\/revisions\/3761"}],"up":[{"embeddable":true,"href":"https:\/\/web.palmaactiva.com\/es\/wp-json\/wp\/v2\/pages\/715"}],"wp:attachment":[{"href":"https:\/\/web.palmaactiva.com\/es\/wp-json\/wp\/v2\/media?parent=3726"}],"curies":[{"name":"wp","href":"https:\/\/api.w.org\/{rel}","templated":true}]}}