{"id":3700,"date":"2017-09-01T07:57:56","date_gmt":"2017-09-01T07:57:56","guid":{"rendered":"http:\/\/web.palmaactiva.com\/?page_id=3700"},"modified":"2017-09-18T06:57:34","modified_gmt":"2017-09-18T06:57:34","slug":"jornada-de-seleccion-para-hotelbeds-group","status":"publish","type":"page","link":"https:\/\/web.palmaactiva.com\/es\/buscar-trabajadores\/jornadas-de-seleccion\/jornada-de-seleccion-para-hotelbeds-group\/","title":{"rendered":"Jornada de selecci\u00f3n para Hotelbeds Group"},"content":{"rendered":"<img decoding=\"async\" loading=\"lazy\" src=\"https:\/\/web.palmaactiva.com\/wp-content\/uploads\/2017\/08\/BannerFB_es.png\" alt=\"\" width=\"1200\" height=\"627\" class=\"alignnone size-full wp-image-3710\" \/>\n&nbsp;<br \/>\n\n<h3>Si quieres trabajar de <strong>Agente de servicio al cliente<\/strong> y cumples con el perfil que a continuaci\u00f3n describimos,  preinscr\u00edbete en la jornada de selecci\u00f3n de la empresa <strong>HOTELBEDS<\/strong>, que tendr\u00e1 lugar el pr\u00f3ximo 19 de septiembre en PalmaActiva.<\/h3>\n<h3>Descripci\u00f3n de las principales tareas<\/h3>\n<p>\u2022 Ayudar a los clientes (hoteles, TTOO, agencias de viajes y clientes finales).<br \/>\n\u2022 Atender las llamadas y correos electr\u00f3nicos de los clientes.<br \/>\n\u2022 Gestionar las reservas modific\u00e1ndolas o cancel\u00e1ndolas de acuerdo con los procedimientos establecidos.<br \/>\n\u2022 Proporcionar informaci\u00f3n y asesoramiento sobre los productos y contactar con los proveedores cuando sea necesario.<\/p>\n<h3>Requisitos<\/h3>\n<p>\u2022 Valorable estar en posesi\u00f3n del t\u00edtulo de Bachiller.<br \/>\n\u2022 Excelente nivel de conocimientos de ingl\u00e9s y valorable conocimientos de otros idiomas europeos (franc\u00e9s, alem\u00e1n, ruso\u2026).<br \/>\n\u2022 Experiencia previa en servicio al cliente y valorable experiencia en la industria de viajes.<br \/>\n\u2022 Altos conocimientos de inform\u00e1tica (office).<\/p>\n<h3>Condiciones<\/h3>\n<p>\u2022 Contracto eventual y despu\u00e9s indefinido, se trabaja por turnos de ma\u00f1ana y tarde, sueldo a concretar con la empresa.<br \/>\n\n<div class=\"su-note\"  style=\"border-color:#a1e5cf;border-radius:2px;-moz-border-radius:2px;-webkit-border-radius:2px;\"><div class=\"su-note-inner su-u-clearfix su-u-trim\" style=\"background-color:#bbffe9;border-color:#ffffff;color:#333333;border-radius:2px;-moz-border-radius:2px;-webkit-border-radius:2px;\"><strong>IMPORTANTE<\/strong>: PARA PARTICIPAR HAY QUE HACER UNA PREINSCRIPCI\u00d3N Y SI CUMPLES CON EL PERFIL REQUERIDO TE CONVOCAREMOS A LA JORNADA. <strong>\u00a1PREINSCR\u00cdBETE!<\/strong><\/div><\/div>\n<div class=\"su-note\"  style=\"border-color:#e5a1a8;border-radius:2px;-moz-border-radius:2px;-webkit-border-radius:2px;\"><div class=\"su-note-inner su-u-clearfix su-u-trim\" style=\"background-color:#ffbbc2;border-color:#ffffff;color:#333333;border-radius:2px;-moz-border-radius:2px;-webkit-border-radius:2px;\"><strong>Atenci\u00f3n<\/strong><br \/>Se ha cerrado el plazo de preinscripci\u00f3n.<\/div><\/div>","protected":false},"excerpt":{"rendered":"<p>&nbsp; Si quieres trabajar de Agente de servicio al cliente y cumples con el perfil que a continuaci\u00f3n describimos, preinscr\u00edbete en la jornada de selecci\u00f3n de la empresa HOTELBEDS, que tendr\u00e1 lugar el pr\u00f3ximo 19 de septiembre en PalmaActiva. Descripci\u00f3n de las principales tareas \u2022 Ayudar a los clientes (hoteles, TTOO, agencias de viajes y [&hellip;]<\/p>\n","protected":false},"author":1,"featured_media":0,"parent":603,"menu_order":0,"comment_status":"closed","ping_status":"closed","template":"","meta":{"footnotes":""},"_links":{"self":[{"href":"https:\/\/web.palmaactiva.com\/es\/wp-json\/wp\/v2\/pages\/3700"}],"collection":[{"href":"https:\/\/web.palmaactiva.com\/es\/wp-json\/wp\/v2\/pages"}],"about":[{"href":"https:\/\/web.palmaactiva.com\/es\/wp-json\/wp\/v2\/types\/page"}],"author":[{"embeddable":true,"href":"https:\/\/web.palmaactiva.com\/es\/wp-json\/wp\/v2\/users\/1"}],"replies":[{"embeddable":true,"href":"https:\/\/web.palmaactiva.com\/es\/wp-json\/wp\/v2\/comments?post=3700"}],"version-history":[{"count":5,"href":"https:\/\/web.palmaactiva.com\/es\/wp-json\/wp\/v2\/pages\/3700\/revisions"}],"predecessor-version":[{"id":8172,"href":"https:\/\/web.palmaactiva.com\/es\/wp-json\/wp\/v2\/pages\/3700\/revisions\/8172"}],"up":[{"embeddable":true,"href":"https:\/\/web.palmaactiva.com\/es\/wp-json\/wp\/v2\/pages\/603"}],"wp:attachment":[{"href":"https:\/\/web.palmaactiva.com\/es\/wp-json\/wp\/v2\/media?parent=3700"}],"curies":[{"name":"wp","href":"https:\/\/api.w.org\/{rel}","templated":true}]}}