{"id":3613,"date":"2017-08-16T11:51:52","date_gmt":"2017-08-16T11:51:52","guid":{"rendered":"http:\/\/web.palmaactiva.com\/?page_id=3613"},"modified":"2017-08-18T06:24:44","modified_gmt":"2017-08-18T06:24:44","slug":"conferencia-de-jandro-en-el-palacio-de-congresos","status":"publish","type":"page","link":"https:\/\/web.palmaactiva.com\/es\/empresa\/conferencias-palmaactiva\/conferencia-de-jandro-en-el-palacio-de-congresos\/","title":{"rendered":"Conferencia de Jandro en el Palacio de Congresos"},"content":{"rendered":"<figure id=\"attachment_3614\" aria-describedby=\"caption-attachment-3614\" style=\"width: 1200px\" class=\"wp-caption alignnone\"><img decoding=\"async\" loading=\"lazy\" src=\"https:\/\/web.palmaactiva.com\/wp-content\/uploads\/2017\/08\/bannerFB_ES.png\" alt=\"Conferencia de Jandro en el Palacio de Congresos\" width=\"1200\" height=\"627\" class=\"size-full wp-image-3614\" \/><figcaption id=\"caption-attachment-3614\" class=\"wp-caption-text\">Conferencia de Jandro en el Palacio de Congresos<\/figcaption><\/figure>\n<div class=\"su-row\"><div class=\"su-column su-column-size-2-3\"><div class=\"su-column-inner su-u-clearfix su-u-trim\">\n<h3 class=\"clarear\">Entrada gratuita previa inscripci\u00f3n. Aforo limitado. S\u00f3lo se considerar\u00e1 v\u00e1lida la primera entrada presentada para una misma persona.<\/h3>\n<\/div><\/div><div class=\"su-column su-column-size-1-3\"><div class=\"su-column-inner su-u-clearfix su-u-trim\"><div class=\"su-button-center\"><a href=\"#INSCRIPCIONES\" class=\"su-button su-button-style-flat\" style=\"color:#ffffff;background-color:#e03e52;border-color:#b43242;border-radius:10px;-moz-border-radius:10px;-webkit-border-radius:10px\" target=\"_self\"><span style=\"color:#ffffff;padding:8px 26px;font-size:20px;line-height:30px;border-color:#ea7886;border-radius:10px;-moz-border-radius:10px;-webkit-border-radius:10px;text-shadow:none;-moz-text-shadow:none;-webkit-text-shadow:none\"><i class=\"sui sui-arrow-down\" style=\"font-size:20px;color:#FFFFFF\"><\/i> Inscripciones<\/span><\/a><\/div><\/div><\/div><\/div>\n<h2>PalmaActiva te invita a motivarte con las vivencias de Jandro en su conferencia \u00abGenera ideas: vence tus miedos y consigue lo que te propongas con humor y creatividad\u00bb<\/h2>\nJandro es uno de los rostros m\u00e1s conocidos de \u00abEl Hormiguero\u00bb. Pero no siempre fue as\u00ed. Ha tenido que trabajar muy duro durante muchos a\u00f1os. En su conferencia nos desgranar\u00e1 todos los trucos y consejos que le han llevado a conseguir el \u00e9xito televisivo. Tras la charla que ofreci\u00f3 en TEDxMoncloa 2012 sobre los miedos y la creatividad, comprob\u00f3 que muchas de las herramientas que empleaba para s\u00ed mismo recib\u00edan una calurosa bienvenida en personas de muy diversa condici\u00f3n, desde estudiantes que se enfrentaban a una asignatura dif\u00edcil y profesores que vieron en estas herramientas un potente material para sus clases, personas en b\u00fasqueda de nuevos retos profesionales, hasta empresarios que las aplicaban para motivar a sus empleados.<\/p>\n<p>La conferencia pivotar\u00e1 sobre la \u00abgeneraci\u00f3n de ideas\u00bb como elemento para vencer miedos y conseguir objetivos, a trav\u00e9s del proceso creativo y con grandes dosis de buen humor. Una charla que te har\u00e1 re\u00edr y pensar.<br \/>\n\n<a name=\"INSCRIPCIONES\"><\/a><\/p>\n<h2>Inscripciones<\/h2>\n<p><iframe loading=\"lazy\" src=\"https:\/\/forms.formfy.com\/v03\/inscripciones\/inscripcion_paso1.aspx?Evento=6403DDC3EC99941D&#038;if=1\" height=\"1100\" width=\"100%\" frameborder=\"no\"><\/iframe><\/p>","protected":false},"excerpt":{"rendered":"<p>PalmaActiva te invita a motivarte con las vivencias de Jandro en su conferencia \u00abGenera ideas: vence tus miedos y consigue lo que te propongas con humor y creatividad\u00bb Jandro es uno de los rostros m\u00e1s conocidos de \u00abEl Hormiguero\u00bb. Pero no siempre fue as\u00ed. Ha tenido que trabajar muy duro durante muchos a\u00f1os. En su [&hellip;]<\/p>\n","protected":false},"author":1,"featured_media":0,"parent":715,"menu_order":0,"comment_status":"closed","ping_status":"closed","template":"","meta":{"footnotes":""},"_links":{"self":[{"href":"https:\/\/web.palmaactiva.com\/es\/wp-json\/wp\/v2\/pages\/3613"}],"collection":[{"href":"https:\/\/web.palmaactiva.com\/es\/wp-json\/wp\/v2\/pages"}],"about":[{"href":"https:\/\/web.palmaactiva.com\/es\/wp-json\/wp\/v2\/types\/page"}],"author":[{"embeddable":true,"href":"https:\/\/web.palmaactiva.com\/es\/wp-json\/wp\/v2\/users\/1"}],"replies":[{"embeddable":true,"href":"https:\/\/web.palmaactiva.com\/es\/wp-json\/wp\/v2\/comments?post=3613"}],"version-history":[{"count":5,"href":"https:\/\/web.palmaactiva.com\/es\/wp-json\/wp\/v2\/pages\/3613\/revisions"}],"predecessor-version":[{"id":3661,"href":"https:\/\/web.palmaactiva.com\/es\/wp-json\/wp\/v2\/pages\/3613\/revisions\/3661"}],"up":[{"embeddable":true,"href":"https:\/\/web.palmaactiva.com\/es\/wp-json\/wp\/v2\/pages\/715"}],"wp:attachment":[{"href":"https:\/\/web.palmaactiva.com\/es\/wp-json\/wp\/v2\/media?parent=3613"}],"curies":[{"name":"wp","href":"https:\/\/api.w.org\/{rel}","templated":true}]}}