{"id":358,"date":"2016-09-14T10:00:58","date_gmt":"2016-09-14T10:00:58","guid":{"rendered":"http:\/\/web.palmaactiva.com\/?page_id=358"},"modified":"2016-11-29T09:17:29","modified_gmt":"2016-11-29T09:17:29","slug":"recursos-de-creacion-de-empresas","status":"publish","type":"page","link":"https:\/\/web.palmaactiva.com\/es\/empresa\/oficina-de-lautonom-2\/recursos-de-creacion-de-empresas\/","title":{"rendered":"Recursos de creaci\u00f3n de empresas"},"content":{"rendered":"<div class=\"su-tabs su-tabs-style-default su-tabs-mobile-stack\" data-active=\"1\" data-scroll-offset=\"0\" data-anchor-in-url=\"no\"><div class=\"su-tabs-nav\"><span class=\"\" data-url=\"\" data-target=\"blank\" tabindex=\"0\" role=\"button\">\u00bb[:es<\/span><span class=\"\" data-url=\"\" data-target=\"blank\" tabindex=\"0\" role=\"button\">\u00bb[:es<\/span><\/div><div class=\"su-tabs-panes\"><div class=\"su-tabs-pane su-u-clearfix su-u-trim\" data-title=\"\u00bb[:es\">Herramientas on line que te ayudan a impulsar tu idea de negocio\u00bb]PalmaActiva dispone de un conjunto de herramientas on line destinadas a las personas emprendedoras. Decisiones como la elecci\u00f3n de la forma jur\u00eddica o informaci\u00f3n crucial como el calendario fiscal, la forma correcta de emitir facturas o donde encontrar financiaci\u00f3n, son algunas de las cuestiones que se tratan en estas aplicaciones interactivas de gran utilidad para las personas que quieren crear una empresa.<div class=\"su-list\" style=\"margin-left:0px\">\n<ul>\n<li><i class=\"sui sui-chevron-circle-right\" style=\"color:#e03e52\"><\/i> <a href=\"http:\/\/formacio.palmaactiva.com\/guiatramites\/\">Gu\u00cda de formas jur\u00eddicas y tr\u00e1mites<\/a><\/li>\n<li><i class=\"sui sui-chevron-circle-right\" style=\"color:#e03e52\"><\/i> <a href=\"https:\/\/drive.google.com\/drive\/folders\/0B4oQw0kKkmcXaWxERVdXYWRpSGc\">Documentos plan  de empresa<\/a><\/li>\n<li><i class=\"sui sui-chevron-circle-right\" style=\"color:#e03e52\"><\/i> <a href=\"http:\/\/static.issuu.com\/widgets\/shelf\/index.html?folderId=b4c75009-c3af-477f-a153-65377f6a5b8b&amp;theme=theme3&amp;rows=2&amp;thumbSize=medium&amp;roundedCorners=true&amp;showTitle=true&amp;showAuthor=false&amp;shadow=true&amp;effect3d=true\">Gu\u00eda de tr\u00e1mites para montar una empresa<\/a><\/li>\n<li><i class=\"sui sui-chevron-circle-right\" style=\"color:#e03e52\"><\/i> <a href=\"http:\/\/guiafinanciacion.creatpalma.es\/(S(axpuqr55123kykjjf30z4k55))\/index.aspx\">Gu\u00eda de financiaci\u00f3n online<\/a><\/li>\n<li><i class=\"sui sui-chevron-circle-right\" style=\"color:#e03e52\"><\/i> <a href=\"http:\/\/www.somemprenedor.es\/\">Test del emprendedor<\/a><\/li>\n<\/ul>\n<\/div>\n<a href=\"https:\/\/sites.google.com\/site\/palmaactivacir\/home\/crear-empresa\/recursos-i-eines-creaci-i-consolidaci-dempreses\" class=\"su-button su-button-style-flat\" style=\"color:#ffffff;background-color:#e03e52;border-color:#b43242;border-radius:6px;-moz-border-radius:6px;-webkit-border-radius:6px\" target=\"_self\"><span style=\"color:#ffffff;padding:6px 18px;font-size:14px;line-height:21px;border-color:#ea7886;border-radius:6px;-moz-border-radius:6px;-webkit-border-radius:6px;text-shadow:none;-moz-text-shadow:none;-webkit-text-shadow:none\"><i class=\"sui sui-sign-in\" style=\"font-size:14px;color:#FFFFFF\"><\/i> M\u00e1s recursos para la creaci\u00f3n de empresas<\/span><\/a><\/div>\n<div class=\"su-tabs-pane su-u-clearfix su-u-trim\" data-title=\"\u00bb[:es\">Servicio de autoconsulta\u00bb]<figure id=\"attachment_869\" aria-describedby=\"caption-attachment-869\" style=\"width: 300px\" class=\"wp-caption alignleft\"><img decoding=\"async\" loading=\"lazy\" src=\"https:\/\/web.palmaactiva.com\/wp-content\/uploads\/2016\/05\/481290_302784116473690_2126881180_n-300x200.jpg\" alt=\"&#091;:es&#093;Servicio de autoconsulta PalmaActiva&#091;:ca&#093;Servei d&#039;autoconsulta PalmaActiva&#091;:&#093;\" width=\"300\" height=\"200\" class=\"size-medium wp-image-869\" srcset=\"https:\/\/web.palmaactiva.com\/wp-content\/uploads\/2016\/05\/481290_302784116473690_2126881180_n-300x200.jpg 300w, https:\/\/web.palmaactiva.com\/wp-content\/uploads\/2016\/05\/481290_302784116473690_2126881180_n-768x512.jpg 768w, https:\/\/web.palmaactiva.com\/wp-content\/uploads\/2016\/05\/481290_302784116473690_2126881180_n-400x268.jpg 400w, https:\/\/web.palmaactiva.com\/wp-content\/uploads\/2016\/05\/481290_302784116473690_2126881180_n.jpg 800w\" sizes=\"(max-width: 300px) 100vw, 300px\" \/><figcaption id=\"caption-attachment-869\" class=\"wp-caption-text\">Servicio de autoconsulta PalmaActiva<\/figcaption><\/figure><strong>El Servicio de autoconsulta<\/strong> es un espacio moderno y equipado para poner al alcance de las personas en b\u00fasqueda de trabajo las herramientas necesarias para buscar trabajo: ordenadores con conexi\u00f3n a Internet, informaci\u00f3n sobre temas relacionados con la b\u00fasqueda de trabajo, prensa diaria, tabl\u00f3n de ofertas de trabajo, etc.<br \/>\n<strong>Requisitos<\/strong>: es necesario poder hacer un uso aut\u00f3nomo del ordenador.<br \/>\n<strong>Direcci\u00f3n<\/strong>: calle Socorro 22, 07002 PALMA<br \/>\n<strong>Horario<\/strong>: lunes y mi\u00e9rcoles de 8:30 a 17:00 ininterrumpidamente y martes, jueves y viernes de 8:30 a 14:30. En verano de lunes a viernes de 8:30 a 14:30 (del 15 de junio al 15 de septiembre)<\/p>\n<h4>Tambi\u00e9n on line<\/h4>\n<p><strong>El Servicio de autoconsulta<\/strong> ahora 24 horas al d\u00eda, 365 d\u00edas al a\u00f1o a tu alcance.<div class=\"su-button-center\"><a href=\"https:\/\/sites.google.com\/site\/palmaactivacir\/\" class=\"su-button su-button-style-flat\" style=\"color:#ffffff;background-color:#e03e52;border-color:#b43242;border-radius:6px;-moz-border-radius:6px;-webkit-border-radius:6px\" target=\"_self\"><span style=\"color:#ffffff;padding:6px 18px;font-size:14px;line-height:21px;border-color:#ea7886;border-radius:6px;-moz-border-radius:6px;-webkit-border-radius:6px;text-shadow:none;-moz-text-shadow:none;-webkit-text-shadow:none\"><i class=\"sui sui-sign-in\" style=\"font-size:14px;color:#FFFFFF\"><\/i> Accede al Servicio de autoconsulta on line<\/span><\/a><\/div><\/div><\/div><\/div>","protected":false},"excerpt":{"rendered":"","protected":false},"author":1,"featured_media":0,"parent":41,"menu_order":0,"comment_status":"closed","ping_status":"closed","template":"","meta":{"footnotes":""},"_links":{"self":[{"href":"https:\/\/web.palmaactiva.com\/es\/wp-json\/wp\/v2\/pages\/358"}],"collection":[{"href":"https:\/\/web.palmaactiva.com\/es\/wp-json\/wp\/v2\/pages"}],"about":[{"href":"https:\/\/web.palmaactiva.com\/es\/wp-json\/wp\/v2\/types\/page"}],"author":[{"embeddable":true,"href":"https:\/\/web.palmaactiva.com\/es\/wp-json\/wp\/v2\/users\/1"}],"replies":[{"embeddable":true,"href":"https:\/\/web.palmaactiva.com\/es\/wp-json\/wp\/v2\/comments?post=358"}],"version-history":[{"count":5,"href":"https:\/\/web.palmaactiva.com\/es\/wp-json\/wp\/v2\/pages\/358\/revisions"}],"predecessor-version":[{"id":1425,"href":"https:\/\/web.palmaactiva.com\/es\/wp-json\/wp\/v2\/pages\/358\/revisions\/1425"}],"up":[{"embeddable":true,"href":"https:\/\/web.palmaactiva.com\/es\/wp-json\/wp\/v2\/pages\/41"}],"wp:attachment":[{"href":"https:\/\/web.palmaactiva.com\/es\/wp-json\/wp\/v2\/media?parent=358"}],"curies":[{"name":"wp","href":"https:\/\/api.w.org\/{rel}","templated":true}]}}