{"id":351,"date":"2016-09-12T12:25:00","date_gmt":"2016-09-12T12:25:00","guid":{"rendered":"http:\/\/web.palmaactiva.com\/?page_id=351"},"modified":"2025-11-06T12:52:55","modified_gmt":"2025-11-06T11:52:55","slug":"premios-palmaactiva","status":"publish","type":"page","link":"https:\/\/web.palmaactiva.com\/es\/premios-palmaactiva\/","title":{"rendered":"Premios PalmaActiva"},"content":{"rendered":"<div class=\"su-row\"><div class=\"su-column su-column-size-1-3\"><div class=\"su-column-inner su-u-clearfix su-u-trim\"><div class=\"su-youtube su-u-responsive-media-yes\"><iframe width=\"640\" height=\"360\" src=\"https:\/\/www.youtube.com\/embed\/f9IE5EHvUGg?autohide=2&amp;autoplay=0&amp;mute=0&amp;controls=1&amp;fs=1&amp;loop=0&amp;modestbranding=0&amp;rel=0&amp;showinfo=0&amp;theme=light&amp;wmode=&amp;playsinline=0\" frameborder=\"0\" allowfullscreen allow=\"autoplay; encrypted-media; picture-in-picture\" title=\"\"><\/iframe><\/div>\n<\/div><\/div><div class=\"su-column su-column-size-2-3\"><div class=\"su-column-inner su-u-clearfix su-u-trim\">\nDesarrollamos diferentes iniciativas para premiar el esp\u00edritu emprendedor y los mejores proyectos de innovaci\u00f3n en nuestra ciudad. Nuestro objetivo es incentivar la cultura emprendedora y fomentar la creaci\u00f3n de nuevas empresas y proyectos en Palma.<\/p>\n<p><a name=\"PREMIS2\"><\/a><\/p>\n<h4>Premios a los mejores proyectos empresariales de estudiantes 2025-26<\/h4>\nEs un concurso empresarial que tiene como principales objetivos apoyar y difundir la cultura emprendedora entre los estudiantes y los miembros de los centros educativos y estimular el esp\u00edritu emprendedor de los alumnos.<br \/>\nEl concurso est\u00e1 dirigido a los alumnos matriculados en centros educativos p\u00fablicos, privados y concertados de Palma en los cursos de segundo de Bachillerato, Ciclos formativos de Grado Mediano y Superior.<\/p>\n<table>\n<tbody>\n<tr>\n<td>\n<div class=\"dt-service-more\" style=\"margin-bottom: 5px; margin-top: 5px; text-align: center\">\n    <a href=\"https:\/\/web.palmaactiva.com\/es\/premios-palmaactiva\/concurso-de-premios-a-los-mejores-proyectos-empresariales-de-estudiantes\/\" target=\"_parent\" rel=\"noopener\" style=\"display: inline-flex; align-items: center; justify-content: center; padding: 10px 30px; border-radius: 2px; text-transform: uppercase; text-decoration: none; max-width: 100%; box-sizing: border-box;\"><i class=\"fa fa-sign-in\" style=\"margin-right: 10px;\"><\/i><span style=\"display: inline-flex; line-height: 1.5;\">XIV Concurso mejores proyectos empresariales de estudiantes<\/span><\/a>\n<\/div>\n<\/td>\n<td>\n<div class=\"dt-service-more\" style=\"margin-bottom: 5px; margin-top: 5px; text-align: center\">\n    <a href=\"https:\/\/web.palmaactiva.com\/es\/palmares-de-premiados-del-concurso-de-proyectos-empresariales-de-estudiantes\/\" target=\"_blank\" rel=\"noopener\" style=\"display: inline-flex; align-items: center; justify-content: center; padding: 10px 30px; border-radius: 2px; text-transform: uppercase; text-decoration: none; max-width: 100%; box-sizing: border-box;\"><i class=\"fa fa-trophy\" style=\"margin-right: 10px;\"><\/i><span style=\"display: inline-flex; line-height: 1.5;\">Consulta el palmar\u00e9s de las ediciones anteriores<\/span><\/a>\n<\/div>\n<\/td>\n<\/tr>\n<\/tbody>\n<\/table>\n<p><!--&#091;su_divider&#093;--><\/p>\n<\/div><\/div><\/div>","protected":false},"excerpt":{"rendered":"","protected":false},"author":1,"featured_media":0,"parent":0,"menu_order":0,"comment_status":"closed","ping_status":"closed","template":"","meta":{"footnotes":""},"_links":{"self":[{"href":"https:\/\/web.palmaactiva.com\/es\/wp-json\/wp\/v2\/pages\/351"}],"collection":[{"href":"https:\/\/web.palmaactiva.com\/es\/wp-json\/wp\/v2\/pages"}],"about":[{"href":"https:\/\/web.palmaactiva.com\/es\/wp-json\/wp\/v2\/types\/page"}],"author":[{"embeddable":true,"href":"https:\/\/web.palmaactiva.com\/es\/wp-json\/wp\/v2\/users\/1"}],"replies":[{"embeddable":true,"href":"https:\/\/web.palmaactiva.com\/es\/wp-json\/wp\/v2\/comments?post=351"}],"version-history":[{"count":26,"href":"https:\/\/web.palmaactiva.com\/es\/wp-json\/wp\/v2\/pages\/351\/revisions"}],"predecessor-version":[{"id":54372,"href":"https:\/\/web.palmaactiva.com\/es\/wp-json\/wp\/v2\/pages\/351\/revisions\/54372"}],"wp:attachment":[{"href":"https:\/\/web.palmaactiva.com\/es\/wp-json\/wp\/v2\/media?parent=351"}],"curies":[{"name":"wp","href":"https:\/\/api.w.org\/{rel}","templated":true}]}}