{"id":3271,"date":"2017-06-21T12:45:53","date_gmt":"2017-06-21T12:45:53","guid":{"rendered":"http:\/\/web.palmaactiva.com\/?page_id=3271"},"modified":"2022-02-07T12:56:39","modified_gmt":"2022-02-07T11:56:39","slug":"formacion-dual-para-empresas","status":"publish","type":"page","link":"https:\/\/web.palmaactiva.com\/es\/buscar-trabajadores\/formacion-dual-para-empresas\/","title":{"rendered":"Formaci\u00f3n dual para empresas"},"content":{"rendered":"<div class=\"su-row\"><div class=\"su-column su-column-size-1-2\"><div class=\"su-column-inner su-u-clearfix su-u-trim\">\n<a href=\"https:\/\/docs.google.com\/forms\/d\/e\/1FAIpQLSfqCKPOeQLv2sieu8oPiypJ8XGLP10-w7Qa5N34MAoO6VW6VQ\/viewform?usp=sf_link\" target=\"blank_\" rel=\"noopener noreferrer\"><img decoding=\"async\" loading=\"lazy\" class=\"alignnone size-full wp-image-29562\" src=\"https:\/\/web.palmaactiva.com\/wp-content\/uploads\/2020\/06\/dual_ES.jpg\" alt=\"\" width=\"1200\" height=\"627\" \/><\/a>\n<\/div><\/div>\n<div class=\"su-column su-column-size-1-2\"><div class=\"su-column-inner su-u-clearfix su-u-trim\">\n<h4>\u00bfQu\u00e9 es la formaci\u00f3n dual?<\/h4>\nEs una modalidad formativa que combina la formaci\u00f3n y la actividad laboral retribuida. Se trata de una formaci\u00f3n profesional dirigida a j\u00f3venes de 16 a 30 a\u00f1os que quieren aprender una profesi\u00f3n y empresas que quieren preparar a futuros profesionales, combinando la formaci\u00f3n en un certificado de profesionalidad y el trabajo efectivo con un contrato de formaci\u00f3n y aprendizaje.\n<\/div><\/div>\n<\/div>\n<h3 class=\"colorear\">\u00bfQuieres contratar personal en formaci\u00f3n con un 100% de los costes subvencionados? Buscamos empresas para participar en el programa de formaci\u00f3n dual \u00abDesarrollo de aplicaciones con tecnolog\u00edas web\u00bb<\/h3>\n<h4>El contrato para la formaci\u00f3n y aprendizaje:<\/h4>\nPara formalizar un contrato de formaci\u00f3n y aprendizaje la empresa debe contar con una persona calificada que har\u00e1 de tutor\/a de la persona participante en la formaci\u00f3n dual. Este tutor\/a estar\u00e1 en contacto con el t\u00e9cnico de formaci\u00f3n y\/o docentes de PalmaActiva y sus funciones principales ser\u00e1n:<\/p>\n<ul>\n<li>Coordinaci\u00f3n con el programa formativo.<\/li>\n<li>Planificaci\u00f3n de los objetivos de aprendizaje en la empresa.<\/li>\n<li>Planificaci\u00f3n de las tareas y trabajos a desarrollar por parte de los participantes.<\/li>\n<li>Evaluaci\u00f3n de las personas participantes.<\/li>\n<li>Soporte t\u00e9cnico y pedag\u00f3gico a la empresa de las personas participantes.<\/li>\n<\/ul>\n<p>M\u00e1s informaci\u00f3n sobre el contrato de formaci\u00f3n y aprendizaje en <strong><a href=\"https:\/\/www.sepe.es\/HomeSepe\/empresas\/Contratos-de-trabajo\/contratacion-formacion-aprendizaje.html \">este enlace<\/a><\/strong>.<br \/>\n\n<h4>\u00bfQu\u00e9 puede aportar a tu empresa participar en la formaci\u00f3n dual?<\/h4>\n\n<ul>\n<li>La oportunidad de conseguir profesionales cualificados con formaci\u00f3n espec\u00edfica de una profesi\u00f3n.<\/li>\n<li>Participar en una iniciativa de car\u00e1cter social y de compromiso con personas j\u00f3venes que permita mejorar su empleabilidad.<\/li>\n<li>Financiaci\u00f3n de los gastos de contrataci\u00f3n hasta un m\u00e1ximo de un 100% por parte del SOIB.<\/li>\n<\/ul>\n\n\n<h4>\u00bfQu\u00e9 tienes que hacer para colaborar como empresa?<\/h4>\n<ul>\n<li>Cumplir con los requisitos para poder contratar en la modalidad de CONTRATO para la formaci\u00f3n y el aprendizaje (ver normativa anexa).<\/li>\n<li>Llenar y enviar el siguiente FORMULARIO. El plazo m\u00e1ximo para formalizar la solicitud es hasta el 31 de enero de 2022<\/li>\n<\/ul>\n<p>PalmaActiva, de acuerdo con la informaci\u00f3n facilitada en el formulario, realizar\u00e1 una valoraci\u00f3n de las empresas que hayan formalizado la solicitud para establecer con qu\u00e9 se presentar\u00e1 de manera agrupada en la convocatoria de formaci\u00f3n dual del SOIB.<br \/>\n<div class=\"su-button-center\"><a href=\"https:\/\/docs.google.com\/forms\/d\/e\/1FAIpQLSdXBLsGECrQ6OJKydQHjJwySiEPzGsZkeChFUKkfVnK8M-w8g\/viewform?usp=sf_link\" class=\"su-button su-button-style-flat\" style=\"color:#ffffff;background-color:#e03e52;border-color:#b43242;border-radius:8px;-moz-border-radius:8px;-webkit-border-radius:8px\" target=\"_blank\" rel=\"noopener noreferrer\"><span style=\"color:#ffffff;padding:7px 22px;font-size:17px;line-height:26px;border-color:#ea7886;border-radius:8px;-moz-border-radius:8px;-webkit-border-radius:8px;text-shadow:none;-moz-text-shadow:none;-webkit-text-shadow:none\"><i class=\"sui sui-pencil-square-o\" style=\"font-size:17px;color:#FFFFFF\"><\/i> INSCRIPCI\u00d3N CERRADA PARA EMPRESAS<\/span><\/a><\/div>\n<h4>Normativa<\/h4>\n<p>Bases para la selecci\u00f3n de empresas:<\/p>\n<ul>\n<li><div class='w3eden'><!-- WPDM Link Template: Default Template -->\n\n<div class=\"link-template-default card mb-2\">\n    <div class=\"card-body\">\n        <div class=\"media\">\n            <div class=\"mr-3 img-48\"><img class=\"wpdm_icon\" alt=\"Icona\" src=\"https:\/\/web.palmaactiva.com\/wp-content\/plugins\/download-manager\/assets\/file-type-icons\/pdf.svg\" \/><\/div>\n            <div class=\"media-body\">\n                <h3 class=\"package-title\"><a href='https:\/\/web.palmaactiva.com\/es\/download\/bases-dual-2022-empresas\/'>Bases DUAL 2022 (empresas)<\/a><\/h3>\n                <div class=\"text-muted text-small\"><i class=\"fas fa-copy\"><\/i> 1 fitxer(s) <i class=\"fas fa-hdd ml-3\"><\/i> 356.96 KB<\/div>\n            <\/div>\n            <div class=\"ml-3\">\n                <a class='wpdm-download-link download-on-click btn btn-primary btn-sm' rel='nofollow' href='#' data-downloadurl=\"https:\/\/web.palmaactiva.com\/es\/download\/bases-dual-2022-empresas\/?wpdmdl=45765&refresh=69d27b48e01c41775401800\">Descargar<\/a>\n            <\/div>\n        <\/div>\n    <\/div>\n<\/div>\n\n<\/div><\/li>\n<\/ul>\n<p>Normativa sobre contratos para la formaci\u00f3n y el aprendizaje:<\/p>\n<ul>\n<li><a href=\"https:\/\/www.boe.es\/buscar\/act.php?id=BOE-A-2015-11430\">Art\u00edculo 11.2 ET.<\/a><\/li>\n<li><a href=\"https:\/\/www.boe.es\/boe_catalan\/dias\/2012\/11\/09\/pdfs\/BOE-A-2012-13846-C.pdf\">RD 1529\/2012 contrato para la formaci\u00f3n y el aprendizaje.<\/a><\/li>\n<li><a href=\"https:\/\/www.sepe.es\/HomeSepe\/empresas\/Contratos-de-trabajo\/contratacion-formacion-aprendizaje.html\">Informaci\u00f3n SEPE sobre contrato para la formaci\u00f3n y el aprendizaje.<\/a><\/li>\n<\/ul>\n<p>Normativa sobre certificados de profesionalidad:<\/p>\n<ul>\n<li style=\"list-style-type: none;\">\n<ul>\n<li><a href=\"https:\/\/www.sepe.es\/HomeSepe\/Personas\/formacion\/certificados-profesionalidad.html\">Normativa general certificados de profesionalidad.<\/a><\/li>\n<li>Certificado de profesionalidad de \u00abDesarrollo de aplicaciones con tecnolog\u00edas web\u00bb<\/li>\n<\/ul>\n<\/li>\n<\/ul>\n<div class='w3eden'><!-- WPDM Link Template: Default Template -->\n\n<div class=\"link-template-default card mb-2\">\n    <div class=\"card-body\">\n        <div class=\"media\">\n            <div class=\"mr-3 img-48\"><img class=\"wpdm_icon\" alt=\"Icona\" src=\"https:\/\/web.palmaactiva.com\/wp-content\/plugins\/download-manager\/assets\/file-type-icons\/pdf.svg\" \/><\/div>\n            <div class=\"media-body\">\n                <h3 class=\"package-title\"><a href='https:\/\/web.palmaactiva.com\/es\/download\/ifcd0210-cp-desenvolupament-aplicacions-tecnologia-web\/'>IFCD0210 CP Desarrollo aplicaciones tecnolog\u00eda web<\/a><\/h3>\n                <div class=\"text-muted text-small\"><i class=\"fas fa-copy\"><\/i> 1 fitxer(s) <i class=\"fas fa-hdd ml-3\"><\/i> 2.42 MB<\/div>\n            <\/div>\n            <div class=\"ml-3\">\n                <a class='wpdm-download-link download-on-click btn btn-primary btn-sm' rel='nofollow' href='#' data-downloadurl=\"https:\/\/web.palmaactiva.com\/es\/download\/ifcd0210-cp-desenvolupament-aplicacions-tecnologia-web\/?wpdmdl=29556&refresh=69d27b490c4891775401801\">Descargar<\/a>\n            <\/div>\n        <\/div>\n    <\/div>\n<\/div>\n\n<\/div>\n<ul>\n<li style=\"list-style-type: none;\">\n<ul>\n<li>Convocatoria SOIB formaci\u00f3n dual Per\u00edodo 2020-2022<\/li>\n<\/ul>\n<\/li>\n<\/ul>\n<div class='w3eden'><!-- WPDM Link Template: Default Template -->\n\n<div class=\"link-template-default card mb-2\">\n    <div class=\"card-body\">\n        <div class=\"media\">\n            <div class=\"mr-3 img-48\"><img class=\"wpdm_icon\" alt=\"Icona\" src=\"https:\/\/web.palmaactiva.com\/wp-content\/plugins\/download-manager\/assets\/file-type-icons\/pdf.svg\" \/><\/div>\n            <div class=\"media-body\">\n                <h3 class=\"package-title\"><a href='https:\/\/web.palmaactiva.com\/es\/download\/convocatoria-soib-formacio-dual-2022\/'>Convocatoria SOIB formaci\u00f3n dual 2022<\/a><\/h3>\n                <div class=\"text-muted text-small\"><i class=\"fas fa-copy\"><\/i> 1 fitxer(s) <i class=\"fas fa-hdd ml-3\"><\/i> 288.75 KB<\/div>\n            <\/div>\n            <div class=\"ml-3\">\n                <a class='wpdm-download-link download-on-click btn btn-primary btn-sm' rel='nofollow' href='#' data-downloadurl=\"https:\/\/web.palmaactiva.com\/es\/download\/convocatoria-soib-formacio-dual-2022\/?wpdmdl=44040&refresh=69d27b492b4711775401801\">Descargar<\/a>\n            <\/div>\n        <\/div>\n    <\/div>\n<\/div>\n\n<\/div>\nDescargar<\/a>\n            <\/div>\n        <\/div>\n    <\/div>\n<\/div>\n\n<\/div><\/li>\n<\/ul>\n<p>Normativa sobre contractes per a la formaci\u00f3 i l\u2019aprenentatge:<\/p>\n<ul>\n<li><a href=\"https:\/\/www.boe.es\/buscar\/act.php?id=BOE-A-2015-11430\">Article 11.2 Estatut dels Treballadors.<\/a><\/li>\n<li><a href=\"https:\/\/www.boe.es\/boe_catalan\/dias\/2012\/11\/09\/pdfs\/BOE-A-2012-13846-C.pdf\">RD 1529\/2012 contracte per a la formaci\u00f3 i l\u2019aprenentatge.<\/a><\/li>\n<li><a href=\"https:\/\/www.sepe.es\/HomeSepe\/empresas\/Contratos-de-trabajo\/contratacion-formacion-aprendizaje.html\">Informaci\u00f3 SEPE sobre contracte per a la formaci\u00f3 i l\u2019aprenentatge.<\/a><\/li>\n<\/ul>\n<p>Normativa sobre certificats de professionalitat:<\/p>\n<ul>\n<li style=\"list-style-type: none;\">\n<ul>\n<li><a href=\"https:\/\/www.sepe.es\/HomeSepe\/Personas\/formacion\/certificados-profesionalidad.html\">Normativa general certificats de professionalitat.<\/a><\/li>\n<li>Certificat de professionalitat de \u201cDesenvolupament d\u2019aplicacions amb tecnologies web\u201d<\/li>\n<\/ul>\n<\/li>\n<\/ul>\n<div class='w3eden'><!-- WPDM Link Template: Default Template -->\n\n<div class=\"link-template-default card mb-2\">\n    <div class=\"card-body\">\n        <div class=\"media\">\n            <div class=\"mr-3 img-48\"><img class=\"wpdm_icon\" alt=\"Icona\" src=\"https:\/\/web.palmaactiva.com\/wp-content\/plugins\/download-manager\/assets\/file-type-icons\/pdf.svg\" \/><\/div>\n            <div class=\"media-body\">\n                <h3 class=\"package-title\"><a href='https:\/\/web.palmaactiva.com\/es\/download\/ifcd0210-cp-desenvolupament-aplicacions-tecnologia-web\/'>IFCD0210 CP Desarrollo aplicaciones tecnolog\u00eda web<\/a><\/h3>\n                <div class=\"text-muted text-small\"><i class=\"fas fa-copy\"><\/i> 1 fitxer(s) <i class=\"fas fa-hdd ml-3\"><\/i> 2.42 MB<\/div>\n            <\/div>\n            <div class=\"ml-3\">\n                <a class='wpdm-download-link download-on-click btn btn-primary btn-sm' rel='nofollow' href='#' data-downloadurl=\"https:\/\/web.palmaactiva.com\/es\/download\/ifcd0210-cp-desenvolupament-aplicacions-tecnologia-web\/?wpdmdl=29556&refresh=69d27b494bea31775401801\">Descargar<\/a>\n            <\/div>\n        <\/div>\n    <\/div>\n<\/div>\n\n<\/div>\n<ul>\n<li style=\"list-style-type: none;\">\n<ul>\n<li>Convocat\u00f2ria SOIB formaci\u00f3 dual per\u00edodo 2020-2022<\/li>\n<\/ul>\n<\/li>\n<\/ul>\n<div class='w3eden'><!-- WPDM Link Template: Default Template -->\n\n<div class=\"link-template-default card mb-2\">\n    <div class=\"card-body\">\n        <div class=\"media\">\n            <div class=\"mr-3 img-48\"><img class=\"wpdm_icon\" alt=\"Icona\" src=\"https:\/\/web.palmaactiva.com\/wp-content\/plugins\/download-manager\/assets\/file-type-icons\/pdf.svg\" \/><\/div>\n            <div class=\"media-body\">\n                <h3 class=\"package-title\"><a href='https:\/\/web.palmaactiva.com\/es\/download\/convocatoria-soib-formacio-dual-2022\/'>Convocatoria SOIB formaci\u00f3n dual 2022<\/a><\/h3>\n                <div class=\"text-muted text-small\"><i class=\"fas fa-copy\"><\/i> 1 fitxer(s) <i class=\"fas fa-hdd ml-3\"><\/i> 288.75 KB<\/div>\n            <\/div>\n            <div class=\"ml-3\">\n                <a class='wpdm-download-link download-on-click btn btn-primary btn-sm' rel='nofollow' href='#' data-downloadurl=\"https:\/\/web.palmaactiva.com\/es\/download\/convocatoria-soib-formacio-dual-2022\/?wpdmdl=44040&refresh=69d27b495214f1775401801\">Descargar<\/a>\n            <\/div>\n        <\/div>\n    <\/div>\n<\/div>\n\n<\/div>","protected":false},"excerpt":{"rendered":"<p>\u00bfQuieres contratar personal en formaci\u00f3n con un 100% de los costes subvencionados? Buscamos empresas para participar en el programa de formaci\u00f3n dual \u00abDesarrollo de aplicaciones con tecnolog\u00edas web\u00bb El contrato para la formaci\u00f3n y aprendizaje: Para formalizar un contrato de formaci\u00f3n y aprendizaje la empresa debe contar con una persona calificada que har\u00e1 de tutor\/a [&hellip;]<\/p>\n","protected":false},"author":1,"featured_media":0,"parent":318,"menu_order":0,"comment_status":"closed","ping_status":"closed","template":"","meta":{"footnotes":""},"_links":{"self":[{"href":"https:\/\/web.palmaactiva.com\/es\/wp-json\/wp\/v2\/pages\/3271"}],"collection":[{"href":"https:\/\/web.palmaactiva.com\/es\/wp-json\/wp\/v2\/pages"}],"about":[{"href":"https:\/\/web.palmaactiva.com\/es\/wp-json\/wp\/v2\/types\/page"}],"author":[{"embeddable":true,"href":"https:\/\/web.palmaactiva.com\/es\/wp-json\/wp\/v2\/users\/1"}],"replies":[{"embeddable":true,"href":"https:\/\/web.palmaactiva.com\/es\/wp-json\/wp\/v2\/comments?post=3271"}],"version-history":[{"count":9,"href":"https:\/\/web.palmaactiva.com\/es\/wp-json\/wp\/v2\/pages\/3271\/revisions"}],"predecessor-version":[{"id":46004,"href":"https:\/\/web.palmaactiva.com\/es\/wp-json\/wp\/v2\/pages\/3271\/revisions\/46004"}],"up":[{"embeddable":true,"href":"https:\/\/web.palmaactiva.com\/es\/wp-json\/wp\/v2\/pages\/318"}],"wp:attachment":[{"href":"https:\/\/web.palmaactiva.com\/es\/wp-json\/wp\/v2\/media?parent=3271"}],"curies":[{"name":"wp","href":"https:\/\/api.w.org\/{rel}","templated":true}]}}