{"id":322,"date":"2016-09-12T09:25:10","date_gmt":"2016-09-12T09:25:10","guid":{"rendered":"http:\/\/web.palmaactiva.com\/?page_id=322"},"modified":"2024-07-22T08:33:41","modified_gmt":"2024-07-22T06:33:41","slug":"consejo-municipal-del-comercio","status":"publish","type":"page","link":"https:\/\/web.palmaactiva.com\/es\/comercio\/consejo-municipal-del-comercio\/","title":{"rendered":"Consejo Municipal del Comercio"},"content":{"rendered":"<div class=\"su-row\"><div class=\"su-column su-column-size-1-4\"><div class=\"su-column-inner su-u-clearfix su-u-trim\"><div class=\"su-tabs su-tabs-style-default su-tabs-mobile-stack custom-su-tabs su-tabs-vertical\" data-active=\"1\" data-scroll-offset=\"0\" data-anchor-in-url=\"no\"><div class=\"su-tabs-nav\"><span class=\"\" data-url=\"\" data-target=\"blank\" tabindex=\"0\" role=\"button\"><i class='fa fa-user colorear'><\/i><\/span><span class=\"\" data-url=\"\" data-target=\"blank\" tabindex=\"0\" role=\"button\"><i class='fa fa-map-marker colorear'><\/i><\/span><span class=\"\" data-url=\"\" data-target=\"blank\" tabindex=\"0\" role=\"button\"><i class='fa fa-clock-o colorear'><\/i><\/span><\/div><div class=\"su-tabs-panes\"><div class=\"su-tabs-pane su-u-clearfix su-u-trim\" data-title=\"&lt;i class=&#039;fa fa-user colorear&#039;&gt;&lt;\/i&gt;\">Dirigido a <strong>patronales del comercio<\/strong> de Palma.<\/div>\n<div class=\"su-tabs-pane su-u-clearfix su-u-trim\" data-title=\"&lt;i class=&#039;fa fa-map-marker colorear&#039;&gt;&lt;\/i&gt;\"><strong>PalmaActiva<\/strong><br \/>\nC\/ Socors 22 &#8211; Palma<br \/>\n<a href=\"https:\/\/www.google.com\/maps\/dir\/\/C%2F+del+Socors,+22,+Centre,+07002+Palma,+Illes+Balears\/@39.5698083,2.6523235,16z\/data=!4m8!4m7!1m0!1m5!1m1!1s0x1297924d97c1ae3b:0xb57e2eeef0f1406d!2m2!1d2.6554585!2d39.5687406?entry=ttu\">Mapa<\/a><\/div>\n<div class=\"su-tabs-pane su-u-clearfix su-u-trim\" data-title=\"&lt;i class=&#039;fa fa-clock-o colorear&#039;&gt;&lt;\/i&gt;\"><strong>Seg\u00fan programaci\u00f3n<\/strong><br \/>\nConsultar nuestros Destacados.<\/div><\/div><\/div><\/div><\/div>\n<div class=\"su-column su-column-size-3-4\"><div class=\"su-column-inner su-u-clearfix su-u-trim\"><strong>Punto de encuentro y de di\u00e1logo entre los representantes del sector del comercio y el Ayuntamiento en el que se tratan aquellos asuntos que inciden sobre el conjunto y el d\u00eda a d\u00eda de la actividad comercial<\/strong>.<br \/>\nSe organiza en torno a un sistema de sesiones peri\u00f3dicas, a las que asisten, adem\u00e1s de los representantes de las patronales del comercio &#8211; AFEDECO y PIMECO &#8211; y de la restauraci\u00f3n, las diferentes \u00e1reas municipales en funci\u00f3n de los contenidos de la Orden del d\u00eda de la sesi\u00f3n.<br \/>\nDel conjunto de asuntos tratados a lo largo de las diferentes sesiones del Consejo Municipal del Comercio, se extrae que la percepci\u00f3n de limpieza y de seguridad ciudadana, y la dotaci\u00f3n y el mantenimiento de las infraestructuras (mobiliario urbano, iluminaci\u00f3n, zonas verdes &#8230;) son los que m\u00e1s interesan al sector del comercio, dado que se vislumbra la existencia de una relaci\u00f3n directa sobre la actividad comercial.<br \/>\nComo resumen de las tem\u00e1ticas que se han tratado podemos citar: <div class=\"su-list\" style=\"margin-left:0px\">\n<ul>\n<li><i class=\"sui sui-chevron-circle-right\" style=\"color:#e03e52\"><\/i> 1. La previsi\u00f3n de un plan de refuerzo de la <b>limpieza<\/b> en las zonas comerciales de mayor tr\u00e1fico peatonal de manera preferente durante el verano, la Navidad y en fechas de llegada de cruceros, procurando una ubicaci\u00f3n , limpieza y reposici\u00f3n adecuada de papeleras y contenedores. Tambi\u00e9n, haciendo difusi\u00f3n de los medios empleados y de las frecuencias que se siguen.<\/li>\n<li><i class=\"sui sui-chevron-circle-right\" style=\"color:#e03e52\"><\/i> 2. El reforzamiento de la <b>seguridad ciudadana<\/b> especialmente durante las \u00e9pocas del a\u00f1o m\u00e1s sensibles para la actividad comercial, como pueden ser el verano y la Navidad. Adem\u00e1s de actuar contra los peque\u00f1os hurtos que se producen en los establecimientos comerciales, la venta ambulante y los grafitis.<\/li>\n<li><i class=\"sui sui-chevron-circle-right\" style=\"color:#e03e52\"><\/i> 3. Cuidar de todo lo relacionado con el <b>espacio p\u00fablico<\/b> (calles, plazas, mobiliario urbano &#8230;) en cuanto a mantenimiento, conservaci\u00f3n, mejora y modernizaci\u00f3n, dado que condicionan la actividad comercial en el sentido de convertirse o no un facilitador de flujos de peatones y potenciales clientes.<\/li>\n<li><i class=\"sui sui-chevron-circle-right\" style=\"color:#e03e52\"><\/i> 4. El mantenimiento y la limpieza de las <b>zonas verdes<\/b> (jardineras, arbolado, plantas &#8230;), haciendo compatible la actividad comerciales con el descanso de la poblaci\u00f3n residente.<\/li>\n<li><i class=\"sui sui-chevron-circle-right\" style=\"color:#e03e52\"><\/i> 5. La aplicaci\u00f3n de la ordenanza de <b>ocupaci\u00f3n de la v\u00eda p\u00fablica<\/b> debe permitir el desarrollo en armon\u00eda de diferentes usos empresariales sobre este espacio, especialmente en las zonas con predominio de actividad tur\u00edstica y de restauraci\u00f3n.<\/li>\n<li><i class=\"sui sui-chevron-circle-right\" style=\"color:#e03e52\"><\/i> 6. El estudio de medidas para hacer compatible eventos deportivos y de otro tipo, con el <b>accesibilidad<\/b> en diferentes lugares de la centro de la ciudad, promoviendo itinerarios alternativos y propuestas de movilidad.<\/li>\n<li><i class=\"sui sui-chevron-circle-right\" style=\"color:#e03e52\"><\/i> 7. Incluir la actividad comercial como componente de <b>promoci\u00f3n<\/b> de la ciudad, implicando en ello a esta promoci\u00f3n elementos de inter\u00e9s cultural, tur\u00edstico, patrimonial &#8230; y que se refleje, entre otros, en una adecuada se\u00f1alizaci\u00f3n de las zonas comerciales.<\/li>\n<li><i class=\"sui sui-chevron-circle-right\" style=\"color:#e03e52\"><\/i> 8. Buscar opciones para facilitar el <b>aparcamiento<\/b> a la clientela, estudiar la necesidad de zonas ORA que faciliten la rotaci\u00f3n y la llegada de clientela en las zonas comerciales, prever espacios de carga y descarga, promover la convivencia entre transporte p\u00fablico y privado y otros medios como la bicicleta, y planificar la adaptaci\u00f3n de sem\u00e1foros.<\/li>\n<li><i class=\"sui sui-chevron-circle-right\" style=\"color:#e03e52\"><\/i> 9. Dise\u00f1ar actuaciones que contribuyan a la <b>dinamizaci\u00f3n comercial<\/b> desde diferentes \u00e1mbitos, potenciar las actuaciones conjuntas entre diferentes comercios, fomentando el asociacionismo.<\/li>\n<li><i class=\"sui sui-chevron-circle-right\" style=\"color:#e03e52\"><\/i> 10. Impulsar la <b>modernizaci\u00f3n<\/b>, la innovaci\u00f3n, la implementaci\u00f3n de nuevas tecnolog\u00edas &#8230; de los establecimientos comerciales manteniendo los rasgos y valores propios que identifican el comercio tradicional.<\/li>\n<\/ul>\n<\/div><\/div><\/div><\/div>","protected":false},"excerpt":{"rendered":"","protected":false},"author":1,"featured_media":0,"parent":49,"menu_order":0,"comment_status":"closed","ping_status":"closed","template":"","meta":{"footnotes":""},"_links":{"self":[{"href":"https:\/\/web.palmaactiva.com\/es\/wp-json\/wp\/v2\/pages\/322"}],"collection":[{"href":"https:\/\/web.palmaactiva.com\/es\/wp-json\/wp\/v2\/pages"}],"about":[{"href":"https:\/\/web.palmaactiva.com\/es\/wp-json\/wp\/v2\/types\/page"}],"author":[{"embeddable":true,"href":"https:\/\/web.palmaactiva.com\/es\/wp-json\/wp\/v2\/users\/1"}],"replies":[{"embeddable":true,"href":"https:\/\/web.palmaactiva.com\/es\/wp-json\/wp\/v2\/comments?post=322"}],"version-history":[{"count":6,"href":"https:\/\/web.palmaactiva.com\/es\/wp-json\/wp\/v2\/pages\/322\/revisions"}],"predecessor-version":[{"id":51080,"href":"https:\/\/web.palmaactiva.com\/es\/wp-json\/wp\/v2\/pages\/322\/revisions\/51080"}],"up":[{"embeddable":true,"href":"https:\/\/web.palmaactiva.com\/es\/wp-json\/wp\/v2\/pages\/49"}],"wp:attachment":[{"href":"https:\/\/web.palmaactiva.com\/es\/wp-json\/wp\/v2\/media?parent=322"}],"curies":[{"name":"wp","href":"https:\/\/api.w.org\/{rel}","templated":true}]}}