{"id":320,"date":"2016-09-12T09:24:16","date_gmt":"2016-09-12T09:24:16","guid":{"rendered":"http:\/\/web.palmaactiva.com\/?page_id=320"},"modified":"2025-09-11T13:50:55","modified_gmt":"2025-09-11T11:50:55","slug":"dinamizacion-comercial","status":"publish","type":"page","link":"https:\/\/web.palmaactiva.com\/es\/dinamizacion-comercial\/","title":{"rendered":"Dinamizaci\u00f3n comercial"},"content":{"rendered":"Entendemos por dinamizaci\u00f3n comercial el conjunto de iniciativas que lidera PalmaActiva encaminadas al fomento y la promoci\u00f3n del tejido empresarial del municipio de Palma:<br \/>\n<div class=\"su-list\" style=\"margin-left:0px\">\n<ul>\n<li><i class=\"sui sui-chevron-circle-right\" style=\"color:#e03e52\"><\/i> <a href=\"#SUBVENCIONES\">Subvenciones para actuaciones de dinamizaci\u00f3n comercial<\/a><\/li>\n<li><i class=\"sui sui-chevron-circle-right\" style=\"color:#e03e52\"><\/i> <a href=\"#ZGAT\">Zona de Gran Afluencia Tur\u00edstica<\/a><\/li>\n<li><i class=\"sui sui-chevron-circle-right\" style=\"color:#e03e52\"><\/i> <a href=\"#DINAMIZACION\">Dinamizaci\u00f3n comercial<\/a><\/li>\n<li><i class=\"sui sui-chevron-circle-right\" style=\"color:#e03e52\"><\/i> <a href=\"#COMERCIOESCUELA\">Comer\u00e7 i Escola<\/a><\/li>\n<\/ul>\n<\/div>\n<br \/>\n<div class=\"su-divider su-divider-style-default\" style=\"margin:15px 0;border-width:1px;border-color:#dadada\"><\/div>\n<a name=\"SUBVENCIONES\"><\/a><\/p>\n<h3><span style=\"color: #e03e52;\"><strong>Subvenciones para actuaciones de dinamizaci\u00f3n comercial 2025 (PLAZO FINALIZADO)<\/strong><\/h3>\n<p><img decoding=\"async\" loading=\"lazy\" src=\"https:\/\/web.palmaactiva.com\/wp-content\/uploads\/2025\/04\/inversions-DINAMITZACIO2025.jpg\" alt=\"\" width=\"1572\" height=\"560\" class=\"alignnone size-full wp-image-53256\" srcset=\"https:\/\/web.palmaactiva.com\/wp-content\/uploads\/2025\/04\/inversions-DINAMITZACIO2025.jpg 1572w, https:\/\/web.palmaactiva.com\/wp-content\/uploads\/2025\/04\/inversions-DINAMITZACIO2025-300x107.jpg 300w, https:\/\/web.palmaactiva.com\/wp-content\/uploads\/2025\/04\/inversions-DINAMITZACIO2025-1024x365.jpg 1024w, https:\/\/web.palmaactiva.com\/wp-content\/uploads\/2025\/04\/inversions-DINAMITZACIO2025-768x274.jpg 768w, https:\/\/web.palmaactiva.com\/wp-content\/uploads\/2025\/04\/inversions-DINAMITZACIO2025-1536x547.jpg 1536w\" sizes=\"(max-width: 1572px) 100vw, 1572px\" \/><br \/>\n<!--PalmaActiva convoca una l\u00ednea de subvenciones que tiene como objetivo fomentar actuaciones de dinamizaci\u00f3n comercial en Palma.--><\/p>\n<div class=\"dt-service-more\" style=\"text-align: center; margin-bottom: 5px; margin-top: 5px;\">\n    <a href=\"\" target=\"_blank\" rel=\"noopener\" style=\"display: inline-flex; align-items: center; justify-content: center; padding: 10px 30px; border-radius: 2px; text-transform: uppercase; text-decoration: none; max-width: 100%; box-sizing: border-box;\"><i style=\"margin-right: 10px;\"><\/i><span style=\"display: inline-flex; line-height: 1.5;\">PLAZO FINALIZADO<\/span><\/a>\n<\/div>\n<p><\/br><br \/>\n<div class=\"su-row\"><div class=\"su-column su-column-size-1-2\"><div class=\"su-column-inner su-u-clearfix su-u-trim\">\n<strong>\u00bfQui\u00e9n puede solicitar esta subvenci\u00f3n?<\/strong><br \/>\nPueden ser beneficiarias las asociaciones, federaciones y confederaciones del sector comercio, sin \u00e1nimo de lucro, que desarrollen su actividad en el municipio de Palma y cumplan los requisitos especificados en la convocatoria.<\/p>\n<p><strong>\u00bfQu\u00e9 actividades son subvencionables?<\/strong><br \/>\nSon subvencionables aquellas actuaciones que fomenten la dinamizaci\u00f3n comercial, como:<br \/>\n-Campa\u00f1as de promoci\u00f3n.<br \/>\n-Eventos y actividades en calles comerciales.<br \/>\n-Publicidad y difusi\u00f3n (m\u00ednimo 15% del presupuesto).<br \/>\n-Contrataci\u00f3n de servicios externos (animaci\u00f3n, seguridad, etc.).<br \/>\n-Material de merchandising (hasta el 30% de la subvenci\u00f3n).<br \/>\n-Decoraci\u00f3n de espacios comerciales (hasta el 10%).<\/p>\n<p><strong>\u00bfCu\u00e1l es el per\u00edodo de ejecuci\u00f3n de las actividades?<\/strong><br \/>\nLas actividades deben realizarse, facturarse y pagarse entre el 1 de enero y el 30 de septiembre de 2025.<br \/>\n<span style=\"color: #e03e52;\">Este plazo se ha ampliado hasta el 20 de octubre de 2025 (BOIB n\u00fam. 121, 11 de setembre de 2025).<\/span><\/p>\n<p><strong>\u00bfCu\u00e1l es el importe m\u00e1ximo de la subvenci\u00f3n?<\/strong><br \/>\nEl 80% del coste total justificado, con un m\u00e1ximo de 100.000 \u20ac por proyecto (IVA excluido). El importe total del proyecto no puede superar los 125.000 \u20ac.<\/p>\n<p><strong>\u00bfHasta cu\u00e1ndo se puede presentar la solicitud?<\/strong><br \/>\nLas solicitudes se pueden presentar desde el d\u00eda siguiente a la publicaci\u00f3n en el BOIB hasta el 1 de septiembre de 2025.<\/p>\n<p><strong>\u00bfC\u00f3mo se deben presentar las solicitudes?<\/strong><br \/>\nExclusivamente de forma telem\u00e1tica a trav\u00e9s de la sede electr\u00f3nica de PalmaActiva: https:\/\/web.palmaactiva.com\/seuelectronica<\/p>\n<p><strong>\u00bfSe puede presentar m\u00e1s de una solicitud?<\/strong><br \/>\nNo. Cada entidad solo puede presentar una \u00fanica solicitud.<\/p>\n<p><strong>\u00bfQu\u00e9 criterios se tienen en cuenta para valorar el proyecto?<\/strong><br \/>\nEl proyecto debe superar un m\u00ednimo de 50 puntos y se valora seg\u00fan:<br \/>\n-Capacidad y experiencia de la entidad promotora (hasta 30 puntos).<br \/>\n-Calidad y viabilidad del proyecto (hasta 45 puntos).<br \/>\n-Implicaci\u00f3n territorial (hasta 25 puntos).<\/p>\n<\/div><\/div><div class=\"su-column su-column-size-1-2\"><div class=\"su-column-inner su-u-clearfix su-u-trim\">\n<strong>\u00bfSe pueden solicitar otras ayudas para la misma actividad?<\/strong><br \/>\nS\u00ed, es compatible con otras ayudas, siempre que no se supere el coste total de la actividad.<\/p>\n<p><strong>\u00bfCu\u00e1ndo se recibe el pago de la subvenci\u00f3n?<\/strong><br \/>\nEl pago se realiza en dos tramos:<br \/>\n-Se puede solicitar un primer pago anticipado del 50% tras la concesi\u00f3n y aceptaci\u00f3n.<br \/>\n-El 50% restante, una vez justificadas las actuaciones seg\u00fan la normativa.<\/p>\n<p><strong>\u00bfQu\u00e9 requisitos deben cumplir los comercios participantes?<\/strong><br \/>\nSe requiere la participaci\u00f3n activa de los comercios y otras empresas en las actividades de dinamizaci\u00f3n comercial. Los comercios deben ser micro o peque\u00f1as empresas situadas a pie de calle en Palma, con actividades comerciales seg\u00fan los ep\u00edgrafes detallados en la convocatoria.<\/p>\n<p><strong>\u00bfSe puede subcontratar parte del proyecto?<\/strong><br \/>\nS\u00ed, hasta un m\u00e1ximo del 70% de la actividad subvencionada.<\/p>\n<p><strong>\u00bfHay gastos no subvencionables?<\/strong><br \/>\nS\u00ed, entre otros:<br \/>\n-Comidas, regalos y premios.<br \/>\n-Alquiler de locales.<br \/>\n-Compras de mobiliario o equipamiento.<br \/>\n-Gastos de formaci\u00f3n o viajes.<br \/>\n-Iluminaci\u00f3n navide\u00f1a.<\/p>\n<p><strong>\u00bfD\u00f3nde se publica la resoluci\u00f3n de las solicitudes?<\/strong><br \/>\nEn la sede electr\u00f3nica de PalmaActiva, y tambi\u00e9n se notificar\u00e1 v\u00eda correo electr\u00f3nico.<\/p>\n<p><strong>\u00bfD\u00f3nde puedo consultar toda la documentaci\u00f3n y modelos?<\/strong><br \/>\nEn la web de PalmaActiva, en el apartado de convocatorias de subvenciones.<br \/>\n<\/div><\/div><\/div>\n<\/br>\n<div class=\"su-divider su-divider-style-default\" style=\"margin:15px 0;border-width:1px;border-color:#dadada\"><\/div>\n<a name=\"ZGAT\"><\/a><\/p>\n<h3><span style=\"color: #e03e52;\"><strong>Zona de Gran Afluencia Tur\u00edstica<\/strong><\/h3>\nPalma es un destino tur\u00edstico de referencia y en el que la industria del turismo es el gran motor de la econom\u00eda local. Con el fin de contribuir a la dinamizaci\u00f3n comercial de la ciudad, de presentar la ciudad a los visitantes con un abanico de opciones comerciales, de restauraci\u00f3n, culturales, l\u00fadicas &#8230; el Ayuntamiento de Palma present\u00f3 la propuesta de declarar parte de su municipio como zona de gran afluencia tur\u00edstica, de acuerdo con la Ley 11\/2014, de 15 de octubre, de comercio de las Islas Baleares.<br \/>\nEn virtud de ello, los establecimientos incluidos dentro del \u00e1mbito de esta declaraci\u00f3n pueden abrir en domingo y atender as\u00ed los visitantes de la ciudad, entre los que cabe citar el turismo que llegan a Palma en crucero.<br \/>\nEl \u00e1mbito de la ciudad de Palma que est\u00e1 declarado como Zona de Gran Afluencia Tur\u00edstica (ZGAT) incluye <a href=\"http:\/\/boib.caib.es\/pdf\/2012046\/p91.pdf\"> 4 zonas <\/a>:<\/p>\n<ul>\n<li><b>Zona 1:<\/b> intramuros (interior de la zona delimitada por la avenida Gabriel Alomar, la avenida de Alexandre Rossell\u00f3, la avenida de Juan March, la avenida del Conde de Sallent , la avenida de Alemania, la avenida de Portugal, el paseo de Mallorca y el trozo de fachada mar\u00edtima comprendida entre el paseo de Mallorca y la avenida Gabriel Alomar).<\/li>\n<li><b>Zona 2:<\/b> l\u00edmite del t\u00e9rmino municipal de Palma con el de Calvi\u00e0, zona comprendida desde la variante de Cala Mayor de la autopista de Poniente, la avenida de Joan Mir\u00f3 y el mar.<\/li>\n<li><b>Zona 3:<\/b> avenida Gabriel Roca (Paseo Mar\u00edtimo), tramo que se extiende entre la ronda de Migjorn y la cala de Can Barbar\u00e0.<\/li>\n<li><b>Zona 4:<\/b> zona del Molinar, la Ciudad Jard\u00edn, Can Pastilla y el Arenal delimitada por la confluencia de la autopista de Levante con la calle de Joan Maragall, la autopista de Levante (hasta la desviaci\u00f3n de Cala Blava), el torrente de los Jud\u00edos y el mar.<\/li>\n<\/ul>\n<p>El periodo en el que permanece vigente esta declaraci\u00f3n es del 15 de marzo al 30 de octubre, para las Zonas 2, 3 y 4.<br \/>\nMientras que para la Zona 1 (intramuros), la declaraci\u00f3n se entiende para todo el a\u00f1o, seg\u00fan <a href=\"http:\/\/www.caib.es\/eboibfront\/ca\/2014\/10224\/555805\/resolucio- del-consejero-de-econom\u00eda-y-competitividad\">Resoluci\u00f3n del consejero de Econom\u00eda y competitividad de 19 de diciembre de 2014<\/a>.\n<\/br><br \/>\n<div class=\"su-divider su-divider-style-default\" style=\"margin:15px 0;border-width:1px;border-color:#dadada\"><\/div>\n<a name=\"DINAMIZACION\"><\/a><\/p>\n<h3><span style=\"color: #e03e52;\"><strong>Dinamizaci\u00f3n comercial<\/strong><\/h3>\nSe ponen en marcha o bien a propuesta de las patronales, de las asociaciones, de las \u00abagrupaciones\u00bb de comercios, o bien a propuesta conjunta con el Ayuntamiento y se organizan para ayudar a consolidar el formato comercial tradicional.<br \/>\nEstas actividades cuentan con la colaboraci\u00f3n municipal en relaci\u00f3n con la tramitaci\u00f3n de permisos y licencias y con la cesi\u00f3n de infraestructura y log\u00edstica.<br \/>\nLas entidades que representan el comercio tradicional se encargan de hacer difusi\u00f3n entre los establecimientos para que se adhieran y de organizar internamente la participaci\u00f3n del mayor n\u00famero de negocios.<br \/>\nHabitualmente, las campa\u00f1as se desarrollan alrededor de una tem\u00e1tica o en funci\u00f3n de la \u00e9poca del a\u00f1o.<br \/>\nSi quieres poner en poner en marcha una iniciativa de dinamizaci\u00f3n, en primer lugar, deber\u00e1s presentar una solicitud a la Concejal\u00eda de Comercio (PalmaActiva) o en cualquier otro Registro Municipal en la que se exponga la actividad que quieres llevar a cabo y las caracter\u00edsticas de esta, adem\u00e1s de tus datos de identificaci\u00f3n y de contacto. Por ello, se puede emplear <a href=\"http:\/\/www.palma.cat\/portal\/PALMA\/RecursosWeb\/DOCUMENTOS\/1\/43_13536_1.pdf\">el modelo general de solicitud del Ayuntamiento de Palma<\/a>.<\/p>\n<h5>Ferias y eventos<\/h5>\n<p>PalmaActiva participa tambi\u00e9n en otros eventos relacionados con el comercio y la dinamizaci\u00f3n comercial mediante el formato de la colaboraci\u00f3n, del apoyo &#8230; siempre que respondan a un inter\u00e9s general y que est\u00e9n relacionados con las actividades econ\u00f3micas, empresariales y comerciales del municipio, de acuerdo con los objetivos, entre otros, de:<\/p>\n<ol>\n<li>buscar la promoci\u00f3n y el desarrollo econ\u00f3mico local<\/li>\n<li>mejorar la competitividad empresarial<\/li>\n<li>promover la cooperaci\u00f3n empresarial<\/li>\n<li>fomentar las asociaciones empresariales<\/li>\n<li>ayudar a reestructurar, modernizar y dinamizar el tejido comercial<\/li>\n<\/ol>\n<p>Para pedir la colaboraci\u00f3n a estos acontecimientos, es necesario tambi\u00e9n presentar ante el Registro del \u00c1rea de Comercio (PalmaActiva) o cualquier otro Registro Municipal, una solicitud en la que se exponga la actividad que se quiere llevar a cabo y las caracter\u00edsticas de la misma, adem\u00e1s de los datos de identificaci\u00f3n y de contacto. Por ello, se puede emplear <a href=\"https:\/\/palmaactiva.sedipualba.es\/carpetaciudadana\/tramite.aspx?idtramite=13859\">el modelo general de solicitud del Ayuntamiento de Palma <\/a>.<br \/>\n<\/br><br \/>\n<div class=\"su-divider su-divider-style-default\" style=\"margin:15px 0;border-width:1px;border-color:#dadada\"><\/div>\n<a name=\"COMERCIOESCUELA\"><\/a><\/p>\n<h3><span style=\"color: #e03e52;\"><strong>Comer\u00e7 i Escola<\/strong><\/h3>\nEl proyecto &#8216;Comer\u00e7 i Escola&#8217; tiene como finalidad acercar la poblaci\u00f3n al comercio local para que este perdure, trabajando con el alumnado de cuarto, quinto y sexto de primaria y con los j\u00f3venes de educaci\u00f3n secundaria. En este sentido, incidimos en este colectivo para que tomen conciencia de la relevancia que tiene el peque\u00f1o comercio en nuestra comunidad y, por tanto, sean capaces de desarrollar un esp\u00edritu cr\u00edtico y fomenten as\u00ed la actividad comercial de proximidad a su familia.<\/p>\n<p><iframe loading=\"lazy\" title=\"YouTube video player\" src=\"https:\/\/www.youtube.com\/embed\/z7hph1Vn_mM\" width=\"560\" height=\"315\" frameborder=\"0\" allowfullscreen=\"allowfullscreen\"><\/iframe><\/p>\n<p><strong>OBJETIVOS <\/strong><\/p>\n<p>De esta manera, los objetivos generales son:<br \/>\n\u2022\tConcienciar sobre la funcionalidad y relevancia que tiene el comercio local.<br \/>\n\u2022\tOriginar una cultura de consumo responsable y esp\u00edritu cr\u00edtico.<br \/>\n\u2022\tFomentar el conocimiento del entorno hist\u00f3rico, social y cultural.<br \/>\n\u2022\tDar a conocer los peque\u00f1os comercios que tenemos m\u00e1s cerca.<br \/>\n\u2022\tDivulgar el proyecto \u2018Establiments Emblem\u00e0tics\u2019.<\/p>\n<p>&#8216;Comer\u00e7 i Escola&#8217; ha trabajado con un gran n\u00famero de estudiantes de diversos centros educativos de Palma a lo largo de sus ediciones.<\/p>\n<p><strong>DATOS DE CONTACTO<\/strong><br \/>\ncomerc@palma.cat<br \/>\ninfo@palmaactiva.com<\/p>","protected":false},"excerpt":{"rendered":"<p>Entendemos por dinamizaci\u00f3n comercial el conjunto de iniciativas que lidera PalmaActiva encaminadas al fomento y la promoci\u00f3n del tejido empresarial del municipio de Palma: Subvenciones para actuaciones de dinamizaci\u00f3n comercial 2025 (PLAZO FINALIZADO) PLAZO FINALIZADO Zona de Gran Afluencia Tur\u00edstica Palma es un destino tur\u00edstico de referencia y en el que la industria del turismo [&hellip;]<\/p>\n","protected":false},"author":1,"featured_media":0,"parent":0,"menu_order":0,"comment_status":"closed","ping_status":"closed","template":"","meta":{"footnotes":""},"_links":{"self":[{"href":"https:\/\/web.palmaactiva.com\/es\/wp-json\/wp\/v2\/pages\/320"}],"collection":[{"href":"https:\/\/web.palmaactiva.com\/es\/wp-json\/wp\/v2\/pages"}],"about":[{"href":"https:\/\/web.palmaactiva.com\/es\/wp-json\/wp\/v2\/types\/page"}],"author":[{"embeddable":true,"href":"https:\/\/web.palmaactiva.com\/es\/wp-json\/wp\/v2\/users\/1"}],"replies":[{"embeddable":true,"href":"https:\/\/web.palmaactiva.com\/es\/wp-json\/wp\/v2\/comments?post=320"}],"version-history":[{"count":38,"href":"https:\/\/web.palmaactiva.com\/es\/wp-json\/wp\/v2\/pages\/320\/revisions"}],"predecessor-version":[{"id":54049,"href":"https:\/\/web.palmaactiva.com\/es\/wp-json\/wp\/v2\/pages\/320\/revisions\/54049"}],"wp:attachment":[{"href":"https:\/\/web.palmaactiva.com\/es\/wp-json\/wp\/v2\/media?parent=320"}],"curies":[{"name":"wp","href":"https:\/\/api.w.org\/{rel}","templated":true}]}}