{"id":31655,"date":"2019-10-04T09:16:25","date_gmt":"2019-10-04T09:16:25","guid":{"rendered":"https:\/\/web.palmaactiva.com\/?page_id=31655"},"modified":"2019-10-22T06:33:12","modified_gmt":"2019-10-22T06:33:12","slug":"jornades-de-transformacio-digital-al-comerc-de-proximitat","status":"publish","type":"page","link":"https:\/\/web.palmaactiva.com\/es\/dinamizacion-comercial\/jornades-de-transformacio-digital-al-comerc-de-proximitat\/","title":{"rendered":"Jornadas de transformaci\u00f3n digital en el comercio de proximidad"},"content":{"rendered":"<img decoding=\"async\" loading=\"lazy\" src=\"https:\/\/web.palmaactiva.com\/wp-content\/uploads\/2019\/10\/banner_FB_ES.jpg\" alt=\"\" width=\"1200\" height=\"627\" class=\"alignnone size-full wp-image-31658\" \/>\n<h4 class=\"colorear\">6 de noviembre de 10 a 14h y de 15 a 17h | Sede de PalmaActiva (c\/ Socors 22)<\/h4>\n<h3>Entender el cambio sociol\u00f3gico en la manera de consumir productos y servicios y que el comercio de proximidad ha de modificar las estrategias para adaptarse a los nuevos estilos de vida y los valores del nuevo consumidor.<\/h3>\n<div class=\"su-button-center\"><a href=\"#FORMULARI\" class=\"su-button su-button-style-flat\" style=\"color:#ffffff;background-color:#e03e52;border-color:#b43242;border-radius:8px;-moz-border-radius:8px;-webkit-border-radius:8px\" target=\"_self\"><span style=\"color:#ffffff;padding:7px 22px;font-size:17px;line-height:26px;border-color:#ea7886;border-radius:8px;-moz-border-radius:8px;-webkit-border-radius:8px;text-shadow:none;-moz-text-shadow:none;-webkit-text-shadow:none\"><i class=\"sui sui-pencil-square-o\" style=\"font-size:17px;color:#FFFFFF\"><\/i> \u00a1Inscr\u00edbete!<\/span><\/a><\/div>\n\n<h4>Sesi\u00f3n de ma\u00f1ana (10-14 h)<\/h4>\n<p><img decoding=\"async\" src=\"https:\/\/web.palmaactiva.com\/wp-content\/uploads\/2019\/10\/lluis-serra-removebg-preview.png\" alt=\"\" width=\"150\" class=\"alignleft size-full wp-image-31664\" srcset=\"https:\/\/web.palmaactiva.com\/wp-content\/uploads\/2019\/10\/lluis-serra-removebg-preview.png 263w, https:\/\/web.palmaactiva.com\/wp-content\/uploads\/2019\/10\/lluis-serra-removebg-preview-222x300.png 222w\" sizes=\"(max-width: 263px) 100vw, 263px\" \/><\/p>\n<h3>Ponencia a cargo de <strong>Llu\u00eds Serra<\/strong><\/h3>\n<p>Ponencia impartida por <strong>Llu\u00eds Serra<\/strong>, asesor, formador y provocador digital; CEO y fundador de Llu\u00eds Serra Training Group y One Step Ahead. Ofrece las pautas para que los comercios y los peque\u00f1os emprendedores capten las tendencias y las oportunidades de un sector en constante cambio como es el comercio electr\u00f3nico.<\/p>\n<p>Objetivos de la ponencia: transmitir la importancia de entender que el momento que vivimos representa un cambio sociol\u00f3gico en la manera de consumir productos y servicios y que el comercio de proximidad o tradicional ha de modificar las estrategias para adaptarse a los nuevos estilos de vida y los valores del nuevo consumidor.<\/p>\n<p><strong>Programa:<\/strong><br \/>\n1. Introducci\u00f3n &#8211; Inicio del proyecto.<br \/>\n2. eCommerce: el paso de la venta local a la venta global.<br \/>\n3. Retail: tiendas f\u00edsicas conectadas al mundo digital.<br \/>\n4. Multicanalidad: estrategias offline y online.<br \/>\n5. Emprender en la econom\u00eda digital: hacia donde mira el mundo.<br \/>\n6. Conclusiones y turno de preguntas.<\/p>\n<h4>Sesi\u00f3n de tarde (15-17 h)<\/h4>\n<p><img decoding=\"async\" src=\"https:\/\/web.palmaactiva.com\/wp-content\/uploads\/2019\/10\/ejJFAHKF-removebg-preview.png\" alt=\"\" width=\"150\" class=\"alignleft size-full wp-image-31665\" srcset=\"https:\/\/web.palmaactiva.com\/wp-content\/uploads\/2019\/10\/ejJFAHKF-removebg-preview.png 267w, https:\/\/web.palmaactiva.com\/wp-content\/uploads\/2019\/10\/ejJFAHKF-removebg-preview-225x300.png 225w\" sizes=\"(max-width: 267px) 100vw, 267px\" \/><\/p>\n<h3>Mesa redonda a cargo de Juanjo Buend\u00eda<\/h3>\n<p>Experiencias en la digitalizaci\u00f3n del comercio local: puesta en com\u00fan de diferentes comerciantes en la digitalizaci\u00f3n de sus negocios, con una metodolog\u00eda din\u00e1mica, pr\u00e1ctica y participativa.<\/p>\n<p><strong>Juanjo Buend\u00eda<\/strong> es Licenciado en Periodismo y Publicidad. Actualmente es formador y consultor de Marketing Digital en empresas p\u00fablicas y privadas. En PalmaActiva ha llevado a cabo la formaci\u00f3n y el acompa\u00f1amiento del proyecto piloto de Innovaci\u00f3n digital. Compagina su perfil docente trabajando como director a la agencia ACoPuO y organizando eventos como la Feria de Internet. Adem\u00e1s, es el productor y el coordinador del programa de radio La Hora Internet.<br \/>\n\n<a name=\"FORMULARI\"\/><div class=\"su-divider su-divider-style-default\" style=\"margin:15px 0;border-width:1px;border-color:#999999\"><\/div>\n&nbsp;<\/p>\n<h4>Inscripciones<\/h4>\n<p><iframe loading=\"lazy\" src=\"https:\/\/docs.google.com\/forms\/d\/e\/1FAIpQLSc_LCDOeUeP4b_rRb3fqsWlXMY8TKXyrXoaJBjb3A8ljPYSFA\/viewform?embedded=true\" width=\"100%\" height=\"2398\" frameborder=\"0\" marginheight=\"0\" marginwidth=\"0\">Cargando\u2026<\/iframe><\/p>","protected":false},"excerpt":{"rendered":"<p>6 de noviembre de 10 a 14h y de 15 a 17h | Sede de PalmaActiva (c\/ Socors 22) Entender el cambio sociol\u00f3gico en la manera de consumir productos y servicios y que el comercio de proximidad ha de modificar las estrategias para adaptarse a los nuevos estilos de vida y los valores del nuevo [&hellip;]<\/p>\n","protected":false},"author":1,"featured_media":0,"parent":320,"menu_order":0,"comment_status":"closed","ping_status":"closed","template":"","meta":{"footnotes":""},"_links":{"self":[{"href":"https:\/\/web.palmaactiva.com\/es\/wp-json\/wp\/v2\/pages\/31655"}],"collection":[{"href":"https:\/\/web.palmaactiva.com\/es\/wp-json\/wp\/v2\/pages"}],"about":[{"href":"https:\/\/web.palmaactiva.com\/es\/wp-json\/wp\/v2\/types\/page"}],"author":[{"embeddable":true,"href":"https:\/\/web.palmaactiva.com\/es\/wp-json\/wp\/v2\/users\/1"}],"replies":[{"embeddable":true,"href":"https:\/\/web.palmaactiva.com\/es\/wp-json\/wp\/v2\/comments?post=31655"}],"version-history":[{"count":5,"href":"https:\/\/web.palmaactiva.com\/es\/wp-json\/wp\/v2\/pages\/31655\/revisions"}],"predecessor-version":[{"id":32292,"href":"https:\/\/web.palmaactiva.com\/es\/wp-json\/wp\/v2\/pages\/31655\/revisions\/32292"}],"up":[{"embeddable":true,"href":"https:\/\/web.palmaactiva.com\/es\/wp-json\/wp\/v2\/pages\/320"}],"wp:attachment":[{"href":"https:\/\/web.palmaactiva.com\/es\/wp-json\/wp\/v2\/media?parent=31655"}],"curies":[{"name":"wp","href":"https:\/\/api.w.org\/{rel}","templated":true}]}}