{"id":30929,"date":"2019-09-16T06:54:05","date_gmt":"2019-09-16T06:54:05","guid":{"rendered":"https:\/\/web.palmaactiva.com\/?page_id=30929"},"modified":"2019-09-25T11:59:44","modified_gmt":"2019-09-25T11:59:44","slug":"jornada-de-seleccio-per-a-tui-destination-experiences","status":"publish","type":"page","link":"https:\/\/web.palmaactiva.com\/es\/buscar-trabajadores\/jornadas-de-seleccion\/jornada-de-seleccio-per-a-tui-destination-experiences\/","title":{"rendered":"Jornada de selecci\u00f3n para TUI Destination Experiences"},"content":{"rendered":"<div class=\"su-row\"><div class=\"su-column su-column-size-1-2\"><div class=\"su-column-inner su-u-clearfix su-u-trim\"><img decoding=\"async\" loading=\"lazy\" src=\"https:\/\/web.palmaactiva.com\/wp-content\/uploads\/2019\/09\/banner_TUI_FB_ES.jpg\" alt=\"\" width=\"1200\" height=\"627\" class=\"alignnone size-full wp-image-30933\" \/>\n<h3>Si quieres trabajar de Contact Center Agent y cumples con el perfil que a continuaci\u00f3n describimos, preinscr\u00edbete en la jornada de selecci\u00f3n de TUI Destination Experiences, que tendr\u00e1 lugar el pr\u00f3ximo 22 de octubre en PalmaActiva.<\/h3>\n<\/div><\/div><div class=\"su-column su-column-size-1-2\"><div class=\"su-column-inner su-u-clearfix su-u-trim\"><img decoding=\"async\" loading=\"lazy\" src=\"https:\/\/web.palmaactiva.com\/wp-content\/uploads\/2019\/09\/banner_TUI_FB_EN.jpg\" alt=\"\" width=\"1200\" height=\"627\" class=\"alignnone size-full wp-image-30980\" \/><\/p>\n<h3>If you would like to work as a Contact Center Agent and your profile matches the job description, sign in for the Recruitment Day of TUI Destination Experiences that is going to be held on the 22nd of October in PalmaActiva.<\/h3>\n<\/div><\/div><\/div>\n<div class=\"su-divider su-divider-style-default\" style=\"margin:15px 0;border-width:1px;border-color:#999999\"><\/div>\n<div class=\"su-row\"><div class=\"su-column su-column-size-1-2\"><div class=\"su-column-inner su-u-clearfix su-u-trim\">\n<h4>Descripci\u00f3n de las principales tareas<\/h4>\n<p>\u2022 Atender a los clientes.<br \/>\n\u2022 Atender las llamadas telef\u00f3nicas y correos electr\u00f3nicos, sms y xat de los clientes.<br \/>\n\u2022 Gestionar las consultas generales de los clientes, reclamaciones, reservas de excursiones y m\u00e1s.<br \/>\n\u2022 Proporcionar informaci\u00f3n y asesorar a los clientes sobre cualquier consulta que tengan con respecto a su destino de vacaciones.<\/p>\n<h4>Requisitos<\/h4>\n<p>\u2022 Nivel alto\/dominio de ingl\u00e9s (a partir de B2) y excelentes conocimientos (a partir de C1) de, al menos, uno de estos idiomas: alem\u00e1n, polaco, franc\u00e9s, holand\u00e9s, y\/o escandinavo (incluido finland\u00e9s).<br \/>\n\u2022 Valorable experiencia previa en servicio al cliente (sector turismo).<br \/>\n\u2022 Altos conocimientos de inform\u00e1tica (office).<\/p>\n<h4>Condiciones<\/h4>\n<p>Contrato temporal (desde marzo de 2020) con la posibilidad de transformarse en un contrato indefinido. Es un trabajo a tiempo completo (incluye turnos nocturnos, tarde). A parte de esto te ofrecemos excelentes oportunidades de formaci\u00f3n, usamos las tecnolog\u00edas m\u00e1s recientes para ayudarte y mejorar tu trabajo, y organizamos eventos divertidos de manera regular. Salario a convenir con la empresa.<br \/>\n<\/div><\/div><div class=\"su-column su-column-size-1-2\"><div class=\"su-column-inner su-u-clearfix su-u-trim\">\n<h4>Job Description<\/h4>\n<p>\u2022 Customer service.<br \/>\n\u2022 Handling phone calls, e-mails, SMS and chat from the clients.<br \/>\n\u2022 Managing general customer queries, complaints, excursion bookings and more.<br \/>\n\u2022 Providing information and advising clients about any query they might have regarding their holiday destination.<\/p>\n<h4>Requirements<\/h4>\n<p>\u2022 High level of English (minimum B2 level) and excellent knowledge (minimum C1 level) of at least one of the following languages: German, Polish, French, Dutch and\/or Scandinavian (including Finnish).<br \/>\n\u2022 Previous customer service experience would be a plus (ideally in tourism sector).<br \/>\n\u2022 High knowledge of MS Office (Excel, Word).<\/p>\n<h4>Conditions<\/h4>\n<p>We provide a temporary contract (from March 2020) with the possibility to be transformed into a permanent contract. It is a full-time job (including morning, afternoon and from time to time night shifts). Apart from this, we offer you some great training and learning opportunities, use the newest technologies to enhance your work and organize fun events on a regular basis. Salary to be revealed by the company.  <\/p>\n<\/div><\/div><\/div>\n<div class=\"su-divider su-divider-style-default\" style=\"margin:15px 0;border-width:1px;border-color:#999999\"><\/div>\n<div class=\"su-row\"><div class=\"su-column su-column-size-1-2\"><div class=\"su-column-inner su-u-clearfix su-u-trim\"><div class=\"su-note\"  style=\"border-color:#a5bde5;border-radius:2px;-moz-border-radius:2px;-webkit-border-radius:2px;\"><div class=\"su-note-inner su-u-clearfix su-u-trim\" style=\"background-color:#bfd7ff;border-color:#ffffff;color: #000000;border-radius:2px;-moz-border-radius:2px;-webkit-border-radius:2px;\"><strong>Importante<\/strong>: para participar hay que hacer una preinscripci\u00f3n y si cumples con el perfil requerido te convocaremos a la jornada.<br \/>\n<strong>\u00a1Preinscr\u00edbete!<\/strong><\/div><\/div><\/div><\/div><div class=\"su-column su-column-size-1-2\"><div class=\"su-column-inner su-u-clearfix su-u-trim\"><div class=\"su-note\"  style=\"border-color:#a5bde5;border-radius:2px;-moz-border-radius:2px;-webkit-border-radius:2px;\"><div class=\"su-note-inner su-u-clearfix su-u-trim\" style=\"background-color:#bfd7ff;border-color:#ffffff;color: #000000;border-radius:2px;-moz-border-radius:2px;-webkit-border-radius:2px;\"><strong>Important<\/strong>: It is mandatory to register for the participation and if your profile matches with the requirements then you will get selected to participate on the Open Day.<\/div><\/div><\/div><\/div><\/div>\n<iframe loading=\"lazy\" src=\"https:\/\/docs.google.com\/forms\/d\/e\/1FAIpQLSdrqIaw1B2ei4AJH7PxPNVNR9x9uNhOTfSheSixqUTtstDkEw\/viewform?embedded=true\" width=\"100%\" height=\"2510\" frameborder=\"0\" marginheight=\"0\" marginwidth=\"0\">Cargando\u2026<\/iframe><\/p>","protected":false},"excerpt":{"rendered":"<p>Cargando\u2026<\/p>\n","protected":false},"author":1,"featured_media":0,"parent":603,"menu_order":0,"comment_status":"closed","ping_status":"closed","template":"","meta":{"footnotes":""},"_links":{"self":[{"href":"https:\/\/web.palmaactiva.com\/es\/wp-json\/wp\/v2\/pages\/30929"}],"collection":[{"href":"https:\/\/web.palmaactiva.com\/es\/wp-json\/wp\/v2\/pages"}],"about":[{"href":"https:\/\/web.palmaactiva.com\/es\/wp-json\/wp\/v2\/types\/page"}],"author":[{"embeddable":true,"href":"https:\/\/web.palmaactiva.com\/es\/wp-json\/wp\/v2\/users\/1"}],"replies":[{"embeddable":true,"href":"https:\/\/web.palmaactiva.com\/es\/wp-json\/wp\/v2\/comments?post=30929"}],"version-history":[{"count":5,"href":"https:\/\/web.palmaactiva.com\/es\/wp-json\/wp\/v2\/pages\/30929\/revisions"}],"predecessor-version":[{"id":31341,"href":"https:\/\/web.palmaactiva.com\/es\/wp-json\/wp\/v2\/pages\/30929\/revisions\/31341"}],"up":[{"embeddable":true,"href":"https:\/\/web.palmaactiva.com\/es\/wp-json\/wp\/v2\/pages\/603"}],"wp:attachment":[{"href":"https:\/\/web.palmaactiva.com\/es\/wp-json\/wp\/v2\/media?parent=30929"}],"curies":[{"name":"wp","href":"https:\/\/api.w.org\/{rel}","templated":true}]}}