{"id":30770,"date":"2019-09-13T06:31:28","date_gmt":"2019-09-13T06:31:28","guid":{"rendered":"https:\/\/web.palmaactiva.com\/?page_id=30770"},"modified":"2019-09-23T07:31:52","modified_gmt":"2019-09-23T07:31:52","slug":"jornada-de-seleccio-per-a-thomas-cook-2","status":"publish","type":"page","link":"https:\/\/web.palmaactiva.com\/es\/buscar-trabajadores\/jornadas-de-seleccion\/jornada-de-seleccio-per-a-thomas-cook-2\/","title":{"rendered":"Jornada de selecci\u00f3n para Thomas Cook"},"content":{"rendered":"<img decoding=\"async\" loading=\"lazy\" src=\"https:\/\/web.palmaactiva.com\/wp-content\/uploads\/2019\/09\/banner_thomascook3_FB_ES.jpg\" alt=\"\" width=\"1200\" height=\"627\" class=\"alignnone size-full wp-image-30771\" \/>\n<div class=\"su-note\"  style=\"border-color:#e53d30;border-radius:3px;-moz-border-radius:3px;-webkit-border-radius:3px;\"><div class=\"su-note-inner su-u-clearfix su-u-trim\" style=\"background-color:#ff574a;border-color:#ffffff;color:#ffffff;border-radius:3px;-moz-border-radius:3px;-webkit-border-radius:3px;\">Lamentamos comunicaros que se ha anulado la jornada de selecci\u00f3n de THOMAS COOK prevista para el mes de octubre por causa ajenas a PalmaActiva.<\/div><\/div>\n<!--\n\n<h3>Si quieres trabajar como Auxiliar administrativo\/a y cumples con el perfil que a continuaci\u00f3n describimos, preinscr\u00edbete en la jornada de selecci\u00f3n de la empresa THOMAS COOK, que tendr\u00e1 lugar el pr\u00f3ximo 9 de octubre en PalmaActiva.<\/h3>\n\n\n<strong>Funciones<\/strong>:\n- Administraci\u00f3n de facturas: contacto con proveedores, pago a proveedores, cobro a clientes. \n- Reconciliaciones bancarias.\n- Gesti\u00f3n de incidencias.\n- Cierres mensuales.\n- Reportes diarios.\n\n<strong>Requisitos<\/strong>: \n- Estudios m\u00ednimos de FP Grado Medio especialidad administraci\u00f3n y finanzas.\n- Nivel de conocimientos de ingl\u00e9s medio\/alto y valorable conocimientos de franc\u00e9s y\/o alem\u00e1n.\n- Buen manejo de Excel y nociones de SAP.\n- Experiencia m\u00ednima de 3 meses en puesto similar.\n\n<strong>Condiciones<\/strong>: contrato indefinido. Jornada completa 40 horas semanales de lunes a viernes (en horario de 9 a 18h). Sueldo a convenir con la empresa. \n\n[su_note note_color=\"#ffd9df\"]<strong>Importante<\/strong>: para participar hay que hacer una preinscripci\u00f3n y si cumples con el perfil requerido te convocaremos a la jornada. \u00a1Preinscr\u00edbete![\/su_note]\n<iframe loading=\"lazy\" src=\"https:\/\/docs.google.com\/forms\/d\/e\/1FAIpQLScARDwrMO3BcZsK4G0EvEeE9O-OiUpgthD7qGzKKB5tXTV4eg\/viewform?embedded=true\" width=\"100%\" height=\"2391\" frameborder=\"0\" marginheight=\"0\" marginwidth=\"0\">Cargando\u2026<\/iframe>--><\/p>","protected":false},"excerpt":{"rendered":"","protected":false},"author":1,"featured_media":0,"parent":603,"menu_order":0,"comment_status":"closed","ping_status":"closed","template":"","meta":{"footnotes":""},"_links":{"self":[{"href":"https:\/\/web.palmaactiva.com\/es\/wp-json\/wp\/v2\/pages\/30770"}],"collection":[{"href":"https:\/\/web.palmaactiva.com\/es\/wp-json\/wp\/v2\/pages"}],"about":[{"href":"https:\/\/web.palmaactiva.com\/es\/wp-json\/wp\/v2\/types\/page"}],"author":[{"embeddable":true,"href":"https:\/\/web.palmaactiva.com\/es\/wp-json\/wp\/v2\/users\/1"}],"replies":[{"embeddable":true,"href":"https:\/\/web.palmaactiva.com\/es\/wp-json\/wp\/v2\/comments?post=30770"}],"version-history":[{"count":5,"href":"https:\/\/web.palmaactiva.com\/es\/wp-json\/wp\/v2\/pages\/30770\/revisions"}],"predecessor-version":[{"id":31193,"href":"https:\/\/web.palmaactiva.com\/es\/wp-json\/wp\/v2\/pages\/30770\/revisions\/31193"}],"up":[{"embeddable":true,"href":"https:\/\/web.palmaactiva.com\/es\/wp-json\/wp\/v2\/pages\/603"}],"wp:attachment":[{"href":"https:\/\/web.palmaactiva.com\/es\/wp-json\/wp\/v2\/media?parent=30770"}],"curies":[{"name":"wp","href":"https:\/\/api.w.org\/{rel}","templated":true}]}}