{"id":3023,"date":"2017-05-24T11:23:44","date_gmt":"2017-05-24T11:23:44","guid":{"rendered":"http:\/\/web.palmaactiva.com\/?page_id=3023"},"modified":"2017-05-29T12:04:55","modified_gmt":"2017-05-29T12:04:55","slug":"jornada-de-seleccion-para-grupo-cabanach","status":"publish","type":"page","link":"https:\/\/web.palmaactiva.com\/es\/buscar-trabajadores\/jornadas-de-seleccion\/jornada-de-seleccion-para-grupo-cabanach\/","title":{"rendered":"Jornada de selecci\u00f3n para Grupo Cabanach"},"content":{"rendered":"<figure id=\"attachment_3033\" aria-describedby=\"caption-attachment-3033\" style=\"width: 1200px\" class=\"wp-caption alignnone\"><img decoding=\"async\" loading=\"lazy\" src=\"https:\/\/web.palmaactiva.com\/wp-content\/uploads\/2017\/05\/BannerFB_ES.png\" width=\"1200\" height=\"627\" class=\"size-full wp-image-3033\" \/><figcaption id=\"caption-attachment-3033\" class=\"wp-caption-text\">Jornada de selecci\u00f3n para Grupo Cabanach<\/figcaption><\/figure>\nSi est\u00e1s buscando trabajo de <strong>SOCORRISTA Y\/O AUXILIAR DE SERVICIOS<\/strong> y cumples con el perfil que a continuaci\u00f3n describimos, preinscr\u00edbete en la jornada de selecci\u00f3n del <strong>GRUPO CABANACH<\/strong> que tendr\u00e1 lugar el pr\u00f3ximo mi\u00e9rcoles 31 de MAYO  en PalmaActiva (c\/ Socors 22).<br \/>\n\n<h4>Timing de la jornada:<\/h4>\n<p>9-9\u201930h Presentaci\u00f3n y turnos de preguntas<br \/>\n9\u201930h Entrevistas individuales<br \/>\n\n[fruitful_alert type=\u00bbalert-info\u00bb]<strong>IMPORTANTE<\/strong>: Para participar hay que hacer una preinscripci\u00f3n y si cumples con el perfil requerido te convocaremos al encuentro. <strong>\u00a1PREINSCR\u00cdBETE!<\/strong>[\/fruitful_alert]\n<h4>Selecciona el perfil al que optas y rellena el formulario de preinscripci\u00f3n<\/h4>\n<div class=\"su-accordion su-u-trim\"><div class=\"su-spoiler su-spoiler-style-default su-spoiler-icon-plus su-spoiler-closed\" data-scroll-offset=\"0\" data-anchor-in-url=\"no\"><div class=\"su-spoiler-title\" tabindex=\"0\" role=\"button\"><span class=\"su-spoiler-icon\"><\/span><\/div><div class=\"su-spoiler-content su-u-clearfix su-u-trim\">Socorrista<\/span>\u00ab]<strong>Requisitos<\/strong>: imprescindible carnet profesional de Socorrista de piscinas y\/o acu\u00e1tico.<br \/>\n<strong>Funciones<\/strong>: de vigilancia y socorrismo en piscinas.<br \/>\n<strong>Condiciones<\/strong>: Contrato temporal con posibilidad de indefinido, jornada completa, horario diurno.<br \/>\n<strong>Total puestos ofrecidos<\/strong>: 10.<br \/>\n\n[fruitful_alert type=\u00bbalert-danger\u00bb]<strong>ATENCI\u00d3N<\/strong>: Cerrado el plazo de inscripci\u00f3n.[\/fruitful_alert]<\/div><\/div><div class=\"su-spoiler su-spoiler-style-default su-spoiler-icon-plus su-spoiler-closed\" data-scroll-offset=\"0\" data-anchor-in-url=\"no\"><div class=\"su-spoiler-title\" tabindex=\"0\" role=\"button\"><span class=\"su-spoiler-icon\"><\/span><\/div><div class=\"su-spoiler-content su-u-clearfix su-u-trim\">Auxiliar de servicios<\/span>\u00ab]<strong>Requisitos<\/strong>: m\u00ednimo certificado de escolaridad o ESO. Aunque no sea imprescindible, se valorar\u00e1 experiencia en el puesto, idiomas y\/o veh\u00edculo.<br \/>\n<strong>Funciones<\/strong>: apoyos a conserjer\u00edas, comunidades de propietarios, parkings, orientaci\u00f3n, cumplimiento normativa establecimos hoteleros.<br \/>\n<strong>Condiciones<\/strong>: jornada completa diurna o nocturna. Contrato temporal con posibilidad de indefinido.<br \/>\n<strong>Total puestos ofrecidos<\/strong>: 10.<br \/>\n\n[fruitful_alert type=\u00bbalert-danger\u00bb]<strong>ATENCI\u00d3N<\/strong>: Cerrado el plazo de inscripci\u00f3n.[\/fruitful_alert]<\/div><\/div><\/div>","protected":false},"excerpt":{"rendered":"<p>Si est\u00e1s buscando trabajo de SOCORRISTA Y\/O AUXILIAR DE SERVICIOS y cumples con el perfil que a continuaci\u00f3n describimos, preinscr\u00edbete en la jornada de selecci\u00f3n del GRUPO CABANACH que tendr\u00e1 lugar el pr\u00f3ximo mi\u00e9rcoles 31 de MAYO en PalmaActiva (c\/ Socors 22). Timing de la jornada: 9-9\u201930h Presentaci\u00f3n y turnos de preguntas 9\u201930h Entrevistas individuales [&hellip;]<\/p>\n","protected":false},"author":1,"featured_media":0,"parent":603,"menu_order":0,"comment_status":"closed","ping_status":"closed","template":"","meta":{"footnotes":""},"_links":{"self":[{"href":"https:\/\/web.palmaactiva.com\/es\/wp-json\/wp\/v2\/pages\/3023"}],"collection":[{"href":"https:\/\/web.palmaactiva.com\/es\/wp-json\/wp\/v2\/pages"}],"about":[{"href":"https:\/\/web.palmaactiva.com\/es\/wp-json\/wp\/v2\/types\/page"}],"author":[{"embeddable":true,"href":"https:\/\/web.palmaactiva.com\/es\/wp-json\/wp\/v2\/users\/1"}],"replies":[{"embeddable":true,"href":"https:\/\/web.palmaactiva.com\/es\/wp-json\/wp\/v2\/comments?post=3023"}],"version-history":[{"count":5,"href":"https:\/\/web.palmaactiva.com\/es\/wp-json\/wp\/v2\/pages\/3023\/revisions"}],"predecessor-version":[{"id":3404,"href":"https:\/\/web.palmaactiva.com\/es\/wp-json\/wp\/v2\/pages\/3023\/revisions\/3404"}],"up":[{"embeddable":true,"href":"https:\/\/web.palmaactiva.com\/es\/wp-json\/wp\/v2\/pages\/603"}],"wp:attachment":[{"href":"https:\/\/web.palmaactiva.com\/es\/wp-json\/wp\/v2\/media?parent=3023"}],"curies":[{"name":"wp","href":"https:\/\/api.w.org\/{rel}","templated":true}]}}