{"id":2674,"date":"2017-04-06T10:20:54","date_gmt":"2017-04-06T10:20:54","guid":{"rendered":"http:\/\/web.palmaactiva.com\/?page_id=2674"},"modified":"2017-04-07T08:02:00","modified_gmt":"2017-04-07T08:02:00","slug":"mi-cuenta-test","status":"publish","type":"page","link":"https:\/\/web.palmaactiva.com\/es\/mi-cuenta-test\/","title":{"rendered":"Mi cuenta"},"content":{"rendered":"<div class=\"su-row\"><div class=\"su-column su-column-size-1-4\"><div class=\"su-column-inner su-u-clearfix su-u-trim\"><div class=\"su-tabs su-tabs-style-default su-tabs-mobile-stack su-tabs-vertical\" data-active=\"1\" data-scroll-offset=\"0\" data-anchor-in-url=\"no\"><div class=\"su-tabs-nav\"><span class=\"\" data-url=\"\" data-target=\"blank\" tabindex=\"0\" role=\"button\"><i class='fa fa-user colorear'><\/i><\/span><span class=\"\" data-url=\"\" data-target=\"blank\" tabindex=\"0\" role=\"button\"><i class='fa fa-map-marker colorear'><\/i><\/span><span class=\"\" data-url=\"\" data-target=\"blank\" tabindex=\"0\" role=\"button\"><i class='fa fa-clock-o colorear'><\/i><\/span><span class=\"\" data-url=\"\" data-target=\"blank\" tabindex=\"0\" role=\"button\"><i class='fa fa-eur colorear'><\/i><\/span><\/div><div class=\"su-tabs-panes\"><div class=\"su-tabs-pane su-u-clearfix su-u-trim\" data-title=\"&lt;i class=&#039;fa fa-user colorear&#039;&gt;&lt;\/i&gt;\">Dirigido a <strong>personas en edad laboral<\/strong> y, en caso necesario, con permiso de trabajo en vigor.<\/div>\n<div class=\"su-tabs-pane su-u-clearfix su-u-trim\" data-title=\"&lt;i class=&#039;fa fa-map-marker colorear&#039;&gt;&lt;\/i&gt;\"><strong>PalmaActiva<\/strong><br \/>\nSocors 22 &#8211; 07002 Palma<br \/>\n<a href=\"#\">Mapa<\/a><\/div>\n<div class=\"su-tabs-pane su-u-clearfix su-u-trim\" data-title=\"&lt;i class=&#039;fa fa-clock-o colorear&#039;&gt;&lt;\/i&gt;\"><b>Servicio on line<\/b><br \/>\n24 horas, 365 d\u00edas.<\/div>\n<div class=\"su-tabs-pane su-u-clearfix su-u-trim\" data-title=\"&lt;i class=&#039;fa fa-eur colorear&#039;&gt;&lt;\/i&gt;\"><strong>Servicio GRATUITO.<\/strong><\/div><\/div><\/div><\/div><\/div> <div class=\"su-column su-column-size-3-4\"><div class=\"su-column-inner su-u-clearfix su-u-trim\">\n<h4>\u00bfQu\u00e9 es?<\/h4>\nEn <strong>Mi cuenta<\/strong> encontrar\u00e1s algunos servicios personalizados para los que vas a necesitar <strong>usuario y contrase\u00f1a<\/strong>. Con estas credenciales podr\u00e1s <strong>gestionar tu curr\u00edculum<\/strong> en nuestra Bolsa Virtual de Empleo y, pr\u00f3ximamente, <strong>tus inscripciones a cursos y actividades<\/strong>.<\/p>\n<h4>\u00bfC\u00f3mo se activa?<\/h4>\nPara obtener el nombre de usuario y la contrase\u00f1a debes acudir a nuestras oficinas de la calle Socors 22 en Palma con tu DNI o NIE. M\u00e1s adelante activaremos la identificaci\u00f3n por Tarjeta Ciudadana, as\u00ed podr\u00e1s ahorrarte el tr\u00e1mite presencial.<\/p>\n<h4>Servicios incluidos<\/h4>\n<div class=\"su-table su-table-alternate\">\n<table>\n<tr style=\"text-align:center;vertical-align:top\">\n<td>\n<h5>Mi CV en la Bolsa Virtual de Empleo<\/h5>\n<div class=\"su-button-center\"><a href=\"https:\/\/bvf.consolidation.imi\/bvf\/IMFOFEina\" class=\"su-button su-button-style-flat\" style=\"color:#ffffff;background-color:#e03e52;border-color:#b43242;border-radius:6px\" target=\"_self\"><span style=\"color:#ffffff;padding:6px 18px;font-size:14px;line-height:21px;border-color:#ea7886;border-radius:6px\"><i class=\"sui sui-sign-in\" style=\"font-size:14px;color:#FFFFFF\"><\/i>  Acceder a Mi CV<\/span><\/a><\/div><\/td>\n<td>\n<h5>Mis cursos y actividades<\/h5>\nPr\u00f3ximamente<\/td>\n<\/tr>\n<\/table>\n<\/div><\/div><\/div><\/div>","protected":false},"excerpt":{"rendered":"","protected":false},"author":1,"featured_media":0,"parent":0,"menu_order":0,"comment_status":"closed","ping_status":"closed","template":"","meta":{"footnotes":""},"_links":{"self":[{"href":"https:\/\/web.palmaactiva.com\/es\/wp-json\/wp\/v2\/pages\/2674"}],"collection":[{"href":"https:\/\/web.palmaactiva.com\/es\/wp-json\/wp\/v2\/pages"}],"about":[{"href":"https:\/\/web.palmaactiva.com\/es\/wp-json\/wp\/v2\/types\/page"}],"author":[{"embeddable":true,"href":"https:\/\/web.palmaactiva.com\/es\/wp-json\/wp\/v2\/users\/1"}],"replies":[{"embeddable":true,"href":"https:\/\/web.palmaactiva.com\/es\/wp-json\/wp\/v2\/comments?post=2674"}],"version-history":[{"count":3,"href":"https:\/\/web.palmaactiva.com\/es\/wp-json\/wp\/v2\/pages\/2674\/revisions"}],"predecessor-version":[{"id":2680,"href":"https:\/\/web.palmaactiva.com\/es\/wp-json\/wp\/v2\/pages\/2674\/revisions\/2680"}],"wp:attachment":[{"href":"https:\/\/web.palmaactiva.com\/es\/wp-json\/wp\/v2\/media?parent=2674"}],"curies":[{"name":"wp","href":"https:\/\/api.w.org\/{rel}","templated":true}]}}