{"id":266,"date":"2016-09-09T10:47:11","date_gmt":"2016-09-09T10:47:11","guid":{"rendered":"http:\/\/web.palmaactiva.com\/?page_id=266"},"modified":"2025-11-04T08:51:12","modified_gmt":"2025-11-04T07:51:12","slug":"cursos-de-nautica","status":"publish","type":"page","link":"https:\/\/web.palmaactiva.com\/es\/cursos-de-formacion\/cursos-de-nautica\/","title":{"rendered":"Cursos de n\u00e1utica"},"content":{"rendered":"<div class=\"su-row\"><div class=\"su-column su-column-size-1-2\"><div class=\"su-column-inner su-u-clearfix su-u-trim\">\n<div class=\"su-youtube su-u-responsive-media-yes\"><iframe width=\"640\" height=\"360\" src=\"https:\/\/www.youtube.com\/embed\/K67efggoenU?autohide=2&amp;autoplay=0&amp;mute=0&amp;controls=1&amp;fs=1&amp;loop=0&amp;modestbranding=0&amp;rel=0&amp;showinfo=0&amp;theme=light&amp;wmode=&amp;playsinline=0\" frameborder=\"0\" allowfullscreen allow=\"autoplay; encrypted-media; picture-in-picture\" title=\"\"><\/iframe><\/div>\n<\/div><\/div>\n<div class=\"su-column su-column-size-1-2\"><div class=\"su-column-inner su-u-clearfix su-u-trim\">Ofrecemos certificados y especialidades formativas n\u00e1uticas reguladas por la Orden FOM\/2296\/2002 del Ministerio de Fomento reconocidas por la Direcci\u00f3n General de la Marina Mercante, que habilitan para trabajar embarcado en el sector n\u00e1utico (certificado de formaci\u00f3n b\u00e1sica en seguridad STCW, etc ).<br \/>\nAdem\u00e1s, se propone una oferta de acciones formativas propias de PalmaActiva vinculadas con el sector n\u00e1utico para mejorar la capacitaci\u00f3n de los\/las profesionales del sector (ingl\u00e9s n\u00e1utico, procedimiento de contrataci\u00f3n y enrole en la marina mercante, etc).\n<\/div><\/div>\n<\/div>\n<div class=\"su-note\"  style=\"border-color:#e0e0e0;border-radius:3px;-moz-border-radius:3px;-webkit-border-radius:3px;\"><div class=\"su-note-inner su-u-clearfix su-u-trim\" style=\"background-color:#fafafa;border-color:#ffffff;color:#000000;border-radius:3px;-moz-border-radius:3px;-webkit-border-radius:3px;\">\n<h4>Cursos de n\u00e1utica:<\/h4>\nHaz clic en el siguiente bot\u00f3n y se abrir\u00e1 una nueva pesta\u00f1a con la lista de los pr\u00f3ximos cursos de n\u00e1utica para que puedas preinscribirte.<br \/>\u00a1Hazte a la mar con PalmaActiva! ;)\n\n<div class=\"dt-service-more\" style=\"text-align: center; margin-bottom: 5px; margin-top: 5px;\">\n    <a href=\"https:\/\/palma.es\/es\/web\/palmaactiva\/acciones-y-cursos\" target=\"_blank\" rel=\"noopener\" style=\"display: inline-flex; align-items: center; justify-content: center; padding: 10px 30px; border-radius: 2px; text-transform: uppercase; text-decoration: none; max-width: 100%; box-sizing: border-box;\"><i class=\"fa fa-th-list\" style=\"margin-right: 10px;\"><\/i><span style=\"display: inline-flex; line-height: 1.5;\">Ver cursos de n\u00e1utica<\/span><\/a>\n<\/div>\n\n<\/div><\/div>\n<p><!-- \n\n<h4>Cursos que forman parte del itinerario:<\/h4>\n\n\n\n\n<table>\n\n\n<tbody>\n\n\n<tr>\n\n<td>\n\n<h4>Formaci\u00f3n b\u00e1sica en seguridad STCW<\/h4>\n\n<\/td>\n\n\n\n<td>\n\n<h4>Buques de pasaje<\/h4>\n\n<\/td>\n\n\n\n<td>\n\n<h4>Embarcaciones de supervivencia y botes de rescate (no r\u00e1pidos)<\/h4>\n\n<\/td>\n\n\n\n<tr\/>\n\n\n<tr valign=\"top\">\n\n<td>Es un curso sobre normas de seguridad b\u00e1sica indispensable para cualesquiera profesional (camareros, mantenimiento, recepci\u00f3n, limpieza ...) que quiera trabajar embarcado, tanto si ejerce funciones profesionales mar\u00edtimas en los buques civiles, como si se le conf\u00edan tareas de seguridad o de prevenci\u00f3n de la contaminaci\u00f3n relacionadas con las operaciones del buque.[su_divider top=\"no\" text=\"Ir arriba\" divider_color=\"#dadada\" size=\"1\"][wpdm_package id='5091']<\/td>\n\n\n\n<td>Es un curso obligatorio para el personal embarcado con funciones de emergencia as\u00ed como para todo el personal que preste servicio directo a los pasajeros dentro de los espacios espec\u00edficos de los buques de pasaje y en buques de pasaje de transbordo rodado, de acuerdo con la Orden FOM \/ 2296\/2002. Adem\u00e1s, para trabajar embarcado, exige siempre el curso de formaci\u00f3n b\u00e1sica en seguridad.[su_divider top=\"no\" text=\"Ir arriba\" divider_color=\"#dadada\" size=\"1\"][wpdm_package id='5092']<\/td>\n\n\n\n<td>Este certificado es obligatorio para ejercer diversos perfiles n\u00e1uticos, entre los que todos los que tienen asignadas funciones de manejo de embarcaciones de supervivencia y botes de rescate a bordo de un barco de acuerdo con lo dispuesto en la orden FOM \/ 2296 \/ 2002.[su_divider top=\"no\" text=\"Ir arriba\" divider_color=\"#dadada\" size=\"1\"][wpdm_package id='5093']<\/td>\n\n<\/tr>\n\n\n\n\n<tr>\n\n<td>\n\n<h4>Formaci\u00f3n b\u00e1sica en protecci\u00f3n mar\u00edtima<\/h4>\n\n<\/td>\n\n\n\n<td>\n\n<h4>Marinero de puente<\/h4>\n\n<\/td>\n\n\n\n<td>\n\n<h4>Operador restringido del sistema mundial de socorro y seguridad mar\u00edtima<\/h4>\n\n<\/td>\n\n<\/tr>\n\n\n\n\n<tr valign=\"top\">\n\n<td>Formaci\u00f3n en materia de seguridad a trabajadores del mar, cumpliendo lo establecido en la Resoluci\u00f3n de 18 de junio de la Direcci\u00f3n General de la Marina Mercante, por la que se actualizan, y modifican los cursos de formaci\u00f3n y sus programas, recogidos en la Orden FOM 2296\/2002.[su_divider top=\"no\" text=\"Ir arriba\" divider_color=\"#dadada\" size=\"1\"][wpdm_package id='5094']<\/td>\n\n\n\n<td>Atribuciones:\n<br \/>\nA) Formar parte de la guardia de navegaci\u00f3n, como vig\u00eda o timonel en los buques civiles con excepci\u00f3n de los buques pesqueros.\n<br \/>\nB) Manejar embarcaciones con fines comerciales de menos de 10 metros de eslora, siempre y cuando no transporten m\u00e1s de 12 pasajeros, operen exclusivamente dentro de aguas interiores y tengan una potencia adecuada a la embarcaci\u00f3n.[su_divider top=\"no\" text=\"Ir arriba\" divider_color=\"#dadada\" size=\"1\"][wpdm_package id='5095']<\/td>\n\n\n\n<td>Este curso sirve para la obtenci\u00f3n de un Certificado de Especialidad Mar\u00edtima otorgado por la Direcci\u00f3n General de la Marina Mercante (DGMM) y refrendado por la Organizaci\u00f3n Mar\u00edtima Internacional (OMI).\n\nEl Certificado de Operador Restringido del Sistema Mundial de Socorro y Seguridad Mar\u00edtimo (GMDSS) es obligatorio para los patrones, capitanes y oficiales encargados de las guardias en los puentes de mando de los buques civiles.[su_divider top=\"no\" text=\"Ir arriba\" divider_color=\"#dadada\" size=\"1\"][wpdm_package id='35230']<\/td>\n\n<\/tr>\n\n\n<\/tbody>\n\n\n<\/table>\n\n --><\/p>","protected":false},"excerpt":{"rendered":"","protected":false},"author":1,"featured_media":0,"parent":43,"menu_order":0,"comment_status":"closed","ping_status":"closed","template":"","meta":{"footnotes":""},"_links":{"self":[{"href":"https:\/\/web.palmaactiva.com\/es\/wp-json\/wp\/v2\/pages\/266"}],"collection":[{"href":"https:\/\/web.palmaactiva.com\/es\/wp-json\/wp\/v2\/pages"}],"about":[{"href":"https:\/\/web.palmaactiva.com\/es\/wp-json\/wp\/v2\/types\/page"}],"author":[{"embeddable":true,"href":"https:\/\/web.palmaactiva.com\/es\/wp-json\/wp\/v2\/users\/1"}],"replies":[{"embeddable":true,"href":"https:\/\/web.palmaactiva.com\/es\/wp-json\/wp\/v2\/comments?post=266"}],"version-history":[{"count":15,"href":"https:\/\/web.palmaactiva.com\/es\/wp-json\/wp\/v2\/pages\/266\/revisions"}],"predecessor-version":[{"id":54360,"href":"https:\/\/web.palmaactiva.com\/es\/wp-json\/wp\/v2\/pages\/266\/revisions\/54360"}],"up":[{"embeddable":true,"href":"https:\/\/web.palmaactiva.com\/es\/wp-json\/wp\/v2\/pages\/43"}],"wp:attachment":[{"href":"https:\/\/web.palmaactiva.com\/es\/wp-json\/wp\/v2\/media?parent=266"}],"curies":[{"name":"wp","href":"https:\/\/api.w.org\/{rel}","templated":true}]}}