{"id":262,"date":"2016-09-09T10:44:42","date_gmt":"2016-09-09T10:44:42","guid":{"rendered":"http:\/\/web.palmaactiva.com\/?page_id=262"},"modified":"2025-11-04T08:53:36","modified_gmt":"2025-11-04T07:53:36","slug":"cursos-de-creacion-y-gestion-de-empresas","status":"publish","type":"page","link":"https:\/\/web.palmaactiva.com\/es\/cursos-de-formacion\/cursos-de-creacion-y-gestion-de-empresas\/","title":{"rendered":"Cursos, talleres y charlas de creaci\u00f3n y gesti\u00f3n de empresas"},"content":{"rendered":"La oferta formativa de <strong>PalmaActiva<\/strong> para personas emprenedoras y empresarias est\u00e1 configurada por <strong>diferentes acciones formativas<\/strong>, algunas de las cuales se realizan durante varias ediciones a lo largo del a\u00f1o. Las acciones formativas incluir\u00e1n tem\u00e1ticas para facilitar la puesta en marcha un negocio en fases iniciales, as\u00ed como fases posteriores de gesti\u00f3n y consolidaci\u00f3n del negocio una vez constituido.<br \/>\n<strong>El programa Aut\u00f3nomo 5.0, impulsado por Fundae<\/strong>, tiene el objetivo de promover la transformaci\u00f3n del pa\u00eds a trav\u00e9s de la actualizaci\u00f3n y recualificaci\u00f3n de los aut\u00f3nomos en Espa\u00f1a. Mediante una formaci\u00f3n breve y dirigida, con cursos gratuitos disponibles 24\/7, adquirir\u00e1s gratuitamente las competencias necesarias para incrementar tu competitividad en el mercado, pudiendo aplicar en tu negocio lo que aprendas desde el minuto 1.\n<br \/>\n<div class=\"su-divider su-divider-style-default\" style=\"margin:15px 0;border-width:1px;border-color:#dfdfdf\"><\/div>\n<div class=\"su-row\"><div class=\"su-column su-column-size-1-2\"><div class=\"su-column-inner su-u-clearfix su-u-trim\">\n<img decoding=\"async\" loading=\"lazy\" src=\"https:\/\/web.palmaactiva.com\/wp-content\/uploads\/2024\/12\/Banner-Autonomo_.jpg\" alt=\"\" width=\"930\" height=\"300\" class=\"alignnone size-full wp-image-52630\" srcset=\"https:\/\/web.palmaactiva.com\/wp-content\/uploads\/2024\/12\/Banner-Autonomo_.jpg 930w, https:\/\/web.palmaactiva.com\/wp-content\/uploads\/2024\/12\/Banner-Autonomo_-300x97.jpg 300w, https:\/\/web.palmaactiva.com\/wp-content\/uploads\/2024\/12\/Banner-Autonomo_-768x248.jpg 768w\" sizes=\"(max-width: 930px) 100vw, 930px\" \/><br \/>\n<div class=\"su-note\"  style=\"border-color:#e0e0e0;border-radius:3px;-moz-border-radius:3px;-webkit-border-radius:3px;\"><div class=\"su-note-inner su-u-clearfix su-u-trim\" style=\"background-color:#fafafa;border-color:#ffffff;color:#000000;border-radius:3px;-moz-border-radius:3px;-webkit-border-radius:3px;\">\n<h2>Cursos ofrecidos por <strong>PalmaActiva<\/strong>:<\/h2>\nAccede y preinscr\u00edbete a nuestras charlas y cursos sobre temas relacionados con la empresa y el emprendimiento.<\/p>\n\n<div class=\"dt-service-more\" style=\"text-align: center; margin-bottom: 5px; margin-top: 5px;\">\n    <a href=\"https:\/\/palma.es\/es\/web\/palmaactiva\/acciones-y-cursos\" target=\"_blank\" rel=\"noopener\" style=\"display: inline-flex; align-items: center; justify-content: center; padding: 10px 30px; border-radius: 2px; text-transform: uppercase; text-decoration: none; max-width: 100%; box-sizing: border-box;\"><i class=\"fa fa-th-list\" style=\"margin-right: 10px;\"><\/i><span style=\"display: inline-flex; line-height: 1.5;\">VER CURSOS<\/span><\/a>\n<\/div>\n\n<\/div><\/div>\n<\/div><\/div><div class=\"su-column su-column-size-1-2\"><div class=\"su-column-inner su-u-clearfix su-u-trim\">\n<img decoding=\"async\" loading=\"lazy\" src=\"https:\/\/web.palmaactiva.com\/wp-content\/uploads\/2024\/12\/Banner-Autonomo5.0.png\" alt=\"\" width=\"930\" height=\"300\" class=\"alignnone size-full wp-image-52628\" srcset=\"https:\/\/web.palmaactiva.com\/wp-content\/uploads\/2024\/12\/Banner-Autonomo5.0.png 930w, https:\/\/web.palmaactiva.com\/wp-content\/uploads\/2024\/12\/Banner-Autonomo5.0-300x97.png 300w, https:\/\/web.palmaactiva.com\/wp-content\/uploads\/2024\/12\/Banner-Autonomo5.0-768x248.png 768w\" sizes=\"(max-width: 930px) 100vw, 930px\" \/><br \/>\n<div class=\"su-note\"  style=\"border-color:#e0e0e0;border-radius:3px;-moz-border-radius:3px;-webkit-border-radius:3px;\"><div class=\"su-note-inner su-u-clearfix su-u-trim\" style=\"background-color:#fafafa;border-color:#ffffff;color:#000000;border-radius:3px;-moz-border-radius:3px;-webkit-border-radius:3px;\">\n<h4>Cursos Aut\u00f3nomo 5.0, ofrecidos por <strong>Fundae<\/strong>:<\/h4>\nAccede a la formaci\u00f3n ofrecida por Fundae sobre temas relacionados con la empresa y el emprendimiento.\n\n<div class=\"dt-service-more\" style=\"text-align: center; margin-bottom: 5px; margin-top: 5px;\">\n    <a href=\"https:\/\/autonomo50.es\/\" target=\"_blank\" rel=\"noopener\" style=\"display: inline-flex; align-items: center; justify-content: center; padding: 10px 30px; border-radius: 2px; text-transform: uppercase; text-decoration: none; max-width: 100%; box-sizing: border-box;\"><i class=\"fa fa-th-list\" style=\"margin-right: 10px;\"><\/i><span style=\"display: inline-flex; line-height: 1.5;\">VER CURSOS<\/span><\/a>\n<\/div>\n\n<\/div><\/div><\/div><\/div><\/div>\n<p><!--[su_column size=\"1\/2\"][su_note note_color=\"#fafafa\" text_color=\"#000000\"]\n\n<h4>Itinerario emprendedor:<\/h4>\n\n\nHaz clic en el siguiente bot\u00f3n y se abrir\u00e1 una nueva pesta\u00f1a con la lista de las pr\u00f3ximas sesiones del itinerario para personas emprendedoras para que puedas inscribirte.<br \/>\u00a1Te ayudamos a montar tu empresa! ;)\n[su_button url=\"https:\/\/palmaactiva.palmademallorca.es\/portal\/PALMA\/palmaactiva\/contenedor1.jsp?seccion=buscador_acc.jsp&layout=contenedor1.jsp&codResi=1&language=es&tamanoPagina=100&brnconSel=37&codMenu=2224&time=1577953465475\" target=\"blank\" style=\"flat\" background=\"#e03e52\" color=\"#ffffff\" size=\"6\" center=\"yes\" icon=\"icon: th-list\"]Ver sesiones del itinerario emprendedor[\/su_button][\/su_note][\/su_column][\/su_row]--><\/p>","protected":false},"excerpt":{"rendered":"<p>La oferta formativa de PalmaActiva para personas emprenedoras y empresarias est\u00e1 configurada por diferentes acciones formativas, algunas de las cuales se realizan durante varias ediciones a lo largo del a\u00f1o. Las acciones formativas incluir\u00e1n tem\u00e1ticas para facilitar la puesta en marcha un negocio en fases iniciales, as\u00ed como fases posteriores de gesti\u00f3n y consolidaci\u00f3n del [&hellip;]<\/p>\n","protected":false},"author":1,"featured_media":0,"parent":43,"menu_order":0,"comment_status":"closed","ping_status":"closed","template":"","meta":{"footnotes":""},"_links":{"self":[{"href":"https:\/\/web.palmaactiva.com\/es\/wp-json\/wp\/v2\/pages\/262"}],"collection":[{"href":"https:\/\/web.palmaactiva.com\/es\/wp-json\/wp\/v2\/pages"}],"about":[{"href":"https:\/\/web.palmaactiva.com\/es\/wp-json\/wp\/v2\/types\/page"}],"author":[{"embeddable":true,"href":"https:\/\/web.palmaactiva.com\/es\/wp-json\/wp\/v2\/users\/1"}],"replies":[{"embeddable":true,"href":"https:\/\/web.palmaactiva.com\/es\/wp-json\/wp\/v2\/comments?post=262"}],"version-history":[{"count":27,"href":"https:\/\/web.palmaactiva.com\/es\/wp-json\/wp\/v2\/pages\/262\/revisions"}],"predecessor-version":[{"id":54362,"href":"https:\/\/web.palmaactiva.com\/es\/wp-json\/wp\/v2\/pages\/262\/revisions\/54362"}],"up":[{"embeddable":true,"href":"https:\/\/web.palmaactiva.com\/es\/wp-json\/wp\/v2\/pages\/43"}],"wp:attachment":[{"href":"https:\/\/web.palmaactiva.com\/es\/wp-json\/wp\/v2\/media?parent=262"}],"curies":[{"name":"wp","href":"https:\/\/api.w.org\/{rel}","templated":true}]}}