{"id":2591,"date":"2017-03-30T11:06:42","date_gmt":"2017-03-30T11:06:42","guid":{"rendered":"http:\/\/web.palmaactiva.com\/?page_id=2591"},"modified":"2017-03-30T11:06:42","modified_gmt":"2017-03-30T11:06:42","slug":"palmares-de-premiados-del-concurso-de-impulso-a-la-innovacion","status":"publish","type":"page","link":"https:\/\/web.palmaactiva.com\/es\/premios-palmaactiva\/palmares-de-premiados-del-concurso-de-impulso-a-la-innovacion\/","title":{"rendered":"Palmar\u00e9s de premiados del concurso de impulso a la innovaci\u00f3n"},"content":{"rendered":"<h4>Premios CODE (2015)<\/h4>\n<p>-Premio Categor\u00eda WEB, vales regalo por importe de 2.000 euros, proyecto \u00abWHATSEE\u00bb, presentado por Fabio Munar Mas y Francisco Cambil Reynes.<br \/>\n-Premio Categor\u00eda APP, vales regalo por importe de 2.000 euros, proyecto \u00abWEDDR\u00bb, presentado por Kevin O&#8217;Hagan, Jordi Roldan Llinas y Aleix Martinez Suave.<br \/>\n-Premio Categor\u00eda Videojuegos, vales regalo por importe de 1.500 euros, proyecto \u00abA Poop\u00f3 TALE\u00bb, presentado por Irene Bonnin Esteban, Miguel Verde Alem\u00e1n, Jose Luis Maldonado Navas y Carlos Alas Garisa<\/p>\n<h4>Premios CODE (2016)<\/h4>\n<p>-Premio fase de inscripci\u00f3n categor\u00eda Dise\u00f1o 3D, dotaci\u00f3n econ\u00f3mica 1.500 euros, proyecto \u00abMicroactes\u00bb, presentado por Rafael Payeras Roig, Anna Esplugas Hern\u00e1ndez y Paula Moragues Solanas.<br \/>\n-Premio hackathon categor\u00eda Dise\u00f1o 3D, dotaci\u00f3n econ\u00f3mica 1.250 euros, proyecto \u00abThe Vrand\u00bb, presentado por Francisco Molina Bergas, Ramon Escobar Bowdidge y Francisco Bergas Bermudez.<br \/>\n-Premio categor\u00eda Dise\u00f1o WEB APP: desierto<br \/>","protected":false},"excerpt":{"rendered":"<p>Premios CODE (2015) -Premio Categor\u00eda WEB, vales regalo por importe de 2.000 euros, proyecto \u00abWHATSEE\u00bb, presentado por Fabio Munar Mas y Francisco Cambil Reynes. -Premio Categor\u00eda APP, vales regalo por importe de 2.000 euros, proyecto \u00abWEDDR\u00bb, presentado por Kevin O&#8217;Hagan, Jordi Roldan Llinas y Aleix Martinez Suave. -Premio Categor\u00eda Videojuegos, vales regalo por importe de [&hellip;]<\/p>\n","protected":false},"author":1,"featured_media":0,"parent":351,"menu_order":0,"comment_status":"closed","ping_status":"closed","template":"","meta":{"footnotes":""},"_links":{"self":[{"href":"https:\/\/web.palmaactiva.com\/es\/wp-json\/wp\/v2\/pages\/2591"}],"collection":[{"href":"https:\/\/web.palmaactiva.com\/es\/wp-json\/wp\/v2\/pages"}],"about":[{"href":"https:\/\/web.palmaactiva.com\/es\/wp-json\/wp\/v2\/types\/page"}],"author":[{"embeddable":true,"href":"https:\/\/web.palmaactiva.com\/es\/wp-json\/wp\/v2\/users\/1"}],"replies":[{"embeddable":true,"href":"https:\/\/web.palmaactiva.com\/es\/wp-json\/wp\/v2\/comments?post=2591"}],"version-history":[{"count":1,"href":"https:\/\/web.palmaactiva.com\/es\/wp-json\/wp\/v2\/pages\/2591\/revisions"}],"predecessor-version":[{"id":2592,"href":"https:\/\/web.palmaactiva.com\/es\/wp-json\/wp\/v2\/pages\/2591\/revisions\/2592"}],"up":[{"embeddable":true,"href":"https:\/\/web.palmaactiva.com\/es\/wp-json\/wp\/v2\/pages\/351"}],"wp:attachment":[{"href":"https:\/\/web.palmaactiva.com\/es\/wp-json\/wp\/v2\/media?parent=2591"}],"curies":[{"name":"wp","href":"https:\/\/api.w.org\/{rel}","templated":true}]}}