{"id":258,"date":"2016-09-09T10:43:42","date_gmt":"2016-09-09T10:43:42","guid":{"rendered":"http:\/\/web.palmaactiva.com\/?page_id=258"},"modified":"2025-11-04T08:49:58","modified_gmt":"2025-11-04T07:49:58","slug":"cursos-de-competencias-transversales","status":"publish","type":"page","link":"https:\/\/web.palmaactiva.com\/es\/cursos-de-formacion\/cursos-de-competencias-transversales\/","title":{"rendered":"Cursos de competencias transversales para la ocupaci\u00f3n y autoocupaci\u00f3n"},"content":{"rendered":"<p><!--[su_note note_color=\" #e03e52\" text_color=\"#FFFFFF\" radius=\"2\"]\n<strong>ATENCI\u00d3N:<\/strong>\nLa oferta de acciones formativas para 2022 se est\u00e1 elaborando con nuevos criterios de contrataci\u00f3n de docentes. Por este motivo habr\u00e1 un retraso en su inicio habitual. Sigue consultando nuestro sitio web. Continuaremos informando.[\/su_note]--><br \/>\n<div class=\"su-row\"><div class=\"su-column su-column-size-1-2\"><div class=\"su-column-inner su-u-clearfix su-u-trim\"><div class=\"su-youtube su-u-responsive-media-yes\"><iframe width=\"640\" height=\"360\" src=\"https:\/\/www.youtube.com\/embed\/GQsLnWgD7oA?autohide=2&amp;autoplay=0&amp;mute=0&amp;controls=1&amp;fs=1&amp;loop=0&amp;modestbranding=0&amp;rel=0&amp;showinfo=0&amp;theme=light&amp;wmode=&amp;playsinline=0\" frameborder=\"0\" allowfullscreen allow=\"autoplay; encrypted-media; picture-in-picture\" title=\"\"><\/iframe><\/div>\n<\/div><\/div> <div class=\"su-column su-column-size-1-2\"><div class=\"su-column-inner su-u-clearfix su-u-trim\">\nLas habilidades blandas o soft skills son todos los atributos o capacidades que permiten a una persona desarrollarse de forma m\u00e1s efectiva en su trabajo. Proponemos acciones formativas en formato cursos y\/o talleres pr\u00e1cticos (en formato independiente pero complementarias entre s\u00ed) de contenido relacionado con la mejora de estas competencias transversales personales e interpersonales (habilidades de comunicaci\u00f3n, trabajo colaborativo, capacidad de organizaci\u00f3n, intel\u00b7ligencia emocional, negociaci\u00f3n, capacidad de resoluci\u00f3n de problemas&#8230;).<br \/>\nEstas competencias transversales tambi\u00e9n juegan un papel esencial en el autoempleo y el emprendimiento como complementarias a las competencias t\u00e9cnicas.\n<\/div><\/div><\/div>\n<div class=\"su-note\"  style=\"border-color:#e0e0e0;border-radius:3px;-moz-border-radius:3px;-webkit-border-radius:3px;\"><div class=\"su-note-inner su-u-clearfix su-u-trim\" style=\"background-color:#fafafa;border-color:#ffffff;color:#000000;border-radius:3px;-moz-border-radius:3px;-webkit-border-radius:3px;\">\n<h4>Pr\u00f3ximos cursos:<\/h4>\nHaz clic en el siguiente bot\u00f3n y se abrir\u00e1 una nueva pesta\u00f1a con la lista de los pr\u00f3ximos cursos de competencias transversales para que puedas preinscribirte.<br \/>\u00a1Mejora tu capacitaci\u00f3n con nosotros! ;)\n\n<div class=\"dt-service-more\" style=\"text-align: center; margin-bottom: 5px; margin-top: 5px;\">\n    <a href=\"https:\/\/palma.es\/es\/web\/palmaactiva\/acciones-y-cursos\" target=\"_blank\" rel=\"noopener\" style=\"display: inline-flex; align-items: center; justify-content: center; padding: 10px 30px; border-radius: 2px; text-transform: uppercase; text-decoration: none; max-width: 100%; box-sizing: border-box;\"><i class=\"fa fa-th-list\" style=\"margin-right: 10px;\"><\/i><span style=\"display: inline-flex; line-height: 1.5;\">Ver cursos de competencias transversales<\/span><\/a>\n<\/div>\n\n<\/div><\/div>","protected":false},"excerpt":{"rendered":"","protected":false},"author":1,"featured_media":0,"parent":43,"menu_order":0,"comment_status":"closed","ping_status":"closed","template":"","meta":{"footnotes":""},"_links":{"self":[{"href":"https:\/\/web.palmaactiva.com\/es\/wp-json\/wp\/v2\/pages\/258"}],"collection":[{"href":"https:\/\/web.palmaactiva.com\/es\/wp-json\/wp\/v2\/pages"}],"about":[{"href":"https:\/\/web.palmaactiva.com\/es\/wp-json\/wp\/v2\/types\/page"}],"author":[{"embeddable":true,"href":"https:\/\/web.palmaactiva.com\/es\/wp-json\/wp\/v2\/users\/1"}],"replies":[{"embeddable":true,"href":"https:\/\/web.palmaactiva.com\/es\/wp-json\/wp\/v2\/comments?post=258"}],"version-history":[{"count":15,"href":"https:\/\/web.palmaactiva.com\/es\/wp-json\/wp\/v2\/pages\/258\/revisions"}],"predecessor-version":[{"id":901,"href":"https:\/\/web.palmaactiva.com\/es\/wp-json\/wp\/v2\/pages\/258\/revisions\/901"}],"up":[{"embeddable":true,"href":"https:\/\/web.palmaactiva.com\/es\/wp-json\/wp\/v2\/pages\/43"}],"wp:attachment":[{"href":"https:\/\/web.palmaactiva.com\/es\/wp-json\/wp\/v2\/media?parent=258"}],"curies":[{"name":"wp","href":"https:\/\/api.w.org\/{rel}","templated":true}]}}