{"id":2578,"date":"2017-03-30T09:49:03","date_gmt":"2017-03-30T09:49:03","guid":{"rendered":"http:\/\/web.palmaactiva.com\/?page_id=2578"},"modified":"2025-07-24T09:10:33","modified_gmt":"2025-07-24T07:10:33","slug":"palmares-de-premiados-del-concurso-de-proyectos-empresariales-de-estudiantes","status":"publish","type":"page","link":"https:\/\/web.palmaactiva.com\/es\/palmares-de-premiados-del-concurso-de-proyectos-empresariales-de-estudiantes\/","title":{"rendered":"Palmar\u00e9s de premiados del concurso de proyectos empresariales de estudiantes"},"content":{"rendered":"<h5>Selecciona un a\u00f1o: <a href=\"#2012\">2012\/13<\/a> \u00b7 <a href=\"#2014\">2014<\/a> \u00b7 <a href=\"#2015\">2015<\/a> \u00b7 <a href=\"#2016\">2016<\/a> \u00b7 <a href=\"#2017\">2017<\/a> \u00b7 <a href=\"#2018\">2018<\/a> \u00b7 <a href=\"#2019\">2019<\/a> \u00b7 <a href=\"#2020\">2020<\/a> \u00b7 <a href=\"#2021\">2021<\/a> \u00b7 <a href=\"#2022\">2022<\/a> \u00b7 <a href=\"#2023\">2023<\/a> \u00b7 <a href=\"#2024\">2024<\/a> \u00b7 <a href=\"#2025\">2025<\/a><\/h5>\n<p><a name=\"2025\"><\/a><\/p>\n<h4 class=\"colorear\">Premios mejores proyectos empresariales de estudiantes (2025)<\/h4>\n<p>1er premio -vales regalo por importe de 2.500 \u20ac proyecto \u2013 GESTO CARBONO \u2013 presentado por Paula Castillo y Paula Sabater.<br \/>\n2\u00ba premio \u2013 vales regalo por importe de 1.500 \u20ac proyecto \u2013 PLANTIFY \u2013 presentado por Javier Cortada y Aitor Mota.<br \/>\n3er premio -vales regalo por importe de 700 \u20ac proyecto \u2013 ECOTOURIST \u2013 presentado por Jord\u00edn Jose Reyes, Christian Fernando P\u00e9rez y Jorge Oliveras.<br \/>\nPremio especial al centro educativo ganador del primer premio \u2013 escuela EDIB.<\/p>\n<p><a name=\"2024\"><\/a><\/p>\n<h4 class=\"colorear\">Premios mejores proyectos empresariales de estudiantes (2024)<\/h4>\n<p>1er premio -vales regalo por importe de 2.500 \u20ac proyecto \u2013 ECO MISSION \u2013 presentado por Carolina Kravacek y Ada Caba\u00f1ero.<br \/>\n2\u00ba premio \u2013 vales regalo por importe de 1.500 \u20ac proyecto \u2013 REALIDAD RENOVADA \u2013 presentado por I\u00f1igo de Caso, Gaspar Mir\u00f3, Weiyi Zhou y Toni Palmer.<br \/>\n3er premio -vales regalo por importe de 700 \u20ac proyecto \u2013 JAM \u2013 presentado por Iker Vicens y Gabriel Colom.<br \/>\nPremio especial al centro educativo ganador del primer premio \u2013 escuela EDIB.<\/p>\n<p><a name=\"2023\"><\/a><\/p>\n<h4 class=\"colorear\">Premios mejores proyectos empresariales de estudiantes (2023)<\/h4>\n<p>1er premio -vales regalo por importe de 2.500 \u20ac proyecto \u2013 BABY TWO BABY \u2013 presentado por Luc\u00eda Valera, Mar\u00eda Astol, Mar\u00eda del Mar Oliver y Leila El Medjadji.<br \/>\n2\u00ba premio \u2013 vales regalo por importe de 1.500 \u20ac proyecto \u2013 MAS GYM \u2013 presentado por Miguel Mir\u00f3, Sandra Francoso, Ariana Rojas y Sonia Campos.<br \/>\n3er premio -vales regalo por importe de 700 \u20ac proyecto \u2013 ENTIENDEMA \u2013 presentado por Alberto Mart\u00ednez, Mart\u00edn Gavilan, Julio Jim\u00e9nez, Jes\u00fas C\u00e1ceres y Ernest Salas.<br \/>\nPremio especial al centro educativo ganador del primer premio \u2013 escuela EDIB.<\/p>\n<p><a name=\"2022\"><\/a><\/p>\n<h4 class=\"colorear\">Premios mejores proyectos empresariales de estudiantes (2022)<\/h4>\n<p>1er premio -vales regalo por importe de 2.300 \u20ac proyecto \u2013 RUMORE \u2013 presentado por Borja Arroyo, Alejandro De Lucas, Marc Bernat, Veimar Israel Flores y Marc Andrew Carmona.<br \/>\n2\u00ba premio \u2013 vales regalo por importe de 1.000 \u20ac proyecto \u2013 WORK 4 U \u2013 presentado por Xavier Rebassa, Ferran Vinardell, Alejandro Montserrat y \u00c1lvaro Mena.<br \/>\n3er premio -vales regalo por importe de 500 \u20ac proyecto \u2013 HOTEL \u2013 presentado por Nicole Ascanio, Victoria Vidal, Jaume Ribes y Luisa Chito.<br \/>\nPremio especial al centro educativo ganador del primer premio \u2013 colegio Sant Josep Obrer.<\/p>\n<p><a name=\"2021\"><\/a><\/p>\n<h4 class=\"colorear\">Premios mejores proyectos empresariales de estudiantes (2021)<\/h4>\n<p>1er premio -vales regalo por importe de 2.300 \u20ac proyecto &#8211; Gaming Today &#8211; presentado por Jaume Rotger, Daniel Ord\u00f3\u00f1ez y David Arag\u00f3n.<br \/>\n2\u00ba premio &#8211; vales regalo por importe de 1.000 \u20ac proyecto &#8211; Rodet &#8211; presentado por Daniel Caro, Nerea Vidal, L\u00eda Jurado, Stephanie Negrotti e In\u00e9s Bol\u00edvar.<br \/>\n3er premio -vales regalo por importe de 500 \u20ac proyecto &#8211; ArtMask &#8211; Adri\u00e1n Matamalas, Adri\u00e1n Mart\u00ednez, Pablo Jim\u00e9nez y Alfonso Lougedo<br \/>\nPremio especial al centro educativo ganador del primer premio &#8211; colegio Sant Josep Obrer.<\/p>\n<p><a name=\"2020\"><\/a><\/p>\n<h4 class=\"colorear\">Premios mejores proyectos empresariales de estudiantes (2020)<\/h4>\n<p>1er premio &#8211; vales regalo por importe de 2.000 \u20ac proyecto -Ainoa &#8211; presentado por Luc\u00eda Bisbal, Marina Marroig, Natalia Mill\u00e1n, y Tamara Mill\u00e1n.<br \/>\n2\u00ba premio &#8211; vales regalo por importe de 1.000 \u20ac proyecto &#8211; SocialFutconexion &#8211; presentado por Joan Serra, Roberto Subirats, Kevin Palacios y Dana Vergara.<br \/>\n3er premio &#8211; vales regalo por importe de 500 \u20ac proyecto &#8211; Walk it!- Gustavo Mulet y Miguel \u00c1ngel Torres<br \/>\nPremio especial al centro educativo ganador del primer premio &#8211; EDIB.<\/p>\n<p><a name=\"2019\"><\/a><\/p>\n<h4 class=\"colorear\">Premios mejores proyectos empresariales de estudiantes (2019)<\/h4>\n<p>1er premio &#8211; vales regalo por importe de 2.000 \u20ac &#8211; proyecto &#8211; Kineteco Sports Machines &#8211; presentado por \u00c1lvaro Garc\u00eda, Marta L\u00f3pez, Antoni Ortega y Catalina Mesquida.<br \/>\n2\u00ba premio &#8211; vales regalo por importe de 1.000 \u20ac proyecto &#8211; Join the World &#8211; presentado por Miguel \u00c1ngel de Dios, Pau Coll, Laura Olivas y Fernando Carrillo.<br \/>\n3er premio &#8211; vales regalo por importe de 500 \u20ac proyecto &#8211; Quick Stop &#8211; presentado por Silvia Balboa, Hilary Leocadio y Aina John Punter.<br \/>\nPremio especial al centro educativo ganador del primer premio &#8211; IES Son Rullan.<\/p>\n<p><a name=\"2018\"><\/a><\/p>\n<h4 class=\"colorear\">Premios mejores proyectos empresariales de estudiantes (2018)<\/h4>\n<p>-1er premio: 2000 \u20ac &#8211; proyecto Healthy Fast Food, presentado por Miquel Gaya Rossello, Joan Francesc Tous Cifre, Miguel Truyols Garc\u00eda, Jorge Veny Enrique, Andreu Sebastia Duran Saenz.<br \/>\n-2\u00ba premio: 1.000\u20ac &#8211; proyecto 5Games, presentado por Francesc Xavier Caro Miro, Adri\u00e0 Jal\u00f3n Martinez, David Llobell Moya, Miguel Muntaner Azpriroz, Angel Lozano L\u00f3pez.<br \/>\n-3er premio: 500 \u20ac &#8211; proyecto Du not, presentado por Angel Lozano L\u00f3pez, Angeles Ines Garrido Reifs, Sandra Rueda L\u00f3pez, Macarena Hernandez Macias.<br \/>\n-Premio especial: 1.000 \u20ac al centro educativo ganador del primer premio, IES Son Rullan.<\/p>\n<p><a name=\"2017\"><\/a><\/p>\n<h4 class=\"colorear\">Premios mejores proyectos empresariales de estudiantes (2017)<\/h4>\n<p>-1er premio: 2000 \u20ac &#8211; proyecto FITNESSROAD, presentado por A\u00efna Aguil\u00f3, Bernat Nadal, Sergio P\u00e9rez, Francisca Tejada, Maria Isabel Vidal.<br \/>\n-2\u00ba premio: 1.000\u20ac &#8211; proyecto UHANE, presentado por Adri\u00e1n Martorell, Cristian Torrecillas, \u00c1lvaro Rodr\u00edguez y Natalia Albert\u00ed.<br \/>\n-3er premio: 500 \u20ac &#8211; proyecto VULCANO, presentado por Juan Diego P\u00e9rez, Andrea Olive, Vicen\u00e7 Coll, Alejandro Rua, Jume Xavier Noguera.<br \/>\n-Premio especial: 1.000 \u20ac al centro educativo ganador del primer premio, IES Son Rullan.<\/p>\n<p><a name=\"2016\"><\/a><\/p>\n<h4 class=\"colorear\">Eureka Junior (2016)<\/h4>\n<p>-1\u00ba premio, vales regalo por importe de 2.000 euros, proyecto \u00abWAYPOINT\u00bb, presentado por Miguel \u00c1ngel Arango Giraldo, Clara Juliani Mart\u00ednez y Sof\u00eda Valle G\u00f3mez.<br \/>\n-2\u00ba premio, vales regalo por importe de 1.000 euros, proyecto \u00abSA RISA MALLORQUINA\u00bb, presentado por Francisca Sampol Bennassar, Catalina M\u00aa Oliver Cardell y Encarnaci\u00f3n M\u00aa S\u00e1nchez Planisi.<br \/>\n-3er premio, vales regalo por importe de 500 euros, proyecto \u00abOFIRTUAL\u00bb, presentado por Ainhoa \u200b\u200bCuevas Marchante, \u00c1lvaro Guzm\u00e1n P\u00e9rez, Daniel Mar\u00edn Cano, Margalida Mateu Muntaner y \u00c1lvaro Pablos Pi\u00f1as.<br \/>\n-Premio especial al centro educativo ganador del primer premio, vales regalo por importe de 1.000 euros, IES Son Rullan.<\/p>\n<p><a name=\"2015\"><\/a><\/p>\n<h4 class=\"colorear\">Eureka Junior (2015)<\/h4>\n<p>-1err premio, vales regalo por importe de 2.000 euros, proyecto \u00abPOINTIB\u00bb, presentado por Margalida Obrador Izara, Jos\u00e9 Bote Romero y Guillermo QuetglesNadal.<br \/>\n-2\u00ba premio, vales regalo por importe de 1.000 euros, proyecto \u00abTRIPTIC\u00bb, presentado por Jos\u00e9 Luis Oliver Tonelli, Alejandro Rodriguez Marin, Marco Brea Riestra y Miguel Angel Lliteras Torres.<br \/>\n-3er premio, vales regalo por importe de 500 euros, proyecto \u00abGOOD HOLIDAYS\u00bb, presentado por V\u00edctor Rojas Mart\u00ednez, Esther Jodar M\u00e1rquez, Javier Barranco Godoy, Lucia Pujol Sempere y Carlos Bueno Mart\u00ednez.<br \/>\n-Premio especial al centro educativo ganador del primer premio, vales regalo por importe de 1.000 euros, IES Francesc de Borja Moll.<\/p>\n<p><a name=\"2014\"><\/a><\/p>\n<h4 class=\"colorear\">Eureka Junior (2014)<\/h4>\n<p>-1\u00ba premio, vales regalo por importe de 3.000 euros, proyecto \u00ab\u20acureCard\u00bb, presentado por Esther s\u00e1ez S\u00e1ez, Melisa Yain Ludue\u00f1a y M\u00aa Jos\u00e9 Gonz\u00e1lez Carmona.<br \/>\n-2\u00ba premio, vales regalo por importe de 1.800 euros, proyecto \u00abCo-Unido\u00bb, presentado por Rachid El Aargoubi el Barni, Juan de Dios Gamero Garc\u00eda y Adrian Chaves Chac\u00f3n.<br \/>\n-3er premio, vales regalo por importe de 600 euros, proyecto \u00abSmartappslb\u00bb, presentado por Alejandro Bergaja Murray, Albert Pi\u00f1ero Castillo y Carlos Rodr\u00edguez Antol\u00edn.<\/p>\n<p><a name=\"2012\"><\/a><\/p>\n<h4 class=\"colorear\">Eureka Junior (2012-13)<\/h4>\n<p>-1\u00ba premio, vales regalo por importe de 3.000 euros, proyecto \u00abApertura System\u00bb, presentado por Bruno Rodriguez de Bobes, Juan Fco. Egea Santiago y Pablo Mu\u00f1oz Vanreusal.<br \/>\n-2\u00ba premio, vales regalo por importe de 1.800 euros, proyecto \u00abDeportive Take parte\u00bb, presentado por Sergi Revert Riera, Juan Luis Forn\u00e9s M\u00e1rquez, Carlos Mart\u00ednez S\u00e1nchez, Javier Torres Revelles y Paolo Franquelli Steinhardt.<br \/>\n-3er premio, vales regalo por importe de 600 euros, proyecto \u00abLe Petite Para\u00edso\u00bb, presentado por Cristina Molina Moreno, Lorena Mart\u00ednez Nevado, Laura Mayol Bernardez, Noelia Iergallartu Rodr\u00edguez e Isabel Clivill\u00e9 Llull.<\/p>","protected":false},"excerpt":{"rendered":"<p>Selecciona un a\u00f1o: 2012\/13 \u00b7 2014 \u00b7 2015 \u00b7 2016 \u00b7 2017 \u00b7 2018 \u00b7 2019 \u00b7 2020 \u00b7 2021 \u00b7 2022 \u00b7 2023 \u00b7 2024 \u00b7 2025 Premios mejores proyectos empresariales de estudiantes (2025) 1er premio -vales regalo por importe de 2.500 \u20ac proyecto \u2013 GESTO CARBONO \u2013 presentado por Paula Castillo y Paula [&hellip;]<\/p>\n","protected":false},"author":1,"featured_media":0,"parent":0,"menu_order":0,"comment_status":"closed","ping_status":"closed","template":"","meta":{"footnotes":""},"_links":{"self":[{"href":"https:\/\/web.palmaactiva.com\/es\/wp-json\/wp\/v2\/pages\/2578"}],"collection":[{"href":"https:\/\/web.palmaactiva.com\/es\/wp-json\/wp\/v2\/pages"}],"about":[{"href":"https:\/\/web.palmaactiva.com\/es\/wp-json\/wp\/v2\/types\/page"}],"author":[{"embeddable":true,"href":"https:\/\/web.palmaactiva.com\/es\/wp-json\/wp\/v2\/users\/1"}],"replies":[{"embeddable":true,"href":"https:\/\/web.palmaactiva.com\/es\/wp-json\/wp\/v2\/comments?post=2578"}],"version-history":[{"count":15,"href":"https:\/\/web.palmaactiva.com\/es\/wp-json\/wp\/v2\/pages\/2578\/revisions"}],"predecessor-version":[{"id":53526,"href":"https:\/\/web.palmaactiva.com\/es\/wp-json\/wp\/v2\/pages\/2578\/revisions\/53526"}],"wp:attachment":[{"href":"https:\/\/web.palmaactiva.com\/es\/wp-json\/wp\/v2\/media?parent=2578"}],"curies":[{"name":"wp","href":"https:\/\/api.w.org\/{rel}","templated":true}]}}