{"id":2561,"date":"2017-03-30T08:38:08","date_gmt":"2017-03-30T08:38:08","guid":{"rendered":"http:\/\/web.palmaactiva.com\/?page_id=2561"},"modified":"2017-03-30T09:54:44","modified_gmt":"2017-03-30T09:54:44","slug":"palmares-de-premiados-del-concurso-de-proyectos-empresariales","status":"publish","type":"page","link":"https:\/\/web.palmaactiva.com\/es\/premios-palmaactiva\/palmares-de-premiados-del-concurso-de-proyectos-empresariales\/","title":{"rendered":"Palmar\u00e9s de premiados del concurso de proyectos empresariales"},"content":{"rendered":"<h5>Selecciona un a\u00f1o: <a href=\"#2004\">2004<\/a> \u00b7 <a href=\"#2005\">2005<\/a> \u00b7 <a href=\"#2006\">2006<\/a> \u00b7 <a href=\"#2007\">2007<\/a> \u00b7 <a href=\"#2008\">2008<\/a> \u00b7 <a href=\"#2009\">2009<\/a> \u00b7 <a href=\"#2010\">2010<\/a> \u00b7 <a href=\"#2011\">2011<\/a> \u00b7 <a href=\"#2012\">2012<\/a> \u00b7 <a href=\"#2013\">2013<\/a> \u00b7 <a href=\"#2014\">2014<\/a> \u00b7 <a href=\"#2015\">2015<\/a> \u00b7 <a href=\"#2016\">2016<\/a><\/h5>\n<p><a name=\"2004\"><\/a><\/p>\n<h4>Eureka (2004)<\/h4>\n<p>-1 premio \u00abEUREKA Sostenible para Proyectos Generadores de Utilidad Social, Ecol\u00f3gica, Medioambiental o de Promoci\u00f3n Cultural\u00bb, dotaci\u00f3n econ\u00f3mica 1.200 euros, proyecto \u00abALEA\u00bb, presentado por Carmen Castells Valdivieso, Margarita Castells Valdivieso y Jes\u00fas Miguel Reyes Conejero.<\/p>\n<p>-12 premios \u00abEUREKA: De la Idea a la Empresa\u00bb, dotaci\u00f3n econ\u00f3mica 900 euros cada uno, proyectos:<br \/>\n1. \u00abPidelaluna\u00bb, presentado por Alessia Comis Ronchin.<br \/>\n2. \u00abERVMA\u00bb, presentado por Juan Ram\u00f3n Prats Mut.<br \/>\n3. \u00abEST\u00c9TICA Y MASAJE\u00bb, presentado por Ver\u00f3nica Relancio Butel.<br \/>\n4. \u00abSOM-HI\u00bb, presentado por Antonio Mu\u00f1oz Gonz\u00e1lez.<br \/>\n5. \u00abUNICS\u00bb, presentado por Teresa Pozo Navarro y Antoni Sampietro Riera.<br \/>\n6. \u00abOlah\u00bb, presentado por Sara Aizcorbe Mason y Ignacio Sacramento Baglietto.<br \/>\n7. \u00abIDNTIFY\u00bb, presentado por Cristina Salas Jefferson.<br \/>\n8. \u00abEXE\u00bb, presentado por Mar\u00eda Isabel Soto Fern\u00e1ndez y Francisco Javier Samaniego Conrado.<br \/>\n9. \u00abMYCOBALEAR\u00bb, presentado por Chantal Jourdain.<br \/>\n10. \u00abMODA NOSTRA\u00bb, presentado por Ana Siles Rivas.<br \/>\n11. \u00abALTA FIDELIDAD\u00bb, presentado por Antonio Llompart Rigo y Lorenzo Llompart Rigo.<br \/>\n12. \u00ab4 COLORES\u00bb, presentado por Miguel Pi\u00f1ol Alda.<\/p>\n<p><a name=\"2005\"><\/a><\/p>\n<h4>Eureka (2005)<\/h4>\n<p>-1\u00ba premio \u00abEUREKA Sostenible para Proyectos Generadores de Utilidad Social, Ecol\u00f3gica, Medioambiental o de Promoci\u00f3n Cultural\u00bb, dotaci\u00f3n econ\u00f3mica 3.250 \u20ac, proyecto \u00abConsulta\u00bb, presentado por Carolina Vi\u00e7ens Perpi\u00f1an y Diego Ojeda Navio.<\/p>\n<p>-5 premios \u00abEUREKA: De la Idea a la Empresa\u00bb a los proyectos:<br \/>\n-1\u00ba premio, dotaci\u00f3n econ\u00f3mica 3.000 \u20ac, proyecto \u00abArtactiva\u00bb, presentado por Pau Waelder Laso y Pilar Ribal Sim\u00f3n.<br \/>\n-2\u00ba premio, dotaci\u00f3n econ\u00f3mica 2.000 \u20ac, proyecto \u00abECO Espacios Verdes\u00bb, presentado por Gustavo Cuerdas y Charlotte Riese.<br \/>\n-3er premio, dotaci\u00f3n econ\u00f3mica 1.250 \u20ac, proyecto \u00abvedas\u00bb, presentado por Cecilia Candia Villaverde y Alekhandro Ansari.<br \/>\n-4rt premio, dotaci\u00f3n econ\u00f3mica 1.250 \u20ac, proyecto \u00abAcademia del Viento\u00bb, presentado por Manel Beltran Gonzalez.<br \/>\n-5\u00e8 premio, dotaci\u00f3n econ\u00f3mica 1.250 \u20ac, proyecto \u00abON-E\u00bb, presentado por Samuel Morales Martin.<\/p>\n<p><a name=\"2006\"><\/a><\/p>\n<h4>Eureka (2006)<\/h4>\n<p>-1\u00ba premio, dotaci\u00f3n econ\u00f3mica 4.000 \u20ac, proyecto \u00abTabla C- Code\u00bb, presentado por Gabriel Campins G\u00f3mez y Bartolom\u00e9 Alzamora Literas.<\/p>\n<p>-2 segundos premios, dotaci\u00f3n econ\u00f3mica 3.000 euros, cada uno, proyectos:<br \/>\n&#8211; \u00abMallorca &#038; Rugby\u00bb, presentado por el Sr. Joan Llu\u00eds Tom\u00e1s.<br \/>\n&#8211; \u00abCon Mucho Gusto\u00bb, presentado por Cristina Garc\u00eda Cervia y Davide De Biale.<\/p>\n<p>-3 terceros premios, dotaci\u00f3n econ\u00f3mica 1.500 euros, cada uno, proyectos:<br \/>\n&#8211; \u00abLooc Palma\u00bb, presentado por Antonio Batanero Girbau, Ana P\u00e9rez Zazu y Sara P\u00e9rez Curbelo.<br \/>\n&#8211; \u00abPrecocinados Ca Sa Se\u00f1ora\u00bb, presentado por Felipe Brasil Pascual.<br \/>\n&#8211; \u00abJardines de Babilonia\u00bb, presentado por Carlos Tomas Caldentey.<\/p>\n<p><a name=\"2007\"><\/a><\/p>\n<h4>Eureka (2007)<\/h4>\n<p>-Premio especial la soledad- Pol\u00edgono de Levante, dotaci\u00f3n econ\u00f3mica 5.000 euros, proyecto \u00abFesKTeva.com\u00bb, presentado por Pere Miquel Rigo Pons y Javier Varona G\u00f3mez.<\/p>\n<p>-1\u00ba premio, dotaci\u00f3n econ\u00f3mica 5.000 euros, proyecto \u00abMosaico, Producciones Audiovisuales\u00bb, presentado por Miguel Eek Quesada, Enrique Rodr\u00edguez Ferr\u00e9, y Eduard Bagur.<\/p>\n<p>-2 segundos premios, dotaci\u00f3n econ\u00f3mica 3.500 euros, cada uno, proyectos:<br \/>\n&#8211; \u00abAzafr\u00e1n Espacio Culinario\u00bb, presentado por Margalida Castells Valdivieso.<br \/>\n&#8211; \u00abComer con Conciencia\u00bb, presentado por Lindsey Mackay Robinson.<\/p>\n<p>-3 terceros premios, dotaci\u00f3n econ\u00f3mica 1.750 euros, cada uno, proyectos:<br \/>\n&#8211; \u00abIbnova, Sistemas de Informaci\u00f3n Digital\u00bb, presentado por Ovidio Arribas Gonz\u00e1lvez y Santiago Mulet Cort\u00e9s.<br \/>\n&#8211; \u00abServicio de Etolog\u00eda Cl\u00ednica Balear\u00bb, presentado por Tom\u00e1s Campos Morey y Carmen \u00c1lvarez Ramis.<br \/>\n&#8211; \u00abDigital Balear Sport\u00bb, presentado por Javier Olona Klunder.<\/p>\n<p><a name=\"2008\"><\/a><\/p>\n<h4>Eureka (2008)<\/h4>\n<p>-1\u00ba premio, dotaci\u00f3n econ\u00f3mica 6.000 euros, proyecto \u00abGEOEXPLORER\u00bb, presentado por Antonio Manuel Ruiz Men\u00e9ndez.<\/p>\n<p>-2 segundos premios, dotaci\u00f3n econ\u00f3mica 3.000 euros, cada uno, proyectos:<br \/>\n&#8211; \u00abControl &#038; Confort\u00bb, presentado por Juan Carlos Su\u00e1rez H\u00e4kli y Jos\u00e9 Gabriel D\u00edaz Molina.<br \/>\n&#8211; \u00abHead Dance\u00bb presentado por Luis Cruz Ruiz.<\/p>\n<p>-3 terceros premios, dotaci\u00f3n econ\u00f3mica 1.750 euros, cada uno, proyectos:<br \/>\n&#8211; \u00abalero Pasteler\u00eda\u00bb, presentado por Eriberto Malfesi Auyanet y Alexandra Mary Cruz.<br \/>\n&#8211; \u00abMiniestudi\u00bb, presentado por Cristina Ortega Rodr\u00edguez y Marc S\u00e1nchez Muros.<br \/>\n&#8211; \u00abCentro Veterinario Son Dureta\u00bb, presentado por Mar\u00eda Teresa SantaTecla Palomeque y Ramona Delia salan.<\/p>\n<p><a name=\"2009\"><\/a><\/p>\n<h4>Eureka (2009)<\/h4>\n<p>-1\u00ba premio, dotaci\u00f3n econ\u00f3mica 10.000 euros, proyecto \u00abbalero Studio\u00bb, presentado por Eden Exp\u00f3sito, Germ\u00e1n Mart\u00ednez Lovera, y Renato Rold\u00e1n Ramis.<\/p>\n<p>-2\u00ba premio, dotaci\u00f3n econ\u00f3mica 6.000 euros, proyecto \u00abMutant Time\u00bb, presentado por Daniel Fern\u00e1ndez Monta\u00f1\u00e9s, David Pol Ahonen, Fernando Fern\u00e1ndez Ribas, Jaime Patricio Herrera Rivera y Manuel Bravo Esteva.<\/p>\n<p>-3er premio, dotaci\u00f3n econ\u00f3mica 2.000 euros, proyecto \u00abCollege Technologies, presentado por Sonia Jicha Ribera.<\/p>\n<p><a name=\"2010\"><\/a><\/p>\n<h4>Eureka (2010)<\/h4>\n<p>-1\u00ba premio, dotaci\u00f3n econ\u00f3mica 10.000 euros, proyecto \u00abSadacia\u00bb, presentado por Carlos Mart\u00edn Villafa\u00f1e, Pedro Jos\u00e9 Planells S\u00e1nchez y Natalia In\u00e9s Maroto Villegas.<\/p>\n<p>-2\u00ba premio, dotaci\u00f3n econ\u00f3mica 6.000 euros, proyecto \u00abRotulowcost\u00bb, presentado por Jos\u00e9 Luis Llabr\u00e9s Solivellas<\/p>\n<p>-3er premio, dotaci\u00f3n econ\u00f3mica 2.000 euros, proyecto \u00abSushigo\u00bb, presentado por Alejandro Gabriel anchura Moreno, Victor Adri\u00e1n Miguel Rodr\u00edguez, Jimmy Enrique Gumiel Chacon y David Nicol\u00e1s Contreras.<\/p>\n<p><a name=\"2011\"><\/a><\/p>\n<h4>Eureka (2011)<\/h4>\n<p>-1\u00ba premio y premio especial dotaci\u00f3n econ\u00f3mica 6.000 euros y 3.000 euros, respectivamente, proyecto \u00abSpazio Scena\u00bb, presentado por Alberto Torrens Pascual y Carmen Alosete Minguez.<br \/>\n-2\u00ba premio, dotaci\u00f3n econ\u00f3mica 4.000 euros, proyecto \u00abEmpresa a la carta\u00bb, presentado por Carlos Vives Mas.<br \/>\n-3er premio, dotaci\u00f3n econ\u00f3mica 3.000 euros, proyecto \u00abbips\u00bb, presentado por Mercedes Martinez Jauand, Massimo de Favero, y Pedro Jos\u00e9 Montoya Jim\u00e9nez.<\/p>\n<p><a name=\"2012\"><\/a><\/p>\n<h4>Eureka (2012)<\/h4>\n<p>-Premio especial X aniversario \u00abLanza\u00bb, dotaci\u00f3n econ\u00f3mica 3.000 euros, proyecto \u00abalero pasteler\u00eda\u00bb, presentado por Eriberto Malfesi Auanet y Alexandra Mary Cruz.<br \/>\n-1er premio, dotaci\u00f3n econ\u00f3mica 6.000 euros, proyecto \u00bb IBLABS \u00ab, presentado por Dario Barciela Adan.<br \/>\n-2\u00ba premio, dotaci\u00f3n econ\u00f3mica 4.000 euros, proyecto \u00abMima tu mente\u00bb, presentado por Ana Mantec\u00f3n Carrero.<br \/>\n-3er premio, dotaci\u00f3n econ\u00f3mica 3.000 euros, proyecto \u00abClinaudio\u00bb, presentado por Alexix Diaz Gonz\u00e1lez y Karla Sanguinetti.<br \/>\n-4\u00ba premio, ordenador port\u00e1til, proyecto \u00abILSBA\u00bb, presentado por Sonia Sard Coll y Elianne Scarafile.<br \/>\n-5\u00ba premio, ordenador port\u00e1til, proyecto \u00abIMMATERI\u00bb, presentado por Catalina Garau Garau y Bernat Oliver Font.<br \/>\n-6\u00ba premio, ordenador port\u00e1til, proyecto \u00abViadap\u00bb, presentado por Alfredo Arias Berenguer y Anotoni Salom Coli.<\/p>\n<p><a name=\"2013\"><\/a><\/p>\n<h4>Eureka (2013)<\/h4>\n<p>-1\u00ba premio, dotaci\u00f3n econ\u00f3mica 6.000 euros, proyecto \u00abPEPLEMON\u00bb, presentado por Christoph Hafner, Carmen Verdaguer Aguil\u00f3 y Bartomeu Riutort Sbert. -2\u00ba premio, dotaci\u00f3n econ\u00f3mica 4.000 euros, proyecto \u00abUNAM\u00bb, presentado por Joan Marc Tur Roig.<br \/>\n-3er premio, dotaci\u00f3n econ\u00f3mica 3.000 euros, proyecto \u00abGeolit\u00bb, presentado por Salvador Lozano Gonz\u00e1lvez y Albert Miralles Brunet.<\/p>\n<p><a name=\"2014\"><\/a><\/p>\n<h4>Eureka (2014)<\/h4>\n<p>-Premio especial \u00abLanza\u00bb, dotaci\u00f3n econ\u00f3mica 3.000 euros, proyecto y empresa \u00abRUN AWAY TRIPS SL\u00bb<br \/>\n-1\u00ba premio, dotaci\u00f3n econ\u00f3mica 6.000 euros, proyecto \u00abFabLab\u00bb, presentado por Bruno Jes\u00fas Fern\u00e1ndez Fern\u00e1ndez y \u00c1lvaro Rodr\u00edguez Ruiz.<br \/>\n-2\u00ba premio, dotaci\u00f3n econ\u00f3mica 4.000 euros, proyecto \u00abBEEGREEN\u00bb, presentado por Paloma Serer Oliver.<br \/>\n-3er premio, dotaci\u00f3n econ\u00f3mica 3.000 euros, proyecto \u00abNEUROWAKE\u00bb, presentado por \u00c1ngela Covas Riera, Juana Porcel Gomila, Juan Ochogavia Colom y Anna Bramona Barnes.<\/p>\n<p><a name=\"2015\"><\/a><\/p>\n<h4>Eureka (2015)<\/h4>\n<p>-1\u00ba premio, dotaci\u00f3n econ\u00f3mica 6.000 euros, proyecto \u00abSmach CERO\u00bb, presentado por Antonio de la Torre P\u00e9rez, Miguel Gelabert Reus y Ignacio Armenteros Paniagua.<br \/>\n-2\u00ba premio, dotaci\u00f3n econ\u00f3mica 4.000 euros, proyecto \u00bb PESCATURISMO MALLORCA \u00ab, presentado por Jos\u00e9 Mart\u00ednez Garc\u00eda y Miquel Llabr\u00e9s Artigues.<br \/>\n-3er premio, dotaci\u00f3n econ\u00f3mica 3.000 euros, proyecto\u00bb AUTOESCUELA SUPER EXPRESS \u00ab, presentado por Joaqu\u00edn Almansa S\u00e1ez, Jos\u00e9 Antonio Soto Villen y Juana M\u00aa Porcel Gomila.<\/p>\n<p><a name=\"2016\"><\/a><\/p>\n<h4>Eureka (2016)<\/h4>\n<p>-1\u00ba premio, dotaci\u00f3n econ\u00f3mica 6.000 euros, proyecto \u00abHOTELINKING\u00bb, presentado por Daniel Encina Antich y Xisco Llad\u00f3 Rasilla.<br \/>\n-2\u00ba premio, dotaci\u00f3n econ\u00f3mica 4.000 euros, proyecto TECNOAPRENDO \u00ab, presentado por Nacho Mayol, Sergio Antol\u00ednez, May Andr\u00e9s, Segio \u00dabeda y Juan Albis.<br \/>\n-3er premio, dotaci\u00f3n econ\u00f3mica 3.000 euros, proyecto\u00bb Coconut \u00ab, presentado por Marina Colomar Garau.<br \/>","protected":false},"excerpt":{"rendered":"<p>Selecciona un a\u00f1o: 2004 \u00b7 2005 \u00b7 2006 \u00b7 2007 \u00b7 2008 \u00b7 2009 \u00b7 2010 \u00b7 2011 \u00b7 2012 \u00b7 2013 \u00b7 2014 \u00b7 2015 \u00b7 2016 Eureka (2004) -1 premio \u00abEUREKA Sostenible para Proyectos Generadores de Utilidad Social, Ecol\u00f3gica, Medioambiental o de Promoci\u00f3n Cultural\u00bb, dotaci\u00f3n econ\u00f3mica 1.200 euros, proyecto \u00abALEA\u00bb, presentado por Carmen [&hellip;]<\/p>\n","protected":false},"author":1,"featured_media":0,"parent":351,"menu_order":0,"comment_status":"closed","ping_status":"closed","template":"","meta":{"footnotes":""},"_links":{"self":[{"href":"https:\/\/web.palmaactiva.com\/es\/wp-json\/wp\/v2\/pages\/2561"}],"collection":[{"href":"https:\/\/web.palmaactiva.com\/es\/wp-json\/wp\/v2\/pages"}],"about":[{"href":"https:\/\/web.palmaactiva.com\/es\/wp-json\/wp\/v2\/types\/page"}],"author":[{"embeddable":true,"href":"https:\/\/web.palmaactiva.com\/es\/wp-json\/wp\/v2\/users\/1"}],"replies":[{"embeddable":true,"href":"https:\/\/web.palmaactiva.com\/es\/wp-json\/wp\/v2\/comments?post=2561"}],"version-history":[{"count":5,"href":"https:\/\/web.palmaactiva.com\/es\/wp-json\/wp\/v2\/pages\/2561\/revisions"}],"predecessor-version":[{"id":2586,"href":"https:\/\/web.palmaactiva.com\/es\/wp-json\/wp\/v2\/pages\/2561\/revisions\/2586"}],"up":[{"embeddable":true,"href":"https:\/\/web.palmaactiva.com\/es\/wp-json\/wp\/v2\/pages\/351"}],"wp:attachment":[{"href":"https:\/\/web.palmaactiva.com\/es\/wp-json\/wp\/v2\/media?parent=2561"}],"curies":[{"name":"wp","href":"https:\/\/api.w.org\/{rel}","templated":true}]}}