{"id":256,"date":"2016-09-09T10:42:47","date_gmt":"2016-09-09T10:42:47","guid":{"rendered":"http:\/\/web.palmaactiva.com\/?page_id=256"},"modified":"2025-11-04T08:48:59","modified_gmt":"2025-11-04T07:48:59","slug":"cursos-avanzados-de-nuevas-tecnologias","status":"publish","type":"page","link":"https:\/\/web.palmaactiva.com\/es\/cursos-de-formacion\/cursos-de-noves-tecnologies\/cursos-avanzados-de-nuevas-tecnologias\/","title":{"rendered":"Cursos avanzados de nuevas tecnolog\u00edas"},"content":{"rendered":"<div class=\"su-row\"><div class=\"su-column su-column-size-1-2\"><div class=\"su-column-inner su-u-clearfix su-u-trim\"><div class=\"su-youtube su-u-responsive-media-yes\"><iframe width=\"640\" height=\"360\" src=\"https:\/\/www.youtube.com\/embed\/RbARERF-9Vs?autohide=2&amp;autoplay=0&amp;mute=0&amp;controls=1&amp;fs=1&amp;loop=0&amp;modestbranding=0&amp;rel=0&amp;showinfo=0&amp;theme=light&amp;wmode=&amp;playsinline=0\" frameborder=\"0\" allowfullscreen allow=\"autoplay; encrypted-media; picture-in-picture\" title=\"\"><\/iframe><\/div><\/div><\/div> <div class=\"su-column su-column-size-1-2\"><div class=\"su-column-inner su-u-clearfix su-u-trim\"> Las nuevas tecnolog\u00edas como motor de ocupaci\u00f3n para perfiles especializados incluyen formaci\u00f3n en programaci\u00f3 b\u00e1sica; desarrollo web\/app para conocer, dise\u00f1ar y construir tu propia web\/app con WordPress; ciberseguridad; dise\u00f1o gr\u00e1fico; programaci\u00f3n y creaci\u00f3n de videojuegos; social media y marketing online; impresi\u00f3n 3D (dise\u00f1o, montaje e impresi\u00f3n) y herramientas TIC (Google Analytics, Google My Business, Google PageSpeed, YouTube, Google Play&#8230;).<\/div><\/div><\/div>\n&nbsp;<br \/>\n<div class=\"su-row\"><div class=\"su-column su-column-size-1-2\"><div class=\"su-column-inner su-u-clearfix su-u-trim\"><div class=\"su-note\"  style=\"border-color:#e0e0e0;border-radius:3px;-moz-border-radius:3px;-webkit-border-radius:3px;\"><div class=\"su-note-inner su-u-clearfix su-u-trim\" style=\"background-color:#fafafa;border-color:#ffffff;color:#000000;border-radius:3px;-moz-border-radius:3px;-webkit-border-radius:3px;\">\n<h4>Pr\u00f3ximos cursos:<\/h4>\nHaz clic en el siguiente bot\u00f3n y se abrir\u00e1 una nueva pesta\u00f1a con la lista de los pr\u00f3ximos cursos de nuevas tecnolog\u00edas nivel AVANZADO para que puedas preinscribirte.<br \/>\n\u00a1Convi\u00e9rtete en un profesional IT con nosotros! ;)\n\n<div class=\"dt-service-more\" style=\"text-align: center; margin-bottom: 5px; margin-top: 5px;\">\n    <a href=\"https:\/\/palma.es\/es\/web\/palmaactiva\/acciones-y-cursos\" target=\"_blank\" rel=\"noopener\" style=\"display: inline-flex; align-items: center; justify-content: center; padding: 10px 30px; border-radius: 2px; text-transform: uppercase; text-decoration: none; max-width: 100%; box-sizing: border-box;\"><i class=\"fa fa-th-list\" style=\"margin-right: 10px;\"><\/i><span style=\"display: inline-flex; line-height: 1.5;\">Ver cursos TIC Avanzado<\/span><\/a>\n<\/div>\n\n<h4>Certificados de profesionalidad<\/h4>\n<p> Certificado de profesionalidad de nivel 2 de confecci\u00f3n y publicaci\u00f3n de p\u00e1ginas web y certificado de profesionalidad de nivel 2 de operaciones de mantenimiento de sistemas microinform\u00e1ticos.<br \/>\n&nbsp;<\/p>\n<div class=\"dt-service-more\" style=\"text-align: center; margin-bottom: 5px; margin-top: 5px;\">\n    <a href=\"https:\/\/web.palmaactiva.com\/cursos-de-formacion\/cursos-de-formacion-en-oficios\/programes-mixtes-docupacio-i-formacio\/programes-mixtos-docupacio-i-formacio-2024-2025\" target=\"_blank\" rel=\"noopener\" style=\"display: inline-flex; align-items: center; justify-content: center; padding: 10px 30px; border-radius: 2px; text-transform: uppercase; text-decoration: none; max-width: 100%; box-sizing: border-box;\"><i class=\"fa fa-user\" style=\"margin-right: 10px;\"><\/i><span style=\"display: inline-flex; line-height: 1.5;\">Participar como alumnado-trabajador<\/span><\/a>\n<\/div>\n<\/div><\/div><\/div><\/div><\/div>","protected":false},"excerpt":{"rendered":"<p>&nbsp;<\/p>\n","protected":false},"author":1,"featured_media":0,"parent":17840,"menu_order":0,"comment_status":"closed","ping_status":"closed","template":"","meta":{"footnotes":""},"_links":{"self":[{"href":"https:\/\/web.palmaactiva.com\/es\/wp-json\/wp\/v2\/pages\/256"}],"collection":[{"href":"https:\/\/web.palmaactiva.com\/es\/wp-json\/wp\/v2\/pages"}],"about":[{"href":"https:\/\/web.palmaactiva.com\/es\/wp-json\/wp\/v2\/types\/page"}],"author":[{"embeddable":true,"href":"https:\/\/web.palmaactiva.com\/es\/wp-json\/wp\/v2\/users\/1"}],"replies":[{"embeddable":true,"href":"https:\/\/web.palmaactiva.com\/es\/wp-json\/wp\/v2\/comments?post=256"}],"version-history":[{"count":24,"href":"https:\/\/web.palmaactiva.com\/es\/wp-json\/wp\/v2\/pages\/256\/revisions"}],"predecessor-version":[{"id":54357,"href":"https:\/\/web.palmaactiva.com\/es\/wp-json\/wp\/v2\/pages\/256\/revisions\/54357"}],"up":[{"embeddable":true,"href":"https:\/\/web.palmaactiva.com\/es\/wp-json\/wp\/v2\/pages\/17840"}],"wp:attachment":[{"href":"https:\/\/web.palmaactiva.com\/es\/wp-json\/wp\/v2\/media?parent=256"}],"curies":[{"name":"wp","href":"https:\/\/api.w.org\/{rel}","templated":true}]}}