{"id":249,"date":"2016-09-08T09:49:38","date_gmt":"2016-09-08T09:49:38","guid":{"rendered":"http:\/\/web.palmaactiva.com\/?page_id=249"},"modified":"2021-11-08T15:45:12","modified_gmt":"2021-11-08T14:45:12","slug":"mentores","status":"publish","type":"page","link":"https:\/\/web.palmaactiva.com\/es\/empresa\/oficina-de-lautonom-2\/mentores\/","title":{"rendered":"Mentores"},"content":{"rendered":"<div class=\"su-row\"><div class=\"su-column su-column-size-1-3\"><div class=\"su-column-inner su-u-clearfix su-u-trim\"><div class=\"su-youtube su-u-responsive-media-yes\"><iframe width=\"640\" height=\"360\" src=\"https:\/\/www.youtube.com\/embed\/j8fOv8-0kpI?autohide=2&amp;autoplay=0&amp;mute=0&amp;controls=1&amp;fs=1&amp;loop=0&amp;modestbranding=0&amp;rel=0&amp;showinfo=0&amp;theme=light&amp;wmode=&amp;playsinline=0\" frameborder=\"0\" allowfullscreen allow=\"autoplay; encrypted-media; picture-in-picture\" title=\"\"><\/iframe><\/div><div class=\"su-tabs su-tabs-style-default su-tabs-mobile-stack su-tabs-vertical\" data-active=\"1\" data-scroll-offset=\"0\" data-anchor-in-url=\"no\"><div class=\"su-tabs-nav\"><span class=\"\" data-url=\"\" data-target=\"blank\" tabindex=\"0\" role=\"button\"><i class='fa fa-user colorear'><\/i><\/span><span class=\"\" data-url=\"\" data-target=\"blank\" tabindex=\"0\" role=\"button\"><i class='fa fa-map-marker colorear'><\/i><\/span><span class=\"\" data-url=\"\" data-target=\"blank\" tabindex=\"0\" role=\"button\"><i class='fa fa-clock-o colorear'><\/i><\/span><span class=\"\" data-url=\"\" data-target=\"blank\" tabindex=\"0\" role=\"button\"><i class='fa fa-eur colorear'><\/i><\/span><\/div><div class=\"su-tabs-panes\"><div class=\"su-tabs-pane su-u-clearfix su-u-trim\" data-title=\"&lt;i class=&#039;fa fa-user colorear&#039;&gt;&lt;\/i&gt;\">Dirigido a empresarios, comerciantes y emprendedores que se ajusten a <a href=\"http:\/\/formacio.palmaactiva.com\/mentoring\/programa-de-mentoring-palmaactiva\/\">los requisitos del programa<\/a><\/strong> en Palma.<\/div>\n<div class=\"su-tabs-pane su-u-clearfix su-u-trim\" data-title=\"&lt;i class=&#039;fa fa-map-marker colorear&#039;&gt;&lt;\/i&gt;\"><strong>PalmaActiva<\/strong><br \/>\nC\/ Socors 22 &#8211; Palma<br \/>\n<a href=\"#\">Mapa<\/a><\/div>\n<div class=\"su-tabs-pane su-u-clearfix su-u-trim\" data-title=\"&lt;i class=&#039;fa fa-clock-o colorear&#039;&gt;&lt;\/i&gt;\"><strong>Solicitudes online<\/strong><br \/>\n24 horas, 365 d\u00edas.<\/div>\n<div class=\"su-tabs-pane su-u-clearfix su-u-trim\" data-title=\"&lt;i class=&#039;fa fa-eur colorear&#039;&gt;&lt;\/i&gt;\"><strong>Servicio GRATUITO<\/strong><\/div><\/div><\/div><div class=\"su-button-center\"><a href=\"https:\/\/web.palmaactiva.com\/empresa\/recursos-de-creacion-de-empresas\" class=\"su-button su-button-style-flat su-button-wide\" style=\"color:#606060;background-color:#dadada;border-color:#afafaf;border-radius:6px;-moz-border-radius:6px;-webkit-border-radius:6px\" target=\"_self\"><span style=\"color:#606060;padding:6px 18px;font-size:14px;line-height:21px;border-color:#e6e6e6;border-radius:6px;-moz-border-radius:6px;-webkit-border-radius:6px;text-shadow:none;-moz-text-shadow:none;-webkit-text-shadow:none\"><i class=\"sui sui-sign-in\" style=\"font-size:14px;color:#FFFFFF\"><\/i> Recursos para emprender<\/span><\/a><\/div><\/div><\/div>\n<div class=\"su-column su-column-size-2-3\"><div class=\"su-column-inner su-u-clearfix su-u-trim\"><strong>Muchos ejecutivos y emprendedores deben su \u00e9xito, en parte, al sabio consejo de sus predecesores<\/strong>. Poner en marcha un proyecto emprendedor, una empresa o ser empresario es un camino arduo que se puede hacer considerablemente m\u00e1s f\u00e1cil con el consejo y gu\u00eda de un mentor. Mentores que, en virtud de su experiencia y sus propios \u00e9xitos y fracasos, tienen mucho que ofrecer.<br \/>\nLos mentores comparten lecciones de sus experiencias para ayudarles a evitar problemas en la trayectoria empresarial, y les ofrecen un punto de vista externo, experto y confidencial que les ayudar\u00e1 a detectar las fortalezas y debilidades de su empresa o proyecto empresarial.<br \/>\nEncontrar un mentor adecuado a veces es una misi\u00f3n dif\u00edcil, pero vale la pena tener un modelo a seguir, as\u00ed como identificar los mejores, los m\u00e1s id\u00f3neos para el caso. Consciente de estas dificultades, de todo lo que ambas partes pueden obtener, y con el objetivo de potenciar el networking entre empresarios y mentorizados PalmaActiva pone en marcha el Programa de Mentores PalmaActiva.\n<div class=\"su-button-center\"><a href=\"https:\/\/web.palmaactiva.com\/mentoring\/web\/es\/#gsc.tab=0\" class=\"su-button su-button-style-flat\" style=\"color:#ffffff;background-color:#e03e52;border-color:#b43242;border-radius:6px;-moz-border-radius:6px;-webkit-border-radius:6px\" target=\"_self\"><span style=\"color:#ffffff;padding:6px 18px;font-size:14px;line-height:21px;border-color:#ea7886;border-radius:6px;-moz-border-radius:6px;-webkit-border-radius:6px;text-shadow:none;-moz-text-shadow:none;-webkit-text-shadow:none\"><i class=\"sui sui-sign-in\" style=\"font-size:14px;color:#FFFFFF\"><\/i> Web del Programa de Mentores<\/span><\/a><\/div><\/div><\/div><\/div>","protected":false},"excerpt":{"rendered":"","protected":false},"author":1,"featured_media":0,"parent":41,"menu_order":0,"comment_status":"closed","ping_status":"closed","template":"","meta":{"footnotes":""},"_links":{"self":[{"href":"https:\/\/web.palmaactiva.com\/es\/wp-json\/wp\/v2\/pages\/249"}],"collection":[{"href":"https:\/\/web.palmaactiva.com\/es\/wp-json\/wp\/v2\/pages"}],"about":[{"href":"https:\/\/web.palmaactiva.com\/es\/wp-json\/wp\/v2\/types\/page"}],"author":[{"embeddable":true,"href":"https:\/\/web.palmaactiva.com\/es\/wp-json\/wp\/v2\/users\/1"}],"replies":[{"embeddable":true,"href":"https:\/\/web.palmaactiva.com\/es\/wp-json\/wp\/v2\/comments?post=249"}],"version-history":[{"count":5,"href":"https:\/\/web.palmaactiva.com\/es\/wp-json\/wp\/v2\/pages\/249\/revisions"}],"predecessor-version":[{"id":45591,"href":"https:\/\/web.palmaactiva.com\/es\/wp-json\/wp\/v2\/pages\/249\/revisions\/45591"}],"up":[{"embeddable":true,"href":"https:\/\/web.palmaactiva.com\/es\/wp-json\/wp\/v2\/pages\/41"}],"wp:attachment":[{"href":"https:\/\/web.palmaactiva.com\/es\/wp-json\/wp\/v2\/media?parent=249"}],"curies":[{"name":"wp","href":"https:\/\/api.w.org\/{rel}","templated":true}]}}