{"id":2484,"date":"2017-03-22T12:58:42","date_gmt":"2017-03-22T12:58:42","guid":{"rendered":"http:\/\/web.palmaactiva.com\/?page_id=2484"},"modified":"2017-03-28T12:14:09","modified_gmt":"2017-03-28T12:14:09","slug":"jornadas-de-comercio-electronico","status":"publish","type":"page","link":"https:\/\/web.palmaactiva.com\/es\/dinamizacion-comercial\/jornadas-de-comercio-electronico\/","title":{"rendered":"Jornadas de comercio electr\u00f3nico"},"content":{"rendered":"<figure id=\"attachment_2490\" aria-describedby=\"caption-attachment-2490\" style=\"width: 1200px\" class=\"wp-caption alignleft\"><img decoding=\"async\" loading=\"lazy\" src=\"https:\/\/web.palmaactiva.com\/wp-content\/uploads\/2017\/03\/ecommerce_es.jpg\" alt=\"Jornadas de comercio electr\u00f3nico\" width=\"1200\" height=\"627\" class=\"size-full wp-image-2490\" \/><figcaption id=\"caption-attachment-2490\" class=\"wp-caption-text\">Jornadas de comercio electr\u00f3nico<\/figcaption><\/figure>\n<h4>PalmaActiva organiza una ciclo de conferencias sobre e-commerce en el marco de sus actuaciones de dinamizaci\u00f3n comercial<\/h4>\nDurante los d\u00edas 27 de marzo, 3 y 10 de abril, PalmaActiva desarrollar\u00e1 un ciclo dedicado al comercio electr\u00f3nico, en el que con de expertos en comercio electr\u00f3nico y con ejemplos de casos reales, se presentar\u00e1 a titulares de comercios, asociaciones de comerciantes y p\u00fablico en general interesado, las oportunidades que puede suponer el hecho de disponer de una tienda online y orientar c\u00f3mo enfocar el negocio en internet, de informar sobre aspectos legales&#8230;\n<h4>Jose Manuel Raya: Las posibilidades del comercio electr\u00f3nico local y de proximidad.<\/h4>\n27 de marzo, 18.30h | sede PalmaActiva\n<a href=\"http:\/\/www.reunalia.com\/7693283\" class=\"su-button su-button-style-flat\" style=\"color:#ffffff;background-color:#e03e52;border-color:#b43242;border-radius:6px;-moz-border-radius:6px;-webkit-border-radius:6px\" target=\"_self\"><span style=\"color:#ffffff;padding:6px 18px;font-size:14px;line-height:21px;border-color:#ea7886;border-radius:6px;-moz-border-radius:6px;-webkit-border-radius:6px;text-shadow:none;-moz-text-shadow:none;-webkit-text-shadow:none\"><i class=\"sui sui-sign-in\" style=\"font-size:14px;color:#FFFFFF\"><\/i> Inscripci\u00f3n<\/span><\/a>\n<h4>Rub\u00e9n Vinagre: C\u00f3mo lanzar un e-commerce de \u00e9xito (HAWKERS como modelo).<\/h4>\n3 de abril, de 17 a 19h | sede PalmaActiva\n<a href=\"http:\/\/www.reunalia.com\/7786336\" class=\"su-button su-button-style-flat\" style=\"color:#ffffff;background-color:#e03e52;border-color:#b43242;border-radius:6px;-moz-border-radius:6px;-webkit-border-radius:6px\" target=\"_self\"><span style=\"color:#ffffff;padding:6px 18px;font-size:14px;line-height:21px;border-color:#ea7886;border-radius:6px;-moz-border-radius:6px;-webkit-border-radius:6px;text-shadow:none;-moz-text-shadow:none;-webkit-text-shadow:none\"><i class=\"sui sui-sign-in\" style=\"font-size:14px;color:#FFFFFF\"><\/i> Inscripci\u00f3n<\/span><\/a>\n<h4>Ejemplos reales de comercios online. Casos pr\u00e1cticos y resultados.<\/h4>\n10 de abril, 18.30h | sede PalmaActiva\n<a href=\"http:\/\/www.reunalia.com\/4251041\" class=\"su-button su-button-style-flat\" style=\"color:#ffffff;background-color:#e03e52;border-color:#b43242;border-radius:6px;-moz-border-radius:6px;-webkit-border-radius:6px\" target=\"_self\"><span style=\"color:#ffffff;padding:6px 18px;font-size:14px;line-height:21px;border-color:#ea7886;border-radius:6px;-moz-border-radius:6px;-webkit-border-radius:6px;text-shadow:none;-moz-text-shadow:none;-webkit-text-shadow:none\"><i class=\"sui sui-sign-in\" style=\"font-size:14px;color:#FFFFFF\"><\/i> Inscripci\u00f3n<\/span><\/a>","protected":false},"excerpt":{"rendered":"<p>PalmaActiva organiza una ciclo de conferencias sobre e-commerce en el marco de sus actuaciones de dinamizaci\u00f3n comercial Durante los d\u00edas 27 de marzo, 3 y 10 de abril, PalmaActiva desarrollar\u00e1 un ciclo dedicado al comercio electr\u00f3nico, en el que con de expertos en comercio electr\u00f3nico y con ejemplos de casos reales, se presentar\u00e1 a titulares [&hellip;]<\/p>\n","protected":false},"author":1,"featured_media":0,"parent":320,"menu_order":0,"comment_status":"closed","ping_status":"closed","template":"","meta":{"footnotes":""},"_links":{"self":[{"href":"https:\/\/web.palmaactiva.com\/es\/wp-json\/wp\/v2\/pages\/2484"}],"collection":[{"href":"https:\/\/web.palmaactiva.com\/es\/wp-json\/wp\/v2\/pages"}],"about":[{"href":"https:\/\/web.palmaactiva.com\/es\/wp-json\/wp\/v2\/types\/page"}],"author":[{"embeddable":true,"href":"https:\/\/web.palmaactiva.com\/es\/wp-json\/wp\/v2\/users\/1"}],"replies":[{"embeddable":true,"href":"https:\/\/web.palmaactiva.com\/es\/wp-json\/wp\/v2\/comments?post=2484"}],"version-history":[{"count":5,"href":"https:\/\/web.palmaactiva.com\/es\/wp-json\/wp\/v2\/pages\/2484\/revisions"}],"predecessor-version":[{"id":2542,"href":"https:\/\/web.palmaactiva.com\/es\/wp-json\/wp\/v2\/pages\/2484\/revisions\/2542"}],"up":[{"embeddable":true,"href":"https:\/\/web.palmaactiva.com\/es\/wp-json\/wp\/v2\/pages\/320"}],"wp:attachment":[{"href":"https:\/\/web.palmaactiva.com\/es\/wp-json\/wp\/v2\/media?parent=2484"}],"curies":[{"name":"wp","href":"https:\/\/api.w.org\/{rel}","templated":true}]}}