{"id":247,"date":"2016-09-08T09:49:06","date_gmt":"2016-09-08T09:49:06","guid":{"rendered":"http:\/\/web.palmaactiva.com\/?page_id=247"},"modified":"2026-04-28T10:30:48","modified_gmt":"2026-04-28T08:30:48","slug":"encuentros-empresariales","status":"publish","type":"page","link":"https:\/\/web.palmaactiva.com\/es\/encuentros-empresariales\/","title":{"rendered":"Speed Networking"},"content":{"rendered":"\u00a1Haz crecer tu red y tu negocio! Participa en el pr\u00f3ximo Speed Networking de PalmaActiva y ASIMA J\u00f3venes. <a href=\"https:\/\/icpa.palma.cat\/icpafront\/curs\/6372\"><strong>\u00a1Inscripciones abiertas!<\/strong><\/a>\n<div class=\"su-row\"><div class=\"su-column su-column-size-1-2\"><div class=\"su-column-inner su-u-clearfix su-u-trim\"><a href=\"https:\/\/icpa.palma.cat\/icpafront\/curs\/6372\"><img decoding=\"async\" loading=\"lazy\" class=\"alignnone size-full wp-image-49593\" src=\"https:\/\/web.palmaactiva.com\/wp-content\/uploads\/2026\/04\/Networking-12.05.26.jpg\" alt=\"\" width=\"1125\" height=\"2000\" \/><\/a><a href=\"https:\/\/icpa.palma.cat\/icpafront\/curs\/6372\"><img decoding=\"async\" loading=\"lazy\" class=\"alignnone size-full wp-image-49593\" src=\"https:\/\/web.palmaactiva.com\/wp-content\/uploads\/2026\/04\/Networking-12.05.26-2.jpg\" alt=\"\" width=\"1125\" height=\"2000\" \/><\/a><br \/>\n<\/div><\/div><div class=\"su-column su-column-size-1-2\"><div class=\"su-column-inner su-u-clearfix su-u-trim\">\n\n<div style=\"line-height: 1.4;\">\n<p><span style=\"color: #e03e52;\"><strong>Objetivos<\/strong><\/span><\/p>\n<p>Establecer nuevos contactos y posibilitar que surjan colaboraciones entre los participantes de la jornada, as\u00ed como ampliar la red de relaciones de las empresas y aut\u00f3nomos asistentes a la jornada.<\/p>\n<p><span style=\"color: #e03e52;\"><strong>\u00bfA qui\u00e9n se dirige?<\/strong><\/span><\/p>\n<p>La jornada se dirige a cualquier empresa o aut\u00f3nomo\/a, de cualquier sector de actividad, que quiera ampliar su red contactos y conocer a nuevos emprendedores o empresarios con los que poder establecer colaboraciones o realizar negocios.<\/p>\n<p><span style=\"color: #e03e52;\"><strong>\u00bfEn qu\u00e9 consiste?<\/strong><\/span><br \/>\nLa jornada tendr\u00e1 una duraci\u00f3n aproximada de dos horas y media, diferenciada en tres bloques.<\/p>\n<p>El primer bloque consistir\u00e1 en dos charlas breves. La primera es \u00abDominar el arte de la oratoria\u00bb, con Toni Traveria, periodista y escritor. La segunda es \u00abC\u00f3mo presentar tu empresa en 30 segundos y ser recordado\u00bb, a cargo de David Arr\u00e1ez, periodista y <em>speaker.<\/em><\/p>\n<p>La segunda parte consistir\u00e1 en mesas de trabajo. Los participantes rotar\u00e1n tres o cuatro veces de mesa de trabajo, en funci\u00f3n del n\u00famero total de participantes. En cada una de las rondas dispondr\u00e1n de 90 segundos para presentarse y contestar a una pregunta. A trav\u00e9s de estas intervenciones, esperamos que se establezcan sinergias entre los participantes.<\/p>\n<p>Por \u00faltimo, contaremos con otros treinta minutos para establecer m\u00e1s contactos o profundizar en las relaciones establecidas en el <em>speed networking<\/em> .<\/p>\n<p><span style=\"color: #e03e52;\"><strong>\u00bfD\u00f3nde?<\/strong><\/span><br \/>\nEn el Espai 22 de PalmaActiva, calle Socorro, 22. Palma.<\/p>\n<\/div>\n\n<p>&nbsp;<\/p>\n<div class=\"dt-service-more\" style=\"margin-bottom: 5px; margin-top: 5px; text-align: center;\"><a style=\"display: inline-flex; align-items: center; justify-content: center; padding: 10px 30px; border-radius: 2px; text-transform: uppercase; text-decoration: none; max-width: 100%; box-sizing: border-box;\" href=\"https:\/\/icpa.palma.cat\/icpafront\/curs\/6372\" target=\"_blank\" rel=\"noopener\"><i class=\"fa fa-user-plus\" style=\"margin-right: 10px;\"><\/i><span style=\"display: inline-flex; line-height: 1.5;\">Inscr\u00edbete<\/span><\/a><\/div>\n<\/div><\/div><\/div>","protected":false},"excerpt":{"rendered":"<p>\u00a1Haz crecer tu red y tu negocio! Participa en el pr\u00f3ximo Speed Networking de PalmaActiva y ASIMA J\u00f3venes. \u00a1Inscripciones abiertas!<\/p>\n","protected":false},"author":1,"featured_media":0,"parent":0,"menu_order":0,"comment_status":"closed","ping_status":"closed","template":"","meta":{"footnotes":""},"_links":{"self":[{"href":"https:\/\/web.palmaactiva.com\/es\/wp-json\/wp\/v2\/pages\/247"}],"collection":[{"href":"https:\/\/web.palmaactiva.com\/es\/wp-json\/wp\/v2\/pages"}],"about":[{"href":"https:\/\/web.palmaactiva.com\/es\/wp-json\/wp\/v2\/types\/page"}],"author":[{"embeddable":true,"href":"https:\/\/web.palmaactiva.com\/es\/wp-json\/wp\/v2\/users\/1"}],"replies":[{"embeddable":true,"href":"https:\/\/web.palmaactiva.com\/es\/wp-json\/wp\/v2\/comments?post=247"}],"version-history":[{"count":49,"href":"https:\/\/web.palmaactiva.com\/es\/wp-json\/wp\/v2\/pages\/247\/revisions"}],"predecessor-version":[{"id":55303,"href":"https:\/\/web.palmaactiva.com\/es\/wp-json\/wp\/v2\/pages\/247\/revisions\/55303"}],"wp:attachment":[{"href":"https:\/\/web.palmaactiva.com\/es\/wp-json\/wp\/v2\/media?parent=247"}],"curies":[{"name":"wp","href":"https:\/\/api.w.org\/{rel}","templated":true}]}}