{"id":2412,"date":"2017-03-17T07:59:25","date_gmt":"2017-03-17T07:59:25","guid":{"rendered":"http:\/\/web.palmaactiva.com\/?page_id=2412"},"modified":"2017-03-30T06:48:27","modified_gmt":"2017-03-30T06:48:27","slug":"jornada-de-seleccion-para-salvament-aquatic","status":"publish","type":"page","link":"https:\/\/web.palmaactiva.com\/es\/buscar-trabajadores\/jornadas-de-seleccion\/jornada-de-seleccion-para-salvament-aquatic\/","title":{"rendered":"Jornada de selecci\u00f3n para Salvament Aqu\u00e0tic"},"content":{"rendered":"<figure id=\"attachment_2415\" aria-describedby=\"caption-attachment-2415\" style=\"width: 1200px\" class=\"wp-caption alignleft\"><img decoding=\"async\" loading=\"lazy\" src=\"https:\/\/web.palmaactiva.com\/wp-content\/uploads\/2017\/03\/banner_FB_esp.png\" alt=\"Jornada de selecci\u00f3n para Salvament Aqu\u00e0tic\" width=\"1200\" height=\"627\" class=\"size-full wp-image-2415\" \/><figcaption id=\"caption-attachment-2415\" class=\"wp-caption-text\">Jornada de selecci\u00f3n para Salvament Aqu\u00e0tic<\/figcaption><\/figure>Si eres <strong>SOCORRISTA<\/strong>, est\u00e1s buscando trabajo y cumples con el perfil que a continuaci\u00f3n describimos,  preinscr\u00edbete en la jornada de selecci\u00f3n de la empresa <strong>SALVAMENT AQUATIC DE LES ILLES BALEARS<\/strong>, que tendr\u00e1 lugar el pr\u00f3ximo jueves 30 de marzo en PalmaActiva.<\/p>\n<p>Descripci\u00f3n del perfil: vigilar lamina de agua, y sus alrededores, prevenci\u00f3n de accidentes, mantenimiento del orden y limpieza en el \u00e1rea de la piscina. Requisitos: carnet o equivalente a socorrista de piscinas profesional, valorable formaci\u00f3n como desfibrilador semi autom\u00e1tico, castellano hablado y escrito alto y b\u00e1sico en ingl\u00e9s y vehiculo propio.<\/p>\n<p>Condiciones: Contrato eventual por circunstancias de la producci\u00f3n, lugar de trabajo en Mallorca,  jornada completa de 10 a 18h y salario bruto mensual de 825\u20ac.<\/p>\n<p>Timing de la jornada:<br \/>\n\u2022 9h. Presentaci\u00f3n y turno de preguntas<br \/>\n\u2022 9:30h. Entrevistas individuales<\/p>\n[fruitful_alert type=\u00bbalert-info\u00bb]IMPORTANTE: PARA PARTICIPAR HAY QUE HACER UNA PREINSCRIPCI\u00d3N Y SI CUMPLES CON EL PERFIL REQUERIDO TE CONVOCAREMOS AL ENCUENTRO. <strong>\u00a1PREINSCR\u00cdBETE!<\/strong>[\/fruitful_alert]\n\n[fruitful_alert type=\u00bbalert-danger\u00bb]Cerrado periodo de preinscripci\u00f3n.[\/fruitful_alert]","protected":false},"excerpt":{"rendered":"<p>Si eres SOCORRISTA, est\u00e1s buscando trabajo y cumples con el perfil que a continuaci\u00f3n describimos, preinscr\u00edbete en la jornada de selecci\u00f3n de la empresa SALVAMENT AQUATIC DE LES ILLES BALEARS, que tendr\u00e1 lugar el pr\u00f3ximo jueves 30 de marzo en PalmaActiva. Descripci\u00f3n del perfil: vigilar lamina de agua, y sus alrededores, prevenci\u00f3n de accidentes, mantenimiento [&hellip;]<\/p>\n","protected":false},"author":1,"featured_media":0,"parent":603,"menu_order":0,"comment_status":"closed","ping_status":"closed","template":"","meta":{"footnotes":""},"_links":{"self":[{"href":"https:\/\/web.palmaactiva.com\/es\/wp-json\/wp\/v2\/pages\/2412"}],"collection":[{"href":"https:\/\/web.palmaactiva.com\/es\/wp-json\/wp\/v2\/pages"}],"about":[{"href":"https:\/\/web.palmaactiva.com\/es\/wp-json\/wp\/v2\/types\/page"}],"author":[{"embeddable":true,"href":"https:\/\/web.palmaactiva.com\/es\/wp-json\/wp\/v2\/users\/1"}],"replies":[{"embeddable":true,"href":"https:\/\/web.palmaactiva.com\/es\/wp-json\/wp\/v2\/comments?post=2412"}],"version-history":[{"count":5,"href":"https:\/\/web.palmaactiva.com\/es\/wp-json\/wp\/v2\/pages\/2412\/revisions"}],"predecessor-version":[{"id":2555,"href":"https:\/\/web.palmaactiva.com\/es\/wp-json\/wp\/v2\/pages\/2412\/revisions\/2555"}],"up":[{"embeddable":true,"href":"https:\/\/web.palmaactiva.com\/es\/wp-json\/wp\/v2\/pages\/603"}],"wp:attachment":[{"href":"https:\/\/web.palmaactiva.com\/es\/wp-json\/wp\/v2\/media?parent=2412"}],"curies":[{"name":"wp","href":"https:\/\/api.w.org\/{rel}","templated":true}]}}