{"id":2311,"date":"2024-04-18T11:22:14","date_gmt":"2024-04-18T09:22:14","guid":{"rendered":"http:\/\/web.palmaactiva.com\/?page_id=2311"},"modified":"2025-11-06T13:30:54","modified_gmt":"2025-11-06T12:30:54","slug":"concurso-de-premios-a-los-mejores-proyectos-empresariales-de-estudiantes","status":"publish","type":"page","link":"https:\/\/web.palmaactiva.com\/es\/premios-palmaactiva\/concurso-de-premios-a-los-mejores-proyectos-empresariales-de-estudiantes\/","title":{"rendered":"XIV Concurso de premios a los mejores proyectos empresariales de estudiantes"},"content":{"rendered":"<div class=\"su-row\"><div class=\"su-column su-column-size-1-3\"><div class=\"su-column-inner su-u-clearfix su-u-trim\">\n<div class=\"dt-service-more\" style=\"margin-bottom: 5px; margin-top: 5px; text-align: center;\"><a style=\"display: inline-flex; align-items: center; justify-content: center; padding: 10px 30px; border-radius: 2px; text-transform: uppercase; text-decoration: none; max-width: 100%; box-sizing: border-box;\" href=\"https:\/\/web.palmaactiva.com\/empresa\/premios-palmaactiva\/palmares-de-premiados-del-concurso-de-proyectos-empresariales-de-estudiantes\/\" target=\"_blank\" rel=\"noopener\"><i class=\"fa fa-trophy\" style=\"margin-right: 10px;\"><\/i><span style=\"display: inline-flex; line-height: 1.5;\">Consulta el palmar\u00e9s de las ediciones anteriores<\/span><\/a><\/div>\n<div class='w3eden'><!-- WPDM Link Template: Default Template -->\n\n<div class=\"link-template-default card mb-2\">\n    <div class=\"card-body\">\n        <div class=\"media\">\n            <div class=\"mr-3 img-48\"><img class=\"wpdm_icon\" alt=\"Icona\" src=\"https:\/\/web.palmaactiva.com\/wp-content\/plugins\/download-manager\/assets\/file-type-icons\/pdf.svg\" \/><\/div>\n            <div class=\"media-body\">\n                <h3 class=\"package-title\"><a href='https:\/\/web.palmaactiva.com\/es\/download\/boib-concurs-estudiants-xiv\/'>Boib concurso de estudiantes XIV<\/a><\/h3>\n                <div class=\"text-muted text-small\"><i class=\"fas fa-copy\"><\/i> 1 fitxer(s) <i class=\"fas fa-hdd ml-3\"><\/i> 159.14 KB<\/div>\n            <\/div>\n            <div class=\"ml-3\">\n                <a class='wpdm-download-link download-on-click btn btn-primary btn-sm' rel='nofollow' href='#' data-downloadurl=\"https:\/\/web.palmaactiva.com\/es\/download\/boib-concurs-estudiants-xiv\/?wpdmdl=54375&refresh=69e1815a0daa91776386394\">Baixa<\/a>\n            <\/div>\n        <\/div>\n    <\/div>\n<\/div>\n\n<\/div><div class='w3eden'><!-- WPDM Link Template: Default Template -->\n\n<div class=\"link-template-default card mb-2\">\n    <div class=\"card-body\">\n        <div class=\"media\">\n            <div class=\"mr-3 img-48\"><img class=\"wpdm_icon\" alt=\"Icona\" src=\"https:\/\/web.palmaactiva.com\/wp-content\/plugins\/download-manager\/assets\/file-type-icons\/pdf.svg\" \/><\/div>\n            <div class=\"media-body\">\n                <h3 class=\"package-title\"><a href='https:\/\/web.palmaactiva.com\/es\/download\/bases-concurs-xiv\/'>Bases concurso XIV<\/a><\/h3>\n                <div class=\"text-muted text-small\"><i class=\"fas fa-copy\"><\/i> 1 fitxer(s) <i class=\"fas fa-hdd ml-3\"><\/i> 652.28 KB<\/div>\n            <\/div>\n            <div class=\"ml-3\">\n                <a class='wpdm-download-link download-on-click btn btn-primary btn-sm' rel='nofollow' href='#' data-downloadurl=\"https:\/\/web.palmaactiva.com\/es\/download\/bases-concurs-xiv\/?wpdmdl=54376&refresh=69e1815a290041776386394\">Baixa<\/a>\n            <\/div>\n        <\/div>\n    <\/div>\n<\/div>\n\n<\/div><div class='w3eden'><!-- WPDM Link Template: Default Template -->\n\n<div class=\"link-template-default card mb-2\">\n    <div class=\"card-body\">\n        <div class=\"media\">\n            <div class=\"mr-3 img-48\"><img class=\"wpdm_icon\" alt=\"Icona\" src=\"https:\/\/web.palmaactiva.com\/wp-content\/plugins\/download-manager\/assets\/file-type-icons\/pdf.svg\" \/><\/div>\n            <div class=\"media-body\">\n                <h3 class=\"package-title\"><a href='https:\/\/web.palmaactiva.com\/es\/download\/sol%c2%b7licitud-concurs-de-projectes-empresarials-per-a-estudiants-alumnes\/'>Solicitud concurso proyectos empresariales estudiantes - Alumnos<\/a><\/h3>\n                <div class=\"text-muted text-small\"><i class=\"fas fa-copy\"><\/i> 1 fitxer(s) <i class=\"fas fa-hdd ml-3\"><\/i> 367.26 KB<\/div>\n            <\/div>\n            <div class=\"ml-3\">\n                <a class='wpdm-download-link download-on-click btn btn-primary btn-sm' rel='nofollow' href='#' data-downloadurl=\"https:\/\/web.palmaactiva.com\/es\/download\/sol%c2%b7licitud-concurs-de-projectes-empresarials-per-a-estudiants-alumnes\/?wpdmdl=54377&refresh=69e1815a435451776386394\">Baixa<\/a>\n            <\/div>\n        <\/div>\n    <\/div>\n<\/div>\n\n<\/div><div class='w3eden'><!-- WPDM Link Template: Default Template -->\n\n<div class=\"link-template-default card mb-2\">\n    <div class=\"card-body\">\n        <div class=\"media\">\n            <div class=\"mr-3 img-48\"><img class=\"wpdm_icon\" alt=\"Icona\" src=\"https:\/\/web.palmaactiva.com\/wp-content\/plugins\/download-manager\/assets\/file-type-icons\/pdf.svg\" \/><\/div>\n            <div class=\"media-body\">\n                <h3 class=\"package-title\"><a href='https:\/\/web.palmaactiva.com\/es\/download\/sol%c2%b7licitud-de-participacio-al-xiv-concurs-dels-millors-projectes-empresarials-destudiants\/'>Solicitud participacion XIV CONCURS MILLORS PROJECTES EMPRESARIALS D\u2019ESTUDIANTS<\/a><\/h3>\n                <div class=\"text-muted text-small\"><i class=\"fas fa-copy\"><\/i> 1 fitxer(s) <i class=\"fas fa-hdd ml-3\"><\/i> 347.03 KB<\/div>\n            <\/div>\n            <div class=\"ml-3\">\n                <a class='wpdm-download-link download-on-click btn btn-primary btn-sm' rel='nofollow' href='#' data-downloadurl=\"https:\/\/web.palmaactiva.com\/es\/download\/sol%c2%b7licitud-de-participacio-al-xiv-concurs-dels-millors-projectes-empresarials-destudiants\/?wpdmdl=54378&refresh=69e1815a5edc91776386394\">Baixa<\/a>\n            <\/div>\n        <\/div>\n    <\/div>\n<\/div>\n\n<\/div><div class='w3eden'><!-- WPDM Link Template: Default Template -->\n\n<div class=\"link-template-default card mb-2\">\n    <div class=\"card-body\">\n        <div class=\"media\">\n            <div class=\"mr-3 img-48\"><img class=\"wpdm_icon\" alt=\"Icona\" src=\"https:\/\/web.palmaactiva.com\/wp-content\/plugins\/download-manager\/assets\/file-type-icons\/pdf.svg\" \/><\/div>\n            <div class=\"media-body\">\n                <h3 class=\"package-title\"><a href='https:\/\/web.palmaactiva.com\/es\/download\/annex-i-terminis-dadhesio-i-sol%c2%b7licitud-de-participacio-per-a-lintercanvi-de-vals-regal-del-xiv-concurs-millors-projectes-empresarials-destudiants\/'>Anexo I. Plazos de adhesi\u00f3n y solicitud de participaci\u00f3n para el intercambio de vales regalo del XIV Concurso Mejores Proyectos Empresariales de Estudiantes<\/a><\/h3>\n                <div class=\"text-muted text-small\"><i class=\"fas fa-copy\"><\/i> 1 fitxer(s) <i class=\"fas fa-hdd ml-3\"><\/i> 625.17 KB<\/div>\n            <\/div>\n            <div class=\"ml-3\">\n                <a class='wpdm-download-link download-on-click btn btn-primary btn-sm' rel='nofollow' href='#' data-downloadurl=\"https:\/\/web.palmaactiva.com\/es\/download\/annex-i-terminis-dadhesio-i-sol%c2%b7licitud-de-participacio-per-a-lintercanvi-de-vals-regal-del-xiv-concurs-millors-projectes-empresarials-destudiants\/?wpdmdl=54379&refresh=69e1815a7a1791776386394\">Baixa<\/a>\n            <\/div>\n        <\/div>\n    <\/div>\n<\/div>\n\n<\/div><div class='w3eden'><!-- WPDM Link Template: Default Template -->\n\n<div class=\"link-template-default card mb-2\">\n    <div class=\"card-body\">\n        <div class=\"media\">\n            <div class=\"mr-3 img-48\"><img class=\"wpdm_icon\" alt=\"Icona\" src=\"https:\/\/web.palmaactiva.com\/wp-content\/plugins\/download-manager\/assets\/file-type-icons\/pdf.svg\" \/><\/div>\n            <div class=\"media-body\">\n                <h3 class=\"package-title\"><a href='https:\/\/web.palmaactiva.com\/es\/download\/sol%c2%b7licitud-dadhesio-a-lintercanvi-de-vals-comercos\/'>Solicitud Adhesion intercambio vales - Comercios<\/a><\/h3>\n                <div class=\"text-muted text-small\"><i class=\"fas fa-copy\"><\/i> 1 fitxer(s) <i class=\"fas fa-hdd ml-3\"><\/i> 369.93 KB<\/div>\n            <\/div>\n            <div class=\"ml-3\">\n                <a class='wpdm-download-link download-on-click btn btn-primary btn-sm' rel='nofollow' href='#' data-downloadurl=\"https:\/\/web.palmaactiva.com\/es\/download\/sol%c2%b7licitud-dadhesio-a-lintercanvi-de-vals-comercos\/?wpdmdl=54380&refresh=69e1815a997551776386394\">Baixa<\/a>\n            <\/div>\n        <\/div>\n    <\/div>\n<\/div>\n\n<\/div>\nBoib concurso de estudiantes XIV<\/a><\/h3>\n                <div class=\"text-muted text-small\"><i class=\"fas fa-copy\"><\/i> 1 fitxer(s) <i class=\"fas fa-hdd ml-3\"><\/i> 159.14 KB<\/div>\n            <\/div>\n            <div class=\"ml-3\">\n                <a class='wpdm-download-link download-on-click btn btn-primary btn-sm' rel='nofollow' href='#' data-downloadurl=\"https:\/\/web.palmaactiva.com\/es\/download\/boib-concurs-estudiants-xiv\/?wpdmdl=54375&refresh=69e1815abd72e1776386394\">Baixa<\/a>\n            <\/div>\n        <\/div>\n    <\/div>\n<\/div>\n\n<\/div><div class='w3eden'><!-- WPDM Link Template: Default Template -->\n\n<div class=\"link-template-default card mb-2\">\n    <div class=\"card-body\">\n        <div class=\"media\">\n            <div class=\"mr-3 img-48\"><img class=\"wpdm_icon\" alt=\"Icona\" src=\"https:\/\/web.palmaactiva.com\/wp-content\/plugins\/download-manager\/assets\/file-type-icons\/pdf.svg\" \/><\/div>\n            <div class=\"media-body\">\n                <h3 class=\"package-title\"><a href='https:\/\/web.palmaactiva.com\/es\/download\/bases-concurs-xiv\/'>Bases concurso XIV<\/a><\/h3>\n                <div class=\"text-muted text-small\"><i class=\"fas fa-copy\"><\/i> 1 fitxer(s) <i class=\"fas fa-hdd ml-3\"><\/i> 652.28 KB<\/div>\n            <\/div>\n            <div class=\"ml-3\">\n                <a class='wpdm-download-link download-on-click btn btn-primary btn-sm' rel='nofollow' href='#' data-downloadurl=\"https:\/\/web.palmaactiva.com\/es\/download\/bases-concurs-xiv\/?wpdmdl=54376&refresh=69e1815ac3d8e1776386394\">Baixa<\/a>\n            <\/div>\n        <\/div>\n    <\/div>\n<\/div>\n\n<\/div><div class='w3eden'><!-- WPDM Link Template: Default Template -->\n\n<div class=\"link-template-default card mb-2\">\n    <div class=\"card-body\">\n        <div class=\"media\">\n            <div class=\"mr-3 img-48\"><img class=\"wpdm_icon\" alt=\"Icona\" src=\"https:\/\/web.palmaactiva.com\/wp-content\/plugins\/download-manager\/assets\/file-type-icons\/pdf.svg\" \/><\/div>\n            <div class=\"media-body\">\n                <h3 class=\"package-title\"><a href='https:\/\/web.palmaactiva.com\/es\/download\/sol%c2%b7licitud-concurs-de-projectes-empresarials-per-a-estudiants-alumnes\/'>Solicitud concurso proyectos empresariales estudiantes - Alumnos<\/a><\/h3>\n                <div class=\"text-muted text-small\"><i class=\"fas fa-copy\"><\/i> 1 fitxer(s) <i class=\"fas fa-hdd ml-3\"><\/i> 367.26 KB<\/div>\n            <\/div>\n            <div class=\"ml-3\">\n                <a class='wpdm-download-link download-on-click btn btn-primary btn-sm' rel='nofollow' href='#' data-downloadurl=\"https:\/\/web.palmaactiva.com\/es\/download\/sol%c2%b7licitud-concurs-de-projectes-empresarials-per-a-estudiants-alumnes\/?wpdmdl=54377&refresh=69e1815acaee91776386394\">Baixa<\/a>\n            <\/div>\n        <\/div>\n    <\/div>\n<\/div>\n\n<\/div><div class='w3eden'><!-- WPDM Link Template: Default Template -->\n\n<div class=\"link-template-default card mb-2\">\n    <div class=\"card-body\">\n        <div class=\"media\">\n            <div class=\"mr-3 img-48\"><img class=\"wpdm_icon\" alt=\"Icona\" src=\"https:\/\/web.palmaactiva.com\/wp-content\/plugins\/download-manager\/assets\/file-type-icons\/pdf.svg\" \/><\/div>\n            <div class=\"media-body\">\n                <h3 class=\"package-title\"><a href='https:\/\/web.palmaactiva.com\/es\/download\/sol%c2%b7licitud-de-participacio-al-xiv-concurs-dels-millors-projectes-empresarials-destudiants\/'>Solicitud participacion XIV CONCURS MILLORS PROJECTES EMPRESARIALS D\u2019ESTUDIANTS<\/a><\/h3>\n                <div class=\"text-muted text-small\"><i class=\"fas fa-copy\"><\/i> 1 fitxer(s) <i class=\"fas fa-hdd ml-3\"><\/i> 347.03 KB<\/div>\n            <\/div>\n            <div class=\"ml-3\">\n                <a class='wpdm-download-link download-on-click btn btn-primary btn-sm' rel='nofollow' href='#' data-downloadurl=\"https:\/\/web.palmaactiva.com\/es\/download\/sol%c2%b7licitud-de-participacio-al-xiv-concurs-dels-millors-projectes-empresarials-destudiants\/?wpdmdl=54378&refresh=69e1815ad12211776386394\">Baixa<\/a>\n            <\/div>\n        <\/div>\n    <\/div>\n<\/div>\n\n<\/div><div class='w3eden'><!-- WPDM Link Template: Default Template -->\n\n<div class=\"link-template-default card mb-2\">\n    <div class=\"card-body\">\n        <div class=\"media\">\n            <div class=\"mr-3 img-48\"><img class=\"wpdm_icon\" alt=\"Icona\" src=\"https:\/\/web.palmaactiva.com\/wp-content\/plugins\/download-manager\/assets\/file-type-icons\/pdf.svg\" \/><\/div>\n            <div class=\"media-body\">\n                <h3 class=\"package-title\"><a href='https:\/\/web.palmaactiva.com\/es\/download\/annex-i-terminis-dadhesio-i-sol%c2%b7licitud-de-participacio-per-a-lintercanvi-de-vals-regal-del-xiv-concurs-millors-projectes-empresarials-destudiants\/'>Anexo I. Plazos de adhesi\u00f3n y solicitud de participaci\u00f3n para el intercambio de vales regalo del XIV Concurso Mejores Proyectos Empresariales de Estudiantes<\/a><\/h3>\n                <div class=\"text-muted text-small\"><i class=\"fas fa-copy\"><\/i> 1 fitxer(s) <i class=\"fas fa-hdd ml-3\"><\/i> 625.17 KB<\/div>\n            <\/div>\n            <div class=\"ml-3\">\n                <a class='wpdm-download-link download-on-click btn btn-primary btn-sm' rel='nofollow' href='#' data-downloadurl=\"https:\/\/web.palmaactiva.com\/es\/download\/annex-i-terminis-dadhesio-i-sol%c2%b7licitud-de-participacio-per-a-lintercanvi-de-vals-regal-del-xiv-concurs-millors-projectes-empresarials-destudiants\/?wpdmdl=54379&refresh=69e1815ad834e1776386394\">Baixa<\/a>\n            <\/div>\n        <\/div>\n    <\/div>\n<\/div>\n\n<\/div><div class='w3eden'><!-- WPDM Link Template: Default Template -->\n\n<div class=\"link-template-default card mb-2\">\n    <div class=\"card-body\">\n        <div class=\"media\">\n            <div class=\"mr-3 img-48\"><img class=\"wpdm_icon\" alt=\"Icona\" src=\"https:\/\/web.palmaactiva.com\/wp-content\/plugins\/download-manager\/assets\/file-type-icons\/pdf.svg\" \/><\/div>\n            <div class=\"media-body\">\n                <h3 class=\"package-title\"><a href='https:\/\/web.palmaactiva.com\/es\/download\/sol%c2%b7licitud-dadhesio-a-lintercanvi-de-vals-comercos\/'>Solicitud Adhesion intercambio vales - Comercios<\/a><\/h3>\n                <div class=\"text-muted text-small\"><i class=\"fas fa-copy\"><\/i> 1 fitxer(s) <i class=\"fas fa-hdd ml-3\"><\/i> 369.93 KB<\/div>\n            <\/div>\n            <div class=\"ml-3\">\n                <a class='wpdm-download-link download-on-click btn btn-primary btn-sm' rel='nofollow' href='#' data-downloadurl=\"https:\/\/web.palmaactiva.com\/es\/download\/sol%c2%b7licitud-dadhesio-a-lintercanvi-de-vals-comercos\/?wpdmdl=54380&refresh=69e1815adfe861776386394\">Baixa<\/a>\n            <\/div>\n        <\/div>\n    <\/div>\n<\/div>\n\n<\/div>\n<\/div><\/div><div class=\"su-column su-column-size-2-3\"><div class=\"su-column-inner su-u-clearfix su-u-trim\"><img decoding=\"async\" loading=\"lazy\" class=\"alignnone size-full wp-image-15890\" src=\"https:\/\/web.palmaactiva.com\/wp-content\/uploads\/2024\/04\/EUREKAESTUDIANTES.jpg\" alt=\"\" width=\"1200\" height=\"627\" \/>\n\n<h4>El XIV concurso de proyectos empresariales \u201cMejores proyectos empresariales de estudiantes\u201d<\/h4>\n<p>&nbsp;<\/p>\n<h5><strong>Participantes<\/strong><\/h5>\n<p>La presente convocatoria va dirigida a los centros educativos p\u00fablicos, concertados y privados de Palma que impartan estudios de segundo de Bachillerato y cualquier estudio de los Ciclos Formativos de Grado Medio y Grado Superior, y los alumnos matriculados en dichos centros y estudios del curso 2025-26.<\/p>\n<h5><strong>Objetivos<\/strong><\/h5>\n<ul>\n<li>Dar apoyo y difundir la cultura emprendedora entre los estudiantes y los miembros de los centros educativos y estimular el esp\u00edritu emprendedor de los alumnos.<\/li>\n<li>Fomentar y promover iniciativas innovadoras en el \u00e1mbito educativo, creando instrumentos que estimulen la cultura emprendedora entre los alumnos.<\/li>\n<li>Promover el inter\u00e9s de los alumnos hacia la autoocupaci\u00f3n, la cultura emprendedora y la creaci\u00f3n de empresas.<\/li>\n<li>Mejorar la capacitaci\u00f3n de los j\u00f3venes emprendedores\/as reforzando sus conocimientos en los aspectos de gesti\u00f3n y administraci\u00f3n de empresa, d\u00e1ndoles apoyo en la fase de implementaci\u00f3n y redacci\u00f3n del plan de empresa.<\/li>\n<li>Que los alumnos conozcan su entorno y sean capaces de desarrollar proyectos reales o potenciales que den respuesta a las demandas y necesidades del mercado de la sociedad en la que viven.<\/li>\n<li>Reconocer y premiar el esfuerzo y la iniciativa de los alumnos en la planificaci\u00f3n de proyectos de empresa viables en el mercado.<\/li>\n<\/ul>\n<h5><strong>Premios<\/strong><\/h5>\n<p>Premios destinados a los grupos de alumnos participantes. Los premios se otorgaran a los mejores proyectos y son:<\/p>\n<ul>\n<li>Primer premio: Vales por valor total de 2.500 euros.<\/li>\n<li>Segundo premio: Vales por valor total de 1.500 euros.<\/li>\n<li>Tercer premio: Vales por valor total de 700 euros.<\/li>\n<\/ul>\n<p>Premio destinado a los centros educativos. Un \u00fanico premio:<\/p>\n<ul>\n<li>Premio especial para el centro educativo del primer premio: Vale por valor de 1.000 euros.<\/li>\n<\/ul>\n<p>&nbsp;<br \/>\n\n<div class=\"dt-service-more\" style=\"margin-bottom: 5px; margin-top: 5px;\"><a style=\"display: inline-flex; align-items: center; justify-content: center; padding: 10px 30px; border-radius: 2px; text-transform: uppercase; text-decoration: none; max-width: 100%; box-sizing: border-box;\" href=\"https:\/\/palmaactiva.sedipualba.es\/carpetaciudadana\/tramite.aspx?idtramite=13880\" target=\"_blank\" rel=\"noopener\"><i class=\"fa fa-sign-in\" style=\"margin-right: 10px;\"><\/i><span style=\"display: inline-flex; line-height: 1.5;\">Presenta solicitud<\/span><\/a><\/div>\n<p><!--<span style=\"color: #e03e52;\"><strong>&#091;:es&#093;Abierto el plazo para intercambiar los vales regalo, hasta el 14 de agosto de 2025.&#091;:ca&#093;Obert termini per a intercanviar els vals regal, fins al 14 d'agost de 2025.&#091;:&#093;<\/strong><\/span>--><\/p>\n<\/div><\/div><\/div>","protected":false},"excerpt":{"rendered":"","protected":false},"author":1,"featured_media":0,"parent":351,"menu_order":0,"comment_status":"closed","ping_status":"closed","template":"","meta":{"footnotes":""},"_links":{"self":[{"href":"https:\/\/web.palmaactiva.com\/es\/wp-json\/wp\/v2\/pages\/2311"}],"collection":[{"href":"https:\/\/web.palmaactiva.com\/es\/wp-json\/wp\/v2\/pages"}],"about":[{"href":"https:\/\/web.palmaactiva.com\/es\/wp-json\/wp\/v2\/types\/page"}],"author":[{"embeddable":true,"href":"https:\/\/web.palmaactiva.com\/es\/wp-json\/wp\/v2\/users\/1"}],"replies":[{"embeddable":true,"href":"https:\/\/web.palmaactiva.com\/es\/wp-json\/wp\/v2\/comments?post=2311"}],"version-history":[{"count":58,"href":"https:\/\/web.palmaactiva.com\/es\/wp-json\/wp\/v2\/pages\/2311\/revisions"}],"predecessor-version":[{"id":43448,"href":"https:\/\/web.palmaactiva.com\/es\/wp-json\/wp\/v2\/pages\/2311\/revisions\/43448"}],"up":[{"embeddable":true,"href":"https:\/\/web.palmaactiva.com\/es\/wp-json\/wp\/v2\/pages\/351"}],"wp:attachment":[{"href":"https:\/\/web.palmaactiva.com\/es\/wp-json\/wp\/v2\/media?parent=2311"}],"curies":[{"name":"wp","href":"https:\/\/api.w.org\/{rel}","templated":true}]}}