{"id":2288,"date":"2017-03-09T09:17:00","date_gmt":"2017-03-09T09:17:00","guid":{"rendered":"http:\/\/web.palmaactiva.com\/?page_id=2288"},"modified":"2017-05-19T08:53:32","modified_gmt":"2017-05-19T08:53:32","slug":"xv-concurso-de-premios-a-los-mejores-proyectos-empresariales","status":"publish","type":"page","link":"https:\/\/web.palmaactiva.com\/es\/premios-palmaactiva\/xv-concurso-de-premios-a-los-mejores-proyectos-empresariales\/","title":{"rendered":"XV Concurso de premios a los mejores proyectos empresariales"},"content":{"rendered":"<div class=\"su-row\"><div class=\"su-column su-column-size-1-3\"><div class=\"su-column-inner su-u-clearfix su-u-trim\"><a href=\"https:\/\/web.palmaactiva.com\/ca\/empresa\/premios-palmaactiva\/palmares-de-premiados-del-concurso-de-proyectos-empresariales\/\" class=\"su-button su-button-style-flat su-button-wide\" style=\"color:#ffffff;background-color:#42d4f4;border-color:#35aac4;border-radius:6px;-moz-border-radius:6px;-webkit-border-radius:6px\" target=\"_self\"><span style=\"color:#ffffff;padding:6px 18px;font-size:14px;line-height:21px;border-color:#7be1f8;border-radius:6px;-moz-border-radius:6px;-webkit-border-radius:6px;text-shadow:none;-moz-text-shadow:none;-webkit-text-shadow:none\"><i class=\"sui sui-trophy\" style=\"font-size:14px;color:#FFFFFF\"><\/i> \u00a1NUEVO! Consulta el palmar\u00e9s de las ediciones anteriores<\/span><\/a>\n<img decoding=\"async\" loading=\"lazy\" src=\"https:\/\/web.palmaactiva.com\/wp-content\/uploads\/2017\/03\/banner_1.png\" alt=\"Banner Projectes empresarials\" width=\"1024\" height=\"1502\" class=\"size-full wp-image-2293\" \/><div class=\"su-button-center\"><a href=\"http:\/\/www.caib.es\/eboibfront\/es\/2017\/10625\/591759\/palmaactiva-bases-reguladores-i-convocatoria-del-x\" class=\"su-button su-button-style-flat su-button-wide\" style=\"color:#ffffff;background-color:#e03e52;border-color:#b43242;border-radius:6px;-moz-border-radius:6px;-webkit-border-radius:6px\" target=\"_self\"><span style=\"color:#ffffff;padding:6px 18px;font-size:14px;line-height:21px;border-color:#ea7886;border-radius:6px;-moz-border-radius:6px;-webkit-border-radius:6px;text-shadow:none;-moz-text-shadow:none;-webkit-text-shadow:none\"><i class=\"sui sui-sign-in\" style=\"font-size:14px;color:#FFFFFF\"><\/i> Ver BASES completas BOIB 29 &#8211; 9 de marzo<\/span><\/a><\/div>\n&nbsp;<\/p>\n<h4>Contenidos de la formaci\u00f3n<\/h4>\n<div class='w3eden'><!-- WPDM Link Template: Default Template -->\n\n<div class=\"link-template-default card mb-2\">\n    <div class=\"card-body\">\n        <div class=\"media\">\n            <div class=\"mr-3 img-48\"><img class=\"wpdm_icon\" alt=\"Icona\" src=\"https:\/\/web.palmaactiva.com\/wp-content\/plugins\/download-manager\/assets\/file-type-icons\/pdf.svg\" \/><\/div>\n            <div class=\"media-body\">\n                <h3 class=\"package-title\"><a href='https:\/\/web.palmaactiva.com\/es\/download\/parte-1-tendencias\/'>Parte 1 - Tendencias<\/a><\/h3>\n                <div class=\"text-muted text-small\"><i class=\"fas fa-copy\"><\/i> 1 fitxer(s) <i class=\"fas fa-hdd ml-3\"><\/i> 36,8MB<\/div>\n            <\/div>\n            <div class=\"ml-3\">\n                <a class='wpdm-download-link download-on-click btn btn-primary btn-sm' rel='nofollow' href='#' data-downloadurl=\"https:\/\/web.palmaactiva.com\/es\/download\/parte-1-tendencias\/?wpdmdl=2932&refresh=69e03d0db17a71776303373\">Descargar<\/a>\n            <\/div>\n        <\/div>\n    <\/div>\n<\/div>\n\n<\/div><div class='w3eden'><!-- WPDM Link Template: Default Template -->\n\n<div class=\"link-template-default card mb-2\">\n    <div class=\"card-body\">\n        <div class=\"media\">\n            <div class=\"mr-3 img-48\"><img class=\"wpdm_icon\" alt=\"Icona\" src=\"https:\/\/web.palmaactiva.com\/wp-content\/plugins\/download-manager\/assets\/file-type-icons\/pdf.svg\" \/><\/div>\n            <div class=\"media-body\">\n                <h3 class=\"package-title\"><a href='https:\/\/web.palmaactiva.com\/es\/download\/parte-2-tu-modelo-de-negocio\/'>Parte 2 - Tu modelo de negocio<\/a><\/h3>\n                <div class=\"text-muted text-small\"><i class=\"fas fa-copy\"><\/i> 1 fitxer(s) <i class=\"fas fa-hdd ml-3\"><\/i> 10,2MB<\/div>\n            <\/div>\n            <div class=\"ml-3\">\n                <a class='wpdm-download-link download-on-click btn btn-primary btn-sm' rel='nofollow' href='#' data-downloadurl=\"https:\/\/web.palmaactiva.com\/es\/download\/parte-2-tu-modelo-de-negocio\/?wpdmdl=2933&refresh=69e03d0dcf7271776303373\">Descargar<\/a>\n            <\/div>\n        <\/div>\n    <\/div>\n<\/div>\n\n<\/div><div class='w3eden'><!-- WPDM Link Template: Default Template -->\n\n<div class=\"link-template-default card mb-2\">\n    <div class=\"card-body\">\n        <div class=\"media\">\n            <div class=\"mr-3 img-48\"><img class=\"wpdm_icon\" alt=\"Icona\" src=\"https:\/\/web.palmaactiva.com\/wp-content\/plugins\/download-manager\/assets\/file-type-icons\/pdf.svg\" \/><\/div>\n            <div class=\"media-body\">\n                <h3 class=\"package-title\"><a href='https:\/\/web.palmaactiva.com\/es\/download\/parte-3-proceso-lean\/'>Parte 3 - Proceso Lean<\/a><\/h3>\n                <div class=\"text-muted text-small\"><i class=\"fas fa-copy\"><\/i> 1 fitxer(s) <i class=\"fas fa-hdd ml-3\"><\/i> 8,3MB<\/div>\n            <\/div>\n            <div class=\"ml-3\">\n                <a class='wpdm-download-link download-on-click btn btn-primary btn-sm' rel='nofollow' href='#' data-downloadurl=\"https:\/\/web.palmaactiva.com\/es\/download\/parte-3-proceso-lean\/?wpdmdl=2934&refresh=69e03d0deac951776303373\">Descargar<\/a>\n            <\/div>\n        <\/div>\n    <\/div>\n<\/div>\n\n<\/div><div class='w3eden'><!-- WPDM Link Template: Default Template -->\n\n<div class=\"link-template-default card mb-2\">\n    <div class=\"card-body\">\n        <div class=\"media\">\n            <div class=\"mr-3 img-48\"><img class=\"wpdm_icon\" alt=\"Icona\" src=\"https:\/\/web.palmaactiva.com\/wp-content\/plugins\/download-manager\/assets\/file-type-icons\/pdf.svg\" \/><\/div>\n            <div class=\"media-body\">\n                <h3 class=\"package-title\"><a href='https:\/\/web.palmaactiva.com\/es\/download\/parte-4-modulo-plan-de-negocio\/'>Parte 4 - M\u00f3dulo plan de negocio<\/a><\/h3>\n                <div class=\"text-muted text-small\"><i class=\"fas fa-copy\"><\/i> 1 fitxer(s) <i class=\"fas fa-hdd ml-3\"><\/i> 1,7MB<\/div>\n            <\/div>\n            <div class=\"ml-3\">\n                <a class='wpdm-download-link download-on-click btn btn-primary btn-sm' rel='nofollow' href='#' data-downloadurl=\"https:\/\/web.palmaactiva.com\/es\/download\/parte-4-modulo-plan-de-negocio\/?wpdmdl=2935&refresh=69e03d0e1164a1776303374\">Descargar<\/a>\n            <\/div>\n        <\/div>\n    <\/div>\n<\/div>\n\n<\/div><div class='w3eden'><!-- WPDM Link Template: Default Template -->\n\n<div class=\"link-template-default card mb-2\">\n    <div class=\"card-body\">\n        <div class=\"media\">\n            <div class=\"mr-3 img-48\"><img class=\"wpdm_icon\" alt=\"Icona\" src=\"https:\/\/web.palmaactiva.com\/wp-content\/plugins\/download-manager\/assets\/file-type-icons\/pdf.svg\" \/><\/div>\n            <div class=\"media-body\">\n                <h3 class=\"package-title\"><a href='https:\/\/web.palmaactiva.com\/es\/download\/parte-5-financiacion\/'>Parte 5 - Financiaci\u00f3n<\/a><\/h3>\n                <div class=\"text-muted text-small\"><i class=\"fas fa-copy\"><\/i> 1 fitxer(s) <i class=\"fas fa-hdd ml-3\"><\/i> 2.2MB<\/div>\n            <\/div>\n            <div class=\"ml-3\">\n                <a class='wpdm-download-link download-on-click btn btn-primary btn-sm' rel='nofollow' href='#' data-downloadurl=\"https:\/\/web.palmaactiva.com\/es\/download\/parte-5-financiacion\/?wpdmdl=2959&refresh=69e03d0e2e0141776303374\">Descargar<\/a>\n            <\/div>\n        <\/div>\n    <\/div>\n<\/div>\n\n<\/div><div class='w3eden'><!-- WPDM Link Template: Default Template -->\n\n<div class=\"link-template-default card mb-2\">\n    <div class=\"card-body\">\n        <div class=\"media\">\n            <div class=\"mr-3 img-48\"><img class=\"wpdm_icon\" alt=\"Icona\" src=\"https:\/\/web.palmaactiva.com\/wp-content\/plugins\/download-manager\/assets\/file-type-icons\/pdf.svg\" \/><\/div>\n            <div class=\"media-body\">\n                <h3 class=\"package-title\"><a href='https:\/\/web.palmaactiva.com\/es\/download\/parte-6a-formas-juridicas\/'>Parte 6A - Formas jur\u00eddicas<\/a><\/h3>\n                <div class=\"text-muted text-small\"><i class=\"fas fa-copy\"><\/i> 1 fitxer(s) <i class=\"fas fa-hdd ml-3\"><\/i> 157KB<\/div>\n            <\/div>\n            <div class=\"ml-3\">\n                <a class='wpdm-download-link download-on-click btn btn-primary btn-sm' rel='nofollow' href='#' data-downloadurl=\"https:\/\/web.palmaactiva.com\/es\/download\/parte-6a-formas-juridicas\/?wpdmdl=2960&refresh=69e03d0e4a3691776303374\">Descargar<\/a>\n            <\/div>\n        <\/div>\n    <\/div>\n<\/div>\n\n<\/div><div class='w3eden'><!-- WPDM Link Template: Default Template -->\n\n<div class=\"link-template-default card mb-2\">\n    <div class=\"card-body\">\n        <div class=\"media\">\n            <div class=\"mr-3 img-48\"><img class=\"wpdm_icon\" alt=\"Icona\" src=\"https:\/\/web.palmaactiva.com\/wp-content\/plugins\/download-manager\/assets\/file-type-icons\/pdf.svg\" \/><\/div>\n            <div class=\"media-body\">\n                <h3 class=\"package-title\"><a href='https:\/\/web.palmaactiva.com\/es\/download\/parte-6b-formas-juridicas\/'>Parte 6B - Formas jur\u00eddicas<\/a><\/h3>\n                <div class=\"text-muted text-small\"><i class=\"fas fa-copy\"><\/i> 1 fitxer(s) <i class=\"fas fa-hdd ml-3\"><\/i> 122KB<\/div>\n            <\/div>\n            <div class=\"ml-3\">\n                <a class='wpdm-download-link download-on-click btn btn-primary btn-sm' rel='nofollow' href='#' data-downloadurl=\"https:\/\/web.palmaactiva.com\/es\/download\/parte-6b-formas-juridicas\/?wpdmdl=2961&refresh=69e03d0e650431776303374\">Descargar<\/a>\n            <\/div>\n        <\/div>\n    <\/div>\n<\/div>\n\n<\/div><div class='w3eden'><!-- WPDM Link Template: Default Template -->\n\n<div class=\"link-template-default card mb-2\">\n    <div class=\"card-body\">\n        <div class=\"media\">\n            <div class=\"mr-3 img-48\"><img class=\"wpdm_icon\" alt=\"Icona\" src=\"https:\/\/web.palmaactiva.com\/wp-content\/plugins\/download-manager\/assets\/file-type-icons\/pdf.svg\" \/><\/div>\n            <div class=\"media-body\">\n                <h3 class=\"package-title\"><a href='https:\/\/web.palmaactiva.com\/es\/download\/parte-7-ecommerce\/'>Parte 7 - Ecommerce<\/a><\/h3>\n                <div class=\"text-muted text-small\"><i class=\"fas fa-copy\"><\/i> 1 fitxer(s) <i class=\"fas fa-hdd ml-3\"><\/i> 3.9MB<\/div>\n            <\/div>\n            <div class=\"ml-3\">\n                <a class='wpdm-download-link download-on-click btn btn-primary btn-sm' rel='nofollow' href='#' data-downloadurl=\"https:\/\/web.palmaactiva.com\/es\/download\/parte-7-ecommerce\/?wpdmdl=2962&refresh=69e03d0e8173c1776303374\">Descargar<\/a>\n            <\/div>\n        <\/div>\n    <\/div>\n<\/div>\n\n<\/div><div class='w3eden'><!-- WPDM Link Template: Default Template -->\n\n<div class=\"link-template-default card mb-2\">\n    <div class=\"card-body\">\n        <div class=\"media\">\n            <div class=\"mr-3 img-48\"><img class=\"wpdm_icon\" alt=\"Icona\" src=\"https:\/\/web.palmaactiva.com\/wp-content\/plugins\/download-manager\/assets\/file-type-icons\/pdf.svg\" \/><\/div>\n            <div class=\"media-body\">\n                <h3 class=\"package-title\"><a href='https:\/\/web.palmaactiva.com\/es\/download\/parte-9-video-business-card\/'>Parte 9 -  Video Business Card<\/a><\/h3>\n                <div class=\"text-muted text-small\"><i class=\"fas fa-copy\"><\/i> 1 fitxer(s) <i class=\"fas fa-hdd ml-3\"><\/i> 6.1MB<\/div>\n            <\/div>\n            <div class=\"ml-3\">\n                <a class='wpdm-download-link download-on-click btn btn-primary btn-sm' rel='nofollow' href='#' data-downloadurl=\"https:\/\/web.palmaactiva.com\/es\/download\/parte-9-video-business-card\/?wpdmdl=3002&refresh=69e03d0e9b6151776303374\">Descargar<\/a>\n            <\/div>\n        <\/div>\n    <\/div>\n<\/div>\n\n<\/div><\/div><\/div><div class=\"su-column su-column-size-2-3\"><div class=\"su-column-inner su-u-clearfix su-u-trim\">\n<h4>Llega una nueva edici\u00f3n de los premios para emprendedores de PalmaActiva<\/h4>\n\n<h5>El XV concurso \u00abMejores proyectos empresariales\u00bb tiene como objetivos:<\/h5>\n<ul>\n<li>Detectar nuevos proyectos empresariales y estimular su puesta en marcha.<\/li>\n<li>Mejorar la capacitaci\u00f3n de los futuros emprendedores \/ as reforzando sus conocimientos en los aspectos de gesti\u00f3n y administraci\u00f3n de empresa, apoy\u00e1ndolos en la fase de implementaci\u00f3n y redacci\u00f3n del plan de empresa.<\/li>\n<li>Tutorizar y acompa\u00f1ar a los proyectos participantes.<\/li>\n<li>Promover la cultura emprendedora en la ciudad de Palma mediante la organizaci\u00f3n de un concurso empresarial que premia las mejores actitudes emprendedoras en relaci\u00f3n con los aspectos econ\u00f3micos, sociales y medioambientales en el entorno local.<\/li>\n<\/ul>\n\n<h4>Fases<\/h4>\n<div class=\"su-table su-table-alternate\">\n<table>\n<tbody>\n<tr>\n<td><strong>Fase<\/strong><\/td>\n<td><strong>Inicio<\/strong><\/td>\n<td><strong>Final<\/strong><\/td>\n<\/tr>\n<tr>\n<td>Presentaci\u00f3n de solicitudes<\/td>\n<td>13\/03\/2017<\/td>\n<td>25\/04\/2017<\/td>\n<\/tr>\n<tr>\n<td>Formaci\u00f3n<div class='w3eden'><!-- WPDM Link Template: Default Template -->\n\n<div class=\"link-template-default card mb-2\">\n    <div class=\"card-body\">\n        <div class=\"media\">\n            <div class=\"mr-3 img-48\"><img class=\"wpdm_icon\" alt=\"Icona\" src=\"https:\/\/web.palmaactiva.com\/wp-content\/plugins\/download-manager\/assets\/file-type-icons\/pdf.svg\" \/><\/div>\n            <div class=\"media-body\">\n                <h3 class=\"package-title\"><a href='https:\/\/web.palmaactiva.com\/es\/download\/programa-formativo-premios-proyectos-empresariales\/'>Programa Formativo Premios Proyectos Empresariales<\/a><\/h3>\n                <div class=\"text-muted text-small\"><i class=\"fas fa-copy\"><\/i> 1 fitxer(s) <i class=\"fas fa-hdd ml-3\"><\/i> 102KB<\/div>\n            <\/div>\n            <div class=\"ml-3\">\n                <a class='wpdm-download-link download-on-click btn btn-primary btn-sm' rel='nofollow' href='#' data-downloadurl=\"https:\/\/web.palmaactiva.com\/es\/download\/programa-formativo-premios-proyectos-empresariales\/?wpdmdl=2820&amp;refresh=69e03d0eb54761776303374\">Descargar<\/a>\n            <\/div>\n        <\/div>\n    <\/div>\n<\/div>\n\n<\/div><\/td>\n<td>26\/04\/2017<\/td>\n<td>10\/05\/2017<div class='w3eden'><!-- WPDM Link Template: Default Template -->\n\n<div class=\"link-template-default card mb-2\">\n    <div class=\"card-body\">\n        <div class=\"media\">\n            <div class=\"mr-3 img-48\"><img class=\"wpdm_icon\" alt=\"Icona\" src=\"https:\/\/web.palmaactiva.com\/wp-content\/plugins\/download-manager\/assets\/file-type-icons\/pdf.svg\" \/><\/div>\n            <div class=\"media-body\">\n                <h3 class=\"package-title\"><a href='https:\/\/web.palmaactiva.com\/es\/download\/proyectos-que-han-superado-la-fase-formativa\/'>Proyectos que han superado la fase formativa<\/a><\/h3>\n                <div class=\"text-muted text-small\"><i class=\"fas fa-copy\"><\/i> 1 fitxer(s) <i class=\"fas fa-hdd ml-3\"><\/i> 90KB<\/div>\n            <\/div>\n            <div class=\"ml-3\">\n                <a class='wpdm-download-link download-on-click btn btn-primary btn-sm' rel='nofollow' href='#' data-downloadurl=\"https:\/\/web.palmaactiva.com\/es\/download\/proyectos-que-han-superado-la-fase-formativa\/?wpdmdl=3014&amp;refresh=69e03d0ecf0a81776303374\">Descargar<\/a>\n            <\/div>\n        <\/div>\n    <\/div>\n<\/div>\n\n<\/div><\/td>\n<\/tr>\n<tr>\n<td>Cita previa Eureka Asesora (*)<\/td>\n<td>11\/05\/2017<\/td>\n<td>01\/06\/2017<\/td>\n<\/tr>\n<tr>\n<td>Presentaci\u00f3n de proyectos finales<\/td>\n<td>11\/05\/2017<\/td>\n<td>02\/06\/2017<\/td>\n<\/tr>\n<tr>\n<td>Valoraci\u00f3n de proyectos<\/td>\n<td>5\/06\/2017<\/td>\n<td>23\/06\/2017<\/td>\n<\/tr>\n<tr>\n<td>Acto de clausura y entrega de premios<\/td>\n<td>\u00daltima semana de junio<\/td>\n<td>&#8211;<\/td>\n<\/tr>\n<\/tbody>\n<\/table>\n<\/div>\n\n<h4>Premios<\/h4>\n<h5>Categor\u00eda general<\/h5>\n<ul>\n<li>Un Primer premio por importe de 4.500 euros<\/li>\n<li>Un Segundo premio por importe de 3.000 euros<\/li>\n<li>Un Tercer premio por importe de 1.500 euros<\/li>\n<\/ul>\n<h5>Categor\u00eda especial<\/h5>\n<ul>\n<li>Premio mejor proyecto establecido como entidad de econom\u00eda social de las previstas en la ley 5\/2011, de 29 de marzo de Econom\u00eda Social, un premio especial de 2.000 euros<\/li>\n<li>Premio mejor proyecto mujer emprendedora, un premio especial de 2.000 euros: El objetivo del premio mujer emprendedora es reconocer el liderazgo y habilidades emprendedoras e incentivar la participaci\u00f3n femenina en proyectos innovadores. En el caso de proyectos integrados por varios promotores, para acceder al premio, la totalidad de sus integrantes deben ser mujeres.<\/li>\n<\/ul>\n<h4>Premios en especie<\/h4>\n<h5>Los proyectos premiados podr\u00e1n adem\u00e1s beneficiarse de:<\/h5>\n<ul>\n<li>Exenci\u00f3n del pago de la cuota de alta y del equivalente a 3 meses de cuotas asociativas de la Asociaci\u00f3n de J\u00f3venes Empresarios de Baleares, para aquellos proyectos que lo soliciten.<\/li>\n<li>Puntuaci\u00f3n adicional para las solicitudes de acceso al Centro de Empresas de PalmaActiva, de acuerdo con lo establecido en las bases del Centro de Empresas y supeditado a la disponibilidad de espacios.<\/li>\n<\/ul>\n<h4>Otros beneficios<\/h4>\n<ul>\n<li>Presentaci\u00f3n de solicitud de aval de hasta 60.000 euros a la sociedad de garant\u00eda rec\u00edproca ISBA SGR.<\/li>\n<li>El mejor proyecto de base tecnol\u00f3gica podr\u00e1 tener un acceso gratuito al al Programa #EMPRENBIT de apoyo a emprendedores de base tencol\u00f2gica del Parc Bit qwue ofrece acceso a su espacio de incubaci\u00f3n colaborativa (3\u00aa planta Edificio Diecisiete) por un per\u00edodo m\u00e1ximo de 6 meses. La comisi\u00f3n evaluadora seleccionar\u00e1 el proyecto en base a criterios de componente innovador y grado de actualidad tecnol\u00f3gica del proyecto, siempre teniendo en cuenta la disponibilidad de espacios en el Parc Bit.<\/li>\n<\/ul>\n<\/div><\/div><\/div>","protected":false},"excerpt":{"rendered":"","protected":false},"author":1,"featured_media":0,"parent":351,"menu_order":0,"comment_status":"closed","ping_status":"closed","template":"","meta":{"footnotes":""},"_links":{"self":[{"href":"https:\/\/web.palmaactiva.com\/es\/wp-json\/wp\/v2\/pages\/2288"}],"collection":[{"href":"https:\/\/web.palmaactiva.com\/es\/wp-json\/wp\/v2\/pages"}],"about":[{"href":"https:\/\/web.palmaactiva.com\/es\/wp-json\/wp\/v2\/types\/page"}],"author":[{"embeddable":true,"href":"https:\/\/web.palmaactiva.com\/es\/wp-json\/wp\/v2\/users\/1"}],"replies":[{"embeddable":true,"href":"https:\/\/web.palmaactiva.com\/es\/wp-json\/wp\/v2\/comments?post=2288"}],"version-history":[{"count":5,"href":"https:\/\/web.palmaactiva.com\/es\/wp-json\/wp\/v2\/pages\/2288\/revisions"}],"predecessor-version":[{"id":2323,"href":"https:\/\/web.palmaactiva.com\/es\/wp-json\/wp\/v2\/pages\/2288\/revisions\/2323"}],"up":[{"embeddable":true,"href":"https:\/\/web.palmaactiva.com\/es\/wp-json\/wp\/v2\/pages\/351"}],"wp:attachment":[{"href":"https:\/\/web.palmaactiva.com\/es\/wp-json\/wp\/v2\/media?parent=2288"}],"curies":[{"name":"wp","href":"https:\/\/api.w.org\/{rel}","templated":true}]}}