{"id":2270,"date":"2017-03-06T12:04:47","date_gmt":"2017-03-06T12:04:47","guid":{"rendered":"http:\/\/web.palmaactiva.com\/?page_id=2270"},"modified":"2026-03-24T10:49:30","modified_gmt":"2026-03-24T09:49:30","slug":"ayudas-para-el-pequeno-comercio","status":"publish","type":"page","link":"https:\/\/web.palmaactiva.com\/es\/ayudas-para-el-pequeno-comercio\/","title":{"rendered":"Ayudas para los establecimientos comerciales y de restauraci\u00f3n"},"content":{"rendered":"<div class=\"su-divider su-divider-style-default\" style=\"margin:15px 0;border-width:1px;border-color:#dadada\"><\/div>\n<h3><strong>Subvenciones de inversi\u00f3n 2026 &#8211; Plazo de solicitudes: desde 22 de marzo hasta el 5 de mayo<\/strong><\/h3>\n<img decoding=\"async\" loading=\"lazy\" class=\"alignnone size-full wp-image-50243\" src=\"https:\/\/web.palmaactiva.com\/wp-content\/uploads\/2026\/03\/triptico-SUBVENCIONES-2026-1-scaled.jpg\" alt=\"\" width=\"2560\" height=\"859\" \/>\n<\/br><br \/>\nEsta convocatoria tiene por objeto regular las condiciones para acceder a las ayudas destinadas a inversiones para la modernizaci\u00f3n y la innovaci\u00f3n, la adopci\u00f3n de las medidas de desarrollo sostenible, de seguridad de las instalaciones, de accesibilidad y de insonorizaci\u00f3n.<\/p>\n<p><strong>Beneficiarios<\/strong><\/p>\n<p>    Pueden ser beneficiarios de las ayudas las personas f\u00edsicas y personas jur\u00eddicas sometidas a derecho privado, las agrupaciones de \u00e9stas y tambi\u00e9n las comunidades de bienes y otras figuras colectivas civiles, unidades econ\u00f3micas y patrimonios separados que desarrollen una actividad comercial y\/o de restauraci\u00f3n en el municipio de Palma que est\u00e9n situados a pie de calle o dentro de un mercado municipal.<br \/>\n    Igualmente, podr\u00e1n ser beneficiarios los solicitantes que, sin haber iniciado la actividad comercial\/profesional hayan presentado alta previa, eso es, alta censal notificando la entrega de bienes o prestaci\u00f3n de servicios posterior a la adquisici\u00f3n de bienes o servicios, y aquellos que ya estando de alta censal abran nuevo establecimiento presentando una declaraci\u00f3n responsable de compromiso de alta, el alta de nuevos locales de negocio \u2013 declaraci\u00f3n censal de nuevos locales directamente afectos a la actividad.<br \/>\n\n<h3><\/h3>\n<p><\/br><br \/>\nDocumentaci\u00f3n de la convocatoria:<br \/>\n<div class='w3eden'><!-- WPDM Link Template: Default Template -->\n\n<div class=\"link-template-default card mb-2\">\n    <div class=\"card-body\">\n        <div class=\"media\">\n            <div class=\"mr-3 img-48\"><img class=\"wpdm_icon\" alt=\"Icona\" src=\"https:\/\/web.palmaactiva.com\/wp-content\/plugins\/download-manager\/assets\/file-type-icons\/pdf.svg\" \/><\/div>\n            <div class=\"media-body\">\n                <h3 class=\"package-title\"><a href='https:\/\/web.palmaactiva.com\/es\/download\/folleto-informativo\/'>Folleto informativo<\/a><\/h3>\n                <div class=\"text-muted text-small\"><i class=\"fas fa-copy\"><\/i> 1 fitxer(s) <i class=\"fas fa-hdd ml-3\"><\/i> 771.34 KB<\/div>\n            <\/div>\n            <div class=\"ml-3\">\n                <a class='wpdm-download-link download-on-click btn btn-primary btn-sm' rel='nofollow' href='#' data-downloadurl=\"https:\/\/web.palmaactiva.com\/es\/download\/folleto-informativo\/?wpdmdl=55083&refresh=69e141bec6d191776370110\">Baixa<\/a>\n            <\/div>\n        <\/div>\n    <\/div>\n<\/div>\n\n<\/div><div class='w3eden'><!-- WPDM Link Template: Default Template -->\n\n<div class=\"link-template-default card mb-2\">\n    <div class=\"card-body\">\n        <div class=\"media\">\n            <div class=\"mr-3 img-48\"><img class=\"wpdm_icon\" alt=\"Icona\" src=\"https:\/\/web.palmaactiva.com\/wp-content\/plugins\/download-manager\/assets\/file-type-icons\/pdf.svg\" \/><\/div>\n            <div class=\"media-body\">\n                <h3 class=\"package-title\"><a href='https:\/\/web.palmaactiva.com\/es\/download\/extracto-del-boib-de-la-convocatoria-de-subvenciones-de-inversion-2026\/'>Extracto del BOIB de la convocatoria de subvenciones de inversi\u00f3n 2026<\/a><\/h3>\n                <div class=\"text-muted text-small\"><i class=\"fas fa-copy\"><\/i> 1 fitxer(s) <i class=\"fas fa-hdd ml-3\"><\/i> 174.09 KB<\/div>\n            <\/div>\n            <div class=\"ml-3\">\n                <a class='wpdm-download-link download-on-click btn btn-primary btn-sm' rel='nofollow' href='#' data-downloadurl=\"https:\/\/web.palmaactiva.com\/es\/download\/extracto-del-boib-de-la-convocatoria-de-subvenciones-de-inversion-2026\/?wpdmdl=55089&refresh=69e141bef051f1776370110\">Baixa<\/a>\n            <\/div>\n        <\/div>\n    <\/div>\n<\/div>\n\n<\/div><div class='w3eden'><!-- WPDM Link Template: Default Template -->\n\n<div class=\"link-template-default card mb-2\">\n    <div class=\"card-body\">\n        <div class=\"media\">\n            <div class=\"mr-3 img-48\"><img class=\"wpdm_icon\" alt=\"Icona\" src=\"https:\/\/web.palmaactiva.com\/wp-content\/plugins\/download-manager\/assets\/file-type-icons\/pdf.svg\" \/><\/div>\n            <div class=\"media-body\">\n                <h3 class=\"package-title\"><a href='https:\/\/web.palmaactiva.com\/es\/download\/bases-de-la-convocatoria-de-subvenciones-de-inversion-2026-2\/'>Bases de la convocatoria de subvenciones de inversi\u00f3n 2026<\/a><\/h3>\n                <div class=\"text-muted text-small\"><i class=\"fas fa-copy\"><\/i> 1 fitxer(s) <i class=\"fas fa-hdd ml-3\"><\/i> 363.43 KB<\/div>\n            <\/div>\n            <div class=\"ml-3\">\n                <a class='wpdm-download-link download-on-click btn btn-primary btn-sm' rel='nofollow' href='#' data-downloadurl=\"https:\/\/web.palmaactiva.com\/es\/download\/bases-de-la-convocatoria-de-subvenciones-de-inversion-2026-2\/?wpdmdl=55066&refresh=69e141bf176041776370111\">Baixa<\/a>\n            <\/div>\n        <\/div>\n    <\/div>\n<\/div>\n\n<\/div><div class='w3eden'><!-- WPDM Link Template: Default Template -->\n\n<div class=\"link-template-default card mb-2\">\n    <div class=\"card-body\">\n        <div class=\"media\">\n            <div class=\"mr-3 img-48\"><img class=\"wpdm_icon\" alt=\"Icona\" src=\"https:\/\/web.palmaactiva.com\/wp-content\/plugins\/download-manager\/assets\/file-type-icons\/pdf.svg\" \/><\/div>\n            <div class=\"media-body\">\n                <h3 class=\"package-title\"><a href='https:\/\/web.palmaactiva.com\/es\/download\/formulario_de_solicitud_de_subvenciones_de_inversion_2026\/'>Formulario de solicitud de subvenciones de inversi\u00f3n 2026<\/a><\/h3>\n                <div class=\"text-muted text-small\"><i class=\"fas fa-copy\"><\/i> 1 fitxer(s) <i class=\"fas fa-hdd ml-3\"><\/i> 556.29 KB<\/div>\n            <\/div>\n            <div class=\"ml-3\">\n                <a class='wpdm-download-link download-on-click btn btn-primary btn-sm' rel='nofollow' href='#' data-downloadurl=\"https:\/\/web.palmaactiva.com\/es\/download\/formulario_de_solicitud_de_subvenciones_de_inversion_2026\/?wpdmdl=55075&refresh=69e141bf362211776370111\">Baixa<\/a>\n            <\/div>\n        <\/div>\n    <\/div>\n<\/div>\n\n<\/div><div class='w3eden'><!-- WPDM Link Template: Default Template -->\n\n<div class=\"link-template-default card mb-2\">\n    <div class=\"card-body\">\n        <div class=\"media\">\n            <div class=\"mr-3 img-48\"><img class=\"wpdm_icon\" alt=\"Icona\" src=\"https:\/\/web.palmaactiva.com\/wp-content\/plugins\/download-manager\/assets\/file-type-icons\/pdf.svg\" \/><\/div>\n            <div class=\"media-body\">\n                <h3 class=\"package-title\"><a href='https:\/\/web.palmaactiva.com\/es\/download\/preguntas-frecuentes\/'>Preguntas Frecuentes<\/a><\/h3>\n                <div class=\"text-muted text-small\"><i class=\"fas fa-copy\"><\/i> 1 fitxer(s) <i class=\"fas fa-hdd ml-3\"><\/i> 840.88 KB<\/div>\n            <\/div>\n            <div class=\"ml-3\">\n                <a class='wpdm-download-link download-on-click btn btn-primary btn-sm' rel='nofollow' href='#' data-downloadurl=\"https:\/\/web.palmaactiva.com\/es\/download\/preguntas-frecuentes\/?wpdmdl=55057&refresh=69e141bf50de91776370111\">Baixa<\/a>\n            <\/div>\n        <\/div>\n    <\/div>\n<\/div>\n\n<\/div>\n<div style=\"display: flex; flex-direction: column; align-items: center; gap: 10px; margin-top: 5px; margin-bottom: 5px;\">\n<div class=\"dt-service-more\" style=\"display: flex; justify-content: center; width: 100%;\"><a style=\"display: inline-flex; align-items: center; justify-content: center; padding: 10px 30px; border-radius: 2px; text-transform: uppercase; text-decoration: none; width: 300px; box-sizing: border-box;\" href=\"https:\/\/palmaactiva.sedipualba.es\/carpetaciudadana\/tramite.aspx?idtramite=13879\" target=\"_blank\" rel=\"noopener\"><br \/>\n<i class=\"fa fa-info-circle\" style=\"margin-right: 10px;\"><\/i><br \/>\n<span style=\"display: inline-flex; line-height: 1.5;\">Registro de solicitudes: HASTA EL 05\/05<\/span><br \/>\n<\/a><\/div>\n<div class=\"dt-service-more\" style=\"display: flex; justify-content: center; width: 100%;\"><a style=\"display: inline-flex; align-items: center; justify-content: center; padding: 10px 30px; border-radius: 2px; text-transform: uppercase; text-decoration: none; width: 300px; box-sizing: border-box;\" href=\"https:\/\/web.palmaactiva.com\/es\/historic-de-subvencions\/\" target=\"_blank\" rel=\"noopener\"><br \/>\n<i class=\"fa fa-book\" style=\"margin-right: 10px;\"><\/i><br \/>\n<span style=\"display: inline-flex; line-height: 1.5;\">Hist\u00f3rico de subvenciones<\/span><br \/>\n<\/a><\/div>\n<\/div>","protected":false},"excerpt":{"rendered":"<p>Subvenciones de inversi\u00f3n 2026 &#8211; Plazo de solicitudes: desde 22 de marzo hasta el 5 de mayo Esta convocatoria tiene por objeto regular las condiciones para acceder a las ayudas destinadas a inversiones para la modernizaci\u00f3n y la innovaci\u00f3n, la adopci\u00f3n de las medidas de desarrollo sostenible, de seguridad de las instalaciones, de accesibilidad y [&hellip;]<\/p>\n","protected":false},"author":1,"featured_media":37876,"parent":0,"menu_order":0,"comment_status":"closed","ping_status":"closed","template":"","meta":{"footnotes":""},"_links":{"self":[{"href":"https:\/\/web.palmaactiva.com\/es\/wp-json\/wp\/v2\/pages\/2270"}],"collection":[{"href":"https:\/\/web.palmaactiva.com\/es\/wp-json\/wp\/v2\/pages"}],"about":[{"href":"https:\/\/web.palmaactiva.com\/es\/wp-json\/wp\/v2\/types\/page"}],"author":[{"embeddable":true,"href":"https:\/\/web.palmaactiva.com\/es\/wp-json\/wp\/v2\/users\/1"}],"replies":[{"embeddable":true,"href":"https:\/\/web.palmaactiva.com\/es\/wp-json\/wp\/v2\/comments?post=2270"}],"version-history":[{"count":75,"href":"https:\/\/web.palmaactiva.com\/es\/wp-json\/wp\/v2\/pages\/2270\/revisions"}],"predecessor-version":[{"id":55093,"href":"https:\/\/web.palmaactiva.com\/es\/wp-json\/wp\/v2\/pages\/2270\/revisions\/55093"}],"wp:featuredmedia":[{"embeddable":true,"href":"https:\/\/web.palmaactiva.com\/es\/wp-json\/wp\/v2\/media\/37876"}],"wp:attachment":[{"href":"https:\/\/web.palmaactiva.com\/es\/wp-json\/wp\/v2\/media?parent=2270"}],"curies":[{"name":"wp","href":"https:\/\/api.w.org\/{rel}","templated":true}]}}