{"id":2169,"date":"2017-02-20T08:53:31","date_gmt":"2017-02-20T08:53:31","guid":{"rendered":"http:\/\/web.palmaactiva.com\/?page_id=2169"},"modified":"2025-12-29T11:11:49","modified_gmt":"2025-12-29T10:11:49","slug":"establecimientos-emblematicos","status":"publish","type":"page","link":"https:\/\/web.palmaactiva.com\/es\/establecimientos-emblematicos\/","title":{"rendered":"Establecimientos emblem\u00e1ticos"},"content":{"rendered":"<div class=\"su-row\"><div class=\"su-column su-column-size-1-5\"><div class=\"su-column-inner su-u-clearfix su-u-trim\"><img decoding=\"async\" loading=\"lazy\" class=\"alignnone size-full wp-image-17402\" src=\"https:\/\/web.palmaactiva.com\/wp-content\/uploads\/2018\/11\/minibanner_emblematics.jpg\" alt=\"\" width=\"600\" height=\"600\" srcset=\"https:\/\/web.palmaactiva.com\/wp-content\/uploads\/2018\/11\/minibanner_emblematics.jpg 600w, https:\/\/web.palmaactiva.com\/wp-content\/uploads\/2018\/11\/minibanner_emblematics-150x150.jpg 150w, https:\/\/web.palmaactiva.com\/wp-content\/uploads\/2018\/11\/minibanner_emblematics-300x300.jpg 300w, https:\/\/web.palmaactiva.com\/wp-content\/uploads\/2018\/11\/minibanner_emblematics-96x96.jpg 96w\" sizes=\"(max-width: 600px) 100vw, 600px\" \/><\/div><\/div><div class=\"su-column su-column-size-4-5\"><div class=\"su-column-inner su-u-clearfix su-u-trim\">\n<h4>La iniciativa<\/h4>\nLos establecimientos emblem\u00e1ticos adem\u00e1s de desarrollar una importante actividad econ\u00f3mica contribuyendo a generar riqueza en el \u00e1mbito local, crean y mantienen puestos de trabajo, atraen inversiones, forman parte de nuestra memoria colectiva, nos ubican en un tiempo y un lugar, nos permiten identificarnos con la ciudad y las barriadas y vertebran una buena parte de nuestras relaciones sociales.\n<div class=\"dt-service-more\" style=\"margin-bottom: 5px; margin-top: 5px;\">\n    <a href=\"https:\/\/emblematics.palmaactiva.com\/\" target=\"_blank\" rel=\"noopener\" style=\"display: inline-flex; align-items: center; justify-content: center; padding: 10px 30px; border-radius: 2px; text-transform: uppercase; text-decoration: none; max-width: 100%; box-sizing: border-box;\"><i class=\"fa fa-sign-in\" style=\"margin-right: 10px;\"><\/i><span style=\"display: inline-flex; line-height: 1.5;\">Visita nuestra web<\/span><\/a>\n<\/div>\n<\/div><\/div><\/div>\n<div class=\"su-row\"><div class=\"su-column su-column-size-1-5\"><div class=\"su-column-inner su-u-clearfix su-u-trim\"><img decoding=\"async\" loading=\"lazy\" width=\"729\" height=\"717\" class=\"alignnone size-full wp-image-54651\" src=\"https:\/\/web.palmaactiva.com\/wp-content\/uploads\/2025\/12\/c1.png\" alt=\"\" srcset=\"https:\/\/web.palmaactiva.com\/wp-content\/uploads\/2025\/12\/c1.png 729w, https:\/\/web.palmaactiva.com\/wp-content\/uploads\/2025\/12\/c1-300x295.png 300w\" sizes=\"(max-width: 729px) 100vw, 729px\" \/><\/div><\/div><div class=\"su-column su-column-size-4-5\"><div class=\"su-column-inner su-u-clearfix su-u-trim\">\n<h4>Bolsas emblem\u00e1ticas<\/h4>\nUn a\u00f1o m\u00e1s, desde PalmaActiva reafirmamos nuestro compromiso con el comercio local a trav\u00e9s de nuestras bolsas emblem\u00e1ticas. Este a\u00f1o, hemos distribuido cerca de 9.000 bolsas entre los establecimientos emblem\u00e1ticos del Ajuntament de Palma.<br \/>\n\u00a1Apoya los establecimientos m\u00e1s aut\u00e9nticos de Palma y hazte con tu bolsa en los establecimientos participantes!<br \/>\nExistencias limitadas.<\/p>\n\n<\/div><\/div><\/div>\n<div class=\"su-youtube su-u-responsive-media-yes\"><iframe width=\"640\" height=\"360\" src=\"https:\/\/www.youtube.com\/embed\/x-L3KpQ9joE?autohide=2&amp;autoplay=0&amp;mute=0&amp;controls=1&amp;fs=1&amp;loop=0&amp;modestbranding=0&amp;rel=0&amp;showinfo=0&amp;theme=light&amp;wmode=&amp;playsinline=0\" frameborder=\"0\" allowfullscreen allow=\"autoplay; encrypted-media; picture-in-picture\" title=\"\"><\/iframe><\/div>\n<iframe loading=\"lazy\" width=\"100%\" height=\"600\" src=\"https:\/\/www.youtube.com\/embed\/-wu0EjcB3-U?si=AEAQcQGYEsOXzQOk\" title=\"YouTube video player\" frameborder=\"0\" allow=\"accelerometer; autoplay; clipboard-write; encrypted-media; gyroscope; picture-in-picture; web-share\" referrerpolicy=\"strict-origin-when-cross-origin\" allowfullscreen><\/iframe><\/p>\n<hr>\n<p><!--<strong><span style=\"color: #e03e52;\">LIBRO DE ESTABLECIMIENTOS EMBLEM\u00c1TICOS 2023<\/span><\/strong>\n<a href=\"https:\/\/drive.google.com\/file\/d\/1NArsxyhz-wXvC-du-Ol3o9kFNbdU3Cvr\/view?usp=sharing\"><img decoding=\"async\" loading=\"lazy\" class=\"alignnone size-full wp-image-48188\" src=\"https:\/\/web.palmaactiva.com\/wp-content\/uploads\/2023\/03\/Estaliments-Emblematics-2023-bc-1-e1679915779654.jpg\" alt=\"\" width=\"1239\" height=\"662\" srcset=\"https:\/\/web.palmaactiva.com\/wp-content\/uploads\/2023\/03\/Estaliments-Emblematics-2023-bc-1-e1679915779654.jpg 1239w, https:\/\/web.palmaactiva.com\/wp-content\/uploads\/2023\/03\/Estaliments-Emblematics-2023-bc-1-e1679915779654-300x160.jpg 300w, https:\/\/web.palmaactiva.com\/wp-content\/uploads\/2023\/03\/Estaliments-Emblematics-2023-bc-1-e1679915779654-1024x547.jpg 1024w, https:\/\/web.palmaactiva.com\/wp-content\/uploads\/2023\/03\/Estaliments-Emblematics-2023-bc-1-e1679915779654-768x410.jpg 768w\" sizes=\"(max-width: 1239px) 100vw, 1239px\" \/><\/a>--><\/p>\n<h3>Servicios<\/h3>\n<div class=\"su-row\"><div class=\"su-column su-column-size-1-3\"><div class=\"su-column-inner su-u-clearfix su-u-trim\"><div class=\"su-service\"><div class=\"su-service-title\" style=\"padding-left:46px;min-height:32px;line-height:32px\"><i class=\"sui sui-star\" style=\"font-size:32px;color:#333\"><\/i> \u00bb[:es<\/div><div class=\"su-service-content su-u-clearfix su-u-trim\" style=\"padding-left:46px\">Cat\u00e1logo 2024\u00bb icon=\u00bbhttps:\/\/web.palmaactiva.com\/wp-content\/uploads\/2018\/11\/material-escolar.png\u00bb icon_color=\u00bb#e03e52&#8243; size=\u00bb48&#8243;]Establecimientos Emblem\u00e1ticos catalogados\n<div class=\"dt-service-more\" style=\"text-align: center; margin-bottom: 5px; margin-top: 5px;\">\n    <a href=\"https:\/\/emblematics.palmaactiva.com\/descarga\/libro-cat%C3%A1logo-EE-2024.pdf\" target=\"_blank\" rel=\"noopener\" style=\"display: inline-flex; align-items: center; justify-content: center; padding: 10px 20px; border-radius: 2px; text-transform: uppercase; text-decoration: none; max-width: 100%; box-sizing: border-box;\"><i class=\"fa fa-sign-in\" style=\"margin-right: 10px;\"><\/i><span style=\"display: inline-flex; line-height: 1.5;\">Ir al cat\u00e1logo<\/span><\/a>\n<\/div>\n<\/div><\/div><\/div><\/div>\n<div class=\"su-column su-column-size-1-3\"><div class=\"su-column-inner su-u-clearfix su-u-trim\"><div class=\"su-service\"><div class=\"su-service-title\" style=\"padding-left:46px;min-height:32px;line-height:32px\"><i class=\"sui sui-star\" style=\"font-size:32px;color:#333\"><\/i> \u00bb[:es<\/div><div class=\"su-service-content su-u-clearfix su-u-trim\" style=\"padding-left:46px\">Subvenciones\u00bb icon=\u00bbhttps:\/\/web.palmaactiva.com\/wp-content\/uploads\/2018\/11\/dollar-symbol-3.png\u00bb icon_color=\u00bb#e03e52&#8243; size=\u00bb48&#8243;]Subvenciones exclusivas para Emblem\u00e1ticos \n<div class=\"dt-service-more\" style=\"text-align: center; margin-bottom: 5px; margin-top: 5px;\">\n    <a href=\"https:\/\/emblematics.palmaactiva.com\/ca\/subvencions.html\" target=\"_blank\" rel=\"noopener\" style=\"display: inline-flex; align-items: center; justify-content: center; padding: 10px 20px; border-radius: 2px; text-transform: uppercase; text-decoration: none; max-width: 100%; box-sizing: border-box;\"><i class=\"fa fa-search\" style=\" margin-bottom: 15px\"><\/i><span style=\"display: inline-flex; line-height: 1.5;\">Consultar subvenciones<\/span><\/a>\n<\/div>\n<\/div><\/div><\/div><\/div>\n<div class=\"su-column su-column-size-1-3\"><div class=\"su-column-inner su-u-clearfix su-u-trim\"><div class=\"su-service\"><div class=\"su-service-title\" style=\"padding-left:46px;min-height:32px;line-height:32px\"><i class=\"sui sui-star\" style=\"font-size:32px;color:#333\"><\/i> \u00bb[:es<\/div><div class=\"su-service-content su-u-clearfix su-u-trim\" style=\"padding-left:46px\">Galer\u00eda\u00bb icon=\u00bbhttps:\/\/web.palmaactiva.com\/wp-content\/uploads\/2018\/11\/mapas-y-banderas-1.png\u00bb icon_color=\u00bb#e03e52&#8243; size=\u00bb48&#8243;]Exposici\u00f3n de Establecimientos Emblem\u00e1ticos \n<div class=\"dt-service-more\" style=\"text-align: center; margin-bottom: 5px; margin-top: 5px;\">\n    <a href=\"https:\/\/emblematics.palmaactiva.com\/ca\/establiments.html\" target=\"_blank\" rel=\"noopener\" style=\"display: inline-flex; align-items: center; justify-content: center; padding: 10px 20px; border-radius: 2px; text-transform: uppercase; text-decoration: none; max-width: 100%; box-sizing: border-box;\"><i class=\"fa fa-info-circle\" style=\"margin-right: 10px;\"><\/i><span style=\"display: inline-flex; line-height: 1.5;\">Saber m\u00e1s<\/span><\/a>\n<\/div>\n<\/div><\/div><\/div><\/div>\n<p><!-- &#091;su_column size=\"1\/4\"&#093;&#091;su_service title=\"&#091;:es&#093;Material publicitario&#091;:ca&#093;Material publicitari&#091;:&#093;\" icon=\"https:\/\/web.palmaactiva.com\/wp-content\/uploads\/2018\/11\/protesta.png\" icon_color=\"#e03e52\" size=\"48\"&#093;&#091;:es&#093;Material sobre Emblem\u00e1ticos &#091;:ca&#093;Material sobre Emblem\u00e0tics&#091;:&#093;\n\n\n\n<div class=\"dt-service-more\" style=\"text-align: center; margin-bottom: 5px; margin-top: 5px;\">\n    <a href=\"https:\/\/web.palmaactiva.com\/empresa\/comercio\/establecimientos-emblematicos\/material-publicitari-establiments-emblematics-de-palma\/\" target=\"_blank\" rel=\"noopener\" style=\"display: inline-flex; align-items: center; justify-content: center; padding: 10px 20px; border-radius: 2px; text-transform: uppercase; text-decoration: none; max-width: 100%; box-sizing: border-box;\"><i class=\"fa fa-file-arrow-down\" style=\"margin-right: 10px; margin-bottom: 15px\"><\/i><span style=\"display: inline-flex; line-height: 1.5;\">&#091;:es&#093;Descargar material&#091;:ca&#093;Descarregar material&#091;:&#093;<\/span><\/a>\n-->\n<\/div>\n<\/div>\n<hr \/>\n<h4>La iniciativa<\/h4>\n<strong>Los establecimientos emblem\u00e1ticos adem\u00e1s de desarrollar una importante actividad econ\u00f3mica contribuyendo a generar riqueza en el \u00e1mbito local, crean y mantienen puestos de trabajo, atraen inversiones, forman parte de nuestra memoria colectiva, nos ubican en un tiempo y un lugar, nos permiten identificarnos con la ciudad y las barriadas y vertebran una buena parte de nuestras relaciones sociales<\/strong>.<\/p>\n<p>Todas estas evidencias nos hacen reflexionar sobre la necesidad de tenerlos identificados, de fomentar el conocimiento y promover actuaciones que tengan como finalidad el hecho de contribuir a su continuidad, y todo ello en un contexto marcado por la globalidad, la competencia y la convivencia de diferentes formatos y de operadores comerciales; los cambios sociales, de h\u00e1bitos de consumo, de valores &#8230; en que lo que predomina es el factor tiempo, la inmediatez, la novedad &#8230;<\/p>\n<p>La clave de todo esto ser\u00eda la capacidad para armonizar las necesidades de hoy en d\u00eda que plantea el relevo generacional tanto desde la vertiente empresarial como de la vertiente de la clientela (gente joven, usuaria de nuevas tecnolog\u00edas, experta en cuestiones espec\u00edficas .. .) con el mantenimiento de los referentes de actividades comerciales, empresariales &#8230;<\/p>\n<p>Con el objetivo de mantener unos rasgos que identifiquen la ciudad de Palma y de mantener la actividad de los establecimientos emblem\u00e1ticos, el 16 de noviembre de 2016, la Junta de Gobierno del Ayuntamiento de Palma aprob\u00f3 la elaboraci\u00f3n del Cat\u00e1logo de Establecimientos emblem\u00e1ticos de Palma, estableciendo el objeto de este y las categor\u00edas.<div class='w3eden'><!-- WPDM Link Template: Default Template -->\n\n<div class=\"link-template-default card mb-2\">\n    <div class=\"card-body\">\n        <div class=\"media\">\n            <div class=\"mr-3 img-48\"><img class=\"wpdm_icon\" alt=\"Icona\" src=\"https:\/\/web.palmaactiva.com\/wp-content\/plugins\/download-manager\/assets\/file-type-icons\/pdf.svg\" \/><\/div>\n            <div class=\"media-body\">\n                <h3 class=\"package-title\"><a href='https:\/\/web.palmaactiva.com\/es\/download\/requisits-i-categories-establiments-emblematics-de-palma\/'>Requisitos y categor\u00edas Establecimientos Emblem\u00e1ticos de Palma<\/a><\/h3>\n                <div class=\"text-muted text-small\"><i class=\"fas fa-copy\"><\/i> 1 fitxer(s) <i class=\"fas fa-hdd ml-3\"><\/i> 142.83 KB<\/div>\n            <\/div>\n            <div class=\"ml-3\">\n                <a class='wpdm-download-link download-on-click btn btn-primary btn-sm' rel='nofollow' href='#' data-downloadurl=\"https:\/\/web.palmaactiva.com\/es\/download\/requisits-i-categories-establiments-emblematics-de-palma\/?wpdmdl=53253&refresh=69e1016c1adb01776353644\">Descargar<\/a>\n            <\/div>\n        <\/div>\n    <\/div>\n<\/div>\n\n<\/div><div class='w3eden'><!-- WPDM Link Template: Default Template -->\n\n<div class=\"link-template-default card mb-2\">\n    <div class=\"card-body\">\n        <div class=\"media\">\n            <div class=\"mr-3 img-48\"><img class=\"wpdm_icon\" alt=\"Icona\" src=\"https:\/\/web.palmaactiva.com\/wp-content\/plugins\/download-manager\/assets\/file-type-icons\/pdf.svg\" \/><\/div>\n            <div class=\"media-body\">\n                <h3 class=\"package-title\"><a href='https:\/\/web.palmaactiva.com\/es\/download\/decret-establiments-emblematics-de-palma\/'>Decreto Cat\u00e1logo Establecimientos Emblem\u00e1ticos de Palma 2025<\/a><\/h3>\n                <div class=\"text-muted text-small\"><i class=\"fas fa-copy\"><\/i> 1 fitxer(s) <i class=\"fas fa-hdd ml-3\"><\/i> 320.67 KB<\/div>\n            <\/div>\n            <div class=\"ml-3\">\n                <a class='wpdm-download-link download-on-click btn btn-primary btn-sm' rel='nofollow' href='#' data-downloadurl=\"https:\/\/web.palmaactiva.com\/es\/download\/decret-establiments-emblematics-de-palma\/?wpdmdl=53632&refresh=69e1016c36c2e1776353644\">Descarga<\/a>\n            <\/div>\n        <\/div>\n    <\/div>\n<\/div>\n\n<\/div>\n<\/BR><br \/>\n<iframe loading=\"lazy\" \n  src=\"https:\/\/www.google.com\/maps\/d\/embed?mid=1sGgFgsgU-FX98MQ_kehY3YCf0yhISP8\" \n  width=\"100%\" \n  height=\"370\" \n  frameborder=\"0\" \n  allowfullscreen=\"allowfullscreen\"><br \/>\n<\/iframe><\/p>\n<p>&nbsp;<\/p>\n<h3><\/h3>\n<h4>Comisi\u00f3n T\u00e9cnica del Cat\u00e1logo de Establecimientos Emblem\u00e1ticos<\/h4>\n<p>Siguiendo lo establecido en el citado Acuerdo de la Junta de Gobierno, para diciembre de 2016 se constituy\u00f3 la Comisi\u00f3n T\u00e9cnica que trabaja hacia la consecuci\u00f3n del Cat\u00e1logo de Establecimientos Emblem\u00e1ticos de Palma.<br \/>\nIntegran esta Comisi\u00f3n, que funciona mediante sesiones quincenales, hasta 3 \u00e1reas municipales (- Turismo, Comercio y Trabajo \/ PalmaActiva &#8211; Modelo de Ciudad, Urbanismo y Vivienda Digna &#8211; Patrimonio, Cultura y Memoria Hist\u00f3rica), adem\u00e1s del Colegio oficial de arquitectos (COAIB), el Colegio oficial de ingenieros industriales (COINBALE), el Departamento de Econom\u00eda Aplicada de la UIB y ARCA.<\/p>\n<h3><\/h3>\n<h4>I Jornadas de Establecimientos Emblem\u00e1ticos de Palma<\/h4>\n<p>Para diciembre de 2016 tuvieron lugar las primeras Jornadas de Establecimientos Emblem\u00e1ticos de Palma, que contaron con la asistencia de expertos del \u00e1mbito de la arquitectura y la protecci\u00f3n patrimonial, de la historia y de la observaci\u00f3n fotogr\u00e1fica del paisaje . Adem\u00e1s de titulares de establecimientos emblem\u00e1ticos de Palma que permanecen abiertos.<br \/>\nConsulta <strong><a href=\"https:\/\/web.palmaactiva.com\/download\/programa-i-jornadas-de-establecimientos-emblematicos-de-palma\/\">el programa de esta jornada<\/a><\/strong>.<\/p>\nRequisitos y categor\u00edas Establecimientos Emblem\u00e1ticos de Palma<\/a><\/h3>\n                <div class=\"text-muted text-small\"><i class=\"fas fa-copy\"><\/i> 1 fitxer(s) <i class=\"fas fa-hdd ml-3\"><\/i> 142.83 KB<\/div>\n            <\/div>\n            <div class=\"ml-3\">\n                <a class='wpdm-download-link download-on-click btn btn-primary btn-sm' rel='nofollow' href='#' data-downloadurl=\"https:\/\/web.palmaactiva.com\/es\/download\/requisits-i-categories-establiments-emblematics-de-palma\/?wpdmdl=53253&refresh=69e1016c528661776353644\">Descargar<\/a>\n            <\/div>\n        <\/div>\n    <\/div>\n<\/div>\n\n<\/div><div class='w3eden'><!-- WPDM Link Template: Default Template -->\n\n<div class=\"link-template-default card mb-2\">\n    <div class=\"card-body\">\n        <div class=\"media\">\n            <div class=\"mr-3 img-48\"><img class=\"wpdm_icon\" alt=\"Icona\" src=\"https:\/\/web.palmaactiva.com\/wp-content\/plugins\/download-manager\/assets\/file-type-icons\/pdf.svg\" \/><\/div>\n            <div class=\"media-body\">\n                <h3 class=\"package-title\"><a href='https:\/\/web.palmaactiva.com\/es\/download\/decret-establiments-emblematics-de-palma\/'>Decreto Cat\u00e1logo Establecimientos Emblem\u00e1ticos de Palma 2025<\/a><\/h3>\n                <div class=\"text-muted text-small\"><i class=\"fas fa-copy\"><\/i> 1 fitxer(s) <i class=\"fas fa-hdd ml-3\"><\/i> 320.67 KB<\/div>\n            <\/div>\n            <div class=\"ml-3\">\n                <a class='wpdm-download-link download-on-click btn btn-primary btn-sm' rel='nofollow' href='#' data-downloadurl=\"https:\/\/web.palmaactiva.com\/es\/download\/decret-establiments-emblematics-de-palma\/?wpdmdl=53632&refresh=69e1016c5cc7b1776353644\">Descarga<\/a>\n            <\/div>\n        <\/div>\n    <\/div>\n<\/div>\n\n<\/div>\n<p><iframe loading=\"lazy\" \n  src=\"https:\/\/www.google.com\/maps\/d\/embed?mid=1sGgFgsgU-FX98MQ_kehY3YCf0yhISP8\" \n  width=\"100%\" \n  height=\"370\" \n  frameborder=\"0\" \n  allowfullscreen=\"allowfullscreen\"><br \/>\n<\/iframe><\/p>\n<p>&nbsp;<\/p>\n<h3><\/h3>\n<h4>Comissi\u00f3 T\u00e8cnica del Cat\u00e0leg d\u2019Establiments Emblem\u00e0tics<\/h4>\n<p>Seguint l\u2019establert al citat Acord de la Junta de Govern, per desembre de 2016 es va constituir la Comissi\u00f3 T\u00e8cnica que treballa envers la consecuci\u00f3 del Cat\u00e0leg d\u2019Establiments Emblem\u00e0tics de Palma.<br \/>\nIntegren aquesta Comissi\u00f3, que funciona mitjan\u00e7ant sessions quinzenals, fins a 3 \u00e0rees municipals (- Turisme, Comer\u00e7 i Treball \/ PalmaActiva \u2013 Model de Ciutat, Urbanisme i Habitatge Digne \u2013 Patrimoni, Cultura i Mem\u00f2ria Hist\u00f2rica), a m\u00e9s del Col\u00b7legi oficial d\u2019arquitectes (COAIB), el Col\u00b7legi oficial d\u2019enginyers industrials (COINBALE), el Departament d\u2019Economia Aplicada de la UIB i ARCA.<\/p>\n<h3><\/h3>\n<h4>I Jornades d\u2019Establiments Emblem\u00e0tics de Palma<\/h4>\n<p>Per desembre de 2016 varen tenir lloc les primeres Jornades d\u2019Establiments Emblem\u00e0tics de Palma, que comptaren amb l\u2019assist\u00e8ncia d\u2019experts de l\u2019\u00e0mbit de l\u2019arquitectura i la protecci\u00f3 patrimonial, de la hist\u00f2ria i de l\u2019observaci\u00f3 fotogr\u00e0fica del paisatge. A m\u00e9s de titulars d\u2019establiments emblem\u00e0tics de Palma que romanen oberts.<br \/>\nConsulta <strong><a href=\"https:\/\/web.palmaactiva.com\/download\/programa-i-jornadas-de-establecimientos-emblematicos-de-palma\/\">el programa d\u2019aquesta jornada<\/a><\/strong>.<\/p>\n+info: <a href=\"mailto:comerc@palma.es\">comerc@palma.es<\/a><\/p>","protected":false},"excerpt":{"rendered":"<p>Servicios La iniciativa Los establecimientos emblem\u00e1ticos adem\u00e1s de desarrollar una importante actividad econ\u00f3mica contribuyendo a generar riqueza en el \u00e1mbito local, crean y mantienen puestos de trabajo, atraen inversiones, forman parte de nuestra memoria colectiva, nos ubican en un tiempo y un lugar, nos permiten identificarnos con la ciudad y las barriadas y vertebran una [&hellip;]<\/p>\n","protected":false},"author":1,"featured_media":0,"parent":0,"menu_order":0,"comment_status":"closed","ping_status":"closed","template":"","meta":{"footnotes":""},"_links":{"self":[{"href":"https:\/\/web.palmaactiva.com\/es\/wp-json\/wp\/v2\/pages\/2169"}],"collection":[{"href":"https:\/\/web.palmaactiva.com\/es\/wp-json\/wp\/v2\/pages"}],"about":[{"href":"https:\/\/web.palmaactiva.com\/es\/wp-json\/wp\/v2\/types\/page"}],"author":[{"embeddable":true,"href":"https:\/\/web.palmaactiva.com\/es\/wp-json\/wp\/v2\/users\/1"}],"replies":[{"embeddable":true,"href":"https:\/\/web.palmaactiva.com\/es\/wp-json\/wp\/v2\/comments?post=2169"}],"version-history":[{"count":34,"href":"https:\/\/web.palmaactiva.com\/es\/wp-json\/wp\/v2\/pages\/2169\/revisions"}],"predecessor-version":[{"id":54695,"href":"https:\/\/web.palmaactiva.com\/es\/wp-json\/wp\/v2\/pages\/2169\/revisions\/54695"}],"wp:attachment":[{"href":"https:\/\/web.palmaactiva.com\/es\/wp-json\/wp\/v2\/media?parent=2169"}],"curies":[{"name":"wp","href":"https:\/\/api.w.org\/{rel}","templated":true}]}}