{"id":2118,"date":"2017-02-10T11:59:05","date_gmt":"2017-02-10T11:59:05","guid":{"rendered":"http:\/\/web.palmaactiva.com\/?page_id=2118"},"modified":"2017-02-16T14:03:00","modified_gmt":"2017-02-16T14:03:00","slug":"jornada-de-seleccion-melia","status":"publish","type":"page","link":"https:\/\/web.palmaactiva.com\/es\/buscar-trabajadores\/jornadas-de-seleccion\/jornada-de-seleccion-melia\/","title":{"rendered":"Jornada de selecci\u00f3n Meli\u00e0"},"content":{"rendered":"<figure id=\"attachment_2123\" aria-describedby=\"caption-attachment-2123\" style=\"width: 1200px\" class=\"wp-caption aligncenter\"><img decoding=\"async\" loading=\"lazy\" src=\"https:\/\/web.palmaactiva.com\/wp-content\/uploads\/2017\/02\/BannerFB_esp.png\" alt=\"Jornada de selecci\u00f3n Meli\u00e0 - Palacio de Congresos\" width=\"1200\" height=\"627\" class=\"size-full wp-image-2123\" \/><figcaption id=\"caption-attachment-2123\" class=\"wp-caption-text\">Jornada de selecci\u00f3n Meli\u00e0 &#8211; Palacio de Congresos<\/figcaption><\/figure>\n<div class=\"su-row\"><div class=\"su-column su-column-size-1-2\"><div class=\"su-column-inner su-u-clearfix su-u-trim\">Si quieres trabajar en <strong>MELI\u00c1-PALACIO DE CONGRESOS<\/strong> y cumples con los perfiles que a continuaci\u00f3n describimos,  preinscr\u00edbete en la jornada de selecci\u00f3n de la empresa MELI\u00c1, que tendr\u00e1 lugar el pr\u00f3ximo <strong>martes 21 de febrero en el SOIB (cam\u00ed Vell de Bunyola), 43 y mi\u00e9rcoles 22 de febrero en PalmaActiva (centro Flassaders c\/ Ferreria, 10, 07002)<\/strong>.<\/p>\n<p>Descripci\u00f3n de los perfiles:<\/p>\n<ul>\n<li><strong>Recepcionista<\/strong>: Grado de turismo, castellano e ingl\u00e9s dominio y valorable un 2\u00ba idioma (alem\u00e1n, franc\u00e9s, ruso), Microsoft office y navegador Opera alto, experiencia m\u00ednima de 18 meses en hoteles de 4* y 5*, y permiso de conducir.<\/li>\n<li><strong>Camarero\/a<\/strong>\/a: FPII hosteler\u00eda  o estudios equivalentes, dominio castellano e ingl\u00e9s, valorable alem\u00e1n, conocimientos medios de Excel, experiencia m\u00ednima de 18 meses en hoteles de 4* y 5*, y permiso de conducir.<\/li>\n<li><strong>Jefe\/a de sector<\/strong>: FPII hosteler\u00eda  o estudios equivalentes, dominio castellano e ingl\u00e9s, valorable alem\u00e1n, conocimientos medios de Excel, experiencia m\u00ednima de 18 meses en hoteles de 4* y 5*, y permiso de conducir.<\/li>\n<li><strong>Jefe\/a de partida<\/strong>: FPII de cocina  o estudios equivalentes, dominio castellano,  ingl\u00e9s medio, conocimientos medios de Excel, experiencia m\u00ednima de 18 meses en hoteles de 4* y 5*, y permiso de conducir.<\/li>\n<li><strong>Cocinero\/a<\/strong>: FPII de cocina  o estudios equivalentes, dominio castellano,  ingl\u00e9s medio, conocimientos medios de Excel, experiencia m\u00ednima de 18 meses en hoteles de 4* y 5*, y permiso de conducir.<\/li>\n<\/ul>\n<p>Condiciones: Contrato temporal + indefinido, jornada completa y turno partido y salario seg\u00fan convenio de hosteler\u00eda.<br \/>\n\n[fruitful_alert type=\u00bbalert-success\u00bb]IMPORTANTE: PARA PARTICIPAR HAY QUE HACER UNA PREINSCRIPCI\u00d3N Y SI CUMPLES CON EL PERFIL REQUERIDO TE CONVOCAREMOS AL ENCUENTRO. <strong>\u00a1PREINSCR\u00cdBETE!<\/strong><\/strong>[\/fruitful_alert]<\/div><\/div><div class=\"su-column su-column-size-1-2\"><div class=\"su-column-inner su-u-clearfix su-u-trim\">Would you like to work in MELI\u00c1-PALACIO DE CONGRESOS? If you fit in the following job profiles, you can sign up as a candidate for the Selection Day for that will take place next <strong>Tuesday 21th of February at SOIB (cam\u00ed Vell de Bunyola) and Wednesday 22nd of February at Centre Flassaders, c. Ferreria, 10, 07002<\/strong>.<\/p>\n<p>Job profiles: <\/p>\n<ul>\n<li><strong>Receptionist<\/strong>:  general degree on Tourism; command on Spanish and English, third language will be an asset; command on Microsoft office&#038; Opera NAVIGATOR; minimum experience 18 months in 4*-5* star hotels; driving license.<\/li>\n<li><strong>Waiter\/waitress<\/strong>: NVQ 4 or associate degree in hostelry or equivalent; command on Spanish and English, German will be an asset; Excel knowledge intermediate level; minimum experience 18 months in 4*-5* star hotels; driving license.<\/li>\n<li><strong>Chef de rang<\/strong>: NVQ 4 or associate degree in hostelry or equivalent; command on Spanish and English, German will be an asset; Excel knowledge intermediate level; minimum experience 18 months in 4*-5* star hotels; driving license.<\/li>\n<li><strong>Chef de partie<\/strong>: NVQ 4 or associate degree in catering or equivalent; command on Spanish and  intermediate English; Excel knowledge intermediate level; minimum experience 18 months in 4*-5*star  hotels; driving license.<\/li>\n<li><strong>Chef<\/strong>: NVQ 4 or associate degree in catering or equivalent; command on Spanish and  intermediate English; Excel knowledge intermediate level; minimum experience 18 months in 4*-5* star hotels; driving license.<\/li>\n<\/ul>\n<p>Conditions: fixed term + open-ended contract, full working day with split shift and salary according to collective agreement.<br \/>\n[fruitful_alert type=\u00bbalert-success\u00bb]IMPORTANT! You must sign up in order to participate in the Selection Day.  Should you fulfil the required job profile, we will contact you.[\/fruitful_alert]\n<\/div><\/div><\/div>\n[fruitful_alert type=\u00bbalert-danger\u00bb]Se ha cerrado el per\u00edodo de inscripci\u00f3n.[\/fruitful_alert]","protected":false},"excerpt":{"rendered":"<p>[fruitful_alert type=\u00bbalert-danger\u00bb]Se ha cerrado el per\u00edodo de inscripci\u00f3n.[\/fruitful_alert]<\/p>\n","protected":false},"author":1,"featured_media":0,"parent":603,"menu_order":0,"comment_status":"closed","ping_status":"closed","template":"","meta":{"footnotes":""},"_links":{"self":[{"href":"https:\/\/web.palmaactiva.com\/es\/wp-json\/wp\/v2\/pages\/2118"}],"collection":[{"href":"https:\/\/web.palmaactiva.com\/es\/wp-json\/wp\/v2\/pages"}],"about":[{"href":"https:\/\/web.palmaactiva.com\/es\/wp-json\/wp\/v2\/types\/page"}],"author":[{"embeddable":true,"href":"https:\/\/web.palmaactiva.com\/es\/wp-json\/wp\/v2\/users\/1"}],"replies":[{"embeddable":true,"href":"https:\/\/web.palmaactiva.com\/es\/wp-json\/wp\/v2\/comments?post=2118"}],"version-history":[{"count":5,"href":"https:\/\/web.palmaactiva.com\/es\/wp-json\/wp\/v2\/pages\/2118\/revisions"}],"predecessor-version":[{"id":2129,"href":"https:\/\/web.palmaactiva.com\/es\/wp-json\/wp\/v2\/pages\/2118\/revisions\/2129"}],"up":[{"embeddable":true,"href":"https:\/\/web.palmaactiva.com\/es\/wp-json\/wp\/v2\/pages\/603"}],"wp:attachment":[{"href":"https:\/\/web.palmaactiva.com\/es\/wp-json\/wp\/v2\/media?parent=2118"}],"curies":[{"name":"wp","href":"https:\/\/api.w.org\/{rel}","templated":true}]}}