{"id":20690,"date":"2019-01-24T12:15:07","date_gmt":"2019-01-24T12:15:07","guid":{"rendered":"https:\/\/web.palmaactiva.com\/?page_id=20690"},"modified":"2019-02-14T09:03:01","modified_gmt":"2019-02-14T09:03:01","slug":"conferencia","status":"publish","type":"page","link":"https:\/\/web.palmaactiva.com\/es\/fira-de-locupacio-2019\/conferencia\/","title":{"rendered":"Conferencia"},"content":{"rendered":"<h3><i class=\"fa fa-calendar colorear\" aria-hidden=\"true\"><\/i> 6 de marzo | 16:30 h <i class=\"fa fa-map-marker colorear\" aria-hidden=\"true\"><\/i> Palacio de Congresos de Palma (Sala Mallorca)<\/h3>\n<h1>ISABEL IGLESIAS<\/h1>\n<h2>Conferencia: \u00abEl liderazgo femenino: una nueva manera de entender las empresas\u00bb<\/h2>\n<p>&nbsp;<\/p>\n<div class=\"su-note-inner su-clearfix\" style=\"background-color:#fcf3cf;border-color:#f1c40f;color:#333;border-radius:3px;-moz-border-radius:3px;-webkit-border-radius:3px;margin:0px 0 20px 0;line-height:1.2em;\">\n<h3>Recuerda que la ENTRADA a la conferencia es libre hasta completar el aforo<\/h3>\nNo es necesario realizar ninguna inscripci\u00f3n. Las puertas de la Sala Mallorca del Palacio de Congresos se abrir\u00e1n <strong>1 hora antes<\/strong> y se cerrar\u00e1n en completar el aforo o al iniciarse la jornada.<\/div>\n<h3>Bio<\/h3>\n<div class=\"su-row\"><div class=\"su-column su-column-size-1-2\"><div class=\"su-column-inner su-u-clearfix su-u-trim\">Licenciada en Derecho, Master en RRHH y en Intervenci\u00f3n Psicol\u00f3gica con DBM.<br \/>\nActualmente es Responsable de Carrera Profesional y coordinadora de TFM del Master de RRHH de la Universidad de Alicante.<br \/>\nCoordinadora del Programa de Transformaci\u00f3n Digital aplicada a la gesti\u00f3n de Recursos Humanos.<br \/>\nDesde hace varios a\u00f1os dirige su propio proyecto profesional Sirania, una empresa dedicada la transformaci\u00f3n aplicada la gesti\u00f3n de personas.<br \/>\nEs conferenciante y formadora habitual de diferentes eventos y escuelas de negocios.<br \/>\nCoautora de \u00abEl Dilema del Directivo\u00bb.<\/div><\/div><div class=\"su-column su-column-size-1-2\"><div class=\"su-column-inner su-u-clearfix su-u-trim\"><img decoding=\"async\" loading=\"lazy\" src=\"https:\/\/web.palmaactiva.com\/wp-content\/uploads\/2019\/01\/Copia-de-EW3A9260-Editar-4.jpg\" alt=\"\" width=\"1200\" height=\"800\" class=\"alignnone size-full wp-image-20693\" srcset=\"https:\/\/web.palmaactiva.com\/wp-content\/uploads\/2019\/01\/Copia-de-EW3A9260-Editar-4.jpg 1200w, https:\/\/web.palmaactiva.com\/wp-content\/uploads\/2019\/01\/Copia-de-EW3A9260-Editar-4-300x200.jpg 300w, https:\/\/web.palmaactiva.com\/wp-content\/uploads\/2019\/01\/Copia-de-EW3A9260-Editar-4-768x512.jpg 768w, https:\/\/web.palmaactiva.com\/wp-content\/uploads\/2019\/01\/Copia-de-EW3A9260-Editar-4-1024x683.jpg 1024w, https:\/\/web.palmaactiva.com\/wp-content\/uploads\/2019\/01\/Copia-de-EW3A9260-Editar-4-400x268.jpg 400w\" sizes=\"(max-width: 1200px) 100vw, 1200px\" \/><\/div><\/div><\/div>","protected":false},"excerpt":{"rendered":"<p>6 de marzo | 16:30 h Palacio de Congresos de Palma (Sala Mallorca) ISABEL IGLESIAS Conferencia: \u00abEl liderazgo femenino: una nueva manera de entender las empresas\u00bb &nbsp; Recuerda que la ENTRADA a la conferencia es libre hasta completar el aforo No es necesario realizar ninguna inscripci\u00f3n. Las puertas de la Sala Mallorca del Palacio de [&hellip;]<\/p>\n","protected":false},"author":1,"featured_media":0,"parent":20071,"menu_order":0,"comment_status":"closed","ping_status":"closed","template":"page-fira.php","meta":{"footnotes":""},"_links":{"self":[{"href":"https:\/\/web.palmaactiva.com\/es\/wp-json\/wp\/v2\/pages\/20690"}],"collection":[{"href":"https:\/\/web.palmaactiva.com\/es\/wp-json\/wp\/v2\/pages"}],"about":[{"href":"https:\/\/web.palmaactiva.com\/es\/wp-json\/wp\/v2\/types\/page"}],"author":[{"embeddable":true,"href":"https:\/\/web.palmaactiva.com\/es\/wp-json\/wp\/v2\/users\/1"}],"replies":[{"embeddable":true,"href":"https:\/\/web.palmaactiva.com\/es\/wp-json\/wp\/v2\/comments?post=20690"}],"version-history":[{"count":3,"href":"https:\/\/web.palmaactiva.com\/es\/wp-json\/wp\/v2\/pages\/20690\/revisions"}],"predecessor-version":[{"id":20694,"href":"https:\/\/web.palmaactiva.com\/es\/wp-json\/wp\/v2\/pages\/20690\/revisions\/20694"}],"up":[{"embeddable":true,"href":"https:\/\/web.palmaactiva.com\/es\/wp-json\/wp\/v2\/pages\/20071"}],"wp:attachment":[{"href":"https:\/\/web.palmaactiva.com\/es\/wp-json\/wp\/v2\/media?parent=20690"}],"curies":[{"name":"wp","href":"https:\/\/api.w.org\/{rel}","templated":true}]}}