{"id":20253,"date":"2019-01-18T17:02:20","date_gmt":"2019-01-18T17:02:20","guid":{"rendered":"https:\/\/web.palmaactiva.com\/?page_id=20253"},"modified":"2019-02-19T13:17:05","modified_gmt":"2019-02-19T13:17:05","slug":"inscripcio","status":"publish","type":"page","link":"https:\/\/web.palmaactiva.com\/es\/fira-de-locupacio-2019\/inscripcio\/","title":{"rendered":"Inscripci\u00f3n"},"content":{"rendered":"<h3><i class=\"fa fa-calendar colorear\" aria-hidden=\"true\"><\/i> 6 y 7 de marzo | 9:30 a 17:00 h <i class=\"fa fa-map-marker colorear\" aria-hidden=\"true\"><\/i> Palacio de Congresos de Palma<\/h3>\n<p class=\"su-note-inner su-clearfix\" style=\"background-color:#fcf3cf;border-color:#f1c40f;color:#333333;border-radius:3px;-moz-border-radius:3px;-webkit-border-radius:3px;\"><strong>Es necesario inscribirse para obtener las credenciales que te permitir\u00e1n acceder al recinto ferial<\/strong> y contactar con las empresas. La misma inscripci\u00f3n sirve para los dos d\u00edas.<br \/>En la entrada de la Feria se har\u00e1 el check-in. <strong>Debes traer tu entrada impresa o descargada en tu m\u00f3vil<\/strong> para que podamos leer el c\u00f3digo.<\/p>\n<div class=\"su-note\"  style=\"border-color:#b4e5e4;border-radius:3px;-moz-border-radius:3px;-webkit-border-radius:3px;\"><div class=\"su-note-inner su-u-clearfix su-u-trim\" style=\"background-color:#CEFFFE;border-color:#ffffff;color:#333333;border-radius:3px;-moz-border-radius:3px;-webkit-border-radius:3px;\"><strong>AVISO<\/strong>: puedes descargar el cat\u00e1logo de perfiles y ver las empresas que te est\u00e1n buscando. \u00a1Ven preparado y ahorra tiempo en la Feria!<div class='w3eden'><!-- WPDM Link Template: Default Template -->\n\n<div class=\"link-template-default card mb-2\">\n    <div class=\"card-body\">\n        <div class=\"media\">\n            <div class=\"mr-3 img-48\"><img class=\"wpdm_icon\" alt=\"Icona\" src=\"https:\/\/web.palmaactiva.com\/wp-content\/plugins\/download-manager\/assets\/file-type-icons\/pdf.svg\" \/><\/div>\n            <div class=\"media-body\">\n                <h3 class=\"package-title\"><a href='https:\/\/web.palmaactiva.com\/es\/download\/cataleg-de-perfils-de-la-fira-de-locupacio-2019\/'>Cat\u00e1logo de perfiles de la Feria del Empleo 2019<\/a><\/h3>\n                <div class=\"text-muted text-small\"><i class=\"fas fa-copy\"><\/i> 1 fitxer(s) <i class=\"fas fa-hdd ml-3\"><\/i> 6.66 MB<\/div>\n            <\/div>\n            <div class=\"ml-3\">\n                <a class='wpdm-download-link download-on-click btn btn-primary btn-sm' rel='nofollow' href='#' data-downloadurl=\"https:\/\/web.palmaactiva.com\/es\/download\/cataleg-de-perfils-de-la-fira-de-locupacio-2019\/?wpdmdl=21968&refresh=69d64cf56abb81775652085\">Descargar<\/a>\n            <\/div>\n        <\/div>\n    <\/div>\n<\/div>\n\n<\/div><\/div><\/div>\n<div class=\"su-note\"  style=\"border-color:#e5bfc5;border-radius:3px;-moz-border-radius:3px;-webkit-border-radius:3px;\"><div class=\"su-note-inner su-u-clearfix su-u-trim\" style=\"background-color:#ffd9df;border-color:#ffffff;color:#333333;border-radius:3px;-moz-border-radius:3px;-webkit-border-radius:3px;\"><strong>ATENCI\u00d3N<\/strong>: antes de hacer clic en CONTINUAR debes indicar el n\u00famero de entradas que quieres reservar.<\/div><\/div>\n<iframe id=\"etktfrm3161\" style=\"border: 1px solid #eeeeee;\" src=\"https:\/\/venta.enterticket.es\/buy\/?id=3161&amp;color=e03e52\" width=\"100%\" frameborder=\"0\"><\/iframe><script type=\"text\/javascript\" src=\"https:\/\/venta.enterticket.es\/js\/buy.js\"><\/script><\/p>\n<p style=\"text-align: right;\">Via <a href=\"https:\/\/www.enterticket.es\/eventos\/fira-de-locupacio-palmaactiva-feria-del-empleo-palmaactiva-897988\">Enterticket<\/a><\/p>","protected":false},"excerpt":{"rendered":"<p>6 y 7 de marzo | 9:30 a 17:00 h Palacio de Congresos de Palma Es necesario inscribirse para obtener las credenciales que te permitir\u00e1n acceder al recinto ferial y contactar con las empresas. La misma inscripci\u00f3n sirve para los dos d\u00edas.En la entrada de la Feria se har\u00e1 el check-in. Debes traer tu entrada [&hellip;]<\/p>\n","protected":false},"author":1,"featured_media":0,"parent":20071,"menu_order":0,"comment_status":"closed","ping_status":"closed","template":"page-fira.php","meta":{"footnotes":""},"_links":{"self":[{"href":"https:\/\/web.palmaactiva.com\/es\/wp-json\/wp\/v2\/pages\/20253"}],"collection":[{"href":"https:\/\/web.palmaactiva.com\/es\/wp-json\/wp\/v2\/pages"}],"about":[{"href":"https:\/\/web.palmaactiva.com\/es\/wp-json\/wp\/v2\/types\/page"}],"author":[{"embeddable":true,"href":"https:\/\/web.palmaactiva.com\/es\/wp-json\/wp\/v2\/users\/1"}],"replies":[{"embeddable":true,"href":"https:\/\/web.palmaactiva.com\/es\/wp-json\/wp\/v2\/comments?post=20253"}],"version-history":[{"count":5,"href":"https:\/\/web.palmaactiva.com\/es\/wp-json\/wp\/v2\/pages\/20253\/revisions"}],"predecessor-version":[{"id":21971,"href":"https:\/\/web.palmaactiva.com\/es\/wp-json\/wp\/v2\/pages\/20253\/revisions\/21971"}],"up":[{"embeddable":true,"href":"https:\/\/web.palmaactiva.com\/es\/wp-json\/wp\/v2\/pages\/20071"}],"wp:attachment":[{"href":"https:\/\/web.palmaactiva.com\/es\/wp-json\/wp\/v2\/media?parent=20253"}],"curies":[{"name":"wp","href":"https:\/\/api.w.org\/{rel}","templated":true}]}}