{"id":1893,"date":"2017-01-17T11:37:07","date_gmt":"2017-01-17T11:37:07","guid":{"rendered":"http:\/\/web.palmaactiva.com\/?page_id=1893"},"modified":"2017-01-17T11:37:07","modified_gmt":"2017-01-17T11:37:07","slug":"indicadores-de-empleo","status":"publish","type":"page","link":"https:\/\/web.palmaactiva.com\/es\/empleo\/indicadores-de-empleo\/","title":{"rendered":"Indicadores de Empleo"},"content":{"rendered":"<h4>Fuentes oficiales de datos<\/h4>\n<div class=\"su-list\" style=\"margin-left:0px\">\n<ul>\n<li><i class=\"sui sui-caret-right\" style=\"color:#e03e52\"><\/i> <a href=\"https:\/\/www.sepe.es\/contenidos\/que_es_el_sepe\/estadisticas\/index.html\">SEPE <i class=\"fa fa-arrow-circle-o-right colorear\" aria-hidden=\"true\"><\/i><\/a><\/li>\n<li><i class=\"sui sui-caret-right\" style=\"color:#e03e52\"><\/i> <a href=\"http:\/\/ibestat.caib.es\/ibestat\/inici\">IBESTAT <i class=\"fa fa-arrow-circle-o-right colorear\" aria-hidden=\"true\"><\/i><\/a><\/li>\n<li><i class=\"sui sui-caret-right\" style=\"color:#e03e52\"><\/i> <a href=\"http:\/\/observatorideltreball.caib.es\/sacmicrofront\/home.do?mkey=M08100212155817041390&#038;lang=ca\">OTIB- CONSELLERIA DE TREBALL <i class=\"fa fa-arrow-circle-o-right colorear\" aria-hidden=\"true\"><\/i><\/a><\/li>\n<\/ul>\n<\/div>\n<div class=\"su-divider su-divider-style-default\" style=\"margin:15px 0;border-width:3px;border-color:#999999\"><\/div>\n<h4>Noticias relacionadas<\/h4>\n\n\n<div class=\"su-posts su-posts-default-loop \">\n\n\t\n\t\t\t\t\t\n\t\t\t\n\t\t\t<div id=\"su-post-31992\" class=\"su-post \">\n\n\t\t\t\t\t\t\t\t\t<a class=\"su-post-thumbnail\" href=\"https:\/\/web.palmaactiva.com\/es\/dades-del-mercat-laboral-de-palma\/\"><img width=\"1200\" height=\"900\" src=\"https:\/\/web.palmaactiva.com\/wp-content\/uploads\/2019\/10\/20191011_120133.jpg\" class=\"attachment-post-thumbnail size-post-thumbnail wp-post-image\" alt=\"\" decoding=\"async\" srcset=\"https:\/\/web.palmaactiva.com\/wp-content\/uploads\/2019\/10\/20191011_120133.jpg 1200w, https:\/\/web.palmaactiva.com\/wp-content\/uploads\/2019\/10\/20191011_120133-300x225.jpg 300w, https:\/\/web.palmaactiva.com\/wp-content\/uploads\/2019\/10\/20191011_120133-768x576.jpg 768w, https:\/\/web.palmaactiva.com\/wp-content\/uploads\/2019\/10\/20191011_120133-1024x768.jpg 1024w\" sizes=\"(max-width: 1200px) 100vw, 1200px\" \/><\/a>\n\t\t\t\t\n\t\t\t\t<h2 class=\"su-post-title\"><a href=\"https:\/\/web.palmaactiva.com\/es\/dades-del-mercat-laboral-de-palma\/\">Datos del mercado laboral de Palma<\/a><\/h2>\n\n\t\t\t\t<div class=\"su-post-meta\">\n\t\t\t\t\tPosted: 11 October, 2019\t\t\t\t<\/div>\n\n\t\t\t\t<div class=\"su-post-excerpt\">\n\t\t\t\t\t<p>La afiliaci\u00f3n subi\u00f3 un 5,25% hasta las 248.573 personas en el mes de agosto respecto al mismo mes del a\u00f1o anterior.<\/p>\n\t\t\t\t<\/div>\n\n\t\t\t\t\t\t\t\t\t<a href=\"https:\/\/web.palmaactiva.com\/es\/dades-del-mercat-laboral-de-palma\/#respond\" class=\"su-post-comments-link\">0 comments<\/a>\n\t\t\t\t\n\t\t\t<\/div>\n\n\t\t\t\t\t\n\t\t\t\n\t\t\t<div id=\"su-post-30844\" class=\"su-post \">\n\n\t\t\t\t\n\t\t\t\t<h2 class=\"su-post-title\"><a href=\"https:\/\/web.palmaactiva.com\/es\/dades-del-mercat-de-treball-a-palma\/\">Datos del mercado laboral en Palma<\/a><\/h2>\n\n\t\t\t\t<div class=\"su-post-meta\">\n\t\t\t\t\tPosted: 17 September, 2019\t\t\t\t<\/div>\n\n\t\t\t\t<div class=\"su-post-excerpt\">\n\t\t\t\t\t<p>El concejal de Empleo Rodrigo Romero afirma que el mercado laboral en Palma \u00abse ralentiza aunque mantiene un camino de crecimiento\u00bb.<\n<\/p>\n\t\t\t\t<\/div>\n\n\t\t\t\t\t\t\t\t\t<a href=\"https:\/\/web.palmaactiva.com\/es\/dades-del-mercat-de-treball-a-palma\/#respond\" class=\"su-post-comments-link\">0 comments<\/a>\n\t\t\t\t\n\t\t\t<\/div>\n\n\t\t\t\t\t\n\t\t\t\n\t\t\t<div id=\"su-post-27349\" class=\"su-post \">\n\n\t\t\t\t\t\t\t\t\t<a class=\"su-post-thumbnail\" href=\"https:\/\/web.palmaactiva.com\/es\/latur-va-baixar-a-palma-el-mes-dabril-el-669-respecte-al-mes-anterior\/\"><img width=\"1280\" height=\"766\" src=\"https:\/\/web.palmaactiva.com\/wp-content\/uploads\/2019\/06\/chart-charts-contemporary-1851446.jpg\" class=\"attachment-post-thumbnail size-post-thumbnail wp-post-image\" alt=\"\" decoding=\"async\" srcset=\"https:\/\/web.palmaactiva.com\/wp-content\/uploads\/2019\/06\/chart-charts-contemporary-1851446.jpg 1280w, https:\/\/web.palmaactiva.com\/wp-content\/uploads\/2019\/06\/chart-charts-contemporary-1851446-300x180.jpg 300w, https:\/\/web.palmaactiva.com\/wp-content\/uploads\/2019\/06\/chart-charts-contemporary-1851446-768x460.jpg 768w, https:\/\/web.palmaactiva.com\/wp-content\/uploads\/2019\/06\/chart-charts-contemporary-1851446-1024x613.jpg 1024w\" sizes=\"(max-width: 1280px) 100vw, 1280px\" \/><\/a>\n\t\t\t\t\n\t\t\t\t<h2 class=\"su-post-title\"><a href=\"https:\/\/web.palmaactiva.com\/es\/latur-va-baixar-a-palma-el-mes-dabril-el-669-respecte-al-mes-anterior\/\">El paro baj\u00f3 en Palma el mes de abril el 6,69% \u200b\u200brespecto al mes anterior<\/a><\/h2>\n\n\t\t\t\t<div class=\"su-post-meta\">\n\t\t\t\t\tPosted: 12 June, 2019\t\t\t\t<\/div>\n\n\t\t\t\t<div class=\"su-post-excerpt\">\n\t\t\t\t\t<p>La tasa de paro en el mes de abril se situ\u00f3 en el 7,9%. En mayo de 2019 se cerr\u00f3 en Palma con 19.552 personas en situaci\u00f3n de desempleo. Esta cifra es un 6,69% \u200b\u200binferior a la del mes anterior (-1.309 personas) y un 1,15% inferior a la del mismo mes del a\u00f1o anterior (-285 [&hellip;]<\/p>\n\t\t\t\t<\/div>\n\n\t\t\t\t\t\t\t\t\t<a href=\"https:\/\/web.palmaactiva.com\/es\/latur-va-baixar-a-palma-el-mes-dabril-el-669-respecte-al-mes-anterior\/#respond\" class=\"su-post-comments-link\">0 comments<\/a>\n\t\t\t\t\n\t\t\t<\/div>\n\n\t\t\t\t\t\n\t\t\t\n\t\t\t<div id=\"su-post-26100\" class=\"su-post \">\n\n\t\t\t\t\n\t\t\t\t<h2 class=\"su-post-title\"><a href=\"https:\/\/web.palmaactiva.com\/es\/les-contractacions-van-augmentar-a-palma-el-193-el-mes-dabril-el-que-suposa-una-pujada-intermensual-de-3-293-contractes\/\">Las contrataciones aumentaron en Palma el 19,3% en abril, lo que supone una subida intermensual 3.293 contratos<\/a><\/h2>\n\n\t\t\t\t<div class=\"su-post-meta\">\n\t\t\t\t\tPosted: 14 May, 2019\t\t\t\t<\/div>\n\n\t\t\t\t<div class=\"su-post-excerpt\">\n\t\t\t\t\t<p>El mes de abril del paro en Palma baj\u00f3 un 13% respecto al mes anterior. Por colectivos, destaca la bajada del paro intermensual del j\u00f3venes en un 20,7%. Palma contin\u00faa con una evoluci\u00f3n positiva del empleo siguiendo la tendencia de los \u00faltimos meses -aumentando la contrataci\u00f3n y bajando el paro-, seg\u00fan los datos que ha [&hellip;]<\/p>\n\t\t\t\t<\/div>\n\n\t\t\t\t\t\t\t\t\t<a href=\"https:\/\/web.palmaactiva.com\/es\/les-contractacions-van-augmentar-a-palma-el-193-el-mes-dabril-el-que-suposa-una-pujada-intermensual-de-3-293-contractes\/#respond\" class=\"su-post-comments-link\">0 comments<\/a>\n\t\t\t\t\n\t\t\t<\/div>\n\n\t\t\t\t\t\n\t\t\t\n\t\t\t<div id=\"su-post-24398\" class=\"su-post \">\n\n\t\t\t\t\n\t\t\t\t<h2 class=\"su-post-title\"><a href=\"https:\/\/web.palmaactiva.com\/es\/el-mes-de-marc-latur-va-disminuir-el-295-respecte-al-mateix-mes-de-lany-2015\/\">En marzo el paro disminuy\u00f3 el 29,5% respecto al mismo mes del a\u00f1o 2015<\/a><\/h2>\n\n\t\t\t\t<div class=\"su-post-meta\">\n\t\t\t\t\tPosted: 10 April, 2019\t\t\t\t<\/div>\n\n\t\t\t\t<div class=\"su-post-excerpt\">\n\t\t\t\t\t<p>En marzo el paro baj\u00f3 un 4,1 respecto al mes de febrero, lo que supone 960 parados menos. En febrero Palma registr\u00f3 212.290 personas afiliadas, la cifra m\u00e1s elevada de este mes de los \u00faltimos 13 a\u00f1os. Respecto al mismo mes de 2015, el paro femenino baj\u00f3 el 25,11% y el de las personas mayores [&hellip;]<\/p>\n\t\t\t\t<\/div>\n\n\t\t\t\t\t\t\t\t\t<a href=\"https:\/\/web.palmaactiva.com\/es\/el-mes-de-marc-latur-va-disminuir-el-295-respecte-al-mateix-mes-de-lany-2015\/#respond\" class=\"su-post-comments-link\">0 comments<\/a>\n\t\t\t\t\n\t\t\t<\/div>\n\n\t\t\t\t\t\n\t\t\t\n\t\t\t<div id=\"su-post-23095\" class=\"su-post \">\n\n\t\t\t\t\n\t\t\t\t<h2 class=\"su-post-title\"><a href=\"https:\/\/web.palmaactiva.com\/es\/palma-va-registrar-207-937-persones-afiliades-el-mes-de-gener-la-xifra-mes-elevada-daquest-mes-dels-darrers-13-anys\/\">Palma registr\u00f3 207.937 personas afiliadas en el mes de enero, la cifra m\u00e1s elevada de este mes de los \u00faltimos 13 a\u00f1os<\/a><\/h2>\n\n\t\t\t\t<div class=\"su-post-meta\">\n\t\t\t\t\tPosted: 14 March, 2019\t\t\t\t<\/div>\n\n\t\t\t\t<div class=\"su-post-excerpt\">\n\t\t\t\t\t<p>En febrero Palma ten\u00eda 23.479 personas en paro, 441 menos que hace un a\u00f1o (-1,8%) y 426 menos que hace un mes (-1,78%), el nivel m\u00e1s bajo de este mes desde 2008. En Palma la afiliaci\u00f3n en el mes de enero lleg\u00f3 a las 207.937 personas -la cifra m\u00e1s elevada de este mes de los [&hellip;]<\/p>\n\t\t\t\t<\/div>\n\n\t\t\t\t\t\t\t\t\t<a href=\"https:\/\/web.palmaactiva.com\/es\/palma-va-registrar-207-937-persones-afiliades-el-mes-de-gener-la-xifra-mes-elevada-daquest-mes-dels-darrers-13-anys\/#respond\" class=\"su-post-comments-link\">0 comments<\/a>\n\t\t\t\t\n\t\t\t<\/div>\n\n\t\t\t\t\t\n\t\t\t\n\t\t\t<div id=\"su-post-21694\" class=\"su-post \">\n\n\t\t\t\t\n\t\t\t\t<h2 class=\"su-post-title\"><a href=\"https:\/\/web.palmaactiva.com\/es\/palma-va-registrar-el-desembre-210-034-persones-afiliades-la-xifra-mes-elevada-dels-darrers-13-anys-daquest-mes\/\">Palma registr\u00f3 en diciembre 210.034 personas afiliadas, la cifra m\u00e1s elevada de los \u00faltimos 13 a\u00f1os de este mes<\/a><\/h2>\n\n\t\t\t\t<div class=\"su-post-meta\">\n\t\t\t\t\tPosted: 14 February, 2019\t\t\t\t<\/div>\n\n\t\t\t\t<div class=\"su-post-excerpt\">\n\t\t\t\t\t<p>En enero hab\u00eda en Palma 23.905 personas en paro, el nivel m\u00e1s bajo de este mes desde el a\u00f1o 2008. La afiliaci\u00f3n en Palma el mes de diciembre lleg\u00f3 a las 210.034 personas, mientras que el paro en enero alcanz\u00f3 la cifra de 23.905 personas. La concejala de Turismo, Comercio y Trabajo, Joana Maria Adrover, [&hellip;]<\/p>\n\t\t\t\t<\/div>\n\n\t\t\t\t\t\t\t\t\t<a href=\"https:\/\/web.palmaactiva.com\/es\/palma-va-registrar-el-desembre-210-034-persones-afiliades-la-xifra-mes-elevada-dels-darrers-13-anys-daquest-mes\/#respond\" class=\"su-post-comments-link\">0 comments<\/a>\n\t\t\t\t\n\t\t\t<\/div>\n\n\t\t\t\t\t\n\t\t\t\n\t\t\t<div id=\"su-post-19925\" class=\"su-post \">\n\n\t\t\t\t\n\t\t\t\t<h2 class=\"su-post-title\"><a href=\"https:\/\/web.palmaactiva.com\/es\/latur-interanual-va-baixar-a-palma-el-mes-de-desembre-un-571-1-411-persones\/\">El paro interanual baj\u00f3 en Palma el mes de diciembre un 5,71% (1.411 personas)<\/a><\/h2>\n\n\t\t\t\t<div class=\"su-post-meta\">\n\t\t\t\t\tPosted: 11 January, 2019\t\t\t\t<\/div>\n\n\t\t\t\t<div class=\"su-post-excerpt\">\n\t\t\t\t\t<p>La concejala de Trabajo Joana M. Adrover destaca que se mantiene la disminuci\u00f3n de personas paradas, registr\u00e1ndose los niveles m\u00e1s bajos de desempleo desde 2008. Palma contin\u00faa con una evoluci\u00f3n positiva interanual tanto del empleo como el paro, que contin\u00faan presentando incrementos en las afiliaciones (3,3%) y un descenso del paro (-5, el 71%). As\u00ed [&hellip;]<\/p>\n\t\t\t\t<\/div>\n\n\t\t\t\t\t\t\t\t\t<a href=\"https:\/\/web.palmaactiva.com\/es\/latur-interanual-va-baixar-a-palma-el-mes-de-desembre-un-571-1-411-persones\/#respond\" class=\"su-post-comments-link\">0 comments<\/a>\n\t\t\t\t\n\t\t\t<\/div>\n\n\t\t\t\t\t\n\t\t\t\n\t\t\t<div id=\"su-post-18691\" class=\"su-post \">\n\n\t\t\t\t\n\t\t\t\t<h2 class=\"su-post-title\"><a href=\"https:\/\/web.palmaactiva.com\/es\/latur-interanual-va-baixar-el-mes-de-novembre-a-palma-un-583\/\">El paro interanual baj\u00f3 el mes de noviembre en Palma un 5,83%<\/a><\/h2>\n\n\t\t\t\t<div class=\"su-post-meta\">\n\t\t\t\t\tPosted: 13 December, 2018\t\t\t\t<\/div>\n\n\t\t\t\t<div class=\"su-post-excerpt\">\n\t\t\t\t\t<p>Palma registraba 220.766 personas afiliadas el pasado mes de octubre, la cifra m\u00e1s elevada de los \u00faltimos 11 a\u00f1os. Palma contin\u00faa con una evoluci\u00f3n positiva tanto en la afiliaci\u00f3n como en paro respecto al a\u00f1o 2017: en t\u00e9rminos interanuales, las afiliaciones han aumentado un 2,5% y el paro ha bajado un 5,83%. Continuando con la [&hellip;]<\/p>\n\t\t\t\t<\/div>\n\n\t\t\t\t\t\t\t\t\t<a href=\"https:\/\/web.palmaactiva.com\/es\/latur-interanual-va-baixar-el-mes-de-novembre-a-palma-un-583\/#respond\" class=\"su-post-comments-link\">0 comments<\/a>\n\t\t\t\t\n\t\t\t<\/div>\n\n\t\t\t\t\t\n\t\t\t\n\t\t\t<div id=\"su-post-16799\" class=\"su-post \">\n\n\t\t\t\t\t\t\t\t\t<a class=\"su-post-thumbnail\" href=\"https:\/\/web.palmaactiva.com\/es\/palma-tenia-13-946-empreses-el-tercer-trimestre-de-2018\/\"><img width=\"1280\" height=\"847\" src=\"https:\/\/web.palmaactiva.com\/wp-content\/uploads\/2018\/11\/pexels-photo-590045.jpeg\" class=\"attachment-post-thumbnail size-post-thumbnail wp-post-image\" alt=\"\" decoding=\"async\" srcset=\"https:\/\/web.palmaactiva.com\/wp-content\/uploads\/2018\/11\/pexels-photo-590045.jpeg 1280w, https:\/\/web.palmaactiva.com\/wp-content\/uploads\/2018\/11\/pexels-photo-590045-300x199.jpeg 300w, https:\/\/web.palmaactiva.com\/wp-content\/uploads\/2018\/11\/pexels-photo-590045-768x508.jpeg 768w, https:\/\/web.palmaactiva.com\/wp-content\/uploads\/2018\/11\/pexels-photo-590045-1024x678.jpeg 1024w\" sizes=\"(max-width: 1280px) 100vw, 1280px\" \/><\/a>\n\t\t\t\t\n\t\t\t\t<h2 class=\"su-post-title\"><a href=\"https:\/\/web.palmaactiva.com\/es\/palma-tenia-13-946-empreses-el-tercer-trimestre-de-2018\/\">Palma ten\u00eda 13.946 empresas en el tercer trimestre de 2018<\/a><\/h2>\n\n\t\t\t\t<div class=\"su-post-meta\">\n\t\t\t\t\tPosted: 13 November, 2018\t\t\t\t<\/div>\n\n\t\t\t\t<div class=\"su-post-excerpt\">\n\t\t\t\t\t<p>El n\u00famero de empresas se ha incrementado respecto al a\u00f1o anterior en el mismo periodo en el 2%. El tercer trimestre de 2018 Palma alcanz\u00f3 la cifra de 13.946 empresas. Las empresas registradas en Palma representan el 32,6% de las empresas de Baleares y el 45% de las de toda Mallorca. \u00abEl n\u00famero de empresas [&hellip;]<\/p>\n\t\t\t\t<\/div>\n\n\t\t\t\t\t\t\t\t\t<a href=\"https:\/\/web.palmaactiva.com\/es\/palma-tenia-13-946-empreses-el-tercer-trimestre-de-2018\/#respond\" class=\"su-post-comments-link\">0 comments<\/a>\n\t\t\t\t\n\t\t\t<\/div>\n\n\t\t\n\t\n<\/div>","protected":false},"excerpt":{"rendered":"<p>Fuentes oficiales de datos Noticias relacionadas<\/p>\n","protected":false},"author":1,"featured_media":0,"parent":31,"menu_order":0,"comment_status":"closed","ping_status":"closed","template":"","meta":{"footnotes":""},"_links":{"self":[{"href":"https:\/\/web.palmaactiva.com\/es\/wp-json\/wp\/v2\/pages\/1893"}],"collection":[{"href":"https:\/\/web.palmaactiva.com\/es\/wp-json\/wp\/v2\/pages"}],"about":[{"href":"https:\/\/web.palmaactiva.com\/es\/wp-json\/wp\/v2\/types\/page"}],"author":[{"embeddable":true,"href":"https:\/\/web.palmaactiva.com\/es\/wp-json\/wp\/v2\/users\/1"}],"replies":[{"embeddable":true,"href":"https:\/\/web.palmaactiva.com\/es\/wp-json\/wp\/v2\/comments?post=1893"}],"version-history":[{"count":5,"href":"https:\/\/web.palmaactiva.com\/es\/wp-json\/wp\/v2\/pages\/1893\/revisions"}],"predecessor-version":[{"id":45148,"href":"https:\/\/web.palmaactiva.com\/es\/wp-json\/wp\/v2\/pages\/1893\/revisions\/45148"}],"up":[{"embeddable":true,"href":"https:\/\/web.palmaactiva.com\/es\/wp-json\/wp\/v2\/pages\/31"}],"wp:attachment":[{"href":"https:\/\/web.palmaactiva.com\/es\/wp-json\/wp\/v2\/media?parent=1893"}],"curies":[{"name":"wp","href":"https:\/\/api.w.org\/{rel}","templated":true}]}}