{"id":186,"date":"2016-08-22T07:25:55","date_gmt":"2016-08-22T07:25:55","guid":{"rendered":"http:\/\/web.palmaactiva.com\/?page_id=186"},"modified":"2025-10-31T12:29:02","modified_gmt":"2025-10-31T11:29:02","slug":"ofertas-de-empleo","status":"publish","type":"page","link":"https:\/\/web.palmaactiva.com\/es\/empleo\/ofertas-de-empleo\/","title":{"rendered":"Ofertas de empleo"},"content":{"rendered":"<div class=\"su-row\">\n<div class=\"su-column su-column-size-1-2\"><div class=\"su-column-inner su-u-clearfix su-u-trim\">\n<div class=\"su-service\"><div class=\"su-service-title\" style=\"padding-left:46px;min-height:32px;line-height:32px\"><i class=\"sui sui-star\" style=\"font-size:32px;color:#333\"><\/i> \u00bb[:es<\/div><div class=\"su-service-content su-u-clearfix su-u-trim\" style=\"padding-left:46px\">Ofertas PalmaActiva\u00bb icon=\u00bbhttps:\/\/web.palmaactiva.com\/wp-content\/uploads\/2016\/03\/cropped-ISOTIPO-710.png\u00bb icon_color=\u00bb#e03e52&#8243; size=\u00bb36&#8243;]\nOfertas de empleo publicadas en PalmaActiva: \u00a1presenta tu candidatura!\n<div class=\"dt-service-more\" style=\"margin-bottom: 5px; margin-top: 5px;\"><a style=\"display: inline-flex; align-items: center; justify-content: center; padding: 10px 30px; border-radius: 2px; text-transform: uppercase; text-decoration: none; max-width: 100%; box-sizing: border-box;\" href=\"https:\/\/palma.es\/web\/palmaactiva\/ofertas\" target=\"_blank\" rel=\"noopener\"><i class=\"fa fa-search\" style=\"margin-right: 10px;\"><\/i><span style=\"display: inline-flex; line-height: 1.5;\">Buscador de ofertas<\/span><\/a><\/div>\n<\/div><\/div>\n<\/div><\/div>\n<div class=\"su-column su-column-size-1-2\"><div class=\"su-column-inner su-u-clearfix su-u-trim\">\n<!--&#091;su_service title=\"&#091;:es&#093;Sector p\u00fablico&#091;:ca&#093;Sector p\u00fablic&#091;:&#093;\" icon=\"https:\/\/web.palmaactiva.com\/wp-content\/uploads\/2020\/01\/42_consejocomerc.png\" icon_color=\"#e03e52\" size=\"36\"&#093;\n&#091;:es&#093;Informaci\u00f3n sobre oposiciones y convocatorias del sector p\u00fablico. Trabaja en la Administraci\u00f3n&#091;:ca&#093;Informaci\u00f3 sobre oposicions i convocat\u00f2ries del sector p\u00fablic. Treballa a l'Administraci\u00f3&#091;:&#093;\n\n\n<div class=\"dt-service-more\" style=\"margin-bottom: 5px; margin-top: 5px;\"><a style=\"display: inline-flex; align-items: center; justify-content: center; padding: 10px 30px; border-radius: 2px; text-transform: uppercase; text-decoration: none; max-width: 100%; box-sizing: border-box;\" href=\"https:\/\/web.palmaactiva.com\/empleo\/ofertas-de-empleo\/ofertes-del-sector-public\/\" target=\"_blank\" rel=\"noopener\"><i class=\"fa fa-briefcase\" style=\"margin-right: 10px;\"><\/i><span style=\"display: inline-flex; line-height: 1.5;\">&#091;:es&#093;Ver convocatorias&#091;:ca&#093;Veure convocat\u00f2ries&#091;:&#093;<\/span><\/a><\/div>\n\n\n<br \/>\n\n\n<div class=\"dt-service-more\" style=\"margin-bottom: 5px; margin-top: 5px;\"><a style=\"display: inline-flex; align-items: center; justify-content: center; padding: 10px 30px; border-radius: 2px; text-transform: uppercase; text-decoration: none; max-width: 100%; box-sizing: border-box;\" href=\"https:\/\/www.facebook.com\/groups\/oposicionspalma\/\" target=\"_blank\" rel=\"noopener\"><i class=\"fa fa-briefcase\" style=\"margin-right: 10px;\"><\/i><span style=\"display: inline-flex; line-height: 1.5;\">&#091;:es&#093;Consulta el grupo Oposiciones de Facebook - PalmaJove&#091;:ca&#093;COnsulta el grup Oposicions de Facebook - PalmaJove&#091;:&#093;<\/span><\/a><\/div>\n\n\n&#091;\/su_service&#093;--><br \/>\n  <div class=\"su-column su-column-size-1-2\"><div class=\"su-column-inner su-u-clearfix su-u-trim\"><\/div><\/div>\n    <img decoding=\"async\" src=\"https:\/\/web.palmaactiva.com\/wp-content\/uploads\/2025\/10\/thumbnail_Agencia-de-colocacion.jpg\"\n    alt=\"Ag\u00e8ncia de Col\u00b7locaci\u00f3\"\n    style=\"width:100%; height:100%; object-fit:cover; display:block; border-radius:0; margin:0; padding:0;\" \/><br \/>\n  <\/div><\/div>\n<\/div>","protected":false},"excerpt":{"rendered":"","protected":false},"author":1,"featured_media":0,"parent":31,"menu_order":0,"comment_status":"closed","ping_status":"closed","template":"","meta":{"footnotes":""},"_links":{"self":[{"href":"https:\/\/web.palmaactiva.com\/es\/wp-json\/wp\/v2\/pages\/186"}],"collection":[{"href":"https:\/\/web.palmaactiva.com\/es\/wp-json\/wp\/v2\/pages"}],"about":[{"href":"https:\/\/web.palmaactiva.com\/es\/wp-json\/wp\/v2\/types\/page"}],"author":[{"embeddable":true,"href":"https:\/\/web.palmaactiva.com\/es\/wp-json\/wp\/v2\/users\/1"}],"replies":[{"embeddable":true,"href":"https:\/\/web.palmaactiva.com\/es\/wp-json\/wp\/v2\/comments?post=186"}],"version-history":[{"count":15,"href":"https:\/\/web.palmaactiva.com\/es\/wp-json\/wp\/v2\/pages\/186\/revisions"}],"predecessor-version":[{"id":54347,"href":"https:\/\/web.palmaactiva.com\/es\/wp-json\/wp\/v2\/pages\/186\/revisions\/54347"}],"up":[{"embeddable":true,"href":"https:\/\/web.palmaactiva.com\/es\/wp-json\/wp\/v2\/pages\/31"}],"wp:attachment":[{"href":"https:\/\/web.palmaactiva.com\/es\/wp-json\/wp\/v2\/media?parent=186"}],"curies":[{"name":"wp","href":"https:\/\/api.w.org\/{rel}","templated":true}]}}